{"id":4818,"date":"2026-01-21T08:40:05","date_gmt":"2026-01-21T08:40:05","guid":{"rendered":"http:\/\/www.shuntongvehicle.com\/?post_type=product&#038;p=4818"},"modified":"2026-02-06T02:37:51","modified_gmt":"2026-02-06T02:37:51","slug":"150-ton-detachable-gooseneck-lowboy-truck-trailer","status":"publish","type":"product","link":"https:\/\/www.shuntongvehicle.com\/es\/product\/150-ton-detachable-gooseneck-lowboy-truck-trailer\/","title":{"rendered":"150 Ton Cuello de cisne desmontable Lowboy Cami\u00f3n Remolque"},"content":{"rendered":"<p>Los semirremolques de plataforma baja se utilizan normalmente para transportar veh\u00edculos pesados (como tractores, autobuses, veh\u00edculos especiales, etc.), veh\u00edculos ferroviarios, maquinaria minera, maquinaria forestal, maquinaria de construcci\u00f3n (como excavadoras, bulldozers, cargadoras, pavimentadoras, gr\u00faas, etc.) ) y otras mercanc\u00edas pesadas, cuanto m\u00e1s bajo sea el centro de gravedad, mejor ser\u00e1 la estabilidad y la seguridad, y mayor ser\u00e1 la capacidad de transportar mercanc\u00edas de gran altura y pasar obst\u00e1culos elevados.<\/p>\n<p>Los semirremolques de plataforma baja suelen utilizar un bastidor de viga c\u00f3ncava (o tipo pozo), en el que la secci\u00f3n delantera del bastidor es un cuello de cisne (el pasador de tracci\u00f3n de la secci\u00f3n delantera del cuello de cisne est\u00e1 conectado a la silla de tracci\u00f3n del tractor, y el extremo trasero del cuello de cisne est\u00e1 conectado al bastidor del semirremolque conectado), la secci\u00f3n central es la plataforma de carga (la parte m\u00e1s baja del bastidor), y el extremo trasero es el bastidor de las ruedas (incluidas las ruedas).<\/p>\n<p>1.We use steel wire tire or vacuum tire accroding to the different road condition, it has high loading capacity and long service life at the less cost.<\/p>\n<p>2.Lowbed semi trailer LED light save energy and has the function of waterproofing.<\/p>\n<p>3.Color y tama\u00f1o es decidido por el cliente.<\/p>\n<p><img alt=\"\" fetchpriority=\"high\" decoding=\"async\" class=\"alignnone size-full wp-image-4819\" src=\"http:\/\/www.shuntongvehicle.com\/wp-content\/uploads\/2026\/01\/3758-202311251637507329.jpg\" width=\"750\" height=\"750\" srcset=\"https:\/\/www.shuntongvehicle.com\/wp-content\/uploads\/2026\/01\/3758-202311251637507329.jpg 750w, https:\/\/www.shuntongvehicle.com\/wp-content\/uploads\/2026\/01\/3758-202311251637507329-300x300.jpg 300w, https:\/\/www.shuntongvehicle.com\/wp-content\/uploads\/2026\/01\/3758-202311251637507329-150x150.jpg 150w, https:\/\/www.shuntongvehicle.com\/wp-content\/uploads\/2026\/01\/3758-202311251637507329-12x12.jpg 12w, https:\/\/www.shuntongvehicle.com\/wp-content\/uploads\/2026\/01\/3758-202311251637507329-600x600.jpg 600w, https:\/\/www.shuntongvehicle.com\/wp-content\/uploads\/2026\/01\/3758-202311251637507329-100x100.jpg 100w\" sizes=\"(max-width: 750px) 100vw, 750px\" \/><\/p>\n<table width=\"800\">\n<tbody>\n<tr class=\"firstRow\">\n<td valign=\"top\" width=\"344\">Utilice<\/td>\n<td valign=\"top\" width=\"455\">Remolque de cami\u00f3n<\/td>\n<\/tr>\n<tr>\n<td valign=\"top\" width=\"344\">Tipo<\/td>\n<td valign=\"top\" width=\"455\">Semirremolque<\/td>\n<\/tr>\n<tr>\n<td valign=\"top\" width=\"344\">Material<\/td>\n<td valign=\"top\" width=\"455\">Acero<\/td>\n<\/tr>\n<tr>\n<td valign=\"top\" width=\"344\">Talla<\/td>\n<td valign=\"top\" width=\"455\">14950mm*2500mm<\/td>\n<\/tr>\n<tr>\n<td valign=\"top\" width=\"344\">Carga \u00fatil m\u00e1xima<\/td>\n<td valign=\"top\" width=\"455\">80T<\/td>\n<\/tr>\n<tr>\n<td valign=\"top\" width=\"344\">Lugar de origen<\/td>\n<td valign=\"top\" width=\"455\">ShanDong, China<\/td>\n<\/tr>\n<tr>\n<td valign=\"top\" width=\"344\">Marca<\/td>\n<td valign=\"top\" width=\"455\">ShunTong<\/td>\n<\/tr>\n<tr>\n<td valign=\"top\" width=\"344\">Nombre del producto<\/td>\n<td valign=\"top\" width=\"455\">Semirremolque de plataforma baja<\/td>\n<\/tr>\n<tr>\n<td valign=\"top\" width=\"344\">Eje<\/td>\n<td valign=\"top\" width=\"455\">4<\/td>\n<\/tr>\n<\/tbody>\n<\/table>\n<p><img alt=\"\" decoding=\"async\" class=\"alignnone size-full wp-image-4820\" src=\"http:\/\/www.shuntongvehicle.com\/wp-content\/uploads\/2026\/01\/3758-202311251638077655.jpg\" width=\"750\" height=\"750\" srcset=\"https:\/\/www.shuntongvehicle.com\/wp-content\/uploads\/2026\/01\/3758-202311251638077655.jpg 750w, https:\/\/www.shuntongvehicle.com\/wp-content\/uploads\/2026\/01\/3758-202311251638077655-300x300.jpg 300w, https:\/\/www.shuntongvehicle.com\/wp-content\/uploads\/2026\/01\/3758-202311251638077655-150x150.jpg 150w, https:\/\/www.shuntongvehicle.com\/wp-content\/uploads\/2026\/01\/3758-202311251638077655-12x12.jpg 12w, https:\/\/www.shuntongvehicle.com\/wp-content\/uploads\/2026\/01\/3758-202311251638077655-600x600.jpg 600w, https:\/\/www.shuntongvehicle.com\/wp-content\/uploads\/2026\/01\/3758-202311251638077655-100x100.jpg 100w\" sizes=\"(max-width: 750px) 100vw, 750px\" \/><\/p>\n<p>&nbsp;<\/p>","protected":false},"excerpt":{"rendered":"<p><span style=\"color: #1d2b68;\"><strong>Marca:<\/strong><\/span>Shuntong<br \/>\n<strong><span style=\"color: #1d2b68;\">Origen del producto:<\/span><\/strong>China<br \/>\n<strong><span style=\"color: #1d2b68;\">Plazo de entrega:<\/span><\/strong>Time 20-35 Days<br \/>\n<strong><span style=\"color: #1d2b68;\">Capacidad de suministro:<\/span><\/strong>50 unidades\/mes<br \/>\n1. We use GB17-467-1997 circuit connection, and high quality copper. It has good waterproof and flame retardant performance.<br \/>\n2. Gooseneck Lowboy Truck Trailer makes construction machine car easier to load, we select the most suitable height according to customer requirements.<br \/>\n3. 4 axle carry more weight, has long service life, reduce the cost of repair.<\/p>","protected":false},"featured_media":4821,"template":"","meta":{"_seopress_robots_primary_cat":"none","_seopress_titles_title":"%%post_title%%","_seopress_titles_desc":"%%post_excerpt%%","_seopress_robots_index":"","_uag_custom_page_level_css":"","site-sidebar-layout":"default","site-content-layout":"","ast-site-content-layout":"default","site-content-style":"default","site-sidebar-style":"default","ast-global-header-display":"","ast-banner-title-visibility":"","ast-main-header-display":"","ast-hfb-above-header-display":"","ast-hfb-below-header-display":"","ast-hfb-mobile-header-display":"","site-post-title":"","ast-breadcrumbs-content":"","ast-featured-img":"","footer-sml-layout":"","theme-transparent-header-meta":"default","adv-header-id-meta":"","stick-header-meta":"default","header-above-stick-meta":"","header-main-stick-meta":"","header-below-stick-meta":"","astra-migrate-meta-layouts":"set","ast-page-background-enabled":"default","ast-page-background-meta":{"desktop":{"background-color":"","background-image":"","background-repeat":"repeat","background-position":"center center","background-size":"auto","background-attachment":"scroll","background-type":"","background-media":"","overlay-type":"","overlay-color":"","overlay-opacity":"","overlay-gradient":""},"tablet":{"background-color":"","background-image":"","background-repeat":"repeat","background-position":"center center","background-size":"auto","background-attachment":"scroll","background-type":"","background-media":"","overlay-type":"","overlay-color":"","overlay-opacity":"","overlay-gradient":""},"mobile":{"background-color":"","background-image":"","background-repeat":"repeat","background-position":"center center","background-size":"auto","background-attachment":"scroll","background-type":"","background-media":"","overlay-type":"","overlay-color":"","overlay-opacity":"","overlay-gradient":""}},"ast-content-background-meta":{"desktop":{"background-color":"var(--ast-global-color-5)","background-image":"","background-repeat":"repeat","background-position":"center center","background-size":"auto","background-attachment":"scroll","background-type":"","background-media":"","overlay-type":"","overlay-color":"","overlay-opacity":"","overlay-gradient":""},"tablet":{"background-color":"var(--ast-global-color-5)","background-image":"","background-repeat":"repeat","background-position":"center center","background-size":"auto","background-attachment":"scroll","background-type":"","background-media":"","overlay-type":"","overlay-color":"","overlay-opacity":"","overlay-gradient":""},"mobile":{"background-color":"var(--ast-global-color-5)","background-image":"","background-repeat":"repeat","background-position":"center center","background-size":"auto","background-attachment":"scroll","background-type":"","background-media":"","overlay-type":"","overlay-color":"","overlay-opacity":"","overlay-gradient":""}}},"product_brand":[],"product_cat":[80],"product_tag":[],"class_list":{"0":"post-4818","1":"product","2":"type-product","3":"status-publish","4":"has-post-thumbnail","6":"product_cat-lowbed-semi-trailer","7":"desktop-align-left","8":"tablet-align-left","9":"mobile-align-left","10":"ast-product-gallery-layout-horizontal-slider","11":"ast-product-tabs-layout-horizontal","13":"first","14":"instock","15":"shipping-taxable","16":"product-type-simple"},"uagb_featured_image_src":{"full":["https:\/\/www.shuntongvehicle.com\/wp-content\/uploads\/2026\/01\/3758-202405091002010594.webp",1280,1280,false],"thumbnail":["https:\/\/www.shuntongvehicle.com\/wp-content\/uploads\/2026\/01\/3758-202405091002010594-150x150.webp",150,150,true],"medium":["https:\/\/www.shuntongvehicle.com\/wp-content\/uploads\/2026\/01\/3758-202405091002010594-300x300.webp",300,300,true],"medium_large":["https:\/\/www.shuntongvehicle.com\/wp-content\/uploads\/2026\/01\/3758-202405091002010594-768x768.webp",768,768,true],"large":["https:\/\/www.shuntongvehicle.com\/wp-content\/uploads\/2026\/01\/3758-202405091002010594-1024x1024.webp",1024,1024,true],"1536x1536":["https:\/\/www.shuntongvehicle.com\/wp-content\/uploads\/2026\/01\/3758-202405091002010594.webp",1280,1280,false],"2048x2048":["https:\/\/www.shuntongvehicle.com\/wp-content\/uploads\/2026\/01\/3758-202405091002010594.webp",1280,1280,false],"trp-custom-language-flag":["https:\/\/www.shuntongvehicle.com\/wp-content\/uploads\/2026\/01\/3758-202405091002010594-12x12.webp",12,12,true],"woocommerce_thumbnail":["https:\/\/www.shuntongvehicle.com\/wp-content\/uploads\/2026\/01\/3758-202405091002010594-600x600.webp",600,600,true],"woocommerce_single":["https:\/\/www.shuntongvehicle.com\/wp-content\/uploads\/2026\/01\/3758-202405091002010594-600x600.webp",600,600,true],"woocommerce_gallery_thumbnail":["https:\/\/www.shuntongvehicle.com\/wp-content\/uploads\/2026\/01\/3758-202405091002010594-100x100.webp",100,100,true]},"uagb_author_info":{"display_name":"jinxing6611@gmail.com","author_link":"https:\/\/www.shuntongvehicle.com\/es\/author\/"},"uagb_comment_info":0,"uagb_excerpt":"Brand:Shuntong Product origin:China Delivery time:Time 20-35 Days Supply capacity:50 units\/month 1. We use GB17-467-1997 circuit connection, and high quality copper. It has good waterproof and flame retardant performance. 2. Gooseneck Lowboy Truck Trailer makes construction machine car easier to load, we select the most suitable height according to customer requirements. 3. 4 axle carry more&hellip;","_links":{"self":[{"href":"https:\/\/www.shuntongvehicle.com\/es\/wp-json\/wp\/v2\/product\/4818","targetHints":{"allow":["GET"]}}],"collection":[{"href":"https:\/\/www.shuntongvehicle.com\/es\/wp-json\/wp\/v2\/product"}],"about":[{"href":"https:\/\/www.shuntongvehicle.com\/es\/wp-json\/wp\/v2\/types\/product"}],"wp:featuredmedia":[{"embeddable":true,"href":"https:\/\/www.shuntongvehicle.com\/es\/wp-json\/wp\/v2\/media\/4821"}],"wp:attachment":[{"href":"https:\/\/www.shuntongvehicle.com\/es\/wp-json\/wp\/v2\/media?parent=4818"}],"wp:term":[{"taxonomy":"product_brand","embeddable":true,"href":"https:\/\/www.shuntongvehicle.com\/es\/wp-json\/wp\/v2\/product_brand?post=4818"},{"taxonomy":"product_cat","embeddable":true,"href":"https:\/\/www.shuntongvehicle.com\/es\/wp-json\/wp\/v2\/product_cat?post=4818"},{"taxonomy":"product_tag","embeddable":true,"href":"https:\/\/www.shuntongvehicle.com\/es\/wp-json\/wp\/v2\/product_tag?post=4818"}],"curies":[{"name":"wp","href":"https:\/\/api.w.org\/{rel}","templated":true}]}}