{"id":4853,"date":"2026-01-21T09:17:55","date_gmt":"2026-01-21T09:17:55","guid":{"rendered":"http:\/\/www.shuntongvehicle.com\/?post_type=product&#038;p=4853"},"modified":"2026-02-06T03:58:10","modified_gmt":"2026-02-06T03:58:10","slug":"4-line-8-axle-low-bed-transport-semi-trailer","status":"publish","type":"product","link":"https:\/\/www.shuntongvehicle.com\/es\/product\/4-line-8-axle-low-bed-transport-semi-trailer\/","title":{"rendered":"Semirremolque de transporte de cama baja de 4 l\u00edneas y 8 ejes"},"content":{"rendered":"<p>Los semirremolques de plataforma baja se utilizan normalmente para transportar veh\u00edculos pesados (como tractores, autobuses, veh\u00edculos especiales, etc.), veh\u00edculos ferroviarios, maquinaria minera, maquinaria forestal, maquinaria de construcci\u00f3n (como excavadoras, bulldozers, cargadoras, pavimentadoras, gr\u00faas, etc.) ) y otras mercanc\u00edas pesadas, cuanto m\u00e1s bajo sea el centro de gravedad, mejor ser\u00e1 la estabilidad y la seguridad, y mayor ser\u00e1 la capacidad de transportar mercanc\u00edas de gran altura y pasar obst\u00e1culos elevados.<\/p>\n<p>Los semirremolques de plataforma baja suelen utilizar un bastidor de viga c\u00f3ncava (o tipo pozo), en el que la secci\u00f3n delantera del bastidor es un cuello de cisne (el pasador de tracci\u00f3n de la secci\u00f3n delantera del cuello de cisne est\u00e1 conectado a la silla de tracci\u00f3n del tractor, y el extremo trasero del cuello de cisne est\u00e1 conectado al bastidor del semirremolque conectado), la secci\u00f3n central es la plataforma de carga (la parte m\u00e1s baja del bastidor), y el extremo trasero es el bastidor de las ruedas (incluidas las ruedas).<\/p>\n<p>1.Utilizamos acero de alta resistencia Q345B para resistir la alta presi\u00f3n, aseg\u00farese de que la seguridad del conductor y el semirremolque.<\/p>\n<p>2.Los neum\u00e1ticos pueden funcionar a altas velocidades, tiene una fuerte capacidad de carga, las ruedas pueden evitar el deslizamiento lateral, tambi\u00e9n resistente al desgaste, se puede utilizar en condiciones complejas de la carretera.<\/p>\n<p>3.Color y tama\u00f1o es decidido por el cliente.<\/p>\n<p><img alt=\"\" fetchpriority=\"high\" decoding=\"async\" class=\"alignnone size-full wp-image-4854\" src=\"http:\/\/www.shuntongvehicle.com\/wp-content\/uploads\/2026\/01\/3758-202311271341037802.jpg\" width=\"750\" height=\"750\" srcset=\"https:\/\/www.shuntongvehicle.com\/wp-content\/uploads\/2026\/01\/3758-202311271341037802.jpg 750w, https:\/\/www.shuntongvehicle.com\/wp-content\/uploads\/2026\/01\/3758-202311271341037802-300x300.jpg 300w, https:\/\/www.shuntongvehicle.com\/wp-content\/uploads\/2026\/01\/3758-202311271341037802-150x150.jpg 150w, https:\/\/www.shuntongvehicle.com\/wp-content\/uploads\/2026\/01\/3758-202311271341037802-12x12.jpg 12w, https:\/\/www.shuntongvehicle.com\/wp-content\/uploads\/2026\/01\/3758-202311271341037802-600x600.jpg 600w, https:\/\/www.shuntongvehicle.com\/wp-content\/uploads\/2026\/01\/3758-202311271341037802-100x100.jpg 100w\" sizes=\"(max-width: 750px) 100vw, 750px\" \/><\/p>\n<table width=\"800\">\n<tbody>\n<tr class=\"firstRow\">\n<td valign=\"top\" width=\"344\">Utilice<\/td>\n<td valign=\"top\" width=\"455\">Remolque de cami\u00f3n<\/td>\n<\/tr>\n<tr>\n<td valign=\"top\" width=\"344\">Tipo<\/td>\n<td valign=\"top\" width=\"455\">Semirremolque<\/td>\n<\/tr>\n<tr>\n<td valign=\"top\" width=\"344\">Material<\/td>\n<td valign=\"top\" width=\"455\">Acero<\/td>\n<\/tr>\n<tr>\n<td valign=\"top\" width=\"344\">Talla<\/td>\n<td valign=\"top\" width=\"455\">14750mm*2550mm<\/td>\n<\/tr>\n<tr>\n<td valign=\"top\" width=\"344\">Carga \u00fatil m\u00e1xima<\/td>\n<td valign=\"top\" width=\"455\">80T<\/td>\n<\/tr>\n<tr>\n<td valign=\"top\" width=\"344\">Lugar de origen<\/td>\n<td valign=\"top\" width=\"455\">ShanDong, China<\/td>\n<\/tr>\n<tr>\n<td valign=\"top\" width=\"344\">Marca<\/td>\n<td valign=\"top\" width=\"455\">Lander<\/td>\n<\/tr>\n<tr>\n<td valign=\"top\" width=\"344\">Nombre del producto<\/td>\n<td valign=\"top\" width=\"455\">Semirremolque de plataforma baja<\/td>\n<\/tr>\n<tr>\n<td valign=\"top\" width=\"344\">Eje<\/td>\n<td valign=\"top\" width=\"455\">4<\/td>\n<\/tr>\n<\/tbody>\n<\/table>\n<p>1.Utilizamos acero de alta resistencia Q345B para resistir la alta presi\u00f3n, aseg\u00farese de que la seguridad del conductor y el semirremolque.<\/p>\n<p>2.Los neum\u00e1ticos pueden funcionar a altas velocidades, tiene una fuerte capacidad de carga, las ruedas pueden evitar el deslizamiento lateral, tambi\u00e9n resistente al desgaste, se puede utilizar en condiciones complejas de la carretera.<\/p>\n<p>3.Color y tama\u00f1o es decidido por el cliente.<\/p>\n<p><img alt=\"\" decoding=\"async\" class=\"alignnone size-full wp-image-4855\" src=\"http:\/\/www.shuntongvehicle.com\/wp-content\/uploads\/2026\/01\/3758-202311071725020242.jpg\" width=\"800\" height=\"600\" srcset=\"https:\/\/www.shuntongvehicle.com\/wp-content\/uploads\/2026\/01\/3758-202311071725020242.jpg 800w, https:\/\/www.shuntongvehicle.com\/wp-content\/uploads\/2026\/01\/3758-202311071725020242-300x225.jpg 300w, https:\/\/www.shuntongvehicle.com\/wp-content\/uploads\/2026\/01\/3758-202311071725020242-768x576.jpg 768w, https:\/\/www.shuntongvehicle.com\/wp-content\/uploads\/2026\/01\/3758-202311071725020242-16x12.jpg 16w, https:\/\/www.shuntongvehicle.com\/wp-content\/uploads\/2026\/01\/3758-202311071725020242-600x450.jpg 600w\" sizes=\"(max-width: 800px) 100vw, 800px\" \/><\/p>\n<p>&nbsp;<\/p>","protected":false},"excerpt":{"rendered":"<p><span style=\"color: #1d2b68;\"><strong>Marca:<\/strong><\/span>Shuntong<br \/>\n<strong><span style=\"color: #1d2b68;\">Origen del producto:<\/span><\/strong>China<br \/>\n<strong><span style=\"color: #1d2b68;\">Plazo de entrega:<\/span><\/strong><span style=\"color: #1d2b68;\">25D\u00edas<\/span><br \/>\n1.El semirremolque de plataforma baja Bomai utiliza acero de alta calidad Q345B para la viga principal para que el semirremolque sea m\u00e1s fuerte.<br \/>\n2.Podemos utilizar los neum\u00e1ticos m\u00e1s adecuados, por lo que elegimos neum\u00e1tico de vac\u00edo o neum\u00e1tico de alambre de acero accroding a la condici\u00f3n de la carretera.<br \/>\n3.Nuestra capacidad de carga del eje es fuerte, la fuerza es m\u00e1s uniforme, y tenemos un largo ciclo de mantenimiento.<\/p>","protected":false},"featured_media":4856,"template":"","meta":{"_seopress_robots_primary_cat":"none","_seopress_titles_title":"%%post_title%%","_seopress_titles_desc":"%%post_excerpt%%","_seopress_robots_index":"","_uag_custom_page_level_css":"","site-sidebar-layout":"default","site-content-layout":"","ast-site-content-layout":"default","site-content-style":"default","site-sidebar-style":"default","ast-global-header-display":"","ast-banner-title-visibility":"","ast-main-header-display":"","ast-hfb-above-header-display":"","ast-hfb-below-header-display":"","ast-hfb-mobile-header-display":"","site-post-title":"","ast-breadcrumbs-content":"","ast-featured-img":"","footer-sml-layout":"","theme-transparent-header-meta":"default","adv-header-id-meta":"","stick-header-meta":"default","header-above-stick-meta":"","header-main-stick-meta":"","header-below-stick-meta":"","astra-migrate-meta-layouts":"set","ast-page-background-enabled":"default","ast-page-background-meta":{"desktop":{"background-color":"","background-image":"","background-repeat":"repeat","background-position":"center center","background-size":"auto","background-attachment":"scroll","background-type":"","background-media":"","overlay-type":"","overlay-color":"","overlay-opacity":"","overlay-gradient":""},"tablet":{"background-color":"","background-image":"","background-repeat":"repeat","background-position":"center center","background-size":"auto","background-attachment":"scroll","background-type":"","background-media":"","overlay-type":"","overlay-color":"","overlay-opacity":"","overlay-gradient":""},"mobile":{"background-color":"","background-image":"","background-repeat":"repeat","background-position":"center center","background-size":"auto","background-attachment":"scroll","background-type":"","background-media":"","overlay-type":"","overlay-color":"","overlay-opacity":"","overlay-gradient":""}},"ast-content-background-meta":{"desktop":{"background-color":"var(--ast-global-color-5)","background-image":"","background-repeat":"repeat","background-position":"center center","background-size":"auto","background-attachment":"scroll","background-type":"","background-media":"","overlay-type":"","overlay-color":"","overlay-opacity":"","overlay-gradient":""},"tablet":{"background-color":"var(--ast-global-color-5)","background-image":"","background-repeat":"repeat","background-position":"center center","background-size":"auto","background-attachment":"scroll","background-type":"","background-media":"","overlay-type":"","overlay-color":"","overlay-opacity":"","overlay-gradient":""},"mobile":{"background-color":"var(--ast-global-color-5)","background-image":"","background-repeat":"repeat","background-position":"center center","background-size":"auto","background-attachment":"scroll","background-type":"","background-media":"","overlay-type":"","overlay-color":"","overlay-opacity":"","overlay-gradient":""}}},"product_brand":[],"product_cat":[80],"product_tag":[],"class_list":{"0":"post-4853","1":"product","2":"type-product","3":"status-publish","4":"has-post-thumbnail","6":"product_cat-lowbed-semi-trailer","7":"desktop-align-left","8":"tablet-align-left","9":"mobile-align-left","10":"ast-product-gallery-layout-horizontal-slider","11":"ast-product-tabs-layout-horizontal","13":"first","14":"instock","15":"featured","16":"shipping-taxable","17":"product-type-simple"},"uagb_featured_image_src":{"full":["https:\/\/www.shuntongvehicle.com\/wp-content\/uploads\/2026\/01\/3758-202311060940543679.webp",750,750,false],"thumbnail":["https:\/\/www.shuntongvehicle.com\/wp-content\/uploads\/2026\/01\/3758-202311060940543679-150x150.webp",150,150,true],"medium":["https:\/\/www.shuntongvehicle.com\/wp-content\/uploads\/2026\/01\/3758-202311060940543679-300x300.webp",300,300,true],"medium_large":["https:\/\/www.shuntongvehicle.com\/wp-content\/uploads\/2026\/01\/3758-202311060940543679.webp",750,750,false],"large":["https:\/\/www.shuntongvehicle.com\/wp-content\/uploads\/2026\/01\/3758-202311060940543679.webp",750,750,false],"1536x1536":["https:\/\/www.shuntongvehicle.com\/wp-content\/uploads\/2026\/01\/3758-202311060940543679.webp",750,750,false],"2048x2048":["https:\/\/www.shuntongvehicle.com\/wp-content\/uploads\/2026\/01\/3758-202311060940543679.webp",750,750,false],"trp-custom-language-flag":["https:\/\/www.shuntongvehicle.com\/wp-content\/uploads\/2026\/01\/3758-202311060940543679-12x12.webp",12,12,true],"woocommerce_thumbnail":["https:\/\/www.shuntongvehicle.com\/wp-content\/uploads\/2026\/01\/3758-202311060940543679-600x600.webp",600,600,true],"woocommerce_single":["https:\/\/www.shuntongvehicle.com\/wp-content\/uploads\/2026\/01\/3758-202311060940543679-600x600.webp",600,600,true],"woocommerce_gallery_thumbnail":["https:\/\/www.shuntongvehicle.com\/wp-content\/uploads\/2026\/01\/3758-202311060940543679-100x100.webp",100,100,true]},"uagb_author_info":{"display_name":"jinxing6611@gmail.com","author_link":"https:\/\/www.shuntongvehicle.com\/es\/author\/"},"uagb_comment_info":0,"uagb_excerpt":"Brand:Shuntong Product origin:China Delivery time:25Days 1.Bomai lowbed semi trailer use high quality Q345B steel for the main beam so that the semi trailer is stronger. 2.We can use the most suitable tires, so we choose vacuum tire or steel wire tire accroding to the road condition. 3.Our axle load capacity is strong, the force is&hellip;","_links":{"self":[{"href":"https:\/\/www.shuntongvehicle.com\/es\/wp-json\/wp\/v2\/product\/4853","targetHints":{"allow":["GET"]}}],"collection":[{"href":"https:\/\/www.shuntongvehicle.com\/es\/wp-json\/wp\/v2\/product"}],"about":[{"href":"https:\/\/www.shuntongvehicle.com\/es\/wp-json\/wp\/v2\/types\/product"}],"wp:featuredmedia":[{"embeddable":true,"href":"https:\/\/www.shuntongvehicle.com\/es\/wp-json\/wp\/v2\/media\/4856"}],"wp:attachment":[{"href":"https:\/\/www.shuntongvehicle.com\/es\/wp-json\/wp\/v2\/media?parent=4853"}],"wp:term":[{"taxonomy":"product_brand","embeddable":true,"href":"https:\/\/www.shuntongvehicle.com\/es\/wp-json\/wp\/v2\/product_brand?post=4853"},{"taxonomy":"product_cat","embeddable":true,"href":"https:\/\/www.shuntongvehicle.com\/es\/wp-json\/wp\/v2\/product_cat?post=4853"},{"taxonomy":"product_tag","embeddable":true,"href":"https:\/\/www.shuntongvehicle.com\/es\/wp-json\/wp\/v2\/product_tag?post=4853"}],"curies":[{"name":"wp","href":"https:\/\/api.w.org\/{rel}","templated":true}]}}