{"id":4906,"date":"2026-01-21T09:44:44","date_gmt":"2026-01-21T09:44:44","guid":{"rendered":"http:\/\/www.shuntongvehicle.com\/?post_type=product&#038;p=4906"},"modified":"2026-02-06T02:49:56","modified_gmt":"2026-02-06T02:49:56","slug":"4-axle-10-m-outlet-rear-dump-semi-trailer","status":"publish","type":"product","link":"https:\/\/www.shuntongvehicle.com\/es\/product\/4-axle-10-m-outlet-rear-dump-semi-trailer\/","title":{"rendered":"Semirremolque volquete trasero de 4 ejes y 10 m de salida"},"content":{"rendered":"<p>El tipo m\u00e1s popular de semirremolque volquete trasero es el semirremolque volquete de 50-60 toneladas, utilizado para transportar minerales de miner\u00eda y materiales de construcci\u00f3n en un cubo de 35-40 metros c\u00fabicos.<br \/>\nLander tambi\u00e9n puede producir semirremolques volquete ligeros de 25 c\u00fabicos y 30-35 toneladas para el transporte de clinker de cemento, arena y grava, as\u00ed como volquetes pesados de 45 c\u00fabicos con una capacidad de carga \u00fatil m\u00e1xima de 80-100 toneladas para el transporte de minerales de gran tama\u00f1o.<\/p>\n<p><img alt=\"\" fetchpriority=\"high\" decoding=\"async\" class=\"alignnone size-full wp-image-4907\" src=\"http:\/\/www.shuntongvehicle.com\/wp-content\/uploads\/2026\/01\/3758-202405101535157927.jpg\" width=\"730\" height=\"842\" srcset=\"https:\/\/www.shuntongvehicle.com\/wp-content\/uploads\/2026\/01\/3758-202405101535157927.jpg 730w, https:\/\/www.shuntongvehicle.com\/wp-content\/uploads\/2026\/01\/3758-202405101535157927-260x300.jpg 260w, https:\/\/www.shuntongvehicle.com\/wp-content\/uploads\/2026\/01\/3758-202405101535157927-10x12.jpg 10w, https:\/\/www.shuntongvehicle.com\/wp-content\/uploads\/2026\/01\/3758-202405101535157927-600x692.jpg 600w\" sizes=\"(max-width: 730px) 100vw, 730px\" \/><\/p>\n<table width=\"800\">\n<tbody>\n<tr class=\"firstRow\">\n<td valign=\"top\" width=\"225\">Tipo<\/td>\n<td valign=\"top\" width=\"574\">Semirremolque volquete trasero de 4 ejes y 10 m de salida<\/td>\n<\/tr>\n<tr>\n<td valign=\"top\" width=\"225\">Semirremolque Dimensi\u00f3n<\/td>\n<td valign=\"top\" width=\"574\">11000*2400*3750mm(se puede personalizar)<\/td>\n<\/tr>\n<tr>\n<td valign=\"top\" width=\"225\">Espesor de la placa inferior (mm)<\/td>\n<td valign=\"top\" width=\"574\">5mm\/8mm Acero Q345<\/td>\n<\/tr>\n<tr>\n<td valign=\"top\" width=\"225\">Sistema de elevaci\u00f3n<\/td>\n<td valign=\"top\" width=\"574\">Juego completo de cilindro de elevaci\u00f3n hidr\u00e1ulico Hyva (FC214-5-07130)<\/td>\n<\/tr>\n<tr>\n<td valign=\"top\" width=\"225\">Haz principal<\/td>\n<td valign=\"top\" width=\"574\">Acero Q345B<\/td>\n<\/tr>\n<tr>\n<td valign=\"top\" width=\"225\">Eje<\/td>\n<td valign=\"top\" width=\"574\">13T Marca FUWA,16 unidades<\/td>\n<\/tr>\n<tr>\n<td valign=\"top\" width=\"225\">Hoja de muelle<\/td>\n<td valign=\"top\" width=\"574\">90mm*13mm*10Capas o 100mm*12mm*12<\/td>\n<\/tr>\n<tr>\n<td valign=\"top\" width=\"225\">Alfiler de rey<\/td>\n<td valign=\"top\" width=\"574\">Pernos de 2,0 \u00f3 3,5 pulgadas de la marca JOST o tipo soldadura<\/td>\n<\/tr>\n<tr>\n<td valign=\"top\" width=\"225\">Tren de aterrizaje<\/td>\n<td valign=\"top\" width=\"574\">Marca JOST C200T o marca China 28Tons (Doble velocidad)<\/td>\n<\/tr>\n<tr>\n<td valign=\"top\" width=\"225\">Suspensi\u00f3n<\/td>\n<td valign=\"top\" width=\"574\">Suspensi\u00f3n mec\u00e1nica<\/td>\n<\/tr>\n<tr>\n<td colspan=\"1\" rowspan=\"1\" valign=\"top\" width=\"225\">Llanta<\/td>\n<td colspan=\"1\" rowspan=\"1\" valign=\"top\" width=\"574\">9.00-22.5\/8.00-20\/8.5-20China Brand<\/td>\n<\/tr>\n<tr>\n<td colspan=\"1\" rowspan=\"1\" valign=\"top\" width=\"225\">Neum\u00e1tico<\/td>\n<td colspan=\"1\" rowspan=\"1\" valign=\"top\" width=\"574\">12.00R22.5\/315 80R22.5\/11.00R20\/12.00R20 Varias marcas de neum\u00e1ticos disponibles<\/td>\n<\/tr>\n<tr>\n<td colspan=\"1\" rowspan=\"1\" valign=\"top\" width=\"225\">Caja de herramientas<\/td>\n<td colspan=\"1\" rowspan=\"1\" valign=\"top\" width=\"574\">Una pieza,1m*0.5m*0.5m(El tama\u00f1o se puede elegir libremente)<\/td>\n<\/tr>\n<tr>\n<td colspan=\"1\" rowspan=\"1\" valign=\"top\" width=\"225\">Pintura<\/td>\n<td colspan=\"1\" rowspan=\"1\" valign=\"top\" width=\"574\">1 capa de imprimaci\u00f3n anticorrosiva, 2 capas de pintura final<\/td>\n<\/tr>\n<\/tbody>\n<\/table>\n<p><img alt=\"\" decoding=\"async\" class=\"alignnone wp-image-4908\" src=\"http:\/\/www.shuntongvehicle.com\/wp-content\/uploads\/2026\/01\/3758-202310171317108805.jpg\" width=\"1000\" height=\"563\" srcset=\"https:\/\/www.shuntongvehicle.com\/wp-content\/uploads\/2026\/01\/3758-202310171317108805.jpg 1553w, https:\/\/www.shuntongvehicle.com\/wp-content\/uploads\/2026\/01\/3758-202310171317108805-300x169.jpg 300w, https:\/\/www.shuntongvehicle.com\/wp-content\/uploads\/2026\/01\/3758-202310171317108805-1024x576.jpg 1024w, https:\/\/www.shuntongvehicle.com\/wp-content\/uploads\/2026\/01\/3758-202310171317108805-768x432.jpg 768w, https:\/\/www.shuntongvehicle.com\/wp-content\/uploads\/2026\/01\/3758-202310171317108805-1536x864.jpg 1536w, https:\/\/www.shuntongvehicle.com\/wp-content\/uploads\/2026\/01\/3758-202310171317108805-18x10.jpg 18w, https:\/\/www.shuntongvehicle.com\/wp-content\/uploads\/2026\/01\/3758-202310171317108805-600x338.jpg 600w\" sizes=\"(max-width: 1000px) 100vw, 1000px\" \/><\/p>\n<p><strong>LANDER tipo U trasera volcado semirremolque para la venta<\/strong><\/p>\n<p><img alt=\"\" decoding=\"async\" class=\"alignnone size-full wp-image-4909\" src=\"http:\/\/www.shuntongvehicle.com\/wp-content\/uploads\/2026\/01\/3758-202310231403552295.jpg\" width=\"750\" height=\"563\" srcset=\"https:\/\/www.shuntongvehicle.com\/wp-content\/uploads\/2026\/01\/3758-202310231403552295.jpg 750w, https:\/\/www.shuntongvehicle.com\/wp-content\/uploads\/2026\/01\/3758-202310231403552295-300x225.jpg 300w, https:\/\/www.shuntongvehicle.com\/wp-content\/uploads\/2026\/01\/3758-202310231403552295-16x12.jpg 16w, https:\/\/www.shuntongvehicle.com\/wp-content\/uploads\/2026\/01\/3758-202310231403552295-600x450.jpg 600w\" sizes=\"(max-width: 750px) 100vw, 750px\" \/><\/p>\n<p><strong>4 ejes volquete trasero semirremolque para la venta\u00a0<\/strong><\/p>\n<p><img alt=\"\" loading=\"lazy\" decoding=\"async\" class=\"alignnone size-full wp-image-4910\" src=\"http:\/\/www.shuntongvehicle.com\/wp-content\/uploads\/2026\/01\/3758-202310231406411273.jpg\" width=\"750\" height=\"563\" srcset=\"https:\/\/www.shuntongvehicle.com\/wp-content\/uploads\/2026\/01\/3758-202310231406411273.jpg 750w, https:\/\/www.shuntongvehicle.com\/wp-content\/uploads\/2026\/01\/3758-202310231406411273-300x225.jpg 300w, https:\/\/www.shuntongvehicle.com\/wp-content\/uploads\/2026\/01\/3758-202310231406411273-16x12.jpg 16w, https:\/\/www.shuntongvehicle.com\/wp-content\/uploads\/2026\/01\/3758-202310231406411273-600x450.jpg 600w\" sizes=\"(max-width: 750px) 100vw, 750px\" \/><\/p>","protected":false},"excerpt":{"rendered":"<p><span style=\"color: #1d2b68;\"><strong>Marca:<\/strong><\/span>Shuntong<br \/>\n<strong><span style=\"color: #1d2b68;\">Origen del producto:<\/span><\/strong>China<br \/>\n<strong><span style=\"color: #1d2b68;\">Plazo de entrega:<\/span><\/strong><span style=\"color: #1d2b68;\">20-35 d\u00edas<\/span><br \/>\n<span style=\"color: #1d2b68;\"><strong>Capacidad de suministro:<\/strong> 100 Sets\/Month<\/span><br \/>\n1.Investigaci\u00f3n y dise\u00f1o de detalles profesionales, a\u00f1os de experiencia;<br \/>\n2.Use accesorios de marca para garantizar la calidad del semirremolque volquete trasero.<br \/>\n3.Contamos con un departamento profesional de dise\u00f1o de semirremolques basculantes con gran experiencia en producci\u00f3n y plazos de entrega cortos;<\/p>","protected":false},"featured_media":4911,"template":"","meta":{"_seopress_robots_primary_cat":"none","_seopress_titles_title":"%%post_title%%","_seopress_titles_desc":"%%post_excerpt%%","_seopress_robots_index":"","_uag_custom_page_level_css":"","site-sidebar-layout":"default","site-content-layout":"","ast-site-content-layout":"default","site-content-style":"default","site-sidebar-style":"default","ast-global-header-display":"","ast-banner-title-visibility":"","ast-main-header-display":"","ast-hfb-above-header-display":"","ast-hfb-below-header-display":"","ast-hfb-mobile-header-display":"","site-post-title":"","ast-breadcrumbs-content":"","ast-featured-img":"","footer-sml-layout":"","theme-transparent-header-meta":"default","adv-header-id-meta":"","stick-header-meta":"default","header-above-stick-meta":"","header-main-stick-meta":"","header-below-stick-meta":"","astra-migrate-meta-layouts":"set","ast-page-background-enabled":"default","ast-page-background-meta":{"desktop":{"background-color":"","background-image":"","background-repeat":"repeat","background-position":"center center","background-size":"auto","background-attachment":"scroll","background-type":"","background-media":"","overlay-type":"","overlay-color":"","overlay-opacity":"","overlay-gradient":""},"tablet":{"background-color":"","background-image":"","background-repeat":"repeat","background-position":"center center","background-size":"auto","background-attachment":"scroll","background-type":"","background-media":"","overlay-type":"","overlay-color":"","overlay-opacity":"","overlay-gradient":""},"mobile":{"background-color":"","background-image":"","background-repeat":"repeat","background-position":"center center","background-size":"auto","background-attachment":"scroll","background-type":"","background-media":"","overlay-type":"","overlay-color":"","overlay-opacity":"","overlay-gradient":""}},"ast-content-background-meta":{"desktop":{"background-color":"var(--ast-global-color-5)","background-image":"","background-repeat":"repeat","background-position":"center center","background-size":"auto","background-attachment":"scroll","background-type":"","background-media":"","overlay-type":"","overlay-color":"","overlay-opacity":"","overlay-gradient":""},"tablet":{"background-color":"var(--ast-global-color-5)","background-image":"","background-repeat":"repeat","background-position":"center center","background-size":"auto","background-attachment":"scroll","background-type":"","background-media":"","overlay-type":"","overlay-color":"","overlay-opacity":"","overlay-gradient":""},"mobile":{"background-color":"var(--ast-global-color-5)","background-image":"","background-repeat":"repeat","background-position":"center center","background-size":"auto","background-attachment":"scroll","background-type":"","background-media":"","overlay-type":"","overlay-color":"","overlay-opacity":"","overlay-gradient":""}}},"product_brand":[],"product_cat":[81],"product_tag":[],"class_list":{"0":"post-4906","1":"product","2":"type-product","3":"status-publish","4":"has-post-thumbnail","6":"product_cat-rear-tipping-dump-semi-trailer","7":"desktop-align-left","8":"tablet-align-left","9":"mobile-align-left","10":"ast-product-gallery-layout-horizontal-slider","11":"ast-product-tabs-layout-horizontal","13":"first","14":"instock","15":"featured","16":"shipping-taxable","17":"product-type-simple"},"uagb_featured_image_src":{"full":["https:\/\/www.shuntongvehicle.com\/wp-content\/uploads\/2026\/01\/3758-202405101535013991.webp",750,750,false],"thumbnail":["https:\/\/www.shuntongvehicle.com\/wp-content\/uploads\/2026\/01\/3758-202405101535013991-150x150.webp",150,150,true],"medium":["https:\/\/www.shuntongvehicle.com\/wp-content\/uploads\/2026\/01\/3758-202405101535013991-300x300.webp",300,300,true],"medium_large":["https:\/\/www.shuntongvehicle.com\/wp-content\/uploads\/2026\/01\/3758-202405101535013991.webp",750,750,false],"large":["https:\/\/www.shuntongvehicle.com\/wp-content\/uploads\/2026\/01\/3758-202405101535013991.webp",750,750,false],"1536x1536":["https:\/\/www.shuntongvehicle.com\/wp-content\/uploads\/2026\/01\/3758-202405101535013991.webp",750,750,false],"2048x2048":["https:\/\/www.shuntongvehicle.com\/wp-content\/uploads\/2026\/01\/3758-202405101535013991.webp",750,750,false],"trp-custom-language-flag":["https:\/\/www.shuntongvehicle.com\/wp-content\/uploads\/2026\/01\/3758-202405101535013991-12x12.webp",12,12,true],"woocommerce_thumbnail":["https:\/\/www.shuntongvehicle.com\/wp-content\/uploads\/2026\/01\/3758-202405101535013991-600x600.webp",600,600,true],"woocommerce_single":["https:\/\/www.shuntongvehicle.com\/wp-content\/uploads\/2026\/01\/3758-202405101535013991-600x600.webp",600,600,true],"woocommerce_gallery_thumbnail":["https:\/\/www.shuntongvehicle.com\/wp-content\/uploads\/2026\/01\/3758-202405101535013991-100x100.webp",100,100,true]},"uagb_author_info":{"display_name":"jinxing6611@gmail.com","author_link":"https:\/\/www.shuntongvehicle.com\/es\/author\/"},"uagb_comment_info":0,"uagb_excerpt":"Brand:Shuntong Product origin:China Delivery time:20-35 days Supply capacity: 100 Sets\/Month 1.Professional detail research and design, years of experience; 2.Use brand-name accessories to ensure the quality of the rear dump semi trailer. 3.We have a professional Semi dump trailer design department with rich production experience and short delivery time;","_links":{"self":[{"href":"https:\/\/www.shuntongvehicle.com\/es\/wp-json\/wp\/v2\/product\/4906","targetHints":{"allow":["GET"]}}],"collection":[{"href":"https:\/\/www.shuntongvehicle.com\/es\/wp-json\/wp\/v2\/product"}],"about":[{"href":"https:\/\/www.shuntongvehicle.com\/es\/wp-json\/wp\/v2\/types\/product"}],"wp:featuredmedia":[{"embeddable":true,"href":"https:\/\/www.shuntongvehicle.com\/es\/wp-json\/wp\/v2\/media\/4911"}],"wp:attachment":[{"href":"https:\/\/www.shuntongvehicle.com\/es\/wp-json\/wp\/v2\/media?parent=4906"}],"wp:term":[{"taxonomy":"product_brand","embeddable":true,"href":"https:\/\/www.shuntongvehicle.com\/es\/wp-json\/wp\/v2\/product_brand?post=4906"},{"taxonomy":"product_cat","embeddable":true,"href":"https:\/\/www.shuntongvehicle.com\/es\/wp-json\/wp\/v2\/product_cat?post=4906"},{"taxonomy":"product_tag","embeddable":true,"href":"https:\/\/www.shuntongvehicle.com\/es\/wp-json\/wp\/v2\/product_tag?post=4906"}],"curies":[{"name":"wp","href":"https:\/\/api.w.org\/{rel}","templated":true}]}}