{"id":4928,"date":"2026-01-22T01:28:41","date_gmt":"2026-01-22T01:28:41","guid":{"rendered":"http:\/\/www.shuntongvehicle.com\/?post_type=product&#038;p=4928"},"modified":"2026-02-06T02:57:46","modified_gmt":"2026-02-06T02:57:46","slug":"6-axle-100t-hydraulic-dump-semi-trailer","status":"publish","type":"product","link":"https:\/\/www.shuntongvehicle.com\/es\/product\/6-axle-100t-hydraulic-dump-semi-trailer\/","title":{"rendered":"Semirremolque volquete hidr\u00e1ulico de 6 ejes y 100 toneladas"},"content":{"rendered":"<p>6 axle 100t hydraulic dump semi trailer for export to africa, myanmar use for cement clinker, coal , building gravels, chippings, bauxite, manganese ore, etc.<br \/>\nThe 6-axle dump semi trailer utilizes sophisticated technology, with advanced equipment processing the main components, fully automatic submerged arc welding for the longitudinal beams, and precise assembly of axles and leaf springs using an assembly machine.<\/p>\n<table data-sort=\"sortDisabled\">\n<tbody>\n<tr class=\"firstRow\">\n<td valign=\"top\" width=\"381\">Tipo<\/td>\n<td valign=\"top\" width=\"381\">Semirremolque volquete hidr\u00e1ulico de 6 ejes y 100 toneladas<\/td>\n<\/tr>\n<tr>\n<td valign=\"top\" width=\"381\">Semirremolque Dimensi\u00f3n<\/td>\n<td valign=\"top\" width=\"381\">can be customized<\/td>\n<\/tr>\n<tr>\n<td valign=\"top\" width=\"381\">Espesor de la placa inferior (mm)<\/td>\n<td valign=\"top\" width=\"381\">6\/8mm Q235steel<\/td>\n<\/tr>\n<tr>\n<td valign=\"top\" width=\"381\">Sistema de elevaci\u00f3n<\/td>\n<td valign=\"top\" width=\"381\">Juego completo de cilindro de elevaci\u00f3n hidr\u00e1ulico Hyva (FC214-5-07130)<\/td>\n<\/tr>\n<tr>\n<td valign=\"top\" width=\"381\">Eje<\/td>\n<td valign=\"top\" width=\"381\">16T,FUWA Brand or others<\/td>\n<\/tr>\n<tr>\n<td valign=\"top\" width=\"381\">Alfiler de rey<\/td>\n<td valign=\"top\" width=\"381\">\u00a02.0 0r 3.5 inch bolts type<\/td>\n<\/tr>\n<tr>\n<td valign=\"top\" width=\"381\">Tren de aterrizaje<\/td>\n<td valign=\"top\" width=\"381\">\u00a028Tons (Double speed)<\/td>\n<\/tr>\n<tr>\n<td valign=\"top\" width=\"381\">Suspensi\u00f3n<\/td>\n<td valign=\"top\" width=\"381\">Suspensi\u00f3n mec\u00e1nica<\/td>\n<\/tr>\n<tr>\n<td valign=\"top\" width=\"381\">Llanta<\/td>\n<td valign=\"top\" width=\"381\">9.00-22.5\/8.00-20\/8.5-20China Brand<\/td>\n<\/tr>\n<tr>\n<td valign=\"top\" width=\"381\">Neum\u00e1tico<\/td>\n<td valign=\"top\" width=\"381\">12.00R22.5 Various tire brands are available<\/td>\n<\/tr>\n<tr>\n<td colspan=\"1\" rowspan=\"1\" valign=\"top\">Caja de herramientas<\/td>\n<td colspan=\"1\" rowspan=\"1\" valign=\"top\">One piece<\/td>\n<\/tr>\n<tr>\n<td colspan=\"1\" rowspan=\"1\" valign=\"top\">Pintura<\/td>\n<td colspan=\"1\" rowspan=\"1\" valign=\"top\">1 capa de imprimaci\u00f3n anticorrosiva, 2 capas de pintura final<\/td>\n<\/tr>\n<tr>\n<td colspan=\"2\" rowspan=\"1\" valign=\"top\">Cualquier pieza que se ajuste a la solicitud de los clientes, p\u00f3ngase en contacto con nosotros para obtener m\u00e1s informaci\u00f3n.<\/td>\n<\/tr>\n<\/tbody>\n<\/table>\n<p><img alt=\"\" fetchpriority=\"high\" decoding=\"async\" class=\"alignnone size-full wp-image-4929\" src=\"http:\/\/www.shuntongvehicle.com\/wp-content\/uploads\/2026\/01\/3758-202312061724159469.jpg\" width=\"750\" height=\"422\" srcset=\"https:\/\/www.shuntongvehicle.com\/wp-content\/uploads\/2026\/01\/3758-202312061724159469.jpg 750w, https:\/\/www.shuntongvehicle.com\/wp-content\/uploads\/2026\/01\/3758-202312061724159469-300x169.jpg 300w, https:\/\/www.shuntongvehicle.com\/wp-content\/uploads\/2026\/01\/3758-202312061724159469-18x10.jpg 18w, https:\/\/www.shuntongvehicle.com\/wp-content\/uploads\/2026\/01\/3758-202312061724159469-600x338.jpg 600w\" sizes=\"(max-width: 750px) 100vw, 750px\" \/><\/p>\n<h4>6 Axle 50T 100T Hydraulic Dump Semi Trailer for sale<\/h4>\n<p>1. The dump semi trailer of main beam design is reasonable, and the dump trailer body is made of high strength steel sheet\uff1b<br \/>\n2. Quality Axles and Brake system: BPW, FUWA worldwide best axles work with WABCO brake valve, more effectively brake for safe.<br \/>\n3.This 6-axle dump semi trailer utilizes a rear unloading mode to significantly enhance the loader&#8217;s transportation efficiency for bulk goods.<\/p>\n<p><img alt=\"\" decoding=\"async\" class=\"alignnone size-full wp-image-4930\" src=\"http:\/\/www.shuntongvehicle.com\/wp-content\/uploads\/2026\/01\/3758-202312061727484156.jpg\" width=\"800\" height=\"600\" srcset=\"https:\/\/www.shuntongvehicle.com\/wp-content\/uploads\/2026\/01\/3758-202312061727484156.jpg 800w, https:\/\/www.shuntongvehicle.com\/wp-content\/uploads\/2026\/01\/3758-202312061727484156-300x225.jpg 300w, https:\/\/www.shuntongvehicle.com\/wp-content\/uploads\/2026\/01\/3758-202312061727484156-768x576.jpg 768w, https:\/\/www.shuntongvehicle.com\/wp-content\/uploads\/2026\/01\/3758-202312061727484156-16x12.jpg 16w, https:\/\/www.shuntongvehicle.com\/wp-content\/uploads\/2026\/01\/3758-202312061727484156-600x450.jpg 600w\" sizes=\"(max-width: 800px) 100vw, 800px\" \/><\/p>\n<p><img alt=\"\" decoding=\"async\" class=\"alignnone size-full wp-image-4931\" src=\"http:\/\/www.shuntongvehicle.com\/wp-content\/uploads\/2026\/01\/3758-202312061728389096.jpg\" width=\"750\" height=\"422\" srcset=\"https:\/\/www.shuntongvehicle.com\/wp-content\/uploads\/2026\/01\/3758-202312061728389096.jpg 750w, https:\/\/www.shuntongvehicle.com\/wp-content\/uploads\/2026\/01\/3758-202312061728389096-300x169.jpg 300w, https:\/\/www.shuntongvehicle.com\/wp-content\/uploads\/2026\/01\/3758-202312061728389096-18x10.jpg 18w, https:\/\/www.shuntongvehicle.com\/wp-content\/uploads\/2026\/01\/3758-202312061728389096-600x338.jpg 600w\" sizes=\"(max-width: 750px) 100vw, 750px\" \/><\/p>\n<p>New Multi axles heavy duty 50T dump semi trailer factory price for coal mine and rocks<\/p>","protected":false},"excerpt":{"rendered":"<p><span style=\"color: #1d2b68;\"><strong>Marca:<\/strong>Shuntong<\/span><br \/>\n<strong><span style=\"color: #1d2b68;\">Origen del producto:<\/span><\/strong>China<br \/>\n<strong><span style=\"color: #1d2b68;\">Plazo de entrega:<\/span><\/strong><span style=\"color: #1d2b68;\">20-35 d\u00edas<\/span><br \/>\n<span style=\"color: #1d2b68;\"><strong>Capacidad de suministro:<\/strong> 200 Sets\/Month<\/span><br \/>\n1.The 6-axle dump semi trailer uses well-known brand parts to ensure that our trailers are of good quality, and the stronger lifting capacity and higher height make the lifting more stable\uff1b<br \/>\n2. The 50T dump semi trailer uses rear unloading to enhance the loader&#8217;s transport efficiency.<\/p>","protected":false},"featured_media":4932,"template":"","meta":{"_seopress_robots_primary_cat":"none","_seopress_titles_title":"%%post_title%%","_seopress_titles_desc":"%%post_excerpt%%","_seopress_robots_index":"","_uag_custom_page_level_css":"","site-sidebar-layout":"default","site-content-layout":"","ast-site-content-layout":"default","site-content-style":"default","site-sidebar-style":"default","ast-global-header-display":"","ast-banner-title-visibility":"","ast-main-header-display":"","ast-hfb-above-header-display":"","ast-hfb-below-header-display":"","ast-hfb-mobile-header-display":"","site-post-title":"","ast-breadcrumbs-content":"","ast-featured-img":"","footer-sml-layout":"","theme-transparent-header-meta":"default","adv-header-id-meta":"","stick-header-meta":"default","header-above-stick-meta":"","header-main-stick-meta":"","header-below-stick-meta":"","astra-migrate-meta-layouts":"set","ast-page-background-enabled":"default","ast-page-background-meta":{"desktop":{"background-color":"","background-image":"","background-repeat":"repeat","background-position":"center center","background-size":"auto","background-attachment":"scroll","background-type":"","background-media":"","overlay-type":"","overlay-color":"","overlay-opacity":"","overlay-gradient":""},"tablet":{"background-color":"","background-image":"","background-repeat":"repeat","background-position":"center center","background-size":"auto","background-attachment":"scroll","background-type":"","background-media":"","overlay-type":"","overlay-color":"","overlay-opacity":"","overlay-gradient":""},"mobile":{"background-color":"","background-image":"","background-repeat":"repeat","background-position":"center center","background-size":"auto","background-attachment":"scroll","background-type":"","background-media":"","overlay-type":"","overlay-color":"","overlay-opacity":"","overlay-gradient":""}},"ast-content-background-meta":{"desktop":{"background-color":"var(--ast-global-color-5)","background-image":"","background-repeat":"repeat","background-position":"center center","background-size":"auto","background-attachment":"scroll","background-type":"","background-media":"","overlay-type":"","overlay-color":"","overlay-opacity":"","overlay-gradient":""},"tablet":{"background-color":"var(--ast-global-color-5)","background-image":"","background-repeat":"repeat","background-position":"center center","background-size":"auto","background-attachment":"scroll","background-type":"","background-media":"","overlay-type":"","overlay-color":"","overlay-opacity":"","overlay-gradient":""},"mobile":{"background-color":"var(--ast-global-color-5)","background-image":"","background-repeat":"repeat","background-position":"center center","background-size":"auto","background-attachment":"scroll","background-type":"","background-media":"","overlay-type":"","overlay-color":"","overlay-opacity":"","overlay-gradient":""}}},"product_brand":[],"product_cat":[81],"product_tag":[],"class_list":{"0":"post-4928","1":"product","2":"type-product","3":"status-publish","4":"has-post-thumbnail","6":"product_cat-rear-tipping-dump-semi-trailer","7":"desktop-align-left","8":"tablet-align-left","9":"mobile-align-left","10":"ast-product-gallery-layout-horizontal-slider","11":"ast-product-tabs-layout-horizontal","13":"first","14":"instock","15":"shipping-taxable","16":"product-type-simple"},"uagb_featured_image_src":{"full":["https:\/\/www.shuntongvehicle.com\/wp-content\/uploads\/2026\/01\/3758-202310231407486083.webp",750,750,false],"thumbnail":["https:\/\/www.shuntongvehicle.com\/wp-content\/uploads\/2026\/01\/3758-202310231407486083-150x150.webp",150,150,true],"medium":["https:\/\/www.shuntongvehicle.com\/wp-content\/uploads\/2026\/01\/3758-202310231407486083-300x300.webp",300,300,true],"medium_large":["https:\/\/www.shuntongvehicle.com\/wp-content\/uploads\/2026\/01\/3758-202310231407486083.webp",750,750,false],"large":["https:\/\/www.shuntongvehicle.com\/wp-content\/uploads\/2026\/01\/3758-202310231407486083.webp",750,750,false],"1536x1536":["https:\/\/www.shuntongvehicle.com\/wp-content\/uploads\/2026\/01\/3758-202310231407486083.webp",750,750,false],"2048x2048":["https:\/\/www.shuntongvehicle.com\/wp-content\/uploads\/2026\/01\/3758-202310231407486083.webp",750,750,false],"trp-custom-language-flag":["https:\/\/www.shuntongvehicle.com\/wp-content\/uploads\/2026\/01\/3758-202310231407486083-12x12.webp",12,12,true],"woocommerce_thumbnail":["https:\/\/www.shuntongvehicle.com\/wp-content\/uploads\/2026\/01\/3758-202310231407486083-600x600.webp",600,600,true],"woocommerce_single":["https:\/\/www.shuntongvehicle.com\/wp-content\/uploads\/2026\/01\/3758-202310231407486083-600x600.webp",600,600,true],"woocommerce_gallery_thumbnail":["https:\/\/www.shuntongvehicle.com\/wp-content\/uploads\/2026\/01\/3758-202310231407486083-100x100.webp",100,100,true]},"uagb_author_info":{"display_name":"jinxing6611@gmail.com","author_link":"https:\/\/www.shuntongvehicle.com\/es\/author\/"},"uagb_comment_info":0,"uagb_excerpt":"Brand:Shuntong Product origin:China Delivery time:20-35 days Supply capacity: 200 Sets\/Month 1.The 6-axle dump semi trailer uses well-known brand parts to ensure that our trailers are of good quality, and the stronger lifting capacity and higher height make the lifting more stable\uff1b 2. The 50T dump semi trailer uses rear unloading to enhance the loader's transport&hellip;","_links":{"self":[{"href":"https:\/\/www.shuntongvehicle.com\/es\/wp-json\/wp\/v2\/product\/4928","targetHints":{"allow":["GET"]}}],"collection":[{"href":"https:\/\/www.shuntongvehicle.com\/es\/wp-json\/wp\/v2\/product"}],"about":[{"href":"https:\/\/www.shuntongvehicle.com\/es\/wp-json\/wp\/v2\/types\/product"}],"wp:featuredmedia":[{"embeddable":true,"href":"https:\/\/www.shuntongvehicle.com\/es\/wp-json\/wp\/v2\/media\/4932"}],"wp:attachment":[{"href":"https:\/\/www.shuntongvehicle.com\/es\/wp-json\/wp\/v2\/media?parent=4928"}],"wp:term":[{"taxonomy":"product_brand","embeddable":true,"href":"https:\/\/www.shuntongvehicle.com\/es\/wp-json\/wp\/v2\/product_brand?post=4928"},{"taxonomy":"product_cat","embeddable":true,"href":"https:\/\/www.shuntongvehicle.com\/es\/wp-json\/wp\/v2\/product_cat?post=4928"},{"taxonomy":"product_tag","embeddable":true,"href":"https:\/\/www.shuntongvehicle.com\/es\/wp-json\/wp\/v2\/product_tag?post=4928"}],"curies":[{"name":"wp","href":"https:\/\/api.w.org\/{rel}","templated":true}]}}