{"id":5246,"date":"2026-01-26T10:02:15","date_gmt":"2026-01-26T10:02:15","guid":{"rendered":"http:\/\/www.shuntongvehicle.com\/?post_type=product&#038;p=5246"},"modified":"2026-02-09T00:39:36","modified_gmt":"2026-02-09T00:39:36","slug":"tri-axle-sidewall-fence-cargo-semi-trailer","status":"publish","type":"product","link":"https:\/\/www.shuntongvehicle.com\/es\/product\/tri-axle-sidewall-fence-cargo-semi-trailer\/","title":{"rendered":"Semirremolque de carga con paredes laterales de tres ejes"},"content":{"rendered":"<p>1. la suspensi\u00f3n adopta la suspensi\u00f3n r\u00edgida no independiente de estampado de chapa de acero (suspensi\u00f3n neum\u00e1tica opcional) compuesta de ballesta en t\u00e1ndem y soporte de suspensi\u00f3n, estructura razonable, con fuerte rigidez y resistencia, utilizada para soportar la carga para frenar el impacto.<br \/>\n2. semirremolque accesorios est\u00e1n hechos de fabricantes de renombre en el pa\u00eds y en el extranjero, y en estricta conformidad con los requisitos del documento del sistema de calidad a la compra, inspecci\u00f3n, uso para garantizar el buen funcionamiento del veh\u00edculo.<\/p>\n<p><img alt=\"\" fetchpriority=\"high\" decoding=\"async\" class=\"alignnone size-full wp-image-5247\" src=\"http:\/\/www.shuntongvehicle.com\/wp-content\/uploads\/2026\/01\/3758-202405081658542637.jpg\" width=\"750\" height=\"422\" srcset=\"https:\/\/www.shuntongvehicle.com\/wp-content\/uploads\/2026\/01\/3758-202405081658542637.jpg 750w, https:\/\/www.shuntongvehicle.com\/wp-content\/uploads\/2026\/01\/3758-202405081658542637-300x169.jpg 300w, https:\/\/www.shuntongvehicle.com\/wp-content\/uploads\/2026\/01\/3758-202405081658542637-18x10.jpg 18w, https:\/\/www.shuntongvehicle.com\/wp-content\/uploads\/2026\/01\/3758-202405081658542637-600x338.jpg 600w\" sizes=\"(max-width: 750px) 100vw, 750px\" \/><\/p>\n<table>\n<tbody>\n<tr class=\"firstRow\">\n<td valign=\"top\" width=\"372\">Dimensi\u00f3n<\/td>\n<td valign=\"top\" width=\"372\">12500*2500*3200mm ( se puede personalizar )<\/td>\n<\/tr>\n<tr>\n<td valign=\"top\" width=\"372\">Cargando<\/td>\n<td valign=\"top\" width=\"372\">20T,30T, 40T, 45T, 50T, 60T<\/td>\n<\/tr>\n<tr>\n<td valign=\"top\" width=\"372\">Neum\u00e1tico<\/td>\n<td valign=\"top\" width=\"372\">11.00R20, 12.00R20,12R22.5, 385\/65R22.5 Triangle\/Hankook\/ Marca Bridgestone<\/td>\n<\/tr>\n<tr>\n<td valign=\"top\" width=\"372\">Material<\/td>\n<td valign=\"top\" width=\"372\">Vigas principales Q345B, brida superior:14mm, media:8mm, inferior:16mm ( se puede personalizar )<\/td>\n<\/tr>\n<tr>\n<td valign=\"top\" width=\"372\">Ejes<\/td>\n<td valign=\"top\" width=\"372\">13T\/16\/20T marca FUWA<\/td>\n<\/tr>\n<tr>\n<td valign=\"top\" width=\"372\">Alfiler de rey<\/td>\n<td valign=\"top\" width=\"372\">2 pulgadas o 3,5 pulgadas Marca JOST<\/td>\n<\/tr>\n<tr>\n<td valign=\"top\" width=\"372\">Sistema de frenos<\/td>\n<td valign=\"top\" width=\"372\">V\u00e1lvula WABCO con c\u00e1mara grande<\/td>\n<\/tr>\n<tr>\n<td valign=\"top\" width=\"372\">Trenes de aterrizaje<\/td>\n<td valign=\"top\" width=\"372\">Marca JOST de dos velocidades, de accionamiento manual para trabajos pesados de 28 toneladas<\/td>\n<\/tr>\n<tr>\n<td valign=\"top\" width=\"372\">Sistema de suspensi\u00f3n<\/td>\n<td valign=\"top\" width=\"372\">Suspensi\u00f3n de bogie, suspensi\u00f3n de muelle, suspensi\u00f3n neum\u00e1tica<\/td>\n<\/tr>\n<tr>\n<td colspan=\"1\" rowspan=\"1\" valign=\"top\">Suelo<\/td>\n<td colspan=\"1\" rowspan=\"1\" valign=\"top\">3mm,4mm,6mm placa de acero diamantada<\/td>\n<\/tr>\n<tr>\n<td colspan=\"1\" rowspan=\"1\" valign=\"top\">Altura de la pared lateral<\/td>\n<td colspan=\"1\" rowspan=\"1\" valign=\"top\">300mm 600mm 800mm 1200mm 2000mm seg\u00fan necesidades<\/td>\n<\/tr>\n<tr>\n<td colspan=\"1\" rowspan=\"1\" valign=\"top\">Otras piezas<\/td>\n<td colspan=\"1\" rowspan=\"1\" valign=\"top\">1 caja de herramientas, 1 soporte para rueda de repuesto<\/td>\n<\/tr>\n<\/tbody>\n<\/table>\n<p><img alt=\"\" decoding=\"async\" class=\"alignnone size-full wp-image-5248\" src=\"http:\/\/www.shuntongvehicle.com\/wp-content\/uploads\/2026\/01\/3758-202312011124337793.jpg\" width=\"750\" height=\"750\" srcset=\"https:\/\/www.shuntongvehicle.com\/wp-content\/uploads\/2026\/01\/3758-202312011124337793.jpg 750w, https:\/\/www.shuntongvehicle.com\/wp-content\/uploads\/2026\/01\/3758-202312011124337793-300x300.jpg 300w, https:\/\/www.shuntongvehicle.com\/wp-content\/uploads\/2026\/01\/3758-202312011124337793-150x150.jpg 150w, https:\/\/www.shuntongvehicle.com\/wp-content\/uploads\/2026\/01\/3758-202312011124337793-12x12.jpg 12w, https:\/\/www.shuntongvehicle.com\/wp-content\/uploads\/2026\/01\/3758-202312011124337793-600x600.jpg 600w, https:\/\/www.shuntongvehicle.com\/wp-content\/uploads\/2026\/01\/3758-202312011124337793-100x100.jpg 100w\" sizes=\"(max-width: 750px) 100vw, 750px\" \/><\/p>\n<p>12 juegos de candados de contenedor para transportar 1 unidad de contenedor de 40 pies, 45 pies y 2 unidades de contenedor de 20 pies.<br \/>\nLa cuerda y los ganchos ayudan a sujetar la carga, adecuada para el transporte de varias cargas.<br \/>\n<strong>Soldadura autom\u00e1tica :<\/strong><br \/>\nveh\u00edculo de apoyo m\u00e1s tiempo trabajando sin reparar.<br \/>\n<strong>Ejes de calidad Suspensiones y sistema de frenos\uff1a<\/strong><br \/>\nBPW, FUWA en todo el mundo mejores ejes de trabajo con v\u00e1lvula de freno WABCO, m\u00e1s eficaz de freno para la seguridad y ahorrar costes de neum\u00e1ticos.<\/p>","protected":false},"excerpt":{"rendered":"<p><span style=\"color: #1d2b68;\"><strong>Marca:<\/strong>Shuntong<\/span><br \/>\n<strong><span style=\"color: #1d2b68;\">Origen del producto:<\/span><\/strong>China<br \/>\n<strong><span style=\"color: #1d2b68;\">Plazo de entrega:<\/span><\/strong><span style=\"color: #1d2b68;\">20-35 d\u00edas<\/span><br \/>\n<span style=\"color: #1d2b68;\"><strong>Capacidad de suministro:<\/strong> 50 Sets\/Mes<\/span><br \/>\n1. La carrocer\u00eda del veh\u00edculo est\u00e1 fabricada con acero de alta calidad, tecnolog\u00eda avanzada y un estricto proceso de producci\u00f3n. La estructura del veh\u00edculo es razonable, el rendimiento es fiable, el funcionamiento es sencillo y el aspecto es hermoso.<br \/>\n2. El bastidor del semirremolque es una estructura de viga pasante, y la viga longitudinal es plana o de cuello de cisne. La altura del alma es de 400 mm a 550 mm de soldadura de chapa de manganeso, la viga longitudinal se suelda mediante soldadura autom\u00e1tica por arco sumergido, el bastidor se granalla, y la viga se inserta en la viga longitudinal y se suelda en conjunto.<\/p>","protected":false},"featured_media":5249,"template":"","meta":{"_seopress_robots_primary_cat":"none","_seopress_titles_title":"%%post_title%%","_seopress_titles_desc":"%%post_excerpt%%","_seopress_robots_index":"","_uag_custom_page_level_css":"","site-sidebar-layout":"default","site-content-layout":"","ast-site-content-layout":"default","site-content-style":"default","site-sidebar-style":"default","ast-global-header-display":"","ast-banner-title-visibility":"","ast-main-header-display":"","ast-hfb-above-header-display":"","ast-hfb-below-header-display":"","ast-hfb-mobile-header-display":"","site-post-title":"","ast-breadcrumbs-content":"","ast-featured-img":"","footer-sml-layout":"","theme-transparent-header-meta":"default","adv-header-id-meta":"","stick-header-meta":"default","header-above-stick-meta":"","header-main-stick-meta":"","header-below-stick-meta":"","astra-migrate-meta-layouts":"set","ast-page-background-enabled":"default","ast-page-background-meta":{"desktop":{"background-color":"","background-image":"","background-repeat":"repeat","background-position":"center center","background-size":"auto","background-attachment":"scroll","background-type":"","background-media":"","overlay-type":"","overlay-color":"","overlay-opacity":"","overlay-gradient":""},"tablet":{"background-color":"","background-image":"","background-repeat":"repeat","background-position":"center center","background-size":"auto","background-attachment":"scroll","background-type":"","background-media":"","overlay-type":"","overlay-color":"","overlay-opacity":"","overlay-gradient":""},"mobile":{"background-color":"","background-image":"","background-repeat":"repeat","background-position":"center center","background-size":"auto","background-attachment":"scroll","background-type":"","background-media":"","overlay-type":"","overlay-color":"","overlay-opacity":"","overlay-gradient":""}},"ast-content-background-meta":{"desktop":{"background-color":"var(--ast-global-color-5)","background-image":"","background-repeat":"repeat","background-position":"center center","background-size":"auto","background-attachment":"scroll","background-type":"","background-media":"","overlay-type":"","overlay-color":"","overlay-opacity":"","overlay-gradient":""},"tablet":{"background-color":"var(--ast-global-color-5)","background-image":"","background-repeat":"repeat","background-position":"center center","background-size":"auto","background-attachment":"scroll","background-type":"","background-media":"","overlay-type":"","overlay-color":"","overlay-opacity":"","overlay-gradient":""},"mobile":{"background-color":"var(--ast-global-color-5)","background-image":"","background-repeat":"repeat","background-position":"center center","background-size":"auto","background-attachment":"scroll","background-type":"","background-media":"","overlay-type":"","overlay-color":"","overlay-opacity":"","overlay-gradient":""}}},"product_brand":[],"product_cat":[82],"product_tag":[],"class_list":{"0":"post-5246","1":"product","2":"type-product","3":"status-publish","4":"has-post-thumbnail","6":"product_cat-fence-cargo-semi-trailer","7":"desktop-align-left","8":"tablet-align-left","9":"mobile-align-left","10":"ast-product-gallery-layout-horizontal-slider","11":"ast-product-tabs-layout-horizontal","13":"first","14":"instock","15":"featured","16":"shipping-taxable","17":"product-type-simple"},"uagb_featured_image_src":{"full":["https:\/\/www.shuntongvehicle.com\/wp-content\/uploads\/2026\/01\/3758-202405081659299251.webp",750,750,false],"thumbnail":["https:\/\/www.shuntongvehicle.com\/wp-content\/uploads\/2026\/01\/3758-202405081659299251-150x150.webp",150,150,true],"medium":["https:\/\/www.shuntongvehicle.com\/wp-content\/uploads\/2026\/01\/3758-202405081659299251-300x300.webp",300,300,true],"medium_large":["https:\/\/www.shuntongvehicle.com\/wp-content\/uploads\/2026\/01\/3758-202405081659299251.webp",750,750,false],"large":["https:\/\/www.shuntongvehicle.com\/wp-content\/uploads\/2026\/01\/3758-202405081659299251.webp",750,750,false],"1536x1536":["https:\/\/www.shuntongvehicle.com\/wp-content\/uploads\/2026\/01\/3758-202405081659299251.webp",750,750,false],"2048x2048":["https:\/\/www.shuntongvehicle.com\/wp-content\/uploads\/2026\/01\/3758-202405081659299251.webp",750,750,false],"trp-custom-language-flag":["https:\/\/www.shuntongvehicle.com\/wp-content\/uploads\/2026\/01\/3758-202405081659299251-12x12.webp",12,12,true],"woocommerce_thumbnail":["https:\/\/www.shuntongvehicle.com\/wp-content\/uploads\/2026\/01\/3758-202405081659299251-600x600.webp",600,600,true],"woocommerce_single":["https:\/\/www.shuntongvehicle.com\/wp-content\/uploads\/2026\/01\/3758-202405081659299251-600x600.webp",600,600,true],"woocommerce_gallery_thumbnail":["https:\/\/www.shuntongvehicle.com\/wp-content\/uploads\/2026\/01\/3758-202405081659299251-100x100.webp",100,100,true]},"uagb_author_info":{"display_name":"jinxing6611@gmail.com","author_link":"https:\/\/www.shuntongvehicle.com\/es\/author\/"},"uagb_comment_info":0,"uagb_excerpt":"Brand:Shuntong Product origin:China Delivery time:20-35 days Supply capacity: 50 Sets\/Month 1. The vehicle body is made of high quality steel, advanced technology and strict production process. The vehicle structure is reasonable, the performance is reliable, the operation is simple and the appearance is beautiful. 2. The frame of the semi-trailer is a through-beam structure, and&hellip;","_links":{"self":[{"href":"https:\/\/www.shuntongvehicle.com\/es\/wp-json\/wp\/v2\/product\/5246","targetHints":{"allow":["GET"]}}],"collection":[{"href":"https:\/\/www.shuntongvehicle.com\/es\/wp-json\/wp\/v2\/product"}],"about":[{"href":"https:\/\/www.shuntongvehicle.com\/es\/wp-json\/wp\/v2\/types\/product"}],"wp:featuredmedia":[{"embeddable":true,"href":"https:\/\/www.shuntongvehicle.com\/es\/wp-json\/wp\/v2\/media\/5249"}],"wp:attachment":[{"href":"https:\/\/www.shuntongvehicle.com\/es\/wp-json\/wp\/v2\/media?parent=5246"}],"wp:term":[{"taxonomy":"product_brand","embeddable":true,"href":"https:\/\/www.shuntongvehicle.com\/es\/wp-json\/wp\/v2\/product_brand?post=5246"},{"taxonomy":"product_cat","embeddable":true,"href":"https:\/\/www.shuntongvehicle.com\/es\/wp-json\/wp\/v2\/product_cat?post=5246"},{"taxonomy":"product_tag","embeddable":true,"href":"https:\/\/www.shuntongvehicle.com\/es\/wp-json\/wp\/v2\/product_tag?post=5246"}],"curies":[{"name":"wp","href":"https:\/\/api.w.org\/{rel}","templated":true}]}}