{"id":5297,"date":"2026-01-27T02:13:00","date_gmt":"2026-01-27T02:13:00","guid":{"rendered":"http:\/\/www.shuntongvehicle.com\/?post_type=product&#038;p=5297"},"modified":"2026-02-06T01:51:47","modified_gmt":"2026-02-06T01:51:47","slug":"3-axle-transport-semi-box-truck-trailer","status":"publish","type":"product","link":"https:\/\/www.shuntongvehicle.com\/es\/product\/3-axle-transport-semi-box-truck-trailer\/","title":{"rendered":"Cami\u00f3n semirremolque de transporte de 3 ejes"},"content":{"rendered":"<h3>Semirremolque tipo caja con alas desplegadas<\/h3>\n<p>1. Los principales componentes del remolque se procesan con equipos avanzados, y las vigas longitudinales se sueldan con una m\u00e1quina de soldadura por arco sumergido de seguimiento totalmente autom\u00e1tico importada de Estados Unidos.<\/p>\n<p>2. El bastidor del remolque adopta la estructura de bastidor espacial soldada por chapa de acero para veh\u00edculos 16Mn y chapa de acero de alta resistencia, viga longitudinal soldada y viga penetrante integral.<\/p>\n<p>3. Ejes de marca de alta calidad, sistema de frenado antibloqueo ABS opcional, mejoran la seguridad de conducci\u00f3n del remolque.<\/p>\n<p>4. Malet\u00edn de herramientas desmontable, impermeable y de gran tama\u00f1o.<\/p>\n<p>5. Se adopta el freno de corte de aire de doble circuito seguro y fiable, la v\u00e1lvula de liberaci\u00f3n r\u00e1pida se instala en el sistema, y la sub-bomba se utiliza para volver r\u00e1pidamente a la posici\u00f3n al frenar.<\/p>\n<p><img alt=\"\" fetchpriority=\"high\" decoding=\"async\" class=\"alignnone size-full wp-image-5303\" src=\"http:\/\/www.shuntongvehicle.com\/wp-content\/uploads\/2026\/01\/3758-202310231359262978.jpg\" width=\"750\" height=\"750\" srcset=\"https:\/\/www.shuntongvehicle.com\/wp-content\/uploads\/2026\/01\/3758-202310231359262978.jpg 750w, https:\/\/www.shuntongvehicle.com\/wp-content\/uploads\/2026\/01\/3758-202310231359262978-300x300.jpg 300w, https:\/\/www.shuntongvehicle.com\/wp-content\/uploads\/2026\/01\/3758-202310231359262978-150x150.jpg 150w, https:\/\/www.shuntongvehicle.com\/wp-content\/uploads\/2026\/01\/3758-202310231359262978-12x12.jpg 12w, https:\/\/www.shuntongvehicle.com\/wp-content\/uploads\/2026\/01\/3758-202310231359262978-600x600.jpg 600w, https:\/\/www.shuntongvehicle.com\/wp-content\/uploads\/2026\/01\/3758-202310231359262978-100x100.jpg 100w\" sizes=\"(max-width: 750px) 100vw, 750px\" \/><\/p>\n<h4>Especificaci\u00f3n<\/h4>\n<table width=\"800\" data-sort=\"sortDisabled\">\n<tbody>\n<tr class=\"firstRow\">\n<td colspan=\"2\" rowspan=\"1\" valign=\"top\"><strong>Peso<\/strong><\/td>\n<\/tr>\n<tr>\n<td valign=\"top\" width=\"474\">Peso de tara<\/td>\n<td valign=\"top\" width=\"325\">8000kg-14000kg<\/td>\n<\/tr>\n<tr>\n<td valign=\"top\" width=\"474\">Capacidad de carga<\/td>\n<td valign=\"top\" width=\"325\">30T-70T<\/td>\n<\/tr>\n<tr>\n<td valign=\"top\" width=\"474\">Peso del eje Carga<\/td>\n<td valign=\"top\" width=\"325\">13T o 16T<\/td>\n<\/tr>\n<\/tbody>\n<\/table>\n<table width=\"800\" data-sort=\"sortDisabled\">\n<tbody>\n<tr>\n<td colspan=\"2\" rowspan=\"1\" valign=\"top\"><strong>Especificaci\u00f3n<\/strong><\/td>\n<\/tr>\n<tr>\n<td valign=\"top\" width=\"325\">N\u00famero de eje<\/td>\n<td valign=\"top\" width=\"474\">2-\u00a04<\/td>\n<\/tr>\n<tr>\n<td valign=\"top\" width=\"325\">Marca del eje<\/td>\n<td valign=\"top\" width=\"474\">Fuwa\/BPW\/Opcional a elecci\u00f3n<\/td>\n<\/tr>\n<tr>\n<td valign=\"top\" width=\"325\">Suspensi\u00f3n<\/td>\n<td valign=\"top\" width=\"474\">Mec\u00e1nica com\u00fan<\/td>\n<\/tr>\n<tr>\n<td valign=\"top\" width=\"325\">Alfiler de rey<\/td>\n<td valign=\"top\" width=\"474\">Pasador de tracci\u00f3n de 2\u2033 o 3,5\u2033.<\/td>\n<\/tr>\n<tr>\n<td colspan=\"1\" rowspan=\"1\" valign=\"top\" width=\"325\">Dimensiones (LxAxA)<\/td>\n<td colspan=\"1\" rowspan=\"1\" valign=\"top\" width=\"474\">12400~18000\u00d72500~3200\u00d7(1500+1800)mm<\/td>\n<\/tr>\n<tr>\n<td colspan=\"1\" rowspan=\"1\" valign=\"top\" width=\"325\">Grosor de la caja<\/td>\n<td colspan=\"1\" rowspan=\"1\" valign=\"top\" width=\"474\">2 mm<\/td>\n<\/tr>\n<tr>\n<td colspan=\"1\" rowspan=\"1\" valign=\"top\" width=\"325\">Patas de apoyo<\/td>\n<td colspan=\"1\" rowspan=\"1\" valign=\"top\" width=\"474\">28T<\/td>\n<\/tr>\n<tr>\n<td colspan=\"1\" rowspan=\"1\" valign=\"top\" width=\"325\">Llanta<\/td>\n<td colspan=\"1\" rowspan=\"1\" valign=\"top\" width=\"474\">Llanta de acero 8.5-20,9.0-20,8.28-22.5,9.0-22.5 \/ opcional a elegir<\/td>\n<\/tr>\n<tr>\n<td colspan=\"1\" rowspan=\"1\" valign=\"top\" width=\"325\">Distancia entre ejes<\/td>\n<td colspan=\"1\" rowspan=\"1\" valign=\"top\" width=\"474\">7180\/6680\/6260+1310+1310mm<\/td>\n<\/tr>\n<tr>\n<td colspan=\"1\" rowspan=\"1\" valign=\"top\" width=\"325\">Muelle de acero<\/td>\n<td colspan=\"1\" rowspan=\"1\" valign=\"top\" width=\"474\">10-13 piezas por eje<\/td>\n<\/tr>\n<tr>\n<td colspan=\"1\" rowspan=\"1\" valign=\"top\" width=\"325\">Tren de aterrizaje<\/td>\n<td colspan=\"1\" rowspan=\"1\" valign=\"top\" width=\"474\">Accionamiento manual, tren de aterrizaje de alta resistencia (marca opcional a elecci\u00f3n)<\/td>\n<\/tr>\n<tr>\n<td colspan=\"1\" rowspan=\"1\" valign=\"top\" width=\"325\">Suelo<\/td>\n<td colspan=\"1\" rowspan=\"1\" valign=\"top\" width=\"474\">3-5 Chapa de acero diamantada<\/td>\n<\/tr>\n<tr>\n<td colspan=\"1\" rowspan=\"1\" valign=\"top\" width=\"325\">Accesorios<\/td>\n<td colspan=\"1\" rowspan=\"1\" valign=\"top\" width=\"474\">1 caja de herramientas est\u00e1ndar<\/td>\n<\/tr>\n<tr>\n<td colspan=\"1\" rowspan=\"1\" valign=\"top\" width=\"325\">Luz<\/td>\n<td colspan=\"1\" rowspan=\"1\" valign=\"top\" width=\"474\">Luz trasera con intermitente, luz de freno y reflector, luz lateral, etc.<\/td>\n<\/tr>\n<tr>\n<td colspan=\"1\" rowspan=\"1\" valign=\"top\" width=\"325\">Pintura<\/td>\n<td colspan=\"1\" rowspan=\"1\" valign=\"top\" width=\"474\">1 capa de imprimaci\u00f3n anticorrosiva, dos capas de pintura final<\/td>\n<\/tr>\n<\/tbody>\n<\/table>\n<table width=\"800\" data-sort=\"sortDisabled\">\n<tbody>\n<tr>\n<td colspan=\"2\" rowspan=\"1\" valign=\"top\"><strong>Neum\u00e1tico<\/strong><\/td>\n<\/tr>\n<tr>\n<td colspan=\"1\" rowspan=\"1\" valign=\"top\" width=\"474\">Especificaciones de neum\u00e1ticos<\/td>\n<td colspan=\"1\" rowspan=\"1\" valign=\"top\" width=\"325\">12R22.5 Neum\u00e1tico de vac\u00edo\/11.00R20 Neum\u00e1tico de alambre de acero<\/td>\n<\/tr>\n<tr>\n<td colspan=\"1\" rowspan=\"1\" valign=\"top\" width=\"474\">N\u00famero de neum\u00e1ticos<\/td>\n<td colspan=\"1\" rowspan=\"1\" valign=\"top\" width=\"325\">8 o 12 o 16 piezas<\/td>\n<\/tr>\n<tr>\n<td colspan=\"1\" rowspan=\"1\" valign=\"top\" width=\"474\">Soportes para ruedas de repuesto<\/td>\n<td colspan=\"1\" rowspan=\"1\" valign=\"top\" width=\"325\">2 piezas<\/td>\n<\/tr>\n<\/tbody>\n<\/table>\n<table width=\"800\" data-sort=\"sortDisabled\">\n<tbody>\n<tr>\n<td colspan=\"2\" rowspan=\"1\" valign=\"top\"><strong>Marco<\/strong><\/td>\n<\/tr>\n<tr>\n<td colspan=\"1\" rowspan=\"1\" valign=\"top\" width=\"325\">Haz principal<\/td>\n<td colspan=\"1\" rowspan=\"1\" valign=\"top\" width=\"474\">La altura de la viga es de 500-550 mm;<\/p>\n<p>Placa superior:14-18mm;Placa inferior es de 16-20mm;<\/p>\n<p>La placa central es de 8-12 mm.<\/td>\n<\/tr>\n<\/tbody>\n<\/table>\n<table width=\"800\" data-sort=\"sortDisabled\">\n<tbody>\n<tr>\n<td colspan=\"2\" rowspan=\"1\" valign=\"top\"><strong>Freno<\/strong><\/td>\n<\/tr>\n<tr>\n<td colspan=\"1\" rowspan=\"1\" valign=\"top\" width=\"474\">Marca de frenos<\/td>\n<td colspan=\"1\" rowspan=\"1\" valign=\"top\" width=\"undefined\">Opcional a elecci\u00f3n<\/td>\n<\/tr>\n<tr>\n<td colspan=\"1\" rowspan=\"1\" valign=\"top\" width=\"undefined\">C\u00e1mara de frenado<\/td>\n<td colspan=\"1\" rowspan=\"1\" valign=\"top\" width=\"undefined\">Seis c\u00e1maras grandes ( Marca Opcional a elecci\u00f3n )<\/td>\n<\/tr>\n<tr>\n<td colspan=\"1\" rowspan=\"1\" valign=\"top\" width=\"undefined\">Sistema de frenos<\/td>\n<td colspan=\"1\" rowspan=\"1\" valign=\"top\" width=\"undefined\">Sistema de frenos de doble l\u00ednea (ABS opcional a elecci\u00f3n)<\/td>\n<\/tr>\n<\/tbody>\n<\/table>\n<p><img alt=\"\" decoding=\"async\" class=\"alignnone size-full wp-image-5304\" src=\"http:\/\/www.shuntongvehicle.com\/wp-content\/uploads\/2026\/01\/3758-202311151449013554.jpg\" width=\"750\" height=\"750\" srcset=\"https:\/\/www.shuntongvehicle.com\/wp-content\/uploads\/2026\/01\/3758-202311151449013554.jpg 750w, https:\/\/www.shuntongvehicle.com\/wp-content\/uploads\/2026\/01\/3758-202311151449013554-300x300.jpg 300w, https:\/\/www.shuntongvehicle.com\/wp-content\/uploads\/2026\/01\/3758-202311151449013554-150x150.jpg 150w, https:\/\/www.shuntongvehicle.com\/wp-content\/uploads\/2026\/01\/3758-202311151449013554-12x12.jpg 12w, https:\/\/www.shuntongvehicle.com\/wp-content\/uploads\/2026\/01\/3758-202311151449013554-600x600.jpg 600w, https:\/\/www.shuntongvehicle.com\/wp-content\/uploads\/2026\/01\/3758-202311151449013554-100x100.jpg 100w\" sizes=\"(max-width: 750px) 100vw, 750px\" \/><\/p>","protected":false},"excerpt":{"rendered":"<p><span style=\"color: #1d2b68;\"><strong>Marca:<\/strong>Shuntong<\/span><br \/>\n<strong><span style=\"color: #1d2b68;\">Origen del producto:<\/span><\/strong>China<br \/>\n<strong><span style=\"color: #1d2b68;\">Plazo de entrega:<\/span><\/strong><span style=\"color: #1d2b68;\">20-35 d\u00edas<\/span><br \/>\n<span style=\"color: #1d2b68;\"><strong>Capacidad de suministro:<\/strong> 200 Sets\/Month<\/span><br \/>\nSemirremolque de transporte de 3 ejes<br \/>\nEl semirremolque de transporte de mercanc\u00edas es un tipo de remolque dise\u00f1ado para transportar mercanc\u00edas y materiales a largas distancias utilizando una cabeza tractora o un cami\u00f3n como fuente de energ\u00eda.<\/p>","protected":false},"featured_media":5298,"template":"","meta":{"_seopress_robots_primary_cat":"none","_seopress_titles_title":"%%post_title%%","_seopress_titles_desc":"%%post_excerpt%%","_seopress_robots_index":"","_uag_custom_page_level_css":"","site-sidebar-layout":"default","site-content-layout":"","ast-site-content-layout":"default","site-content-style":"default","site-sidebar-style":"default","ast-global-header-display":"","ast-banner-title-visibility":"","ast-main-header-display":"","ast-hfb-above-header-display":"","ast-hfb-below-header-display":"","ast-hfb-mobile-header-display":"","site-post-title":"","ast-breadcrumbs-content":"","ast-featured-img":"","footer-sml-layout":"","theme-transparent-header-meta":"default","adv-header-id-meta":"","stick-header-meta":"default","header-above-stick-meta":"","header-main-stick-meta":"","header-below-stick-meta":"","astra-migrate-meta-layouts":"set","ast-page-background-enabled":"default","ast-page-background-meta":{"desktop":{"background-color":"","background-image":"","background-repeat":"repeat","background-position":"center center","background-size":"auto","background-attachment":"scroll","background-type":"","background-media":"","overlay-type":"","overlay-color":"","overlay-opacity":"","overlay-gradient":""},"tablet":{"background-color":"","background-image":"","background-repeat":"repeat","background-position":"center center","background-size":"auto","background-attachment":"scroll","background-type":"","background-media":"","overlay-type":"","overlay-color":"","overlay-opacity":"","overlay-gradient":""},"mobile":{"background-color":"","background-image":"","background-repeat":"repeat","background-position":"center center","background-size":"auto","background-attachment":"scroll","background-type":"","background-media":"","overlay-type":"","overlay-color":"","overlay-opacity":"","overlay-gradient":""}},"ast-content-background-meta":{"desktop":{"background-color":"var(--ast-global-color-5)","background-image":"","background-repeat":"repeat","background-position":"center center","background-size":"auto","background-attachment":"scroll","background-type":"","background-media":"","overlay-type":"","overlay-color":"","overlay-opacity":"","overlay-gradient":""},"tablet":{"background-color":"var(--ast-global-color-5)","background-image":"","background-repeat":"repeat","background-position":"center center","background-size":"auto","background-attachment":"scroll","background-type":"","background-media":"","overlay-type":"","overlay-color":"","overlay-opacity":"","overlay-gradient":""},"mobile":{"background-color":"var(--ast-global-color-5)","background-image":"","background-repeat":"repeat","background-position":"center center","background-size":"auto","background-attachment":"scroll","background-type":"","background-media":"","overlay-type":"","overlay-color":"","overlay-opacity":"","overlay-gradient":""}}},"product_brand":[],"product_cat":[118],"product_tag":[],"class_list":{"0":"post-5297","1":"product","2":"type-product","3":"status-publish","4":"has-post-thumbnail","6":"product_cat-box-semi-trailer","7":"desktop-align-left","8":"tablet-align-left","9":"mobile-align-left","10":"ast-product-gallery-layout-horizontal-slider","11":"ast-product-tabs-layout-horizontal","13":"first","14":"instock","15":"featured","16":"shipping-taxable","17":"product-type-simple"},"uagb_featured_image_src":{"full":["https:\/\/www.shuntongvehicle.com\/wp-content\/uploads\/2026\/01\/3758-202310231358525642.webp",750,750,false],"thumbnail":["https:\/\/www.shuntongvehicle.com\/wp-content\/uploads\/2026\/01\/3758-202310231358525642-150x150.webp",150,150,true],"medium":["https:\/\/www.shuntongvehicle.com\/wp-content\/uploads\/2026\/01\/3758-202310231358525642-300x300.webp",300,300,true],"medium_large":["https:\/\/www.shuntongvehicle.com\/wp-content\/uploads\/2026\/01\/3758-202310231358525642.webp",750,750,false],"large":["https:\/\/www.shuntongvehicle.com\/wp-content\/uploads\/2026\/01\/3758-202310231358525642.webp",750,750,false],"1536x1536":["https:\/\/www.shuntongvehicle.com\/wp-content\/uploads\/2026\/01\/3758-202310231358525642.webp",750,750,false],"2048x2048":["https:\/\/www.shuntongvehicle.com\/wp-content\/uploads\/2026\/01\/3758-202310231358525642.webp",750,750,false],"trp-custom-language-flag":["https:\/\/www.shuntongvehicle.com\/wp-content\/uploads\/2026\/01\/3758-202310231358525642-12x12.webp",12,12,true],"woocommerce_thumbnail":["https:\/\/www.shuntongvehicle.com\/wp-content\/uploads\/2026\/01\/3758-202310231358525642-600x600.webp",600,600,true],"woocommerce_single":["https:\/\/www.shuntongvehicle.com\/wp-content\/uploads\/2026\/01\/3758-202310231358525642-600x600.webp",600,600,true],"woocommerce_gallery_thumbnail":["https:\/\/www.shuntongvehicle.com\/wp-content\/uploads\/2026\/01\/3758-202310231358525642-100x100.webp",100,100,true]},"uagb_author_info":{"display_name":"jinxing6611@gmail.com","author_link":"https:\/\/www.shuntongvehicle.com\/es\/author\/"},"uagb_comment_info":0,"uagb_excerpt":"Brand:Shuntong Product origin:China Delivery time:20-35 days Supply capacity: 200 Sets\/Month 3 Axle Transport Semi Trailer Cargo transport semi-trailer is a type of trailer designed to haul goods and materials over long distances using a tractor or truck as the power source.","_links":{"self":[{"href":"https:\/\/www.shuntongvehicle.com\/es\/wp-json\/wp\/v2\/product\/5297","targetHints":{"allow":["GET"]}}],"collection":[{"href":"https:\/\/www.shuntongvehicle.com\/es\/wp-json\/wp\/v2\/product"}],"about":[{"href":"https:\/\/www.shuntongvehicle.com\/es\/wp-json\/wp\/v2\/types\/product"}],"wp:featuredmedia":[{"embeddable":true,"href":"https:\/\/www.shuntongvehicle.com\/es\/wp-json\/wp\/v2\/media\/5298"}],"wp:attachment":[{"href":"https:\/\/www.shuntongvehicle.com\/es\/wp-json\/wp\/v2\/media?parent=5297"}],"wp:term":[{"taxonomy":"product_brand","embeddable":true,"href":"https:\/\/www.shuntongvehicle.com\/es\/wp-json\/wp\/v2\/product_brand?post=5297"},{"taxonomy":"product_cat","embeddable":true,"href":"https:\/\/www.shuntongvehicle.com\/es\/wp-json\/wp\/v2\/product_cat?post=5297"},{"taxonomy":"product_tag","embeddable":true,"href":"https:\/\/www.shuntongvehicle.com\/es\/wp-json\/wp\/v2\/product_tag?post=5297"}],"curies":[{"name":"wp","href":"https:\/\/api.w.org\/{rel}","templated":true}]}}