{"id":5348,"date":"2026-01-27T03:15:14","date_gmt":"2026-01-27T03:15:14","guid":{"rendered":"http:\/\/www.shuntongvehicle.com\/?post_type=product&#038;p=5348"},"modified":"2026-02-09T01:05:48","modified_gmt":"2026-02-09T01:05:48","slug":"45000-liter-aluminum-alloy-5-compartment-fuel-tank-trailer","status":"publish","type":"product","link":"https:\/\/www.shuntongvehicle.com\/es\/product\/45000-liter-aluminum-alloy-5-compartment-fuel-tank-trailer\/","title":{"rendered":"45000 litros de aleaci\u00f3n de aluminio de 5 compartimentos del tanque de combustible remolque"},"content":{"rendered":"<p>El remolque cisterna de combustible de aleaci\u00f3n de aluminio de 45000 litros se utiliza generalmente para transportar gasolina, queroseno, diesel, aceite vegetal, aceite comestible, aceite pesado, alquitr\u00e1n de hulla y productos no derivados del petr\u00f3leo como alcohol, aldeh\u00eddo, benceno, \u00e9ter y otras sustancias l\u00edquidas.<\/p>\n<p>El remolque cisterna de combustible tiene una capacidad de 30000-60000 litros, que se utiliza generalmente para el transporte de larga distancia, el transporte de sustancias l\u00edquidas en todo el mundo para realizar la distribuci\u00f3n razonable y el uso de los recursos.<\/p>\n<p><img alt=\"\" fetchpriority=\"high\" decoding=\"async\" class=\"alignnone size-full wp-image-5356\" src=\"http:\/\/www.shuntongvehicle.com\/wp-content\/uploads\/2026\/01\/3758-202405091535530756.jpg\" width=\"750\" height=\"421\" srcset=\"https:\/\/www.shuntongvehicle.com\/wp-content\/uploads\/2026\/01\/3758-202405091535530756.jpg 750w, https:\/\/www.shuntongvehicle.com\/wp-content\/uploads\/2026\/01\/3758-202405091535530756-300x168.jpg 300w, https:\/\/www.shuntongvehicle.com\/wp-content\/uploads\/2026\/01\/3758-202405091535530756-18x10.jpg 18w, https:\/\/www.shuntongvehicle.com\/wp-content\/uploads\/2026\/01\/3758-202405091535530756-600x337.jpg 600w\" sizes=\"(max-width: 750px) 100vw, 750px\" \/><\/p>\n<table width=\"800\">\n<tbody>\n<tr class=\"firstRow\">\n<td valign=\"top\" width=\"284\">Capacidad<\/td>\n<td valign=\"top\" width=\"515\">45000 litros<\/td>\n<\/tr>\n<tr>\n<td valign=\"top\" width=\"284\">Talla<\/td>\n<td valign=\"top\" width=\"515\">11700*2500*3800 mm<\/td>\n<\/tr>\n<tr>\n<td valign=\"top\" width=\"284\">Compartimento<\/td>\n<td valign=\"top\" width=\"515\">2-10<\/td>\n<\/tr>\n<tr>\n<td valign=\"top\" width=\"284\">Cuerpo del dep\u00f3sito<\/td>\n<td valign=\"top\" width=\"515\">5 mm de grosor<\/td>\n<\/tr>\n<tr>\n<td valign=\"top\" width=\"284\">Tapa de alcantarilla<\/td>\n<td valign=\"top\" width=\"515\">2 piezas, aleaci\u00f3n de aluminio<\/td>\n<\/tr>\n<tr>\n<td valign=\"top\" width=\"284\">Eje<\/td>\n<td valign=\"top\" width=\"515\">3 ejes, eje FUWA 13T<\/td>\n<\/tr>\n<tr>\n<td valign=\"top\" width=\"284\">Suspensi\u00f3n<\/td>\n<td valign=\"top\" width=\"515\">suspensi\u00f3n mec\u00e1nica o neum\u00e1tica<\/td>\n<\/tr>\n<tr>\n<td valign=\"top\" width=\"284\">Neum\u00e1tico<\/td>\n<td valign=\"top\" width=\"515\">12R22.5, 12 piezas<\/td>\n<\/tr>\n<tr>\n<td valign=\"top\" width=\"284\">Tren de aterrizaje<\/td>\n<td valign=\"top\" width=\"515\">28T<\/td>\n<\/tr>\n<tr>\n<td valign=\"top\" width=\"284\">Alfiler de rey<\/td>\n<td valign=\"top\" width=\"515\">2,0\" o 3,5\"<\/td>\n<\/tr>\n<\/tbody>\n<\/table>\n<p><img alt=\"\" decoding=\"async\" class=\"alignnone size-full wp-image-5357\" src=\"http:\/\/www.shuntongvehicle.com\/wp-content\/uploads\/2026\/01\/3758-202311241141284902.jpg\" width=\"750\" height=\"400\" srcset=\"https:\/\/www.shuntongvehicle.com\/wp-content\/uploads\/2026\/01\/3758-202311241141284902.jpg 750w, https:\/\/www.shuntongvehicle.com\/wp-content\/uploads\/2026\/01\/3758-202311241141284902-300x160.jpg 300w, https:\/\/www.shuntongvehicle.com\/wp-content\/uploads\/2026\/01\/3758-202311241141284902-18x10.jpg 18w, https:\/\/www.shuntongvehicle.com\/wp-content\/uploads\/2026\/01\/3758-202311241141284902-600x320.jpg 600w\" sizes=\"(max-width: 750px) 100vw, 750px\" \/><\/p>\n<h4>Caracter\u00edsticas<\/h4>\n<p>\u25aaUtilizando tecnolog\u00eda de soldadura avanzada, las soldaduras son m\u00e1s lisas y el cuerpo del dep\u00f3sito m\u00e1s resistente.<\/p>\n<p>El remolque cisterna de aleaci\u00f3n de aluminio est\u00e1 equipado con una tapa de registro a prueba de explosiones seg\u00fan la norma europea. Incluso el remolque vuelque, la tapa de la alcantarilla no se abrir\u00e1, que garantizan la seguridad del transporte.<\/p>\n<p>El remolque cisterna de combustible de aleaci\u00f3n de aluminio adopta neum\u00e1ticos de marca de alta calidad, que son antideslizantes y resistentes al desgaste. Y puede ser utilizado por m\u00e1s de 10 a\u00f1os.<\/p>\n<p>En comparaci\u00f3n con el remolque cisterna de acero al carbono normal, el remolque cisterna de aleaci\u00f3n de aluminio tiene un peso m\u00e1s ligero. Por lo tanto, el centro de gravedad ser\u00e1 m\u00e1s bajo para el mismo modelo de capacidad. La estabilidad de transporte es mejor.<\/p>\n<p><img alt=\"\" decoding=\"async\" class=\"alignnone size-full wp-image-5358\" src=\"http:\/\/www.shuntongvehicle.com\/wp-content\/uploads\/2026\/01\/3758-202311241146163473.jpg\" width=\"750\" height=\"563\" srcset=\"https:\/\/www.shuntongvehicle.com\/wp-content\/uploads\/2026\/01\/3758-202311241146163473.jpg 750w, https:\/\/www.shuntongvehicle.com\/wp-content\/uploads\/2026\/01\/3758-202311241146163473-300x225.jpg 300w, https:\/\/www.shuntongvehicle.com\/wp-content\/uploads\/2026\/01\/3758-202311241146163473-16x12.jpg 16w, https:\/\/www.shuntongvehicle.com\/wp-content\/uploads\/2026\/01\/3758-202311241146163473-600x450.jpg 600w\" sizes=\"(max-width: 750px) 100vw, 750px\" \/><\/p>\n<p>3 ejes de aleaci\u00f3n de aluminio semirremolque cisterna fabricante<\/p>\n<p><img alt=\"\" loading=\"lazy\" decoding=\"async\" class=\"alignnone size-full wp-image-5359\" src=\"http:\/\/www.shuntongvehicle.com\/wp-content\/uploads\/2026\/01\/3758-202311241150094619.jpg\" width=\"750\" height=\"500\" srcset=\"https:\/\/www.shuntongvehicle.com\/wp-content\/uploads\/2026\/01\/3758-202311241150094619.jpg 750w, https:\/\/www.shuntongvehicle.com\/wp-content\/uploads\/2026\/01\/3758-202311241150094619-300x200.jpg 300w, https:\/\/www.shuntongvehicle.com\/wp-content\/uploads\/2026\/01\/3758-202311241150094619-18x12.jpg 18w, https:\/\/www.shuntongvehicle.com\/wp-content\/uploads\/2026\/01\/3758-202311241150094619-600x400.jpg 600w\" sizes=\"(max-width: 750px) 100vw, 750px\" \/><\/p>\n<p>Tri-eje 40 cbm aleaci\u00f3n de aluminio petrolero cami\u00f3n remolque<\/p>\n<p><img alt=\"\" loading=\"lazy\" decoding=\"async\" class=\"alignnone size-full wp-image-5360\" src=\"http:\/\/www.shuntongvehicle.com\/wp-content\/uploads\/2026\/01\/3758-202311241150487652.jpg\" width=\"750\" height=\"490\" srcset=\"https:\/\/www.shuntongvehicle.com\/wp-content\/uploads\/2026\/01\/3758-202311241150487652.jpg 750w, https:\/\/www.shuntongvehicle.com\/wp-content\/uploads\/2026\/01\/3758-202311241150487652-300x196.jpg 300w, https:\/\/www.shuntongvehicle.com\/wp-content\/uploads\/2026\/01\/3758-202311241150487652-18x12.jpg 18w, https:\/\/www.shuntongvehicle.com\/wp-content\/uploads\/2026\/01\/3758-202311241150487652-600x392.jpg 600w\" sizes=\"(max-width: 750px) 100vw, 750px\" \/><\/p>","protected":false},"excerpt":{"rendered":"<p><span style=\"color: #1d2b68;\"><strong>Marca:<\/strong>Shuntong<\/span><br \/>\n<strong><span style=\"color: #1d2b68;\">Origen del producto:<\/span><\/strong>China<br \/>\n<strong><span style=\"color: #1d2b68;\">Plazo de entrega:<\/span><\/strong><span style=\"color: #1d2b68;\">20-35 d\u00edas<\/span><br \/>\n<span style=\"color: #1d2b68;\"><strong>Capacidad de suministro:<\/strong> 50 unidades\/mes<\/span><br \/>\nEl semirremolque cisterna de combustible de aleaci\u00f3n de aluminio de 45000 litros se utiliza para transportar varios l\u00edquidos, incluyendo aceite de palma, gasolina, diesel, gasolina, petr\u00f3leo, etc. El semirremolque cisterna de aleaci\u00f3n de aluminio es m\u00e1s ligero que el semirremolque cisterna de acero al carbono, por lo que es m\u00e1s estable para cargas pesadas.<\/p>","protected":false},"featured_media":5349,"template":"","meta":{"_seopress_robots_primary_cat":"none","_seopress_titles_title":"%%post_title%%","_seopress_titles_desc":"%%post_excerpt%%","_seopress_robots_index":"","_uag_custom_page_level_css":"","site-sidebar-layout":"default","site-content-layout":"","ast-site-content-layout":"default","site-content-style":"default","site-sidebar-style":"default","ast-global-header-display":"","ast-banner-title-visibility":"","ast-main-header-display":"","ast-hfb-above-header-display":"","ast-hfb-below-header-display":"","ast-hfb-mobile-header-display":"","site-post-title":"","ast-breadcrumbs-content":"","ast-featured-img":"","footer-sml-layout":"","theme-transparent-header-meta":"default","adv-header-id-meta":"","stick-header-meta":"default","header-above-stick-meta":"","header-main-stick-meta":"","header-below-stick-meta":"","astra-migrate-meta-layouts":"set","ast-page-background-enabled":"default","ast-page-background-meta":{"desktop":{"background-color":"","background-image":"","background-repeat":"repeat","background-position":"center center","background-size":"auto","background-attachment":"scroll","background-type":"","background-media":"","overlay-type":"","overlay-color":"","overlay-opacity":"","overlay-gradient":""},"tablet":{"background-color":"","background-image":"","background-repeat":"repeat","background-position":"center center","background-size":"auto","background-attachment":"scroll","background-type":"","background-media":"","overlay-type":"","overlay-color":"","overlay-opacity":"","overlay-gradient":""},"mobile":{"background-color":"","background-image":"","background-repeat":"repeat","background-position":"center center","background-size":"auto","background-attachment":"scroll","background-type":"","background-media":"","overlay-type":"","overlay-color":"","overlay-opacity":"","overlay-gradient":""}},"ast-content-background-meta":{"desktop":{"background-color":"var(--ast-global-color-5)","background-image":"","background-repeat":"repeat","background-position":"center center","background-size":"auto","background-attachment":"scroll","background-type":"","background-media":"","overlay-type":"","overlay-color":"","overlay-opacity":"","overlay-gradient":""},"tablet":{"background-color":"var(--ast-global-color-5)","background-image":"","background-repeat":"repeat","background-position":"center center","background-size":"auto","background-attachment":"scroll","background-type":"","background-media":"","overlay-type":"","overlay-color":"","overlay-opacity":"","overlay-gradient":""},"mobile":{"background-color":"var(--ast-global-color-5)","background-image":"","background-repeat":"repeat","background-position":"center center","background-size":"auto","background-attachment":"scroll","background-type":"","background-media":"","overlay-type":"","overlay-color":"","overlay-opacity":"","overlay-gradient":""}}},"product_brand":[],"product_cat":[84],"product_tag":[],"class_list":{"0":"post-5348","1":"product","2":"type-product","3":"status-publish","4":"has-post-thumbnail","6":"product_cat-tanker-semi-trailer","7":"desktop-align-left","8":"tablet-align-left","9":"mobile-align-left","10":"ast-product-gallery-layout-horizontal-slider","11":"ast-product-tabs-layout-horizontal","13":"first","14":"instock","15":"featured","16":"shipping-taxable","17":"product-type-simple"},"uagb_featured_image_src":{"full":["https:\/\/www.shuntongvehicle.com\/wp-content\/uploads\/2026\/01\/3758-202310261440358791.webp",750,750,false],"thumbnail":["https:\/\/www.shuntongvehicle.com\/wp-content\/uploads\/2026\/01\/3758-202310261440358791-150x150.webp",150,150,true],"medium":["https:\/\/www.shuntongvehicle.com\/wp-content\/uploads\/2026\/01\/3758-202310261440358791-300x300.webp",300,300,true],"medium_large":["https:\/\/www.shuntongvehicle.com\/wp-content\/uploads\/2026\/01\/3758-202310261440358791.webp",750,750,false],"large":["https:\/\/www.shuntongvehicle.com\/wp-content\/uploads\/2026\/01\/3758-202310261440358791.webp",750,750,false],"1536x1536":["https:\/\/www.shuntongvehicle.com\/wp-content\/uploads\/2026\/01\/3758-202310261440358791.webp",750,750,false],"2048x2048":["https:\/\/www.shuntongvehicle.com\/wp-content\/uploads\/2026\/01\/3758-202310261440358791.webp",750,750,false],"trp-custom-language-flag":["https:\/\/www.shuntongvehicle.com\/wp-content\/uploads\/2026\/01\/3758-202310261440358791-12x12.webp",12,12,true],"woocommerce_thumbnail":["https:\/\/www.shuntongvehicle.com\/wp-content\/uploads\/2026\/01\/3758-202310261440358791-600x600.webp",600,600,true],"woocommerce_single":["https:\/\/www.shuntongvehicle.com\/wp-content\/uploads\/2026\/01\/3758-202310261440358791-600x600.webp",600,600,true],"woocommerce_gallery_thumbnail":["https:\/\/www.shuntongvehicle.com\/wp-content\/uploads\/2026\/01\/3758-202310261440358791-100x100.webp",100,100,true]},"uagb_author_info":{"display_name":"jinxing6611@gmail.com","author_link":"https:\/\/www.shuntongvehicle.com\/es\/author\/"},"uagb_comment_info":0,"uagb_excerpt":"Brand:Shuntong Product origin:China Delivery time:20-35 days Supply capacity: 50 units\/month 45000 liter aluminum alloy fuel tanker trailer is used for carrying various liquid, including palm oil, petrol, diesel, gasoline, petroleum, etc. Aluminum alloy tanker trailer is lighter than carbon steel oil tank semi trailer, so it will be more stable for heavy payload.","_links":{"self":[{"href":"https:\/\/www.shuntongvehicle.com\/es\/wp-json\/wp\/v2\/product\/5348","targetHints":{"allow":["GET"]}}],"collection":[{"href":"https:\/\/www.shuntongvehicle.com\/es\/wp-json\/wp\/v2\/product"}],"about":[{"href":"https:\/\/www.shuntongvehicle.com\/es\/wp-json\/wp\/v2\/types\/product"}],"wp:featuredmedia":[{"embeddable":true,"href":"https:\/\/www.shuntongvehicle.com\/es\/wp-json\/wp\/v2\/media\/5349"}],"wp:attachment":[{"href":"https:\/\/www.shuntongvehicle.com\/es\/wp-json\/wp\/v2\/media?parent=5348"}],"wp:term":[{"taxonomy":"product_brand","embeddable":true,"href":"https:\/\/www.shuntongvehicle.com\/es\/wp-json\/wp\/v2\/product_brand?post=5348"},{"taxonomy":"product_cat","embeddable":true,"href":"https:\/\/www.shuntongvehicle.com\/es\/wp-json\/wp\/v2\/product_cat?post=5348"},{"taxonomy":"product_tag","embeddable":true,"href":"https:\/\/www.shuntongvehicle.com\/es\/wp-json\/wp\/v2\/product_tag?post=5348"}],"curies":[{"name":"wp","href":"https:\/\/api.w.org\/{rel}","templated":true}]}}