{"id":5663,"date":"2026-02-02T00:50:32","date_gmt":"2026-02-02T00:50:32","guid":{"rendered":"http:\/\/www.shuntongvehicle.com\/?post_type=product&#038;p=5663"},"modified":"2026-02-03T03:27:21","modified_gmt":"2026-02-03T03:27:21","slug":"professional-heavy-duty-engineering-shacman-x3000-dump-truck","status":"publish","type":"product","link":"https:\/\/www.shuntongvehicle.com\/es\/product\/professional-heavy-duty-engineering-shacman-x3000-dump-truck\/","title":{"rendered":"Cami\u00f3n volquete profesional de ingenier\u00eda pesada Shacman X3000"},"content":{"rendered":"<h3>Especificaci\u00f3n<\/h3>\n<table class=\"rich-text-table\">\n<tbody>\n<tr>\n<td class=\"td-view\" colspan=\"1\" rowspan=\"1\" data-row=\"0\" data-col=\"0\">\n<div>Condici\u00f3n<\/div>\n<\/td>\n<td class=\"td-view\" colspan=\"1\" rowspan=\"1\" data-row=\"0\" data-col=\"1\">\n<div>Nuevo<\/div>\n<\/td>\n<\/tr>\n<tr>\n<td class=\"td-view\" colspan=\"1\" rowspan=\"1\" data-row=\"1\" data-col=\"0\">\n<div>Tipo de accionamiento<\/div>\n<\/td>\n<td class=\"td-view\" colspan=\"1\" rowspan=\"1\" data-row=\"1\" data-col=\"1\">\n<div>6X4<\/div>\n<\/td>\n<\/tr>\n<tr>\n<td class=\"td-view\" colspan=\"1\" rowspan=\"1\" data-row=\"2\" data-col=\"0\">\n<div>Marca<\/div>\n<\/td>\n<td class=\"td-view\" colspan=\"1\" rowspan=\"1\" data-row=\"2\" data-col=\"1\">\n<div>SHACMAN<\/div>\n<\/td>\n<\/tr>\n<tr>\n<td class=\"td-view\" colspan=\"1\" rowspan=\"1\" data-row=\"3\" data-col=\"0\">\n<div>Marca del motor<\/div>\n<\/td>\n<td class=\"td-view\" colspan=\"1\" rowspan=\"1\" data-row=\"3\" data-col=\"1\">\n<div>Weichai 11L<\/div>\n<\/td>\n<\/tr>\n<tr>\n<td class=\"td-view\" colspan=\"1\" rowspan=\"1\" data-row=\"4\" data-col=\"0\">\n<div>Garant\u00eda<\/div>\n<\/td>\n<td class=\"td-view\" colspan=\"1\" rowspan=\"1\" data-row=\"4\" data-col=\"1\">\n<div>1 a\u00f1o<\/div>\n<\/td>\n<\/tr>\n<tr>\n<td class=\"td-view\" colspan=\"1\" rowspan=\"1\" data-row=\"5\" data-col=\"0\">\n<div>Potencia del motor<\/div>\n<\/td>\n<td class=\"td-view\" colspan=\"1\" rowspan=\"1\" data-row=\"5\" data-col=\"1\">\n<div>480CV<\/div>\n<\/td>\n<\/tr>\n<tr>\n<td class=\"td-view\" colspan=\"1\" rowspan=\"1\" data-row=\"6\" data-col=\"0\">\n<div>Peso (KG)<\/div>\n<\/td>\n<td class=\"td-view\" colspan=\"1\" rowspan=\"1\" data-row=\"6\" data-col=\"1\">\n<div>19000 kg<\/div>\n<\/td>\n<\/tr>\n<tr>\n<td class=\"td-view\" colspan=\"1\" rowspan=\"1\" data-row=\"7\" data-col=\"0\">\n<div>Garant\u00eda de las piezas de desgaste<\/div>\n<\/td>\n<td class=\"td-view\" colspan=\"1\" rowspan=\"1\" data-row=\"7\" data-col=\"1\">\n<div>Componentes principales: 1 a\u00f1o de garant\u00eda<\/div>\n<\/td>\n<\/tr>\n<\/tbody>\n<\/table>\n<div>El cami\u00f3n volquete Shacman x3000 6\u00d74 est\u00e1 dise\u00f1ado para la log\u00edstica de servicio pesado y el transporte de larga distancia, ofreciendo un rendimiento potente, durabilidad y un funcionamiento fiable para tareas de transporte exigentes.<\/div>\n<div class=\"br-block\"><\/div>\n<div><strong>Motor di\u00e9sel de 480 CV:<\/strong> rendimiento fiable para cargas pesadas: Equipado con un robusto motor diesel turboalimentado de 6 cilindros y 480 CV, este cami\u00f3n ofrece un par motor potente, una gran aceleraci\u00f3n y un funcionamiento estable en condiciones de carga pesada continua. Ideal para el transporte de contenedores, carga a granel, materiales de construcci\u00f3n y mercanc\u00edas de larga distancia.<\/div>\n<div><strong>Transmisi\u00f3n 6\u00d74: tracci\u00f3n y capacidad de carga superiores:<\/strong>\u00a0La configuraci\u00f3n de tracci\u00f3n 6\u00d74 proporciona una excelente potencia de arrastre, una tracci\u00f3n mejorada y un manejo estable en pendientes, carreteras en mal estado y rutas de larga distancia. Perfecto para puertos, transporte de mercanc\u00edas por carretera, log\u00edstica minera y transporte de materiales en obras.<\/div>\n<div><strong>Chasis reforzado y ejes de alta resistencia:\u00a0<\/strong>durabilidad en condiciones exigentes: Construida con un resistente chasis de bastidor en escalera y duraderos ejes delantero y trasero, la carretilla mantiene la estabilidad estructural bajo cargas pesadas. La suspensi\u00f3n de servicio pesado, los neum\u00e1ticos de alta resistencia y el fiable sistema de frenado garantizan un rendimiento seguro en entornos de transporte exigentes.<\/div>\n<div><strong>Cabina orientada al conductor:\u00a0<\/strong>confort para los viajes de larga distancia: La espaciosa cabina cuenta con una cama dormitorio, asiento del conductor ajustable, aire acondicionado y una disposici\u00f3n ergon\u00f3mica del salpicadero, lo que reduce la fatiga durante los viajes de larga distancia. Las mejoras opcionales incluyen cama doble, asiento con suspensi\u00f3n neum\u00e1tica y sistema multimedia para mejorar el confort y la eficiencia operativa.<\/div>\n<div><img alt=\"\" fetchpriority=\"high\" decoding=\"async\" class=\"alignnone size-full wp-image-5670\" src=\"http:\/\/www.shuntongvehicle.com\/wp-content\/uploads\/2026\/02\/1.webp\" width=\"800\" height=\"800\" srcset=\"https:\/\/www.shuntongvehicle.com\/wp-content\/uploads\/2026\/02\/1.webp 800w, https:\/\/www.shuntongvehicle.com\/wp-content\/uploads\/2026\/02\/1-300x300.webp 300w, https:\/\/www.shuntongvehicle.com\/wp-content\/uploads\/2026\/02\/1-150x150.webp 150w, https:\/\/www.shuntongvehicle.com\/wp-content\/uploads\/2026\/02\/1-768x768.webp 768w, https:\/\/www.shuntongvehicle.com\/wp-content\/uploads\/2026\/02\/1-12x12.webp 12w, https:\/\/www.shuntongvehicle.com\/wp-content\/uploads\/2026\/02\/1-600x600.webp 600w, https:\/\/www.shuntongvehicle.com\/wp-content\/uploads\/2026\/02\/1-100x100.webp 100w\" sizes=\"(max-width: 800px) 100vw, 800px\" \/><\/div>\n<div>\n<div id='gallery-1' class='gallery galleryid-5663 gallery-columns-3 gallery-size-full'><figure class='gallery-item'>\n\t\t\t<div class='gallery-icon landscape'>\n\t\t\t\t<a href='https:\/\/www.shuntongvehicle.com\/es\/?attachment_id=5671'><img decoding=\"async\" width=\"800\" height=\"800\" src=\"https:\/\/www.shuntongvehicle.com\/wp-content\/uploads\/2026\/02\/Professional-Heavy-Duty-Engineering-Shacman-X3000-Dump-Truck-1-1.webp\" class=\"attachment-full size-full\" alt=\"\" srcset=\"https:\/\/www.shuntongvehicle.com\/wp-content\/uploads\/2026\/02\/Professional-Heavy-Duty-Engineering-Shacman-X3000-Dump-Truck-1-1.webp 800w, https:\/\/www.shuntongvehicle.com\/wp-content\/uploads\/2026\/02\/Professional-Heavy-Duty-Engineering-Shacman-X3000-Dump-Truck-1-1-300x300.webp 300w, https:\/\/www.shuntongvehicle.com\/wp-content\/uploads\/2026\/02\/Professional-Heavy-Duty-Engineering-Shacman-X3000-Dump-Truck-1-1-150x150.webp 150w, https:\/\/www.shuntongvehicle.com\/wp-content\/uploads\/2026\/02\/Professional-Heavy-Duty-Engineering-Shacman-X3000-Dump-Truck-1-1-768x768.webp 768w, https:\/\/www.shuntongvehicle.com\/wp-content\/uploads\/2026\/02\/Professional-Heavy-Duty-Engineering-Shacman-X3000-Dump-Truck-1-1-12x12.webp 12w, https:\/\/www.shuntongvehicle.com\/wp-content\/uploads\/2026\/02\/Professional-Heavy-Duty-Engineering-Shacman-X3000-Dump-Truck-1-1-600x600.webp 600w, https:\/\/www.shuntongvehicle.com\/wp-content\/uploads\/2026\/02\/Professional-Heavy-Duty-Engineering-Shacman-X3000-Dump-Truck-1-1-100x100.webp 100w\" sizes=\"(max-width: 800px) 100vw, 800px\" \/><\/a>\n\t\t\t<\/div><\/figure><figure class='gallery-item'>\n\t\t\t<div class='gallery-icon landscape'>\n\t\t\t\t<a href='https:\/\/www.shuntongvehicle.com\/es\/?attachment_id=5672'><img decoding=\"async\" width=\"800\" height=\"800\" src=\"https:\/\/www.shuntongvehicle.com\/wp-content\/uploads\/2026\/02\/Professional-Heavy-Duty-Engineering-Shacman-X3000-Dump-Truck-6.webp\" class=\"attachment-full size-full\" alt=\"\" srcset=\"https:\/\/www.shuntongvehicle.com\/wp-content\/uploads\/2026\/02\/Professional-Heavy-Duty-Engineering-Shacman-X3000-Dump-Truck-6.webp 800w, https:\/\/www.shuntongvehicle.com\/wp-content\/uploads\/2026\/02\/Professional-Heavy-Duty-Engineering-Shacman-X3000-Dump-Truck-6-300x300.webp 300w, https:\/\/www.shuntongvehicle.com\/wp-content\/uploads\/2026\/02\/Professional-Heavy-Duty-Engineering-Shacman-X3000-Dump-Truck-6-150x150.webp 150w, https:\/\/www.shuntongvehicle.com\/wp-content\/uploads\/2026\/02\/Professional-Heavy-Duty-Engineering-Shacman-X3000-Dump-Truck-6-768x768.webp 768w, https:\/\/www.shuntongvehicle.com\/wp-content\/uploads\/2026\/02\/Professional-Heavy-Duty-Engineering-Shacman-X3000-Dump-Truck-6-12x12.webp 12w, https:\/\/www.shuntongvehicle.com\/wp-content\/uploads\/2026\/02\/Professional-Heavy-Duty-Engineering-Shacman-X3000-Dump-Truck-6-600x600.webp 600w, https:\/\/www.shuntongvehicle.com\/wp-content\/uploads\/2026\/02\/Professional-Heavy-Duty-Engineering-Shacman-X3000-Dump-Truck-6-100x100.webp 100w\" sizes=\"(max-width: 800px) 100vw, 800px\" \/><\/a>\n\t\t\t<\/div><\/figure>\n\t\t<\/div>\n\n<\/div>\n<p>&nbsp;<\/p>","protected":false},"excerpt":{"rendered":"<p>El cami\u00f3n volquete Shacman x3000 6\u00d74 est\u00e1 dise\u00f1ado para la log\u00edstica de servicio pesado y el transporte de larga distancia, ofreciendo un rendimiento potente, durabilidad y un funcionamiento fiable para tareas de transporte exigentes.<\/p>","protected":false},"featured_media":5664,"template":"","meta":{"_seopress_robots_primary_cat":"none","_seopress_titles_title":"%%post_title%%","_seopress_titles_desc":"%%post_excerpt%%","_seopress_robots_index":"","_uag_custom_page_level_css":"","site-sidebar-layout":"default","site-content-layout":"","ast-site-content-layout":"default","site-content-style":"default","site-sidebar-style":"default","ast-global-header-display":"","ast-banner-title-visibility":"","ast-main-header-display":"","ast-hfb-above-header-display":"","ast-hfb-below-header-display":"","ast-hfb-mobile-header-display":"","site-post-title":"","ast-breadcrumbs-content":"","ast-featured-img":"","footer-sml-layout":"","theme-transparent-header-meta":"default","adv-header-id-meta":"","stick-header-meta":"default","header-above-stick-meta":"","header-main-stick-meta":"","header-below-stick-meta":"","astra-migrate-meta-layouts":"set","ast-page-background-enabled":"default","ast-page-background-meta":{"desktop":{"background-color":"","background-image":"","background-repeat":"repeat","background-position":"center center","background-size":"auto","background-attachment":"scroll","background-type":"","background-media":"","overlay-type":"","overlay-color":"","overlay-opacity":"","overlay-gradient":""},"tablet":{"background-color":"","background-image":"","background-repeat":"repeat","background-position":"center center","background-size":"auto","background-attachment":"scroll","background-type":"","background-media":"","overlay-type":"","overlay-color":"","overlay-opacity":"","overlay-gradient":""},"mobile":{"background-color":"","background-image":"","background-repeat":"repeat","background-position":"center center","background-size":"auto","background-attachment":"scroll","background-type":"","background-media":"","overlay-type":"","overlay-color":"","overlay-opacity":"","overlay-gradient":""}},"ast-content-background-meta":{"desktop":{"background-color":"var(--ast-global-color-5)","background-image":"","background-repeat":"repeat","background-position":"center center","background-size":"auto","background-attachment":"scroll","background-type":"","background-media":"","overlay-type":"","overlay-color":"","overlay-opacity":"","overlay-gradient":""},"tablet":{"background-color":"var(--ast-global-color-5)","background-image":"","background-repeat":"repeat","background-position":"center center","background-size":"auto","background-attachment":"scroll","background-type":"","background-media":"","overlay-type":"","overlay-color":"","overlay-opacity":"","overlay-gradient":""},"mobile":{"background-color":"var(--ast-global-color-5)","background-image":"","background-repeat":"repeat","background-position":"center center","background-size":"auto","background-attachment":"scroll","background-type":"","background-media":"","overlay-type":"","overlay-color":"","overlay-opacity":"","overlay-gradient":""}}},"product_brand":[],"product_cat":[88],"product_tag":[],"class_list":{"0":"post-5663","1":"product","2":"type-product","3":"status-publish","4":"has-post-thumbnail","6":"product_cat-shacman-6x4-dump-truck","7":"desktop-align-left","8":"tablet-align-left","9":"mobile-align-left","10":"ast-product-gallery-layout-horizontal-slider","11":"ast-product-tabs-layout-horizontal","13":"first","14":"instock","15":"featured","16":"shipping-taxable","17":"product-type-simple"},"uagb_featured_image_src":{"full":["https:\/\/www.shuntongvehicle.com\/wp-content\/uploads\/2026\/02\/Professional-Heavy-Duty-Engineering-Shacman-X3000-Dump-Truck-1.webp",550,550,false],"thumbnail":["https:\/\/www.shuntongvehicle.com\/wp-content\/uploads\/2026\/02\/Professional-Heavy-Duty-Engineering-Shacman-X3000-Dump-Truck-1-150x150.webp",150,150,true],"medium":["https:\/\/www.shuntongvehicle.com\/wp-content\/uploads\/2026\/02\/Professional-Heavy-Duty-Engineering-Shacman-X3000-Dump-Truck-1-300x300.webp",300,300,true],"medium_large":["https:\/\/www.shuntongvehicle.com\/wp-content\/uploads\/2026\/02\/Professional-Heavy-Duty-Engineering-Shacman-X3000-Dump-Truck-1.webp",550,550,false],"large":["https:\/\/www.shuntongvehicle.com\/wp-content\/uploads\/2026\/02\/Professional-Heavy-Duty-Engineering-Shacman-X3000-Dump-Truck-1.webp",550,550,false],"1536x1536":["https:\/\/www.shuntongvehicle.com\/wp-content\/uploads\/2026\/02\/Professional-Heavy-Duty-Engineering-Shacman-X3000-Dump-Truck-1.webp",550,550,false],"2048x2048":["https:\/\/www.shuntongvehicle.com\/wp-content\/uploads\/2026\/02\/Professional-Heavy-Duty-Engineering-Shacman-X3000-Dump-Truck-1.webp",550,550,false],"trp-custom-language-flag":["https:\/\/www.shuntongvehicle.com\/wp-content\/uploads\/2026\/02\/Professional-Heavy-Duty-Engineering-Shacman-X3000-Dump-Truck-1-12x12.webp",12,12,true],"woocommerce_thumbnail":["https:\/\/www.shuntongvehicle.com\/wp-content\/uploads\/2026\/02\/Professional-Heavy-Duty-Engineering-Shacman-X3000-Dump-Truck-1.webp",550,550,false],"woocommerce_single":["https:\/\/www.shuntongvehicle.com\/wp-content\/uploads\/2026\/02\/Professional-Heavy-Duty-Engineering-Shacman-X3000-Dump-Truck-1.webp",550,550,false],"woocommerce_gallery_thumbnail":["https:\/\/www.shuntongvehicle.com\/wp-content\/uploads\/2026\/02\/Professional-Heavy-Duty-Engineering-Shacman-X3000-Dump-Truck-1-100x100.webp",100,100,true]},"uagb_author_info":{"display_name":"jinxing6611@gmail.com","author_link":"https:\/\/www.shuntongvehicle.com\/es\/author\/"},"uagb_comment_info":0,"uagb_excerpt":"The\u00a0Shacman x3000 6\u00d74 Dump Truck\u00a0is designed for heavy-duty logistics and long-distance haulage, offering powerful performance, durability, and reliable operation for demanding transport tasks.","_links":{"self":[{"href":"https:\/\/www.shuntongvehicle.com\/es\/wp-json\/wp\/v2\/product\/5663","targetHints":{"allow":["GET"]}}],"collection":[{"href":"https:\/\/www.shuntongvehicle.com\/es\/wp-json\/wp\/v2\/product"}],"about":[{"href":"https:\/\/www.shuntongvehicle.com\/es\/wp-json\/wp\/v2\/types\/product"}],"wp:featuredmedia":[{"embeddable":true,"href":"https:\/\/www.shuntongvehicle.com\/es\/wp-json\/wp\/v2\/media\/5664"}],"wp:attachment":[{"href":"https:\/\/www.shuntongvehicle.com\/es\/wp-json\/wp\/v2\/media?parent=5663"}],"wp:term":[{"taxonomy":"product_brand","embeddable":true,"href":"https:\/\/www.shuntongvehicle.com\/es\/wp-json\/wp\/v2\/product_brand?post=5663"},{"taxonomy":"product_cat","embeddable":true,"href":"https:\/\/www.shuntongvehicle.com\/es\/wp-json\/wp\/v2\/product_cat?post=5663"},{"taxonomy":"product_tag","embeddable":true,"href":"https:\/\/www.shuntongvehicle.com\/es\/wp-json\/wp\/v2\/product_tag?post=5663"}],"curies":[{"name":"wp","href":"https:\/\/api.w.org\/{rel}","templated":true}]}}