{"id":5755,"date":"2026-02-02T03:45:40","date_gmt":"2026-02-02T03:45:40","guid":{"rendered":"http:\/\/www.shuntongvehicle.com\/?post_type=product&#038;p=5755"},"modified":"2026-02-03T03:09:23","modified_gmt":"2026-02-03T03:09:23","slug":"sinotruck-howo-8x4-oil-tanker","status":"publish","type":"product","link":"https:\/\/www.shuntongvehicle.com\/es\/product\/sinotruck-howo-8x4-oil-tanker\/","title":{"rendered":"Sinotruck Howo 8X4 Petrolero"},"content":{"rendered":"<h3>Aplicaci\u00f3n<\/h3>\n<p>Cami\u00f3n cisterna HOWO para l\u00edquidos inflamables<\/p>\n<p><img alt=\"\" fetchpriority=\"high\" decoding=\"async\" class=\"alignnone size-full wp-image-5751\" src=\"http:\/\/www.shuntongvehicle.com\/wp-content\/uploads\/2026\/02\/8-howo-oil-tanker.webp\" width=\"1600\" height=\"526\" srcset=\"https:\/\/www.shuntongvehicle.com\/wp-content\/uploads\/2026\/02\/8-howo-oil-tanker.webp 1600w, https:\/\/www.shuntongvehicle.com\/wp-content\/uploads\/2026\/02\/8-howo-oil-tanker-300x99.webp 300w, https:\/\/www.shuntongvehicle.com\/wp-content\/uploads\/2026\/02\/8-howo-oil-tanker-1024x337.webp 1024w, https:\/\/www.shuntongvehicle.com\/wp-content\/uploads\/2026\/02\/8-howo-oil-tanker-768x252.webp 768w, https:\/\/www.shuntongvehicle.com\/wp-content\/uploads\/2026\/02\/8-howo-oil-tanker-1536x505.webp 1536w, https:\/\/www.shuntongvehicle.com\/wp-content\/uploads\/2026\/02\/8-howo-oil-tanker-18x6.webp 18w, https:\/\/www.shuntongvehicle.com\/wp-content\/uploads\/2026\/02\/8-howo-oil-tanker-600x197.webp 600w\" sizes=\"(max-width: 1600px) 100vw, 1600px\" \/><\/p>\n<h4>Caracter\u00edsticas<\/h4>\n<p>The chassis adopts HOWO , Weichai\/MAN dual-engine power is optional, 7.5T small-drop front axle (disc); MAT16ZG self-adjusting arm double rear axle (drum), the vehicle is equipped with AEBS+ESC, dual warning and tire blowout emergency safety devices and other safety configurations, the airbag adopts the domestic top design, the minimum ground clearance can reach 300mm, with high reliability, high safety and other characteristics.<\/p>\n<p>El cuerpo superior est\u00e1 hecho de acero est\u00e1ndar nacional de alta calidad producido por grandes empresas sider\u00fargicas nacionales. El cuerpo del tanque adopta el proceso general de arenado, pulverizaci\u00f3n y horneado, que tiene resistencia antienvejecimiento y a la corrosi\u00f3n. La vida \u00fatil del cuerpo del tanque es de m\u00e1s de diez a\u00f1os. Un conjunto completo de accesorios de seguridad de la norma europea de fabricantes nacionales de renombre garantiza la seguridad del transporte de petr\u00f3leo. El tanque de aceite adopta el m\u00e9todo de an\u00e1lisis de elementos finitos para optimizar el dise\u00f1o y pasar la estricta prueba de fiabilidad. El tanque de aceite tiene una gran capacidad y alta eficiencia de transporte.<\/p>\n<p>The chassis adopts HOWO , Weichai \/ Mann engine dual engine power options, 7.5T small drop front axle (disc); MAT16ZG self-aligning arm dual rear axle (drum), the entire vehicle is equipped with AEBS + ESC, dual warning and emergency safety devices for flat tyres and other safety equipment, airbags using the top of the country\u2019s design, the lowest ground clearance can reach 300mm, with high reliability, high safety and other characteristics.<\/p>\n<p>The top is made of high-quality national standard steel produced by domestic large-scale steel enterprises, the tank adopts the whole sanding, spraying and baking process, which has anti-aging and corrosion resistance, and the service life of the tank is more than ten years, and the full set of European standard safety accessories from famous domestic manufacturers ensures the safety of oil transportation, the tank adopts the optimised design of finite element analysis method and passes the rigorous reliability test, and the tank has large volume with high efficiency of transportation.<\/p>\n<table border=\"1\" width=\"100%\" cellspacing=\"0\" cellpadding=\"0\">\n<tbody>\n<tr class=\"bgcolorOne\">\n<td>Modelo de motor<\/td>\n<td>MC07H.35-60\/WP9H350E62<\/td>\n<\/tr>\n<tr class=\"bgcolorTwo\">\n<td>Caja de cambios<\/td>\n<td>HW25712XSTL<\/td>\n<\/tr>\n<tr class=\"bgcolorOne\">\n<td>Modelo de eje trasero<\/td>\n<td>MAT16ZG eje trasero doble autoajustable (tambor)<\/td>\n<\/tr>\n<tr class=\"bgcolorTwo\">\n<td>Relaci\u00f3n del eje trasero<\/td>\n<td>5.32<\/td>\n<\/tr>\n<tr class=\"bgcolorOne\">\n<td>Dep\u00f3sito de combustible (L)<\/td>\n<td>400<\/td>\n<\/tr>\n<tr class=\"bgcolorTwo\">\n<td>Suspensi\u00f3n (suspensi\u00f3n neum\u00e1tica delantera y trasera)<\/td>\n<td>4\/4\/-\/-<\/td>\n<\/tr>\n<tr class=\"bgcolorOne\">\n<td>Neum\u00e1tico<\/td>\n<td>12R22.5<\/td>\n<\/tr>\n<\/tbody>\n<\/table>\n<table border=\"1\" width=\"100%\" cellspacing=\"0\" cellpadding=\"0\">\n<tbody>\n<tr class=\"bgcolorOne\">\n<td colspan=\"2\">Par\u00e1metros del veh\u00edculo<\/td>\n<\/tr>\n<tr>\n<td>Modelo de veh\u00edculo<\/td>\n<td>JYJ5327GRYF1<\/td>\n<\/tr>\n<tr class=\"bgcolorTwo\">\n<td>Dimensiones (mm)<\/td>\n<td>11900\u00d72500\u00d73180<\/td>\n<\/tr>\n<tr class=\"bgcolorOne\">\n<td>Distancia entre ejes (mm)<\/td>\n<td>4600<\/td>\n<\/tr>\n<tr class=\"bgcolorTwo\">\n<td>Voladizo delantero y voladizo trasero (mm)<\/td>\n<td>1430\/2695<\/td>\n<\/tr>\n<tr class=\"bgcolorOne\">\n<td>Masa total m\u00e1xima nominal (kg)<\/td>\n<td>18.1<\/td>\n<\/tr>\n<tr class=\"bgcolorTwo\">\n<td>Volumen anunciado (m\u00b3)<\/td>\n<td>23.8<\/td>\n<\/tr>\n<\/tbody>\n<\/table>\n<p><span style=\"font-size: 16px;\">\t\t<div data-elementor-type=\"section\" data-elementor-id=\"5725\" class=\"elementor elementor-5725\" data-elementor-post-type=\"elementor_library\">\n\t\t\t<div class=\"elementor-element elementor-element-6a3656a8 e-con-full e-flex e-con e-parent\" data-id=\"6a3656a8\" data-element_type=\"container\" data-settings=\"{&quot;background_background&quot;:&quot;classic&quot;}\">\n\t\t\t\t<div class=\"elementor-element elementor-element-1d448148 elementor-widget elementor-widget-heading\" data-id=\"1d448148\" data-element_type=\"widget\" data-widget_type=\"heading.default\">\n\t\t\t\t\t\t<div class=\"elementor-widget-container\">\n\t\t\t\t\t<h2 class=\"elementor-heading-title elementor-size-default\">Rendimiento\n<\/h2>\t\t\t\t<\/div>\n\t\t\t\t<\/div>\n\t\t\t\t<div class=\"elementor-element elementor-element-3704e44e elementor-widget elementor-widget-text-editor\" data-id=\"3704e44e\" data-element_type=\"widget\" data-widget_type=\"text-editor.default\">\n\t\t\t\t\t\t<div class=\"elementor-widget-container\">\n\t\t\t\t\t\t\t\t\t<p>El d\u00famper Howo es tan vers\u00e1til como sus retos diarios en la construcci\u00f3n y la miner\u00eda. Gracias al motor Sinotruk, aporta a\u00fan m\u00e1s capacidad de transporte y seguridad a su obra. Convirti\u00e9ndolo en un socio fiable y eficiente para su trabajo.<\/p>\t\t\t\t\t\t\t\t<\/div>\n\t\t\t\t<\/div>\n\t\t<div class=\"elementor-element elementor-element-7d48afda e-grid e-con-full e-con e-child\" data-id=\"7d48afda\" data-element_type=\"container\">\n\t\t\t\t<div class=\"elementor-element elementor-element-6a5e358a elementor-position-top elementor-widget elementor-widget-image-box\" data-id=\"6a5e358a\" data-element_type=\"widget\" data-widget_type=\"image-box.default\">\n\t\t\t\t\t\t<div class=\"elementor-widget-container\">\n\t\t\t\t\t<div class=\"elementor-image-box-wrapper\"><figure class=\"elementor-image-box-img\"><img alt=\"\" decoding=\"async\" width=\"472\" height=\"297\" src=\"https:\/\/www.shuntongvehicle.com\/wp-content\/uploads\/2026\/01\/img30.jpg\" class=\"attachment-full size-full wp-image-5410\" srcset=\"https:\/\/www.shuntongvehicle.com\/wp-content\/uploads\/2026\/01\/img30.jpg 472w, https:\/\/www.shuntongvehicle.com\/wp-content\/uploads\/2026\/01\/img30-300x189.jpg 300w, https:\/\/www.shuntongvehicle.com\/wp-content\/uploads\/2026\/01\/img30-18x12.jpg 18w\" sizes=\"(max-width: 472px) 100vw, 472px\" \/><\/figure><div class=\"elementor-image-box-content\"><h4 class=\"elementor-image-box-title\">Seguro y fiable<\/h4><p class=\"elementor-image-box-description\">Motor 2.0T turboalimentado m\u00e1s eficiente y econ\u00f3mico. Suspensi\u00f3n delantera independiente McPherson \/ Suspensi\u00f3n trasera de alta resistencia con barra de torsi\u00f3n Carrocer\u00eda de jaula de ultra alta resistencia, Boro reforzado<\/p><\/div><\/div>\t\t\t\t<\/div>\n\t\t\t\t<\/div>\n\t\t\t\t<div class=\"elementor-element elementor-element-c120bfa elementor-position-top elementor-widget elementor-widget-image-box\" data-id=\"c120bfa\" data-element_type=\"widget\" data-widget_type=\"image-box.default\">\n\t\t\t\t\t\t<div class=\"elementor-widget-container\">\n\t\t\t\t\t<div class=\"elementor-image-box-wrapper\"><figure class=\"elementor-image-box-img\"><img alt=\"\" decoding=\"async\" width=\"477\" height=\"296\" src=\"https:\/\/www.shuntongvehicle.com\/wp-content\/uploads\/2026\/01\/img31.jpg\" class=\"attachment-full size-full wp-image-5412\" srcset=\"https:\/\/www.shuntongvehicle.com\/wp-content\/uploads\/2026\/01\/img31.jpg 477w, https:\/\/www.shuntongvehicle.com\/wp-content\/uploads\/2026\/01\/img31-300x186.jpg 300w, https:\/\/www.shuntongvehicle.com\/wp-content\/uploads\/2026\/01\/img31-18x12.jpg 18w\" sizes=\"(max-width: 477px) 100vw, 477px\" \/><\/figure><div class=\"elementor-image-box-content\"><h4 class=\"elementor-image-box-title\">Conducci\u00f3n confortable<\/h4><p class=\"elementor-image-box-description\">Amortiguador hidr\u00e1ulico monotubo Bosch 9.3 ESPSuspensi\u00f3n independiente delantera y trasera\n<\/p><\/div><\/div>\t\t\t\t<\/div>\n\t\t\t\t<\/div>\n\t\t\t\t<div class=\"elementor-element elementor-element-2312addb elementor-position-top elementor-widget elementor-widget-image-box\" data-id=\"2312addb\" data-element_type=\"widget\" data-widget_type=\"image-box.default\">\n\t\t\t\t\t\t<div class=\"elementor-widget-container\">\n\t\t\t\t\t<div class=\"elementor-image-box-wrapper\"><figure class=\"elementor-image-box-img\"><img alt=\"\" loading=\"lazy\" decoding=\"async\" width=\"473\" height=\"296\" src=\"https:\/\/www.shuntongvehicle.com\/wp-content\/uploads\/2026\/01\/img32.jpg\" class=\"attachment-full size-full wp-image-5414\" srcset=\"https:\/\/www.shuntongvehicle.com\/wp-content\/uploads\/2026\/01\/img32.jpg 473w, https:\/\/www.shuntongvehicle.com\/wp-content\/uploads\/2026\/01\/img32-300x188.jpg 300w, https:\/\/www.shuntongvehicle.com\/wp-content\/uploads\/2026\/01\/img32-18x12.jpg 18w\" sizes=\"(max-width: 473px) 100vw, 473px\" \/><\/figure><div class=\"elementor-image-box-content\"><h4 class=\"elementor-image-box-title\">Lujo exclusivo<\/h4><p class=\"elementor-image-box-description\">Tapicer\u00eda interior de lujo en cuero de colores contrastados, asientos ergon\u00f3micos. Pantalla grande de alta definici\u00f3n de 10,25 pulgadas en cascada, conexi\u00f3n inteligente para el autom\u00f3vil.\n<\/p><\/div><\/div>\t\t\t\t<\/div>\n\t\t\t\t<\/div>\n\t\t\t\t<\/div>\n\t\t\t\t<\/div>\n\t\t<div class=\"elementor-element elementor-element-d9f073f e-grid e-con-boxed e-con e-parent\" data-id=\"d9f073f\" data-element_type=\"container\">\n\t\t\t\t\t<div class=\"e-con-inner\">\n\t\t\t\t<div class=\"elementor-element elementor-element-7295799e elementor-widget elementor-widget-uael-infobox\" data-id=\"7295799e\" data-element_type=\"widget\" data-widget_type=\"uael-infobox.default\">\n\t\t\t\t\t\t<div class=\"elementor-widget-container\">\n\t\t\t\t\t\n<div class=\"uael-module-content uael-infobox uael-imgicon-style-normal  uael-infobox-left  infobox-has-icon uael-infobox-icon-above-title  uael-infobox-link-type-none\">\n\t<div class=\"uael-infobox-left-right-wrap\">\n\t\t\t\t\t\t<div class=\"uael-infobox-content\">\n\t\t\t\t\t\t\t<div class=\"uael-module-content uael-imgicon-wrap\">\t\t\t\t\t\t\t\t\t\t\t\n\t\t\t\t\t\t\t\t\t\t\t\t\t\t<\/div>\n\t\t\t\t\t\t\t<div class='uael-infobox-title-wrap'><h4 class=\"uael-infobox-title elementor-inline-editing\" data-elementor-setting-key=\"infobox_title\" data-elementor-inline-editing-toolbar=\"basic\" >Cl\u00e1sico y elegante<\/h4><\/div>\t\t\t\t\t\t\t\t\t<div class=\"uael-infobox-text-wrap\">\n\t\t\t\t<div class=\"uael-infobox-text elementor-inline-editing\" data-elementor-setting-key=\"infobox_description\" data-elementor-inline-editing-toolbar=\"advanced\">\n\t\t\t\t\tDise\u00f1o est\u00e9tico que destaca por su concisi\u00f3n y potencia. Luces largas y cortas integradas, faros LED inductivos de alta luminosidad. Amplio techo panor\u00e1mico\n\n\t\t\t\t<\/div>\n\t\t\t\t\t\n\t\t\t\t\t\t\t<\/div>\n\t\t<\/div>\n\t\t\t<\/div>\n<\/div>\n\t\t\t\t<\/div>\n\t\t\t\t<\/div>\n\t\t\t\t<div class=\"elementor-element elementor-element-5e2131bd elementor-widget elementor-widget-uael-infobox\" data-id=\"5e2131bd\" data-element_type=\"widget\" data-widget_type=\"uael-infobox.default\">\n\t\t\t\t\t\t<div class=\"elementor-widget-container\">\n\t\t\t\t\t\n<div class=\"uael-module-content uael-infobox uael-imgicon-style-normal  uael-infobox-left  infobox-has-icon uael-infobox-icon-above-title  uael-infobox-link-type-none\">\n\t<div class=\"uael-infobox-left-right-wrap\">\n\t\t\t\t\t\t<div class=\"uael-infobox-content\">\n\t\t\t\t\t\t\t<div class=\"uael-module-content uael-imgicon-wrap\">\t\t\t\t\t\t\t\t\t\t\t\n\t\t\t\t\t\t\t\t\t\t\t\t\t\t<\/div>\n\t\t\t\t\t\t\t<div class='uael-infobox-title-wrap'><h4 class=\"uael-infobox-title elementor-inline-editing\" data-elementor-setting-key=\"infobox_title\" data-elementor-inline-editing-toolbar=\"basic\" >Tecnolog\u00eda<\/h4><\/div>\t\t\t\t\t\t\t\t\t<div class=\"uael-infobox-text-wrap\">\n\t\t\t\t<div class=\"uael-infobox-text elementor-inline-editing\" data-elementor-setting-key=\"infobox_description\" data-elementor-inline-editing-toolbar=\"advanced\">\n\t\t\t\t\tPantalla t\u00e1ctil de 10 pulgadas. Espejos laterales el\u00e9ctricos. Contador Digital. C\u00e1maras Panor\u00e1micas 360\u00ba. Control de Crucero. Sistema de Entrada Sin Llave. Navegaci\u00f3n GPS. Full LCD aire acondicionado panel t\u00e1ctil Bluetooth \/ tel\u00e9fono del coche Iniciar el sistema con un solo clic.\n\n\n\t\t\t\t<\/div>\n\t\t\t\t\t\n\t\t\t\t\t\t\t<\/div>\n\t\t<\/div>\n\t\t\t<\/div>\n<\/div>\n\t\t\t\t<\/div>\n\t\t\t\t<\/div>\n\t\t\t\t\t<\/div>\n\t\t\t\t<\/div>\n\t\t\t\t<\/div>\n\t\t<\/span><\/p>\n<p><strong>Galer\u00eda<\/strong><br \/>\nSINOTRUK HOWO OIL TANKER es ampliamente utilizado en el transporte de carga seca, transporte de contenedores, transporte anormal, transporte de productos qu\u00edmicos peligrosos, y otras industrias relacionadas.<\/p>\n<div id='gallery-1' class='gallery galleryid-5755 gallery-columns-3 gallery-size-full'><figure class='gallery-item'>\n\t\t\t<div class='gallery-icon landscape'>\n\t\t\t\t<a href='https:\/\/www.shuntongvehicle.com\/es\/?attachment_id=5757'><img loading=\"lazy\" decoding=\"async\" width=\"750\" height=\"411\" src=\"https:\/\/www.shuntongvehicle.com\/wp-content\/uploads\/2026\/02\/howo-oil-tanker-401.webp\" class=\"attachment-full size-full\" alt=\"\" srcset=\"https:\/\/www.shuntongvehicle.com\/wp-content\/uploads\/2026\/02\/howo-oil-tanker-401.webp 750w, https:\/\/www.shuntongvehicle.com\/wp-content\/uploads\/2026\/02\/howo-oil-tanker-401-300x164.webp 300w, https:\/\/www.shuntongvehicle.com\/wp-content\/uploads\/2026\/02\/howo-oil-tanker-401-18x10.webp 18w, https:\/\/www.shuntongvehicle.com\/wp-content\/uploads\/2026\/02\/howo-oil-tanker-401-600x329.webp 600w\" sizes=\"(max-width: 750px) 100vw, 750px\" \/><\/a>\n\t\t\t<\/div><\/figure><figure class='gallery-item'>\n\t\t\t<div class='gallery-icon landscape'>\n\t\t\t\t<a href='https:\/\/www.shuntongvehicle.com\/es\/?attachment_id=5758'><img loading=\"lazy\" decoding=\"async\" width=\"750\" height=\"411\" src=\"https:\/\/www.shuntongvehicle.com\/wp-content\/uploads\/2026\/02\/howo-oil-tanker-402.webp\" class=\"attachment-full size-full\" alt=\"\" srcset=\"https:\/\/www.shuntongvehicle.com\/wp-content\/uploads\/2026\/02\/howo-oil-tanker-402.webp 750w, https:\/\/www.shuntongvehicle.com\/wp-content\/uploads\/2026\/02\/howo-oil-tanker-402-300x164.webp 300w, https:\/\/www.shuntongvehicle.com\/wp-content\/uploads\/2026\/02\/howo-oil-tanker-402-18x10.webp 18w, https:\/\/www.shuntongvehicle.com\/wp-content\/uploads\/2026\/02\/howo-oil-tanker-402-600x329.webp 600w\" sizes=\"(max-width: 750px) 100vw, 750px\" \/><\/a>\n\t\t\t<\/div><\/figure><figure class='gallery-item'>\n\t\t\t<div class='gallery-icon landscape'>\n\t\t\t\t<a href='https:\/\/www.shuntongvehicle.com\/es\/?attachment_id=5759'><img loading=\"lazy\" decoding=\"async\" width=\"750\" height=\"411\" src=\"https:\/\/www.shuntongvehicle.com\/wp-content\/uploads\/2026\/02\/howo-oil-tanker-403.webp\" class=\"attachment-full size-full\" alt=\"\" srcset=\"https:\/\/www.shuntongvehicle.com\/wp-content\/uploads\/2026\/02\/howo-oil-tanker-403.webp 750w, https:\/\/www.shuntongvehicle.com\/wp-content\/uploads\/2026\/02\/howo-oil-tanker-403-300x164.webp 300w, https:\/\/www.shuntongvehicle.com\/wp-content\/uploads\/2026\/02\/howo-oil-tanker-403-18x10.webp 18w, https:\/\/www.shuntongvehicle.com\/wp-content\/uploads\/2026\/02\/howo-oil-tanker-403-600x329.webp 600w\" sizes=\"(max-width: 750px) 100vw, 750px\" \/><\/a>\n\t\t\t<\/div><\/figure>\n\t\t<\/div>","protected":false},"excerpt":{"rendered":"<p>SINOTRUK HOWO OIL TANKER es famoso por resistente, fuerte, confiable y de bajo costo de operaci\u00f3n, SINOTRUK HOWO OIL TANKER ha ganado una gran reputaci\u00f3n en el campo del transporte de larga distancia, tanto en el mercado interno de China y el mercado de ultramar.<br \/>\n<strong>Modelos<\/strong><br \/>\n<strong>Motor :<\/strong> MC07H.35-60<br \/>\n<strong>Relaci\u00f3n del eje trasero:<\/strong> 5.32<br \/>\n<strong>Caja de cambios:<\/strong> HW25712XSTL<br \/>\n<strong>Potencia del motor:<\/strong> 336 CV<br \/>\n<strong>Dep\u00f3sito de combustible (L):<\/strong> 400<\/p>","protected":false},"featured_media":6029,"template":"","meta":{"_seopress_robots_primary_cat":"none","_seopress_titles_title":"%%post_title%%","_seopress_titles_desc":"%%post_excerpt%%","_seopress_robots_index":"","_uag_custom_page_level_css":"","site-sidebar-layout":"default","site-content-layout":"","ast-site-content-layout":"default","site-content-style":"default","site-sidebar-style":"default","ast-global-header-display":"","ast-banner-title-visibility":"","ast-main-header-display":"","ast-hfb-above-header-display":"","ast-hfb-below-header-display":"","ast-hfb-mobile-header-display":"","site-post-title":"","ast-breadcrumbs-content":"","ast-featured-img":"","footer-sml-layout":"","theme-transparent-header-meta":"default","adv-header-id-meta":"","stick-header-meta":"default","header-above-stick-meta":"","header-main-stick-meta":"","header-below-stick-meta":"","astra-migrate-meta-layouts":"set","ast-page-background-enabled":"default","ast-page-background-meta":{"desktop":{"background-color":"","background-image":"","background-repeat":"repeat","background-position":"center center","background-size":"auto","background-attachment":"scroll","background-type":"","background-media":"","overlay-type":"","overlay-color":"","overlay-opacity":"","overlay-gradient":""},"tablet":{"background-color":"","background-image":"","background-repeat":"repeat","background-position":"center center","background-size":"auto","background-attachment":"scroll","background-type":"","background-media":"","overlay-type":"","overlay-color":"","overlay-opacity":"","overlay-gradient":""},"mobile":{"background-color":"","background-image":"","background-repeat":"repeat","background-position":"center center","background-size":"auto","background-attachment":"scroll","background-type":"","background-media":"","overlay-type":"","overlay-color":"","overlay-opacity":"","overlay-gradient":""}},"ast-content-background-meta":{"desktop":{"background-color":"var(--ast-global-color-5)","background-image":"","background-repeat":"repeat","background-position":"center center","background-size":"auto","background-attachment":"scroll","background-type":"","background-media":"","overlay-type":"","overlay-color":"","overlay-opacity":"","overlay-gradient":""},"tablet":{"background-color":"var(--ast-global-color-5)","background-image":"","background-repeat":"repeat","background-position":"center center","background-size":"auto","background-attachment":"scroll","background-type":"","background-media":"","overlay-type":"","overlay-color":"","overlay-opacity":"","overlay-gradient":""},"mobile":{"background-color":"var(--ast-global-color-5)","background-image":"","background-repeat":"repeat","background-position":"center center","background-size":"auto","background-attachment":"scroll","background-type":"","background-media":"","overlay-type":"","overlay-color":"","overlay-opacity":"","overlay-gradient":""}}},"product_brand":[],"product_cat":[92],"product_tag":[],"class_list":{"0":"post-5755","1":"product","2":"type-product","3":"status-publish","4":"has-post-thumbnail","6":"product_cat-howo-6x4-fuel-tanker-truck","7":"desktop-align-left","8":"tablet-align-left","9":"mobile-align-left","10":"ast-product-gallery-layout-horizontal-slider","11":"ast-product-gallery-with-no-image","12":"ast-product-tabs-layout-horizontal","14":"first","15":"instock","16":"shipping-taxable","17":"product-type-simple"},"uagb_featured_image_src":{"full":["https:\/\/www.shuntongvehicle.com\/wp-content\/uploads\/2026\/02\/1-8.jpg",700,700,false],"thumbnail":["https:\/\/www.shuntongvehicle.com\/wp-content\/uploads\/2026\/02\/1-8-150x150.jpg",150,150,true],"medium":["https:\/\/www.shuntongvehicle.com\/wp-content\/uploads\/2026\/02\/1-8-300x300.jpg",300,300,true],"medium_large":["https:\/\/www.shuntongvehicle.com\/wp-content\/uploads\/2026\/02\/1-8.jpg",700,700,false],"large":["https:\/\/www.shuntongvehicle.com\/wp-content\/uploads\/2026\/02\/1-8.jpg",700,700,false],"1536x1536":["https:\/\/www.shuntongvehicle.com\/wp-content\/uploads\/2026\/02\/1-8.jpg",700,700,false],"2048x2048":["https:\/\/www.shuntongvehicle.com\/wp-content\/uploads\/2026\/02\/1-8.jpg",700,700,false],"trp-custom-language-flag":["https:\/\/www.shuntongvehicle.com\/wp-content\/uploads\/2026\/02\/1-8-12x12.jpg",12,12,true],"woocommerce_thumbnail":["https:\/\/www.shuntongvehicle.com\/wp-content\/uploads\/2026\/02\/1-8-600x600.jpg",600,600,true],"woocommerce_single":["https:\/\/www.shuntongvehicle.com\/wp-content\/uploads\/2026\/02\/1-8-600x600.jpg",600,600,true],"woocommerce_gallery_thumbnail":["https:\/\/www.shuntongvehicle.com\/wp-content\/uploads\/2026\/02\/1-8-100x100.jpg",100,100,true]},"uagb_author_info":{"display_name":"jinxing6611@gmail.com","author_link":"https:\/\/www.shuntongvehicle.com\/es\/author\/"},"uagb_comment_info":0,"uagb_excerpt":"SINOTRUK HOWO OIL TANKER is famous for tough, strong, reliable and low operation cost, SINOTRUK HOWO OIL TANKER has earned a great reputation in the field of long-distance transportation in both China domestic market and overseas market. Models Engine : MC07H.35-60 Rear axle ratio: 5.32 Gearbox: HW25712XSTL Engine Horse Power: 336 HP Fuel tank (L):&hellip;","_links":{"self":[{"href":"https:\/\/www.shuntongvehicle.com\/es\/wp-json\/wp\/v2\/product\/5755","targetHints":{"allow":["GET"]}}],"collection":[{"href":"https:\/\/www.shuntongvehicle.com\/es\/wp-json\/wp\/v2\/product"}],"about":[{"href":"https:\/\/www.shuntongvehicle.com\/es\/wp-json\/wp\/v2\/types\/product"}],"wp:featuredmedia":[{"embeddable":true,"href":"https:\/\/www.shuntongvehicle.com\/es\/wp-json\/wp\/v2\/media\/6029"}],"wp:attachment":[{"href":"https:\/\/www.shuntongvehicle.com\/es\/wp-json\/wp\/v2\/media?parent=5755"}],"wp:term":[{"taxonomy":"product_brand","embeddable":true,"href":"https:\/\/www.shuntongvehicle.com\/es\/wp-json\/wp\/v2\/product_brand?post=5755"},{"taxonomy":"product_cat","embeddable":true,"href":"https:\/\/www.shuntongvehicle.com\/es\/wp-json\/wp\/v2\/product_cat?post=5755"},{"taxonomy":"product_tag","embeddable":true,"href":"https:\/\/www.shuntongvehicle.com\/es\/wp-json\/wp\/v2\/product_tag?post=5755"}],"curies":[{"name":"wp","href":"https:\/\/api.w.org\/{rel}","templated":true}]}}