{"id":5778,"date":"2026-02-02T04:05:09","date_gmt":"2026-02-02T04:05:09","guid":{"rendered":"http:\/\/www.shuntongvehicle.com\/?post_type=product&#038;p=5778"},"modified":"2026-02-03T03:29:48","modified_gmt":"2026-02-03T03:29:48","slug":"howo-mixer-truck-t7h-6x4","status":"publish","type":"product","link":"https:\/\/www.shuntongvehicle.com\/es\/product\/howo-mixer-truck-t7h-6x4\/","title":{"rendered":"Cami\u00f3n hormigonera Howo T7H 6X4"},"content":{"rendered":"<h3>Aplicaci\u00f3n<\/h3>\n<p>Hormigonera Howo pensada para el trabajo con cemento<\/p>\n<p><img alt=\"\" fetchpriority=\"high\" decoding=\"async\" class=\"alignnone wp-image-5782 size-full\" src=\"http:\/\/www.shuntongvehicle.com\/wp-content\/uploads\/2026\/02\/3-Mixer-Truck.webp\" width=\"1600\" height=\"591\" srcset=\"https:\/\/www.shuntongvehicle.com\/wp-content\/uploads\/2026\/02\/3-Mixer-Truck.webp 1600w, https:\/\/www.shuntongvehicle.com\/wp-content\/uploads\/2026\/02\/3-Mixer-Truck-300x111.webp 300w, https:\/\/www.shuntongvehicle.com\/wp-content\/uploads\/2026\/02\/3-Mixer-Truck-1024x378.webp 1024w, https:\/\/www.shuntongvehicle.com\/wp-content\/uploads\/2026\/02\/3-Mixer-Truck-768x284.webp 768w, https:\/\/www.shuntongvehicle.com\/wp-content\/uploads\/2026\/02\/3-Mixer-Truck-1536x567.webp 1536w, https:\/\/www.shuntongvehicle.com\/wp-content\/uploads\/2026\/02\/3-Mixer-Truck-18x7.webp 18w, https:\/\/www.shuntongvehicle.com\/wp-content\/uploads\/2026\/02\/3-Mixer-Truck-600x222.webp 600w\" sizes=\"(max-width: 1600px) 100vw, 1600px\" \/><\/p>\n<h4>Caracter\u00edsticas<\/h4>\n<h3><strong>Cami\u00f3n hormigonera Howo T7H 6X4<\/strong><\/h3>\n<table border=\"1\" width=\"100%\" cellspacing=\"0\" cellpadding=\"0\">\n<tbody>\n<tr>\n<td>Cabina<\/td>\n<td colspan=\"3\">Tipo de conducci\u00f3n 6\u00d74 LHD\/RHD<br \/>\nT7H-W-Wide-cuerpo de piso bajo Longitud de la cabina de techo plano.Option:Upgrade Edition;litera individual, cinturones de seguridad, A \/ C, 70 \u00b0 hidr\u00e1ulicamente cultivable a la parte delantera como foto adjunta para ref.<\/td>\n<\/tr>\n<tr>\n<td rowspan=\"2\">Dimensiones<\/td>\n<td colspan=\"1\">Dimensiones totales (L\u00d7A\u00d7H)mm<\/td>\n<td colspan=\"2\">10005x2496x3980<\/td>\n<\/tr>\n<tr>\n<td colspan=\"1\">Distancia entre ejes (mm)<\/td>\n<td colspan=\"2\">4025+1350<\/td>\n<\/tr>\n<tr>\n<td rowspan=\"4\">Peso en KGS<\/td>\n<td colspan=\"1\">Peso de tara<\/td>\n<td colspan=\"2\">14170<\/td>\n<\/tr>\n<tr>\n<td colspan=\"1\">Capacidad de carga<\/td>\n<td colspan=\"2\">12070<\/td>\n<\/tr>\n<tr>\n<td colspan=\"1\">Capacidad de carga de los ejes delanteros<\/td>\n<td colspan=\"2\">1\u00d79000<\/td>\n<\/tr>\n<tr>\n<td colspan=\"1\">Capacidad de carga de los ejes traseros<\/td>\n<td colspan=\"2\">2\u00d716000<\/td>\n<\/tr>\n<tr>\n<td>Rendimiento<\/td>\n<td colspan=\"1\">Velocidad m\u00e1xima de conducci\u00f3n (km\/h)<\/td>\n<td colspan=\"2\">80<\/td>\n<\/tr>\n<tr>\n<td rowspan=\"4\">Motor<\/td>\n<td colspan=\"1\">Marca<\/td>\n<td colspan=\"2\">SINOTRUK<\/td>\n<\/tr>\n<tr>\n<td colspan=\"1\">Tipo<\/td>\n<td colspan=\"2\">6 cilindros en l\u00ednea,4 tiempos,refrigerado por agua,sobrealimentaci\u00f3n refrigerador intermedio,common rail de alta presi\u00f3n<\/td>\n<\/tr>\n<tr>\n<td colspan=\"1\">Potencia en caballos (CV)\/(KPM)<\/td>\n<td colspan=\"2\">390CV<\/td>\n<\/tr>\n<tr>\n<td colspan=\"1\">Norma de emisi\u00f3n<\/td>\n<td colspan=\"2\">Euro III<\/td>\n<\/tr>\n<tr>\n<td>Transmisi\u00f3n<\/td>\n<td colspan=\"3\">Transmisi\u00f3n HW19710 o HW23710,10 hacia delante y 2 hacia atr\u00e1s<\/td>\n<\/tr>\n<tr>\n<td>Engranaje de direcci\u00f3n<\/td>\n<td colspan=\"3\">Direcci\u00f3n asistida ZF, modelo ZF8098, direcci\u00f3n hidr\u00e1ulica con asistencia el\u00e9ctrica<\/td>\n<\/tr>\n<tr>\n<td>Dep\u00f3sito de combustible (L)<\/td>\n<td colspan=\"3\">400<\/td>\n<\/tr>\n<tr>\n<td>Neum\u00e1tico<\/td>\n<td colspan=\"3\">12.00-20,Optional 12.00R20,11.00-20,11.00R20<\/td>\n<\/tr>\n<tr>\n<td colspan=\"4\">Cuerpo mezclador\uff1a<\/td>\n<\/tr>\n<tr>\n<td>Volumen<\/td>\n<td colspan=\"3\">12 CBM<\/td>\n<\/tr>\n<tr>\n<td>Grosor del cuerpo<\/td>\n<td colspan=\"3\" rowspan=\"1\">Acero de alta resistencia a la tracci\u00f3n 6 mm<\/td>\n<\/tr>\n<tr>\n<td rowspan=\"3\">Hidr\u00e1ulica<\/td>\n<td colspan=\"3\">De importaci\u00f3n alemana o italiana<\/td>\n<\/tr>\n<tr>\n<td colspan=\"3\">De importaci\u00f3n alemana o italiana<\/td>\n<\/tr>\n<tr>\n<td colspan=\"3\">De importaci\u00f3n alemana o italiana<\/td>\n<\/tr>\n<\/tbody>\n<\/table>\n<p><span style=\"font-size: 16px;\">\t\t<div data-elementor-type=\"section\" data-elementor-id=\"5725\" class=\"elementor elementor-5725\" data-elementor-post-type=\"elementor_library\">\n\t\t\t<div class=\"elementor-element elementor-element-6a3656a8 e-con-full e-flex e-con e-parent\" data-id=\"6a3656a8\" data-element_type=\"container\" data-settings=\"{&quot;background_background&quot;:&quot;classic&quot;}\">\n\t\t\t\t<div class=\"elementor-element elementor-element-1d448148 elementor-widget elementor-widget-heading\" data-id=\"1d448148\" data-element_type=\"widget\" data-widget_type=\"heading.default\">\n\t\t\t\t\t\t<div class=\"elementor-widget-container\">\n\t\t\t\t\t<h2 class=\"elementor-heading-title elementor-size-default\">Rendimiento\n<\/h2>\t\t\t\t<\/div>\n\t\t\t\t<\/div>\n\t\t\t\t<div class=\"elementor-element elementor-element-3704e44e elementor-widget elementor-widget-text-editor\" data-id=\"3704e44e\" data-element_type=\"widget\" data-widget_type=\"text-editor.default\">\n\t\t\t\t\t\t<div class=\"elementor-widget-container\">\n\t\t\t\t\t\t\t\t\t<p>El d\u00famper Howo es tan vers\u00e1til como sus retos diarios en la construcci\u00f3n y la miner\u00eda. Gracias al motor Sinotruk, aporta a\u00fan m\u00e1s capacidad de transporte y seguridad a su obra. Convirti\u00e9ndolo en un socio fiable y eficiente para su trabajo.<\/p>\t\t\t\t\t\t\t\t<\/div>\n\t\t\t\t<\/div>\n\t\t<div class=\"elementor-element elementor-element-7d48afda e-grid e-con-full e-con e-child\" data-id=\"7d48afda\" data-element_type=\"container\">\n\t\t\t\t<div class=\"elementor-element elementor-element-6a5e358a elementor-position-top elementor-widget elementor-widget-image-box\" data-id=\"6a5e358a\" data-element_type=\"widget\" data-widget_type=\"image-box.default\">\n\t\t\t\t\t\t<div class=\"elementor-widget-container\">\n\t\t\t\t\t<div class=\"elementor-image-box-wrapper\"><figure class=\"elementor-image-box-img\"><img alt=\"\" decoding=\"async\" width=\"472\" height=\"297\" src=\"https:\/\/www.shuntongvehicle.com\/wp-content\/uploads\/2026\/01\/img30.jpg\" class=\"attachment-full size-full wp-image-5410\" srcset=\"https:\/\/www.shuntongvehicle.com\/wp-content\/uploads\/2026\/01\/img30.jpg 472w, https:\/\/www.shuntongvehicle.com\/wp-content\/uploads\/2026\/01\/img30-300x189.jpg 300w, https:\/\/www.shuntongvehicle.com\/wp-content\/uploads\/2026\/01\/img30-18x12.jpg 18w\" sizes=\"(max-width: 472px) 100vw, 472px\" \/><\/figure><div class=\"elementor-image-box-content\"><h4 class=\"elementor-image-box-title\">Seguro y fiable<\/h4><p class=\"elementor-image-box-description\">Motor 2.0T turboalimentado m\u00e1s eficiente y econ\u00f3mico. Suspensi\u00f3n delantera independiente McPherson \/ Suspensi\u00f3n trasera de alta resistencia con barra de torsi\u00f3n Carrocer\u00eda de jaula de ultra alta resistencia, Boro reforzado<\/p><\/div><\/div>\t\t\t\t<\/div>\n\t\t\t\t<\/div>\n\t\t\t\t<div class=\"elementor-element elementor-element-c120bfa elementor-position-top elementor-widget elementor-widget-image-box\" data-id=\"c120bfa\" data-element_type=\"widget\" data-widget_type=\"image-box.default\">\n\t\t\t\t\t\t<div class=\"elementor-widget-container\">\n\t\t\t\t\t<div class=\"elementor-image-box-wrapper\"><figure class=\"elementor-image-box-img\"><img alt=\"\" decoding=\"async\" width=\"477\" height=\"296\" src=\"https:\/\/www.shuntongvehicle.com\/wp-content\/uploads\/2026\/01\/img31.jpg\" class=\"attachment-full size-full wp-image-5412\" srcset=\"https:\/\/www.shuntongvehicle.com\/wp-content\/uploads\/2026\/01\/img31.jpg 477w, https:\/\/www.shuntongvehicle.com\/wp-content\/uploads\/2026\/01\/img31-300x186.jpg 300w, https:\/\/www.shuntongvehicle.com\/wp-content\/uploads\/2026\/01\/img31-18x12.jpg 18w\" sizes=\"(max-width: 477px) 100vw, 477px\" \/><\/figure><div class=\"elementor-image-box-content\"><h4 class=\"elementor-image-box-title\">Conducci\u00f3n confortable<\/h4><p class=\"elementor-image-box-description\">Amortiguador hidr\u00e1ulico monotubo Bosch 9.3 ESPSuspensi\u00f3n independiente delantera y trasera\n<\/p><\/div><\/div>\t\t\t\t<\/div>\n\t\t\t\t<\/div>\n\t\t\t\t<div class=\"elementor-element elementor-element-2312addb elementor-position-top elementor-widget elementor-widget-image-box\" data-id=\"2312addb\" data-element_type=\"widget\" data-widget_type=\"image-box.default\">\n\t\t\t\t\t\t<div class=\"elementor-widget-container\">\n\t\t\t\t\t<div class=\"elementor-image-box-wrapper\"><figure class=\"elementor-image-box-img\"><img alt=\"\" loading=\"lazy\" decoding=\"async\" width=\"473\" height=\"296\" src=\"https:\/\/www.shuntongvehicle.com\/wp-content\/uploads\/2026\/01\/img32.jpg\" class=\"attachment-full size-full wp-image-5414\" srcset=\"https:\/\/www.shuntongvehicle.com\/wp-content\/uploads\/2026\/01\/img32.jpg 473w, https:\/\/www.shuntongvehicle.com\/wp-content\/uploads\/2026\/01\/img32-300x188.jpg 300w, https:\/\/www.shuntongvehicle.com\/wp-content\/uploads\/2026\/01\/img32-18x12.jpg 18w\" sizes=\"(max-width: 473px) 100vw, 473px\" \/><\/figure><div class=\"elementor-image-box-content\"><h4 class=\"elementor-image-box-title\">Lujo exclusivo<\/h4><p class=\"elementor-image-box-description\">Tapicer\u00eda interior de lujo en cuero de colores contrastados, asientos ergon\u00f3micos. Pantalla grande de alta definici\u00f3n de 10,25 pulgadas en cascada, conexi\u00f3n inteligente para el autom\u00f3vil.\n<\/p><\/div><\/div>\t\t\t\t<\/div>\n\t\t\t\t<\/div>\n\t\t\t\t<\/div>\n\t\t\t\t<\/div>\n\t\t<div class=\"elementor-element elementor-element-d9f073f e-grid e-con-boxed e-con e-parent\" data-id=\"d9f073f\" data-element_type=\"container\">\n\t\t\t\t\t<div class=\"e-con-inner\">\n\t\t\t\t<div class=\"elementor-element elementor-element-7295799e elementor-widget elementor-widget-uael-infobox\" data-id=\"7295799e\" data-element_type=\"widget\" data-widget_type=\"uael-infobox.default\">\n\t\t\t\t\t\t<div class=\"elementor-widget-container\">\n\t\t\t\t\t\n<div class=\"uael-module-content uael-infobox uael-imgicon-style-normal  uael-infobox-left  infobox-has-icon uael-infobox-icon-above-title  uael-infobox-link-type-none\">\n\t<div class=\"uael-infobox-left-right-wrap\">\n\t\t\t\t\t\t<div class=\"uael-infobox-content\">\n\t\t\t\t\t\t\t<div class=\"uael-module-content uael-imgicon-wrap\">\t\t\t\t\t\t\t\t\t\t\t\n\t\t\t\t\t\t\t\t\t\t\t\t\t\t<\/div>\n\t\t\t\t\t\t\t<div class='uael-infobox-title-wrap'><h4 class=\"uael-infobox-title elementor-inline-editing\" data-elementor-setting-key=\"infobox_title\" data-elementor-inline-editing-toolbar=\"basic\" >Cl\u00e1sico y elegante<\/h4><\/div>\t\t\t\t\t\t\t\t\t<div class=\"uael-infobox-text-wrap\">\n\t\t\t\t<div class=\"uael-infobox-text elementor-inline-editing\" data-elementor-setting-key=\"infobox_description\" data-elementor-inline-editing-toolbar=\"advanced\">\n\t\t\t\t\tDise\u00f1o est\u00e9tico que destaca por su concisi\u00f3n y potencia. Luces largas y cortas integradas, faros LED inductivos de alta luminosidad. Amplio techo panor\u00e1mico\n\n\t\t\t\t<\/div>\n\t\t\t\t\t\n\t\t\t\t\t\t\t<\/div>\n\t\t<\/div>\n\t\t\t<\/div>\n<\/div>\n\t\t\t\t<\/div>\n\t\t\t\t<\/div>\n\t\t\t\t<div class=\"elementor-element elementor-element-5e2131bd elementor-widget elementor-widget-uael-infobox\" data-id=\"5e2131bd\" data-element_type=\"widget\" data-widget_type=\"uael-infobox.default\">\n\t\t\t\t\t\t<div class=\"elementor-widget-container\">\n\t\t\t\t\t\n<div class=\"uael-module-content uael-infobox uael-imgicon-style-normal  uael-infobox-left  infobox-has-icon uael-infobox-icon-above-title  uael-infobox-link-type-none\">\n\t<div class=\"uael-infobox-left-right-wrap\">\n\t\t\t\t\t\t<div class=\"uael-infobox-content\">\n\t\t\t\t\t\t\t<div class=\"uael-module-content uael-imgicon-wrap\">\t\t\t\t\t\t\t\t\t\t\t\n\t\t\t\t\t\t\t\t\t\t\t\t\t\t<\/div>\n\t\t\t\t\t\t\t<div class='uael-infobox-title-wrap'><h4 class=\"uael-infobox-title elementor-inline-editing\" data-elementor-setting-key=\"infobox_title\" data-elementor-inline-editing-toolbar=\"basic\" >Tecnolog\u00eda<\/h4><\/div>\t\t\t\t\t\t\t\t\t<div class=\"uael-infobox-text-wrap\">\n\t\t\t\t<div class=\"uael-infobox-text elementor-inline-editing\" data-elementor-setting-key=\"infobox_description\" data-elementor-inline-editing-toolbar=\"advanced\">\n\t\t\t\t\tPantalla t\u00e1ctil de 10 pulgadas. Espejos laterales el\u00e9ctricos. Contador Digital. C\u00e1maras Panor\u00e1micas 360\u00ba. Control de Crucero. Sistema de Entrada Sin Llave. Navegaci\u00f3n GPS. Full LCD aire acondicionado panel t\u00e1ctil Bluetooth \/ tel\u00e9fono del coche Iniciar el sistema con un solo clic.\n\n\n\t\t\t\t<\/div>\n\t\t\t\t\t\n\t\t\t\t\t\t\t<\/div>\n\t\t<\/div>\n\t\t\t<\/div>\n<\/div>\n\t\t\t\t<\/div>\n\t\t\t\t<\/div>\n\t\t\t\t\t<\/div>\n\t\t\t\t<\/div>\n\t\t\t\t<\/div>\n\t\t<\/span><\/p>\n<p><strong>Galer\u00eda<\/strong><br \/>\nSINOTRUK Howo cami\u00f3n hormigonera hace que el transporte de hormig\u00f3n, mezclando todo el camino hasta el lugar de trabajo. El mejor chasis de cami\u00f3n hormigonera Howo y sistema mezclador significa que todo sucede en la parte superior de una base s\u00f3lida.<\/p>\n<div id='gallery-1' class='gallery galleryid-5778 gallery-columns-2 gallery-size-full'><figure class='gallery-item'>\n\t\t\t<div class='gallery-icon landscape'>\n\t\t\t\t<a href='https:\/\/www.shuntongvehicle.com\/es\/?attachment_id=5783'><img loading=\"lazy\" decoding=\"async\" width=\"750\" height=\"411\" src=\"https:\/\/www.shuntongvehicle.com\/wp-content\/uploads\/2026\/02\/3-Mixer-Truck-2.webp\" class=\"attachment-full size-full\" alt=\"\" srcset=\"https:\/\/www.shuntongvehicle.com\/wp-content\/uploads\/2026\/02\/3-Mixer-Truck-2.webp 750w, https:\/\/www.shuntongvehicle.com\/wp-content\/uploads\/2026\/02\/3-Mixer-Truck-2-300x164.webp 300w, https:\/\/www.shuntongvehicle.com\/wp-content\/uploads\/2026\/02\/3-Mixer-Truck-2-18x10.webp 18w, https:\/\/www.shuntongvehicle.com\/wp-content\/uploads\/2026\/02\/3-Mixer-Truck-2-600x329.webp 600w\" sizes=\"(max-width: 750px) 100vw, 750px\" \/><\/a>\n\t\t\t<\/div><\/figure><figure class='gallery-item'>\n\t\t\t<div class='gallery-icon landscape'>\n\t\t\t\t<a href='https:\/\/www.shuntongvehicle.com\/es\/?attachment_id=5785'><img loading=\"lazy\" decoding=\"async\" width=\"750\" height=\"411\" src=\"https:\/\/www.shuntongvehicle.com\/wp-content\/uploads\/2026\/02\/49.jpg\" class=\"attachment-full size-full\" alt=\"\" srcset=\"https:\/\/www.shuntongvehicle.com\/wp-content\/uploads\/2026\/02\/49.jpg 750w, https:\/\/www.shuntongvehicle.com\/wp-content\/uploads\/2026\/02\/49-300x164.jpg 300w, https:\/\/www.shuntongvehicle.com\/wp-content\/uploads\/2026\/02\/49-18x10.jpg 18w, https:\/\/www.shuntongvehicle.com\/wp-content\/uploads\/2026\/02\/49-600x329.jpg 600w\" sizes=\"(max-width: 750px) 100vw, 750px\" \/><\/a>\n\t\t\t<\/div><\/figure>\n\t\t<\/div>","protected":false},"excerpt":{"rendered":"<p>SINOTRUK Howo cami\u00f3n hormigonera hace que el transporte de hormig\u00f3n, mezclando todo el camino hasta el lugar de trabajo. El mejor chasis de cami\u00f3n hormigonera Howo y sistema mezclador significa que todo sucede en la parte superior de una base s\u00f3lida.<\/p>","protected":false},"featured_media":6035,"template":"","meta":{"_seopress_robots_primary_cat":"none","_seopress_titles_title":"%%post_title%%","_seopress_titles_desc":"%%post_excerpt%%","_seopress_robots_index":"","_uag_custom_page_level_css":"","site-sidebar-layout":"default","site-content-layout":"","ast-site-content-layout":"default","site-content-style":"default","site-sidebar-style":"default","ast-global-header-display":"","ast-banner-title-visibility":"","ast-main-header-display":"","ast-hfb-above-header-display":"","ast-hfb-below-header-display":"","ast-hfb-mobile-header-display":"","site-post-title":"","ast-breadcrumbs-content":"","ast-featured-img":"","footer-sml-layout":"","theme-transparent-header-meta":"default","adv-header-id-meta":"","stick-header-meta":"default","header-above-stick-meta":"","header-main-stick-meta":"","header-below-stick-meta":"","astra-migrate-meta-layouts":"set","ast-page-background-enabled":"default","ast-page-background-meta":{"desktop":{"background-color":"","background-image":"","background-repeat":"repeat","background-position":"center center","background-size":"auto","background-attachment":"scroll","background-type":"","background-media":"","overlay-type":"","overlay-color":"","overlay-opacity":"","overlay-gradient":""},"tablet":{"background-color":"","background-image":"","background-repeat":"repeat","background-position":"center center","background-size":"auto","background-attachment":"scroll","background-type":"","background-media":"","overlay-type":"","overlay-color":"","overlay-opacity":"","overlay-gradient":""},"mobile":{"background-color":"","background-image":"","background-repeat":"repeat","background-position":"center center","background-size":"auto","background-attachment":"scroll","background-type":"","background-media":"","overlay-type":"","overlay-color":"","overlay-opacity":"","overlay-gradient":""}},"ast-content-background-meta":{"desktop":{"background-color":"var(--ast-global-color-5)","background-image":"","background-repeat":"repeat","background-position":"center center","background-size":"auto","background-attachment":"scroll","background-type":"","background-media":"","overlay-type":"","overlay-color":"","overlay-opacity":"","overlay-gradient":""},"tablet":{"background-color":"var(--ast-global-color-5)","background-image":"","background-repeat":"repeat","background-position":"center center","background-size":"auto","background-attachment":"scroll","background-type":"","background-media":"","overlay-type":"","overlay-color":"","overlay-opacity":"","overlay-gradient":""},"mobile":{"background-color":"var(--ast-global-color-5)","background-image":"","background-repeat":"repeat","background-position":"center center","background-size":"auto","background-attachment":"scroll","background-type":"","background-media":"","overlay-type":"","overlay-color":"","overlay-opacity":"","overlay-gradient":""}}},"product_brand":[],"product_cat":[93],"product_tag":[],"class_list":{"0":"post-5778","1":"product","2":"type-product","3":"status-publish","4":"has-post-thumbnail","6":"product_cat-howo-6x4-mixer-tanker-truck","7":"desktop-align-left","8":"tablet-align-left","9":"mobile-align-left","10":"ast-product-gallery-layout-horizontal-slider","11":"ast-product-tabs-layout-horizontal","13":"first","14":"instock","15":"featured","16":"shipping-taxable","17":"product-type-simple"},"uagb_featured_image_src":{"full":["https:\/\/www.shuntongvehicle.com\/wp-content\/uploads\/2026\/02\/1-13.jpg",700,700,false],"thumbnail":["https:\/\/www.shuntongvehicle.com\/wp-content\/uploads\/2026\/02\/1-13-150x150.jpg",150,150,true],"medium":["https:\/\/www.shuntongvehicle.com\/wp-content\/uploads\/2026\/02\/1-13-300x300.jpg",300,300,true],"medium_large":["https:\/\/www.shuntongvehicle.com\/wp-content\/uploads\/2026\/02\/1-13.jpg",700,700,false],"large":["https:\/\/www.shuntongvehicle.com\/wp-content\/uploads\/2026\/02\/1-13.jpg",700,700,false],"1536x1536":["https:\/\/www.shuntongvehicle.com\/wp-content\/uploads\/2026\/02\/1-13.jpg",700,700,false],"2048x2048":["https:\/\/www.shuntongvehicle.com\/wp-content\/uploads\/2026\/02\/1-13.jpg",700,700,false],"trp-custom-language-flag":["https:\/\/www.shuntongvehicle.com\/wp-content\/uploads\/2026\/02\/1-13-12x12.jpg",12,12,true],"woocommerce_thumbnail":["https:\/\/www.shuntongvehicle.com\/wp-content\/uploads\/2026\/02\/1-13-600x600.jpg",600,600,true],"woocommerce_single":["https:\/\/www.shuntongvehicle.com\/wp-content\/uploads\/2026\/02\/1-13-600x600.jpg",600,600,true],"woocommerce_gallery_thumbnail":["https:\/\/www.shuntongvehicle.com\/wp-content\/uploads\/2026\/02\/1-13-100x100.jpg",100,100,true]},"uagb_author_info":{"display_name":"jinxing6611@gmail.com","author_link":"https:\/\/www.shuntongvehicle.com\/es\/author\/"},"uagb_comment_info":0,"uagb_excerpt":"SINOTRUK Howo Concrete Mixer Truck makes hauling concrete, mixing it all the way up to the job site. The best Howo concrete mixer truck chassis and mixer system mean everything happens on top of a strong foundation.","_links":{"self":[{"href":"https:\/\/www.shuntongvehicle.com\/es\/wp-json\/wp\/v2\/product\/5778","targetHints":{"allow":["GET"]}}],"collection":[{"href":"https:\/\/www.shuntongvehicle.com\/es\/wp-json\/wp\/v2\/product"}],"about":[{"href":"https:\/\/www.shuntongvehicle.com\/es\/wp-json\/wp\/v2\/types\/product"}],"wp:featuredmedia":[{"embeddable":true,"href":"https:\/\/www.shuntongvehicle.com\/es\/wp-json\/wp\/v2\/media\/6035"}],"wp:attachment":[{"href":"https:\/\/www.shuntongvehicle.com\/es\/wp-json\/wp\/v2\/media?parent=5778"}],"wp:term":[{"taxonomy":"product_brand","embeddable":true,"href":"https:\/\/www.shuntongvehicle.com\/es\/wp-json\/wp\/v2\/product_brand?post=5778"},{"taxonomy":"product_cat","embeddable":true,"href":"https:\/\/www.shuntongvehicle.com\/es\/wp-json\/wp\/v2\/product_cat?post=5778"},{"taxonomy":"product_tag","embeddable":true,"href":"https:\/\/www.shuntongvehicle.com\/es\/wp-json\/wp\/v2\/product_tag?post=5778"}],"curies":[{"name":"wp","href":"https:\/\/api.w.org\/{rel}","templated":true}]}}