{"id":5902,"date":"2026-02-02T08:48:14","date_gmt":"2026-02-02T08:48:14","guid":{"rendered":"http:\/\/www.shuntongvehicle.com\/?post_type=product&#038;p=5902"},"modified":"2026-02-02T09:06:10","modified_gmt":"2026-02-02T09:06:10","slug":"shacman-lhd-howo-4x2-clean-12000l-10tons-vacuum-sewer-cleaning-washing-jetting-tanker-truck-4x2-high-pressure-jet-sewage-suction-tanker-truck","status":"publish","type":"product","link":"https:\/\/www.shuntongvehicle.com\/es\/product\/shacman-lhd-howo-4x2-clean-12000l-10tons-vacuum-sewer-cleaning-washing-jetting-tanker-truck-4x2-high-pressure-jet-sewage-suction-tanker-truck\/","title":{"rendered":"Shacman LHD HOWO 4X2 Clean 12000L 10tons Vac\u00edo Alcantarillado Limpieza Lavado Jetting Cami\u00f3n Cisterna 4X2 Alta Presi\u00f3n Jet Alcantarillado Cami\u00f3n Cisterna de Succi\u00f3n"},"content":{"rendered":"<p>SHACMAN LHD 10Tons Vacuum Sewer Jetting Truck 4&#215;2 High Pressure Jet Suction Truck<\/p>\n<p><strong>1. Chassis:<\/strong><br \/>\n1)\u00a0Drive type:\u00a04&#215;2, 4&#215;4, 6&#215;4, 8&#215;4\u00a0etc.<br \/>\n2) Our factory has good business relationship with\u00a0DONGFENG, FOTON,\u00a0FAW, SINOTRUCK, SHACMAN, JAC, JMC,\u00a0etc.<br \/>\n2. Tanker body:From\u00a02m3 to 25 m3\u00a0capacity.<br \/>\n3. Accessory of sewage suction factions:\u00a0Equipped with PTO, transmission shaft, vacuum suction sewage pump, high pressure molding tank, moisture separator, gas-oil separation, multiple directional control valve, hanger rod, self-discharging valve, suck fecal gun and pipe network system.<\/p>\n<table border=\"1\" cellspacing=\"0\" cellpadding=\"0\">\n<tbody>\n<tr>\n<td colspan=\"4\"><b><strong>Chassis parameters<\/strong><\/b><\/td>\n<\/tr>\n<tr>\n<td>Condici\u00f3n<\/td>\n<td colspan=\"3\">New condition \/4&#215;2, right hand driving or left hand\u00a0\u00a0\u00a0driving<\/td>\n<\/tr>\n<tr>\n<td rowspan=\"11\">Main details<\/td>\n<td colspan=\"2\">Marca<\/td>\n<td>&#8211;<\/td>\n<\/tr>\n<tr>\n<td colspan=\"2\">Curb weight(kg)<\/td>\n<td>8900 kg<\/td>\n<\/tr>\n<tr>\n<td colspan=\"2\">Wheelbase(mm)<\/td>\n<td>4800 mm<\/td>\n<\/tr>\n<tr>\n<td colspan=\"2\">Dimensions(mm)<\/td>\n<td>9120*2500*3550mm<\/td>\n<\/tr>\n<tr>\n<td colspan=\"2\">Approach\/Departure angle(\u00b0)<\/td>\n<td>20\/17 \u00b0<\/td>\n<\/tr>\n<tr>\n<td colspan=\"2\">Max. driving speed(km\/h)<\/td>\n<td>95 km\/h<\/td>\n<\/tr>\n<tr>\n<td colspan=\"2\">Clutch<\/td>\n<td>Reinforced diaphragm clutch<\/td>\n<\/tr>\n<tr>\n<td colspan=\"2\">Brakes<\/td>\n<td>Air brakes<\/td>\n<\/tr>\n<tr>\n<td colspan=\"2\">Engranaje de direcci\u00f3n<\/td>\n<td>Power steering, hydraulic steering with\u00a0\u00a0\u00a0power assistance<\/td>\n<\/tr>\n<tr>\n<td rowspan=\"2\">Neum\u00e1tico<\/td>\n<td>Quantity<\/td>\n<td>6 pcs with one spare\u00a0\u00a0\u00a0tire<\/td>\n<\/tr>\n<tr>\n<td>Specifications<\/td>\n<td>11R22.5<\/td>\n<\/tr>\n<tr>\n<td>Transmisi\u00f3n<\/td>\n<td colspan=\"3\">Manual type, FAST\u00a0\u00a0\u00a0Brand, 8\u00a0Forwards and 1\u00a0reverse<\/td>\n<\/tr>\n<tr>\n<td>Cabina<\/td>\n<td colspan=\"3\">FOTON AUMARK Model,\u00a0<strong>with Air\u00a0\u00a0\u00a0Condition,<\/strong>\u00a0for 2~3 persons<\/td>\n<\/tr>\n<tr>\n<td rowspan=\"5\">&nbsp;<\/p>\n<p>Motor<\/td>\n<td colspan=\"2\">Marca<\/td>\n<td>Cummins Engine<\/td>\n<\/tr>\n<tr>\n<td colspan=\"2\">Horsepower(HP)<\/td>\n<td>210 HP<\/td>\n<\/tr>\n<tr>\n<td colspan=\"2\">Fuel type<\/td>\n<td>Diesel<\/td>\n<\/tr>\n<tr>\n<td colspan=\"2\">Displacement(ml)<\/td>\n<td>6500 ml<\/td>\n<\/tr>\n<tr>\n<td colspan=\"2\">Norma de emisi\u00f3n<\/td>\n<td>Euro 2\u00a0or Euro 3<\/td>\n<\/tr>\n<tr>\n<td>Power Supply<\/td>\n<td colspan=\"3\">PTO,one is for high\u00a0\u00a0\u00a0pressure water pump and another is for spare<\/td>\n<\/tr>\n<tr>\n<td colspan=\"4\"><strong>Sewage Suction &amp;\u00a0Cleaning System<\/strong><\/td>\n<\/tr>\n<tr>\n<td rowspan=\"4\">Water tank<\/td>\n<td colspan=\"2\">Capacity(cbm)<\/td>\n<td>4.0cbm\/4,000\u00a0\u00a0\u00a0liters<\/td>\n<\/tr>\n<tr>\n<td colspan=\"2\">Tank material<\/td>\n<td>Q235 carbon steel<\/td>\n<\/tr>\n<tr>\n<td colspan=\"2\">Thickness<\/td>\n<td>\u22655<\/td>\n<\/tr>\n<tr>\n<td colspan=\"2\">Safety protection device<\/td>\n<td>1-High water level;<\/p>\n<p>2-Low water level<\/p>\n<p>3-No water<\/td>\n<\/tr>\n<tr>\n<td rowspan=\"7\">Sewage tank<\/td>\n<td colspan=\"2\">Capacity(cbm\/liters)<\/td>\n<td>8.0cbm\/8,000\u00a0\u00a0\u00a0liters<\/td>\n<\/tr>\n<tr>\n<td colspan=\"2\">Tank material<\/td>\n<td>Q235 carbon steel<\/td>\n<\/tr>\n<tr>\n<td colspan=\"2\">Thickness(mm)<\/td>\n<td>\u22655<\/td>\n<\/tr>\n<tr>\n<td colspan=\"2\">Opening of Rear Cover<\/td>\n<td>100% open by\u00a0\u00a0\u00a0hydraulic control<\/td>\n<\/tr>\n<tr>\n<td colspan=\"2\">Working pressure<\/td>\n<td>93% Vacuum<\/td>\n<\/tr>\n<tr>\n<td colspan=\"2\">Sewer Discharging outlet(mm)<\/td>\n<td>100~150<\/td>\n<\/tr>\n<tr>\n<td colspan=\"3\">Tank is front tipping under function\u00a0\u00a0\u00a0of oil cylinder<\/td>\n<\/tr>\n<tr>\n<td rowspan=\"4\">Sewage pump<\/td>\n<td colspan=\"2\">Marca<\/td>\n<td>Italian Brand Jurop<\/td>\n<\/tr>\n<tr>\n<td colspan=\"2\">Max. Working Speed(r\/min)<\/td>\n<td>3300<\/td>\n<\/tr>\n<tr>\n<td colspan=\"2\">Max vacuum<\/td>\n<td>93%<\/td>\n<\/tr>\n<tr>\n<td colspan=\"2\">Rate flow rate<\/td>\n<td>2400 L\/min<\/td>\n<\/tr>\n<tr>\n<td rowspan=\"5\">High pressure\u00a0\u00a0\u00a0water pump<\/td>\n<td colspan=\"2\"><strong>Marca<\/strong><\/td>\n<td>China famous\u00a0\u00a0\u00a0brand<\/td>\n<\/tr>\n<tr>\n<td colspan=\"2\">Tipo<\/td>\n<td>Triple plunger\u00a0\u00a0\u00a0pump<\/td>\n<\/tr>\n<tr>\n<td colspan=\"2\">Max. Pressure(Bar\/Mpa)<\/td>\n<td>\u2265180\/18.0<\/td>\n<\/tr>\n<tr>\n<td colspan=\"2\">Rate speed(rpm)<\/td>\n<td>1500<\/td>\n<\/tr>\n<tr>\n<td colspan=\"2\">Rate flow(L\/min)<\/td>\n<td>300<\/td>\n<\/tr>\n<tr>\n<td rowspan=\"2\">High pressure\u00a0\u00a0\u00a0Winch<\/td>\n<td colspan=\"2\">Length of High\u00a0\u00a0\u00a0pressure hose(m)<\/td>\n<td>\u226560<\/td>\n<\/tr>\n<tr>\n<td colspan=\"2\">Diameters of\u00a0\u00a0\u00a0High pressure hose(mm)<\/td>\n<td>\u226519<\/td>\n<\/tr>\n<tr>\n<td>Water nozzle<\/td>\n<td colspan=\"3\">10 different\u00a0\u00a0\u00a0size water nozzle for cleaning sand,sludge and dirt<\/td>\n<\/tr>\n<tr>\n<td>Lamp<\/td>\n<td colspan=\"3\">1-Revolving\u00a0\u00a0\u00a0Warning Light on top<\/p>\n<p>2-Upper Arrow Warning light at truck rear<\/p>\n<p>3-Signal light at truck rear<\/td>\n<\/tr>\n<tr>\n<td>Main parts<\/td>\n<td colspan=\"3\">1. Hydraulic controlled suction hose<\/p>\n<p>2. Water-gas separator;<\/p>\n<p>3. Oil-gas separator<\/p>\n<p>4. Four way valve;<\/p>\n<p>5. Safety valve<\/p>\n<p>6. Anti overflow valve<\/p>\n<p>7. Anti overflow warning device<\/p>\n<p>8. Hydraulic control rear cover;<\/p>\n<p>8. Tipping\u00a0\u00a0\u00a0sewage tank body<\/td>\n<\/tr>\n<tr>\n<td>Remarks<\/td>\n<td colspan=\"3\">The color is optional<\/td>\n<\/tr>\n<\/tbody>\n<\/table>\n<p><img alt=\"\" fetchpriority=\"high\" decoding=\"async\" class=\"alignnone size-full wp-image-5910\" src=\"http:\/\/www.shuntongvehicle.com\/wp-content\/uploads\/2026\/02\/170_49.png\" width=\"1060\" height=\"795\" srcset=\"https:\/\/www.shuntongvehicle.com\/wp-content\/uploads\/2026\/02\/170_49.png 1060w, https:\/\/www.shuntongvehicle.com\/wp-content\/uploads\/2026\/02\/170_49-300x225.png 300w, https:\/\/www.shuntongvehicle.com\/wp-content\/uploads\/2026\/02\/170_49-1024x768.png 1024w, https:\/\/www.shuntongvehicle.com\/wp-content\/uploads\/2026\/02\/170_49-768x576.png 768w, https:\/\/www.shuntongvehicle.com\/wp-content\/uploads\/2026\/02\/170_49-16x12.png 16w, https:\/\/www.shuntongvehicle.com\/wp-content\/uploads\/2026\/02\/170_49-600x450.png 600w\" sizes=\"(max-width: 1060px) 100vw, 1060px\" \/><\/p>\n<p><img alt=\"\" decoding=\"async\" class=\"alignnone size-full wp-image-5911\" src=\"http:\/\/www.shuntongvehicle.com\/wp-content\/uploads\/2026\/02\/2-2.png\" width=\"1060\" height=\"596\" srcset=\"https:\/\/www.shuntongvehicle.com\/wp-content\/uploads\/2026\/02\/2-2.png 1060w, https:\/\/www.shuntongvehicle.com\/wp-content\/uploads\/2026\/02\/2-2-300x169.png 300w, https:\/\/www.shuntongvehicle.com\/wp-content\/uploads\/2026\/02\/2-2-1024x576.png 1024w, https:\/\/www.shuntongvehicle.com\/wp-content\/uploads\/2026\/02\/2-2-768x432.png 768w, https:\/\/www.shuntongvehicle.com\/wp-content\/uploads\/2026\/02\/2-2-18x10.png 18w, https:\/\/www.shuntongvehicle.com\/wp-content\/uploads\/2026\/02\/2-2-600x337.png 600w\" sizes=\"(max-width: 1060px) 100vw, 1060px\" \/><\/p>\n<p><img alt=\"\" decoding=\"async\" class=\"alignnone size-full wp-image-5912\" src=\"http:\/\/www.shuntongvehicle.com\/wp-content\/uploads\/2026\/02\/3-1.png\" width=\"1060\" height=\"596\" srcset=\"https:\/\/www.shuntongvehicle.com\/wp-content\/uploads\/2026\/02\/3-1.png 1060w, https:\/\/www.shuntongvehicle.com\/wp-content\/uploads\/2026\/02\/3-1-300x169.png 300w, https:\/\/www.shuntongvehicle.com\/wp-content\/uploads\/2026\/02\/3-1-1024x576.png 1024w, https:\/\/www.shuntongvehicle.com\/wp-content\/uploads\/2026\/02\/3-1-768x432.png 768w, https:\/\/www.shuntongvehicle.com\/wp-content\/uploads\/2026\/02\/3-1-18x10.png 18w, https:\/\/www.shuntongvehicle.com\/wp-content\/uploads\/2026\/02\/3-1-600x337.png 600w\" sizes=\"(max-width: 1060px) 100vw, 1060px\" \/><\/p>\n<p><img alt=\"\" loading=\"lazy\" decoding=\"async\" class=\"alignnone size-full wp-image-5913\" src=\"http:\/\/www.shuntongvehicle.com\/wp-content\/uploads\/2026\/02\/4-2.png\" width=\"1060\" height=\"596\" srcset=\"https:\/\/www.shuntongvehicle.com\/wp-content\/uploads\/2026\/02\/4-2.png 1060w, https:\/\/www.shuntongvehicle.com\/wp-content\/uploads\/2026\/02\/4-2-300x169.png 300w, https:\/\/www.shuntongvehicle.com\/wp-content\/uploads\/2026\/02\/4-2-1024x576.png 1024w, https:\/\/www.shuntongvehicle.com\/wp-content\/uploads\/2026\/02\/4-2-768x432.png 768w, https:\/\/www.shuntongvehicle.com\/wp-content\/uploads\/2026\/02\/4-2-18x10.png 18w, https:\/\/www.shuntongvehicle.com\/wp-content\/uploads\/2026\/02\/4-2-600x337.png 600w\" sizes=\"(max-width: 1060px) 100vw, 1060px\" \/><\/p>\n<p><img alt=\"\" loading=\"lazy\" decoding=\"async\" class=\"alignnone size-full wp-image-5914\" src=\"http:\/\/www.shuntongvehicle.com\/wp-content\/uploads\/2026\/02\/5-1.png\" width=\"1060\" height=\"596\" srcset=\"https:\/\/www.shuntongvehicle.com\/wp-content\/uploads\/2026\/02\/5-1.png 1060w, https:\/\/www.shuntongvehicle.com\/wp-content\/uploads\/2026\/02\/5-1-300x169.png 300w, https:\/\/www.shuntongvehicle.com\/wp-content\/uploads\/2026\/02\/5-1-1024x576.png 1024w, https:\/\/www.shuntongvehicle.com\/wp-content\/uploads\/2026\/02\/5-1-768x432.png 768w, https:\/\/www.shuntongvehicle.com\/wp-content\/uploads\/2026\/02\/5-1-18x10.png 18w, https:\/\/www.shuntongvehicle.com\/wp-content\/uploads\/2026\/02\/5-1-600x337.png 600w\" sizes=\"(max-width: 1060px) 100vw, 1060px\" \/><\/p>\n<p><img alt=\"\" loading=\"lazy\" decoding=\"async\" class=\"alignnone size-full wp-image-5915\" src=\"http:\/\/www.shuntongvehicle.com\/wp-content\/uploads\/2026\/02\/6-1.png\" width=\"1060\" height=\"795\" srcset=\"https:\/\/www.shuntongvehicle.com\/wp-content\/uploads\/2026\/02\/6-1.png 1060w, https:\/\/www.shuntongvehicle.com\/wp-content\/uploads\/2026\/02\/6-1-300x225.png 300w, https:\/\/www.shuntongvehicle.com\/wp-content\/uploads\/2026\/02\/6-1-1024x768.png 1024w, https:\/\/www.shuntongvehicle.com\/wp-content\/uploads\/2026\/02\/6-1-768x576.png 768w, https:\/\/www.shuntongvehicle.com\/wp-content\/uploads\/2026\/02\/6-1-16x12.png 16w, https:\/\/www.shuntongvehicle.com\/wp-content\/uploads\/2026\/02\/6-1-600x450.png 600w\" sizes=\"(max-width: 1060px) 100vw, 1060px\" \/><\/p>\n<p>&nbsp;<\/p>","protected":false},"excerpt":{"rendered":"<p>Emission Standard:Euro3, Euro4, Euro5<br \/>\nTransmission Type:Manual<br \/>\nTank Volume:3000L-6000L<br \/>\nHoesrpower:150-250hp<br \/>\nVacuum Pump:Chinese Brand, Italy Brand or Other Imported Brand<br \/>\nTank Material:4mm Carbon Steel<br \/>\nPayload:2t-5t<br \/>\nFuel:Diesel<br \/>\nDrive Wheel:4&#215;2<br \/>\nDrive Model:Right Hand Drive &amp; Left Hand Drive<br \/>\nSewage Suction Pipe:8m<br \/>\nGearbox:8 Forwards &amp; 1 Reverse<\/p>","protected":false},"featured_media":5903,"template":"","meta":{"_seopress_robots_primary_cat":"none","_seopress_titles_title":"%%post_title%%","_seopress_titles_desc":"%%post_excerpt%%","_seopress_robots_index":"","_uag_custom_page_level_css":"","site-sidebar-layout":"default","site-content-layout":"","ast-site-content-layout":"default","site-content-style":"default","site-sidebar-style":"default","ast-global-header-display":"","ast-banner-title-visibility":"","ast-main-header-display":"","ast-hfb-above-header-display":"","ast-hfb-below-header-display":"","ast-hfb-mobile-header-display":"","site-post-title":"","ast-breadcrumbs-content":"","ast-featured-img":"","footer-sml-layout":"","theme-transparent-header-meta":"default","adv-header-id-meta":"","stick-header-meta":"default","header-above-stick-meta":"","header-main-stick-meta":"","header-below-stick-meta":"","astra-migrate-meta-layouts":"set","ast-page-background-enabled":"default","ast-page-background-meta":{"desktop":{"background-color":"","background-image":"","background-repeat":"repeat","background-position":"center center","background-size":"auto","background-attachment":"scroll","background-type":"","background-media":"","overlay-type":"","overlay-color":"","overlay-opacity":"","overlay-gradient":""},"tablet":{"background-color":"","background-image":"","background-repeat":"repeat","background-position":"center center","background-size":"auto","background-attachment":"scroll","background-type":"","background-media":"","overlay-type":"","overlay-color":"","overlay-opacity":"","overlay-gradient":""},"mobile":{"background-color":"","background-image":"","background-repeat":"repeat","background-position":"center center","background-size":"auto","background-attachment":"scroll","background-type":"","background-media":"","overlay-type":"","overlay-color":"","overlay-opacity":"","overlay-gradient":""}},"ast-content-background-meta":{"desktop":{"background-color":"var(--ast-global-color-5)","background-image":"","background-repeat":"repeat","background-position":"center center","background-size":"auto","background-attachment":"scroll","background-type":"","background-media":"","overlay-type":"","overlay-color":"","overlay-opacity":"","overlay-gradient":""},"tablet":{"background-color":"var(--ast-global-color-5)","background-image":"","background-repeat":"repeat","background-position":"center center","background-size":"auto","background-attachment":"scroll","background-type":"","background-media":"","overlay-type":"","overlay-color":"","overlay-opacity":"","overlay-gradient":""},"mobile":{"background-color":"var(--ast-global-color-5)","background-image":"","background-repeat":"repeat","background-position":"center center","background-size":"auto","background-attachment":"scroll","background-type":"","background-media":"","overlay-type":"","overlay-color":"","overlay-opacity":"","overlay-gradient":""}}},"product_brand":[],"product_cat":[103],"product_tag":[],"class_list":{"0":"post-5902","1":"product","2":"type-product","3":"status-publish","4":"has-post-thumbnail","6":"product_cat-suction-type-sewer-scavenger","7":"desktop-align-left","8":"tablet-align-left","9":"mobile-align-left","10":"ast-product-gallery-layout-horizontal-slider","11":"ast-product-tabs-layout-horizontal","13":"first","14":"instock","15":"shipping-taxable","16":"product-type-simple"},"uagb_featured_image_src":{"full":["https:\/\/www.shuntongvehicle.com\/wp-content\/uploads\/2026\/02\/1.png",550,550,false],"thumbnail":["https:\/\/www.shuntongvehicle.com\/wp-content\/uploads\/2026\/02\/1-150x150.png",150,150,true],"medium":["https:\/\/www.shuntongvehicle.com\/wp-content\/uploads\/2026\/02\/1-300x300.png",300,300,true],"medium_large":["https:\/\/www.shuntongvehicle.com\/wp-content\/uploads\/2026\/02\/1.png",550,550,false],"large":["https:\/\/www.shuntongvehicle.com\/wp-content\/uploads\/2026\/02\/1.png",550,550,false],"1536x1536":["https:\/\/www.shuntongvehicle.com\/wp-content\/uploads\/2026\/02\/1.png",550,550,false],"2048x2048":["https:\/\/www.shuntongvehicle.com\/wp-content\/uploads\/2026\/02\/1.png",550,550,false],"trp-custom-language-flag":["https:\/\/www.shuntongvehicle.com\/wp-content\/uploads\/2026\/02\/1-12x12.png",12,12,true],"woocommerce_thumbnail":["https:\/\/www.shuntongvehicle.com\/wp-content\/uploads\/2026\/02\/1.png",550,550,false],"woocommerce_single":["https:\/\/www.shuntongvehicle.com\/wp-content\/uploads\/2026\/02\/1.png",550,550,false],"woocommerce_gallery_thumbnail":["https:\/\/www.shuntongvehicle.com\/wp-content\/uploads\/2026\/02\/1-100x100.png",100,100,true]},"uagb_author_info":{"display_name":"jinxing6611@gmail.com","author_link":"https:\/\/www.shuntongvehicle.com\/es\/author\/"},"uagb_comment_info":0,"uagb_excerpt":"Emission Standard:Euro3, Euro4, Euro5 Transmission Type:Manual Tank Volume:3000L-6000L Hoesrpower:150-250hp Vacuum Pump:Chinese Brand, Italy Brand or Other Imported Brand Tank Material:4mm Carbon Steel Payload:2t-5t Fuel:Diesel Drive Wheel:4x2 Drive Model:Right Hand Drive &amp; Left Hand Drive Sewage Suction Pipe:8m Gearbox:8 Forwards &amp; 1 Reverse","_links":{"self":[{"href":"https:\/\/www.shuntongvehicle.com\/es\/wp-json\/wp\/v2\/product\/5902","targetHints":{"allow":["GET"]}}],"collection":[{"href":"https:\/\/www.shuntongvehicle.com\/es\/wp-json\/wp\/v2\/product"}],"about":[{"href":"https:\/\/www.shuntongvehicle.com\/es\/wp-json\/wp\/v2\/types\/product"}],"wp:featuredmedia":[{"embeddable":true,"href":"https:\/\/www.shuntongvehicle.com\/es\/wp-json\/wp\/v2\/media\/5903"}],"wp:attachment":[{"href":"https:\/\/www.shuntongvehicle.com\/es\/wp-json\/wp\/v2\/media?parent=5902"}],"wp:term":[{"taxonomy":"product_brand","embeddable":true,"href":"https:\/\/www.shuntongvehicle.com\/es\/wp-json\/wp\/v2\/product_brand?post=5902"},{"taxonomy":"product_cat","embeddable":true,"href":"https:\/\/www.shuntongvehicle.com\/es\/wp-json\/wp\/v2\/product_cat?post=5902"},{"taxonomy":"product_tag","embeddable":true,"href":"https:\/\/www.shuntongvehicle.com\/es\/wp-json\/wp\/v2\/product_tag?post=5902"}],"curies":[{"name":"wp","href":"https:\/\/api.w.org\/{rel}","templated":true}]}}