{"id":4751,"date":"2026-01-21T07:50:51","date_gmt":"2026-01-21T07:50:51","guid":{"rendered":"http:\/\/www.shuntongvehicle.com\/?post_type=product&#038;p=4751"},"modified":"2026-02-06T02:16:51","modified_gmt":"2026-02-06T02:16:51","slug":"3-axle-60-tons-lowbed-semi-trailer","status":"publish","type":"product","link":"https:\/\/www.shuntongvehicle.com\/fr\/product\/3-axle-60-tons-lowbed-semi-trailer\/","title":{"rendered":"Semi-remorque surbaiss\u00e9e 3 essieux 60 tonnes"},"content":{"rendered":"<p>La semi-remorque surbaiss\u00e9e \u00e0 3 essieux SHUNTONG est populaire aupr\u00e8s de la plupart des clients, en particulier les clients d'Afrique et d'Asie de l'Est. La semi-remorque surbaiss\u00e9e est principalement utilis\u00e9e pour le transport de machines de construction lourdes, telles que l'excavateur, le bulldozer, etc.<\/p>\n<p>La remorque surbaiss\u00e9e est un type de remorque hautement personnalisable. Sa capacit\u00e9 de chargement et ses dimensions peuvent \u00eatre adapt\u00e9es aux besoins du client. La remorque surbaiss\u00e9e la plus vendue est celle \u00e0 3 essieux de 60 tonnes et \u00e0 3 essieux de 80 tonnes. La longueur est de 13000mm, la largeur est de 3000mm.<\/p>\n<p><img alt=\"\" fetchpriority=\"high\" decoding=\"async\" class=\"alignnone size-full wp-image-4762\" src=\"http:\/\/www.shuntongvehicle.com\/wp-content\/uploads\/2026\/01\/3758-202405101519432344.jpg\" width=\"750\" height=\"519\" srcset=\"https:\/\/www.shuntongvehicle.com\/wp-content\/uploads\/2026\/01\/3758-202405101519432344.jpg 750w, https:\/\/www.shuntongvehicle.com\/wp-content\/uploads\/2026\/01\/3758-202405101519432344-300x208.jpg 300w, https:\/\/www.shuntongvehicle.com\/wp-content\/uploads\/2026\/01\/3758-202405101519432344-18x12.jpg 18w, https:\/\/www.shuntongvehicle.com\/wp-content\/uploads\/2026\/01\/3758-202405101519432344-600x415.jpg 600w\" sizes=\"(max-width: 750px) 100vw, 750px\" \/><\/p>\n<p><img alt=\"\" decoding=\"async\" class=\"alignnone size-full wp-image-4764\" src=\"http:\/\/www.shuntongvehicle.com\/wp-content\/uploads\/2026\/01\/3758-202405101519497240.jpg\" width=\"750\" height=\"781\" srcset=\"https:\/\/www.shuntongvehicle.com\/wp-content\/uploads\/2026\/01\/3758-202405101519497240.jpg 750w, https:\/\/www.shuntongvehicle.com\/wp-content\/uploads\/2026\/01\/3758-202405101519497240-288x300.jpg 288w, https:\/\/www.shuntongvehicle.com\/wp-content\/uploads\/2026\/01\/3758-202405101519497240-12x12.jpg 12w, https:\/\/www.shuntongvehicle.com\/wp-content\/uploads\/2026\/01\/3758-202405101519497240-600x625.jpg 600w\" sizes=\"(max-width: 750px) 100vw, 750px\" \/><\/p>\n<p><img alt=\"\" decoding=\"async\" class=\"alignnone size-full wp-image-4763\" src=\"http:\/\/www.shuntongvehicle.com\/wp-content\/uploads\/2026\/01\/3758-202405101519566121.jpg\" width=\"750\" height=\"755\" srcset=\"https:\/\/www.shuntongvehicle.com\/wp-content\/uploads\/2026\/01\/3758-202405101519566121.jpg 750w, https:\/\/www.shuntongvehicle.com\/wp-content\/uploads\/2026\/01\/3758-202405101519566121-298x300.jpg 298w, https:\/\/www.shuntongvehicle.com\/wp-content\/uploads\/2026\/01\/3758-202405101519566121-150x150.jpg 150w, https:\/\/www.shuntongvehicle.com\/wp-content\/uploads\/2026\/01\/3758-202405101519566121-12x12.jpg 12w, https:\/\/www.shuntongvehicle.com\/wp-content\/uploads\/2026\/01\/3758-202405101519566121-600x604.jpg 600w, https:\/\/www.shuntongvehicle.com\/wp-content\/uploads\/2026\/01\/3758-202405101519566121-100x100.jpg 100w\" sizes=\"(max-width: 750px) 100vw, 750px\" \/><\/p>\n<table>\n<tbody>\n<tr class=\"firstRow\">\n<td valign=\"top\" width=\"380\">Nom<\/td>\n<td valign=\"top\" width=\"360\">semi-remorque surbaiss\u00e9e<\/td>\n<\/tr>\n<tr>\n<td valign=\"top\" width=\"380\">Taille<\/td>\n<td valign=\"top\" width=\"360\">13000*3000*1750 mm<\/td>\n<\/tr>\n<tr>\n<td valign=\"top\" width=\"360\">Capacit\u00e9 de chargement<\/td>\n<td valign=\"top\" width=\"360\">60 tonnes<\/td>\n<\/tr>\n<tr>\n<td valign=\"top\" width=\"380\">Plaque de fond<\/td>\n<td valign=\"top\" width=\"360\">Plaque quadrill\u00e9e de 5 mm d'\u00e9paisseur<\/td>\n<\/tr>\n<tr>\n<td valign=\"top\" width=\"380\">Essieu<\/td>\n<td valign=\"top\" width=\"360\">13 tonnes, 3 pi\u00e8ces<\/td>\n<\/tr>\n<tr>\n<td valign=\"top\" width=\"380\">Suspension<\/td>\n<td valign=\"top\" width=\"360\">Suspension m\u00e9canique<\/td>\n<\/tr>\n<tr>\n<td valign=\"top\" width=\"380\">Ressort \u00e0 lames<\/td>\n<td valign=\"top\" width=\"360\">90mm*13mm*10 couches<\/td>\n<\/tr>\n<tr>\n<td valign=\"top\" width=\"380\">Pneu<\/td>\n<td valign=\"top\" width=\"360\">12R22.5\/315\/80R22.5\/11.00R20 ; 12 pi\u00e8ces<\/td>\n<\/tr>\n<tr>\n<td valign=\"top\" width=\"380\">Jambe d'atterrissage<\/td>\n<td valign=\"top\" width=\"360\">28 tonnes, 2 vitesses, marque JOST<\/td>\n<\/tr>\n<tr>\n<td valign=\"top\" width=\"380\">Rampe<\/td>\n<td valign=\"top\" width=\"360\">\u00e9chelle m\u00e9canique<\/td>\n<\/tr>\n<tr>\n<td colspan=\"1\" rowspan=\"1\" valign=\"top\">Goupille royale<\/td>\n<td colspan=\"1\" rowspan=\"1\" valign=\"top\">50# ou 90#<\/td>\n<\/tr>\n<tr>\n<td colspan=\"1\" rowspan=\"1\" valign=\"top\">Couleur<\/td>\n<td colspan=\"1\" rowspan=\"1\" valign=\"top\">exigences du client<\/td>\n<\/tr>\n<\/tbody>\n<\/table>\n<p>Remorque surbaiss\u00e9e \u00e0 3 essieux de 60 tonnes pour le Kenya<\/p>\n<p>Semi-remorque surbaiss\u00e9e \u00e0 trois essieux \u00e0 vendre<\/p>\n<p><img alt=\"\" loading=\"lazy\" decoding=\"async\" class=\"alignnone size-large wp-image-4765\" src=\"http:\/\/www.shuntongvehicle.com\/wp-content\/uploads\/2026\/01\/3758-202405101520113011-675x1024.jpg\" width=\"675\" height=\"1024\" srcset=\"https:\/\/www.shuntongvehicle.com\/wp-content\/uploads\/2026\/01\/3758-202405101520113011-675x1024.jpg 675w, https:\/\/www.shuntongvehicle.com\/wp-content\/uploads\/2026\/01\/3758-202405101520113011-198x300.jpg 198w, https:\/\/www.shuntongvehicle.com\/wp-content\/uploads\/2026\/01\/3758-202405101520113011-8x12.jpg 8w, https:\/\/www.shuntongvehicle.com\/wp-content\/uploads\/2026\/01\/3758-202405101520113011-600x910.jpg 600w, https:\/\/www.shuntongvehicle.com\/wp-content\/uploads\/2026\/01\/3758-202405101520113011.jpg 750w\" sizes=\"(max-width: 675px) 100vw, 675px\" \/><\/p>\n<p><img alt=\"\" loading=\"lazy\" decoding=\"async\" class=\"alignnone size-full wp-image-4766\" src=\"http:\/\/www.shuntongvehicle.com\/wp-content\/uploads\/2026\/01\/3758-202405101520169865.jpg\" width=\"750\" height=\"789\" srcset=\"https:\/\/www.shuntongvehicle.com\/wp-content\/uploads\/2026\/01\/3758-202405101520169865.jpg 750w, https:\/\/www.shuntongvehicle.com\/wp-content\/uploads\/2026\/01\/3758-202405101520169865-285x300.jpg 285w, https:\/\/www.shuntongvehicle.com\/wp-content\/uploads\/2026\/01\/3758-202405101520169865-11x12.jpg 11w, https:\/\/www.shuntongvehicle.com\/wp-content\/uploads\/2026\/01\/3758-202405101520169865-600x631.jpg 600w\" sizes=\"(max-width: 750px) 100vw, 750px\" \/><\/p>\n<p><img alt=\"\" loading=\"lazy\" decoding=\"async\" class=\"alignnone size-large wp-image-4767\" src=\"http:\/\/www.shuntongvehicle.com\/wp-content\/uploads\/2026\/01\/3758-202405101520407302-690x1024.jpg\" width=\"690\" height=\"1024\" srcset=\"https:\/\/www.shuntongvehicle.com\/wp-content\/uploads\/2026\/01\/3758-202405101520407302-690x1024.jpg 690w, https:\/\/www.shuntongvehicle.com\/wp-content\/uploads\/2026\/01\/3758-202405101520407302-202x300.jpg 202w, https:\/\/www.shuntongvehicle.com\/wp-content\/uploads\/2026\/01\/3758-202405101520407302-8x12.jpg 8w, https:\/\/www.shuntongvehicle.com\/wp-content\/uploads\/2026\/01\/3758-202405101520407302-600x890.jpg 600w, https:\/\/www.shuntongvehicle.com\/wp-content\/uploads\/2026\/01\/3758-202405101520407302.jpg 750w\" sizes=\"(max-width: 690px) 100vw, 690px\" \/><\/p>\n<p>La poutre lat\u00e9rale en \"H\" est en acier \u00e0 haute r\u00e9sistance. Hauteur de 300 mm.<\/p>\n<div class=\"wmn-template-5\">\n<p class=\"wmn-title-darkblue-light\">Dessin de semi-remorques surbaiss\u00e9es \u00e0 3 essieux<\/p>\n<p><img alt=\"\" loading=\"lazy\" decoding=\"async\" class=\"alignnone size-full wp-image-4768\" src=\"http:\/\/www.shuntongvehicle.com\/wp-content\/uploads\/2026\/01\/3758-202403261553114966.jpg\" width=\"750\" height=\"506\" srcset=\"https:\/\/www.shuntongvehicle.com\/wp-content\/uploads\/2026\/01\/3758-202403261553114966.jpg 750w, https:\/\/www.shuntongvehicle.com\/wp-content\/uploads\/2026\/01\/3758-202403261553114966-300x202.jpg 300w, https:\/\/www.shuntongvehicle.com\/wp-content\/uploads\/2026\/01\/3758-202403261553114966-18x12.jpg 18w, https:\/\/www.shuntongvehicle.com\/wp-content\/uploads\/2026\/01\/3758-202403261553114966-600x405.jpg 600w\" sizes=\"(max-width: 750px) 100vw, 750px\" \/><\/p>\n<p>L'\u00e9chelle m\u00e9canique robuste garantit le passage en douceur des machines lourdes.<\/p>\n<\/div>\n<p>&nbsp;<\/p>\n<p>&nbsp;<\/p>","protected":false},"excerpt":{"rendered":"<p><span style=\"color: #1d2b68;\"><strong>Marque :<\/strong><\/span>Shuntong<br \/>\n<span style=\"color: #1d2b68;\"><strong>Origine du produit :<\/strong><\/span>ShanDong Chine<br \/>\n<strong><span style=\"color: #1d2b68;\">D\u00e9lai de livraison :<\/span><\/strong>15-25 jours ouvrables<br \/>\n<strong><span style=\"color: #1d2b68;\">Capacit\u00e9 d'approvisionnement :<\/span><\/strong>50 unit\u00e9s\/mois<br \/>\nLa remorque surbaiss\u00e9e de 60 tonnes \u00e0 3 essieux est largement utilis\u00e9e pour le transport d'\u00e9quipements lourds. La capacit\u00e9 de la semi-remorque surbaiss\u00e9e peut \u00eatre personnalis\u00e9e en fonction des besoins du client. La plate-forme de chargement de la semi-remorque surbaiss\u00e9e est plus basse, ce qui assure la stabilit\u00e9 du transport.<\/p>","protected":false},"featured_media":4769,"template":"","meta":{"_seopress_robots_primary_cat":"none","_seopress_titles_title":"%%post_title%%","_seopress_titles_desc":"%%post_excerpt%%","_seopress_robots_index":"","_uag_custom_page_level_css":"","site-sidebar-layout":"default","site-content-layout":"","ast-site-content-layout":"default","site-content-style":"default","site-sidebar-style":"default","ast-global-header-display":"","ast-banner-title-visibility":"","ast-main-header-display":"","ast-hfb-above-header-display":"","ast-hfb-below-header-display":"","ast-hfb-mobile-header-display":"","site-post-title":"","ast-breadcrumbs-content":"","ast-featured-img":"","footer-sml-layout":"","theme-transparent-header-meta":"default","adv-header-id-meta":"","stick-header-meta":"default","header-above-stick-meta":"","header-main-stick-meta":"","header-below-stick-meta":"","astra-migrate-meta-layouts":"set","ast-page-background-enabled":"default","ast-page-background-meta":{"desktop":{"background-color":"","background-image":"","background-repeat":"repeat","background-position":"center center","background-size":"auto","background-attachment":"scroll","background-type":"","background-media":"","overlay-type":"","overlay-color":"","overlay-opacity":"","overlay-gradient":""},"tablet":{"background-color":"","background-image":"","background-repeat":"repeat","background-position":"center center","background-size":"auto","background-attachment":"scroll","background-type":"","background-media":"","overlay-type":"","overlay-color":"","overlay-opacity":"","overlay-gradient":""},"mobile":{"background-color":"","background-image":"","background-repeat":"repeat","background-position":"center center","background-size":"auto","background-attachment":"scroll","background-type":"","background-media":"","overlay-type":"","overlay-color":"","overlay-opacity":"","overlay-gradient":""}},"ast-content-background-meta":{"desktop":{"background-color":"var(--ast-global-color-5)","background-image":"","background-repeat":"repeat","background-position":"center center","background-size":"auto","background-attachment":"scroll","background-type":"","background-media":"","overlay-type":"","overlay-color":"","overlay-opacity":"","overlay-gradient":""},"tablet":{"background-color":"var(--ast-global-color-5)","background-image":"","background-repeat":"repeat","background-position":"center center","background-size":"auto","background-attachment":"scroll","background-type":"","background-media":"","overlay-type":"","overlay-color":"","overlay-opacity":"","overlay-gradient":""},"mobile":{"background-color":"var(--ast-global-color-5)","background-image":"","background-repeat":"repeat","background-position":"center center","background-size":"auto","background-attachment":"scroll","background-type":"","background-media":"","overlay-type":"","overlay-color":"","overlay-opacity":"","overlay-gradient":""}}},"product_brand":[],"product_cat":[80],"product_tag":[],"class_list":{"0":"post-4751","1":"product","2":"type-product","3":"status-publish","4":"has-post-thumbnail","6":"product_cat-lowbed-semi-trailer","7":"desktop-align-left","8":"tablet-align-left","9":"mobile-align-left","10":"ast-product-gallery-layout-horizontal-slider","11":"ast-product-tabs-layout-horizontal","13":"first","14":"instock","15":"shipping-taxable","16":"product-type-simple"},"uagb_featured_image_src":{"full":["https:\/\/www.shuntongvehicle.com\/wp-content\/uploads\/2026\/01\/3758-202405150926307018.webp",750,750,false],"thumbnail":["https:\/\/www.shuntongvehicle.com\/wp-content\/uploads\/2026\/01\/3758-202405150926307018-150x150.webp",150,150,true],"medium":["https:\/\/www.shuntongvehicle.com\/wp-content\/uploads\/2026\/01\/3758-202405150926307018-300x300.webp",300,300,true],"medium_large":["https:\/\/www.shuntongvehicle.com\/wp-content\/uploads\/2026\/01\/3758-202405150926307018.webp",750,750,false],"large":["https:\/\/www.shuntongvehicle.com\/wp-content\/uploads\/2026\/01\/3758-202405150926307018.webp",750,750,false],"1536x1536":["https:\/\/www.shuntongvehicle.com\/wp-content\/uploads\/2026\/01\/3758-202405150926307018.webp",750,750,false],"2048x2048":["https:\/\/www.shuntongvehicle.com\/wp-content\/uploads\/2026\/01\/3758-202405150926307018.webp",750,750,false],"trp-custom-language-flag":["https:\/\/www.shuntongvehicle.com\/wp-content\/uploads\/2026\/01\/3758-202405150926307018-12x12.webp",12,12,true],"woocommerce_thumbnail":["https:\/\/www.shuntongvehicle.com\/wp-content\/uploads\/2026\/01\/3758-202405150926307018-600x600.webp",600,600,true],"woocommerce_single":["https:\/\/www.shuntongvehicle.com\/wp-content\/uploads\/2026\/01\/3758-202405150926307018-600x600.webp",600,600,true],"woocommerce_gallery_thumbnail":["https:\/\/www.shuntongvehicle.com\/wp-content\/uploads\/2026\/01\/3758-202405150926307018-100x100.webp",100,100,true]},"uagb_author_info":{"display_name":"jinxing6611@gmail.com","author_link":"https:\/\/www.shuntongvehicle.com\/fr\/author\/"},"uagb_comment_info":0,"uagb_excerpt":"Brand:Shuntong Product origin:ShanDong China Delivery time:15-25 Working Days Supply capacity:50 units\/month 3 axles 60 ton loabed trailer is widely used in heavy equipment transportation. Lowbed trailer capacity can be customized according to customer's need. And cargo platform of lowbed semi trailer is lower, which ensure the stability of transportation.","_links":{"self":[{"href":"https:\/\/www.shuntongvehicle.com\/fr\/wp-json\/wp\/v2\/product\/4751","targetHints":{"allow":["GET"]}}],"collection":[{"href":"https:\/\/www.shuntongvehicle.com\/fr\/wp-json\/wp\/v2\/product"}],"about":[{"href":"https:\/\/www.shuntongvehicle.com\/fr\/wp-json\/wp\/v2\/types\/product"}],"wp:featuredmedia":[{"embeddable":true,"href":"https:\/\/www.shuntongvehicle.com\/fr\/wp-json\/wp\/v2\/media\/4769"}],"wp:attachment":[{"href":"https:\/\/www.shuntongvehicle.com\/fr\/wp-json\/wp\/v2\/media?parent=4751"}],"wp:term":[{"taxonomy":"product_brand","embeddable":true,"href":"https:\/\/www.shuntongvehicle.com\/fr\/wp-json\/wp\/v2\/product_brand?post=4751"},{"taxonomy":"product_cat","embeddable":true,"href":"https:\/\/www.shuntongvehicle.com\/fr\/wp-json\/wp\/v2\/product_cat?post=4751"},{"taxonomy":"product_tag","embeddable":true,"href":"https:\/\/www.shuntongvehicle.com\/fr\/wp-json\/wp\/v2\/product_tag?post=4751"}],"curies":[{"name":"wp","href":"https:\/\/api.w.org\/{rel}","templated":true}]}}