{"id":4776,"date":"2026-01-21T08:12:06","date_gmt":"2026-01-21T08:12:06","guid":{"rendered":"http:\/\/www.shuntongvehicle.com\/?post_type=product&#038;p=4776"},"modified":"2026-02-09T01:04:31","modified_gmt":"2026-02-09T01:04:31","slug":"6-axles-120t-retractable-low-bed-trailer","status":"publish","type":"product","link":"https:\/\/www.shuntongvehicle.com\/fr\/product\/6-axles-120t-retractable-low-bed-trailer\/","title":{"rendered":"Remorque surbaiss\u00e9e r\u00e9tractable 120T \u00e0 6 essieux"},"content":{"rendered":"<p>1. les semi-remorques \u00e0 plateau surbaiss\u00e9 sont dot\u00e9es d'une poutre plate et concave et de structures de pneus expos\u00e9es, avec un cadre \u00e9tag\u00e9 et une section de poutre longitudinale en forme de I, qui pr\u00e9sentent les caract\u00e9ristiques d'une rigidit\u00e9 et d'une r\u00e9sistance \u00e9lev\u00e9es.<\/p>\n<p>2. Le plan principal de la plate-forme de chargement est relativement bas, ce qui garantit un transport en douceur et permet de transporter divers engins de construction, des \u00e9quipements de grande taille et de l'acier.<\/p>\n<p>3. Le bloc d'\u00e9quilibrage des masses est install\u00e9 entre les ressorts \u00e0 plaques d'acier avant et arri\u00e8re, ce qui permet de faire varier le vent des ressorts \u00e0 plaques d'acier avant et arri\u00e8re de mani\u00e8re \u00e9gale et d'\u00e9quilibrer les forces des essieux avant et arri\u00e8re.<\/p>\n<p>4. Soudage par inversion au gaz carbonique, l'ensemble du cadre est grenaill\u00e9 pour embellir le v\u00e9hicule. La plaque basse t\u00e9lescopique de la poutre longitudinale a une longueur d'\u00e9tirement nette de 315 m\u00e8tres, ce qui r\u00e9sout le probl\u00e8me des difficult\u00e9s de transport pour les articles de grande et tr\u00e8s grande taille.<\/p>\n<p><img alt=\"\" fetchpriority=\"high\" decoding=\"async\" class=\"alignnone size-full wp-image-4777\" src=\"http:\/\/www.shuntongvehicle.com\/wp-content\/uploads\/2026\/01\/3758-202405080955359848.jpg\" width=\"750\" height=\"421\" srcset=\"https:\/\/www.shuntongvehicle.com\/wp-content\/uploads\/2026\/01\/3758-202405080955359848.jpg 750w, https:\/\/www.shuntongvehicle.com\/wp-content\/uploads\/2026\/01\/3758-202405080955359848-300x168.jpg 300w, https:\/\/www.shuntongvehicle.com\/wp-content\/uploads\/2026\/01\/3758-202405080955359848-18x10.jpg 18w, https:\/\/www.shuntongvehicle.com\/wp-content\/uploads\/2026\/01\/3758-202405080955359848-600x337.jpg 600w\" sizes=\"(max-width: 750px) 100vw, 750px\" \/><\/p>\n<table style=\"font-size: 16px; font-style: normal;\" width=\"800\">\n<tbody>\n<tr class=\"firstRow\">\n<td valign=\"top\" width=\"399\">Objet<\/td>\n<td valign=\"top\" width=\"400\">Valeur<\/td>\n<\/tr>\n<tr>\n<td valign=\"top\" width=\"399\">Utilisation<\/td>\n<td valign=\"top\" width=\"400\">Remorque de camion<\/td>\n<\/tr>\n<tr>\n<td valign=\"top\" width=\"399\">Type<\/td>\n<td valign=\"top\" width=\"400\">Semi-remorque<\/td>\n<\/tr>\n<tr>\n<td valign=\"top\" width=\"399\">Mat\u00e9riau<\/td>\n<td valign=\"top\" width=\"400\">Acier<\/td>\n<\/tr>\n<tr>\n<td valign=\"top\" width=\"399\">Taille<\/td>\n<td valign=\"top\" width=\"400\">Selon la demande du client<\/td>\n<\/tr>\n<tr>\n<td valign=\"top\" width=\"399\">Charge utile maximale<\/td>\n<td valign=\"top\" width=\"400\">120 tonnes<\/td>\n<\/tr>\n<tr>\n<td valign=\"top\" width=\"399\">Essieu<\/td>\n<td valign=\"top\" width=\"400\">13T\/16T\/20T Marque FUWA<\/td>\n<\/tr>\n<tr>\n<td valign=\"top\" width=\"399\">Fonction<\/td>\n<td valign=\"top\" width=\"400\">Transport de mat\u00e9riel lourd<\/td>\n<\/tr>\n<tr>\n<td valign=\"top\" width=\"399\">Suspension<\/td>\n<td valign=\"top\" width=\"400\">Suspension m\u00e9canique renforc\u00e9e<\/td>\n<\/tr>\n<tr>\n<td valign=\"top\" width=\"399\">Pneu<\/td>\n<td valign=\"top\" width=\"400\">12R22.5\/12.00R20\/11R22.5<\/td>\n<\/tr>\n<tr>\n<td colspan=\"1\" rowspan=\"1\" valign=\"top\" width=\"399\">Train d'atterrissage<\/td>\n<td colspan=\"1\" rowspan=\"1\" valign=\"top\" width=\"400\">JOST\/FUWA 28T<\/td>\n<\/tr>\n<tr>\n<td colspan=\"1\" rowspan=\"1\" valign=\"top\" width=\"399\">Goupille royale<\/td>\n<td colspan=\"1\" rowspan=\"1\" valign=\"top\" width=\"400\">JOST 2.0 Inch (50mm)\/3.5 Inch (90mm)<\/td>\n<\/tr>\n<\/tbody>\n<\/table>\n<p><img alt=\"\" decoding=\"async\" class=\"alignnone size-full wp-image-4778\" src=\"http:\/\/www.shuntongvehicle.com\/wp-content\/uploads\/2026\/01\/3758-202312071414525687.png\" width=\"800\" height=\"600\" srcset=\"https:\/\/www.shuntongvehicle.com\/wp-content\/uploads\/2026\/01\/3758-202312071414525687.png 800w, https:\/\/www.shuntongvehicle.com\/wp-content\/uploads\/2026\/01\/3758-202312071414525687-300x225.png 300w, https:\/\/www.shuntongvehicle.com\/wp-content\/uploads\/2026\/01\/3758-202312071414525687-768x576.png 768w, https:\/\/www.shuntongvehicle.com\/wp-content\/uploads\/2026\/01\/3758-202312071414525687-16x12.png 16w, https:\/\/www.shuntongvehicle.com\/wp-content\/uploads\/2026\/01\/3758-202312071414525687-600x450.png 600w\" sizes=\"(max-width: 800px) 100vw, 800px\" \/><\/p>\n<p>&nbsp;<\/p>","protected":false},"excerpt":{"rendered":"<p><span style=\"color: #1d2b68;\"><strong>Marque :<\/strong><\/span>Shuntong<br \/>\n<span style=\"color: #1d2b68;\"><strong>Origine du produit :<\/strong> <\/span>Chine<br \/>\n<strong><span style=\"color: #1d2b68;\">D\u00e9lai de livraison :<\/span><\/strong> Dur\u00e9e 20-35 jours<br \/>\n<strong><span style=\"color: #1d2b68;\">Capacit\u00e9 d'approvisionnement :<\/span> <\/strong>100 unit\u00e9s<br \/>\n1. L'ensemble du corps est fabriqu\u00e9 en acier inoxydable \u00e0 haute r\u00e9sistance, durable et d'une dur\u00e9e d'utilisation plus longue,<br \/>\n2. La carrosserie ultra-basse peut r\u00e9pondre aux besoins des clients et est adapt\u00e9e \u00e0 une vari\u00e9t\u00e9 de sc\u00e9narios routiers,<br \/>\n3. La production mensuelle peut \u00eatre de 100 unit\u00e9s, et le volume des ventes est largement sup\u00e9rieur.<\/p>","protected":false},"featured_media":4779,"template":"","meta":{"_seopress_robots_primary_cat":"none","_seopress_titles_title":"%%post_title%%","_seopress_titles_desc":"%%post_excerpt%%","_seopress_robots_index":"","_uag_custom_page_level_css":"","site-sidebar-layout":"default","site-content-layout":"","ast-site-content-layout":"default","site-content-style":"default","site-sidebar-style":"default","ast-global-header-display":"","ast-banner-title-visibility":"","ast-main-header-display":"","ast-hfb-above-header-display":"","ast-hfb-below-header-display":"","ast-hfb-mobile-header-display":"","site-post-title":"","ast-breadcrumbs-content":"","ast-featured-img":"","footer-sml-layout":"","theme-transparent-header-meta":"default","adv-header-id-meta":"","stick-header-meta":"default","header-above-stick-meta":"","header-main-stick-meta":"","header-below-stick-meta":"","astra-migrate-meta-layouts":"set","ast-page-background-enabled":"default","ast-page-background-meta":{"desktop":{"background-color":"","background-image":"","background-repeat":"repeat","background-position":"center center","background-size":"auto","background-attachment":"scroll","background-type":"","background-media":"","overlay-type":"","overlay-color":"","overlay-opacity":"","overlay-gradient":""},"tablet":{"background-color":"","background-image":"","background-repeat":"repeat","background-position":"center center","background-size":"auto","background-attachment":"scroll","background-type":"","background-media":"","overlay-type":"","overlay-color":"","overlay-opacity":"","overlay-gradient":""},"mobile":{"background-color":"","background-image":"","background-repeat":"repeat","background-position":"center center","background-size":"auto","background-attachment":"scroll","background-type":"","background-media":"","overlay-type":"","overlay-color":"","overlay-opacity":"","overlay-gradient":""}},"ast-content-background-meta":{"desktop":{"background-color":"var(--ast-global-color-5)","background-image":"","background-repeat":"repeat","background-position":"center center","background-size":"auto","background-attachment":"scroll","background-type":"","background-media":"","overlay-type":"","overlay-color":"","overlay-opacity":"","overlay-gradient":""},"tablet":{"background-color":"var(--ast-global-color-5)","background-image":"","background-repeat":"repeat","background-position":"center center","background-size":"auto","background-attachment":"scroll","background-type":"","background-media":"","overlay-type":"","overlay-color":"","overlay-opacity":"","overlay-gradient":""},"mobile":{"background-color":"var(--ast-global-color-5)","background-image":"","background-repeat":"repeat","background-position":"center center","background-size":"auto","background-attachment":"scroll","background-type":"","background-media":"","overlay-type":"","overlay-color":"","overlay-opacity":"","overlay-gradient":""}}},"product_brand":[],"product_cat":[80],"product_tag":[],"class_list":{"0":"post-4776","1":"product","2":"type-product","3":"status-publish","4":"has-post-thumbnail","6":"product_cat-lowbed-semi-trailer","7":"desktop-align-left","8":"tablet-align-left","9":"mobile-align-left","10":"ast-product-gallery-layout-horizontal-slider","11":"ast-product-tabs-layout-horizontal","13":"first","14":"instock","15":"shipping-taxable","16":"product-type-simple"},"uagb_featured_image_src":{"full":["https:\/\/www.shuntongvehicle.com\/wp-content\/uploads\/2026\/01\/3758-202405150934016687.webp",750,750,false],"thumbnail":["https:\/\/www.shuntongvehicle.com\/wp-content\/uploads\/2026\/01\/3758-202405150934016687-150x150.webp",150,150,true],"medium":["https:\/\/www.shuntongvehicle.com\/wp-content\/uploads\/2026\/01\/3758-202405150934016687-300x300.webp",300,300,true],"medium_large":["https:\/\/www.shuntongvehicle.com\/wp-content\/uploads\/2026\/01\/3758-202405150934016687.webp",750,750,false],"large":["https:\/\/www.shuntongvehicle.com\/wp-content\/uploads\/2026\/01\/3758-202405150934016687.webp",750,750,false],"1536x1536":["https:\/\/www.shuntongvehicle.com\/wp-content\/uploads\/2026\/01\/3758-202405150934016687.webp",750,750,false],"2048x2048":["https:\/\/www.shuntongvehicle.com\/wp-content\/uploads\/2026\/01\/3758-202405150934016687.webp",750,750,false],"trp-custom-language-flag":["https:\/\/www.shuntongvehicle.com\/wp-content\/uploads\/2026\/01\/3758-202405150934016687-12x12.webp",12,12,true],"woocommerce_thumbnail":["https:\/\/www.shuntongvehicle.com\/wp-content\/uploads\/2026\/01\/3758-202405150934016687-600x600.webp",600,600,true],"woocommerce_single":["https:\/\/www.shuntongvehicle.com\/wp-content\/uploads\/2026\/01\/3758-202405150934016687-600x600.webp",600,600,true],"woocommerce_gallery_thumbnail":["https:\/\/www.shuntongvehicle.com\/wp-content\/uploads\/2026\/01\/3758-202405150934016687-100x100.webp",100,100,true]},"uagb_author_info":{"display_name":"jinxing6611@gmail.com","author_link":"https:\/\/www.shuntongvehicle.com\/fr\/author\/"},"uagb_comment_info":0,"uagb_excerpt":"Brand:Shuntong Product origin: China Delivery time: Time 20-35 Days Supply capacity: 100units 1. The whole body is made of high-strength stainless steel, durable and has a longer use time, 2. The ultra-low body can meet customer needs and is suitable for a variety of road scenarios, 3. The monthly production can be 100 units, and\u2026","_links":{"self":[{"href":"https:\/\/www.shuntongvehicle.com\/fr\/wp-json\/wp\/v2\/product\/4776","targetHints":{"allow":["GET"]}}],"collection":[{"href":"https:\/\/www.shuntongvehicle.com\/fr\/wp-json\/wp\/v2\/product"}],"about":[{"href":"https:\/\/www.shuntongvehicle.com\/fr\/wp-json\/wp\/v2\/types\/product"}],"wp:featuredmedia":[{"embeddable":true,"href":"https:\/\/www.shuntongvehicle.com\/fr\/wp-json\/wp\/v2\/media\/4779"}],"wp:attachment":[{"href":"https:\/\/www.shuntongvehicle.com\/fr\/wp-json\/wp\/v2\/media?parent=4776"}],"wp:term":[{"taxonomy":"product_brand","embeddable":true,"href":"https:\/\/www.shuntongvehicle.com\/fr\/wp-json\/wp\/v2\/product_brand?post=4776"},{"taxonomy":"product_cat","embeddable":true,"href":"https:\/\/www.shuntongvehicle.com\/fr\/wp-json\/wp\/v2\/product_cat?post=4776"},{"taxonomy":"product_tag","embeddable":true,"href":"https:\/\/www.shuntongvehicle.com\/fr\/wp-json\/wp\/v2\/product_tag?post=4776"}],"curies":[{"name":"wp","href":"https:\/\/api.w.org\/{rel}","templated":true}]}}