{"id":4785,"date":"2026-01-21T08:15:53","date_gmt":"2026-01-21T08:15:53","guid":{"rendered":"http:\/\/www.shuntongvehicle.com\/?post_type=product&#038;p=4785"},"modified":"2026-02-09T01:03:12","modified_gmt":"2026-02-09T01:03:12","slug":"4-axles-120-ton-removable-gooseneck-lowbed-trailer","status":"publish","type":"product","link":"https:\/\/www.shuntongvehicle.com\/fr\/product\/4-axles-120-ton-removable-gooseneck-lowbed-trailer\/","title":{"rendered":"Remorque surbaiss\u00e9e \u00e0 col de cygne amovible 4 essieux 120 tonnes"},"content":{"rendered":"<p>La remorque surbaiss\u00e9e \u00e0 col de cygne amovible est l'un des types de remorques surbaiss\u00e9es. Elle est utilis\u00e9e pour le transport d'\u00e9quipements lourds, y compris les engins \u00e0 chenilles, les grues, les excavateurs, les chargeurs \u00e0 chenilles ou d'autres machines.<\/p>\n<p>Par rapport aux remorques surbaiss\u00e9es ordinaires, les remorques surbaiss\u00e9es \u00e0 col de cygne amovible ont une plate-forme de chargement plus basse.<\/p>\n<p>Il est donc pr\u00e9f\u00e9rable de choisir une remorque surbaiss\u00e9e \u00e0 col de cygne amovible pour certaines machines de grande taille.<\/p>\n<p>En outre, pour les remorques amovibles \u00e0 col de cygne, le chargement de la machine se fait par l'avant. C'est plus pratique et plus stable.<\/p>\n<p><img alt=\"\" fetchpriority=\"high\" decoding=\"async\" class=\"alignnone size-full wp-image-4786\" src=\"http:\/\/www.shuntongvehicle.com\/wp-content\/uploads\/2026\/01\/3758-202405091534441076.jpg\" width=\"750\" height=\"422\" srcset=\"https:\/\/www.shuntongvehicle.com\/wp-content\/uploads\/2026\/01\/3758-202405091534441076.jpg 750w, https:\/\/www.shuntongvehicle.com\/wp-content\/uploads\/2026\/01\/3758-202405091534441076-300x169.jpg 300w, https:\/\/www.shuntongvehicle.com\/wp-content\/uploads\/2026\/01\/3758-202405091534441076-18x10.jpg 18w, https:\/\/www.shuntongvehicle.com\/wp-content\/uploads\/2026\/01\/3758-202405091534441076-600x338.jpg 600w\" sizes=\"(max-width: 750px) 100vw, 750px\" \/><\/p>\n<table>\n<tbody>\n<tr class=\"firstRow\">\n<td valign=\"top\" width=\"389\">Charge utile<\/td>\n<td valign=\"top\" width=\"389\">80-120 tonnes<\/td>\n<\/tr>\n<tr>\n<td valign=\"top\" width=\"389\">Dimension<\/td>\n<td valign=\"top\" width=\"389\">16500*3000*1200 mm<\/td>\n<\/tr>\n<tr>\n<td valign=\"top\" width=\"389\">Centrale hydraulique<\/td>\n<td valign=\"top\" width=\"389\">Moteur diesel 12KW<\/td>\n<\/tr>\n<tr>\n<td valign=\"top\" width=\"389\">Essieu<\/td>\n<td valign=\"top\" width=\"389\">4 essieux<\/td>\n<\/tr>\n<tr>\n<td valign=\"top\" width=\"389\">Pneu<\/td>\n<td valign=\"top\" width=\"389\">11.00R20<\/td>\n<\/tr>\n<tr>\n<td valign=\"top\" width=\"389\">Jante<\/td>\n<td valign=\"top\" width=\"389\">8.25<\/td>\n<\/tr>\n<tr>\n<td valign=\"top\" width=\"389\">Plaque de fond<\/td>\n<td valign=\"top\" width=\"389\">Plaque quadrill\u00e9e de 5 mm<\/td>\n<\/tr>\n<tr>\n<td valign=\"top\" width=\"389\">Goupille royale<\/td>\n<td valign=\"top\" width=\"389\">2.0\" ou 3.5\" type boulonn\u00e9<\/td>\n<\/tr>\n<tr>\n<td valign=\"top\" width=\"389\">Lumi\u00e8re<\/td>\n<td valign=\"top\" width=\"389\">Lumi\u00e8re LED<\/td>\n<\/tr>\n<tr>\n<td valign=\"top\" width=\"389\">Couleur<\/td>\n<td valign=\"top\" width=\"389\">Besoin du client<\/td>\n<\/tr>\n<\/tbody>\n<\/table>\n<p><img alt=\"\" decoding=\"async\" class=\"alignnone size-full wp-image-4787\" src=\"http:\/\/www.shuntongvehicle.com\/wp-content\/uploads\/2026\/01\/3758-202311241437290210.jpg\" width=\"750\" height=\"404\" srcset=\"https:\/\/www.shuntongvehicle.com\/wp-content\/uploads\/2026\/01\/3758-202311241437290210.jpg 750w, https:\/\/www.shuntongvehicle.com\/wp-content\/uploads\/2026\/01\/3758-202311241437290210-300x162.jpg 300w, https:\/\/www.shuntongvehicle.com\/wp-content\/uploads\/2026\/01\/3758-202311241437290210-18x10.jpg 18w, https:\/\/www.shuntongvehicle.com\/wp-content\/uploads\/2026\/01\/3758-202311241437290210-600x323.jpg 600w\" sizes=\"(max-width: 750px) 100vw, 750px\" \/><\/p>\n<p><strong>Remorque camion 4 essieux 120 tonnes \u00e0 col de cygne amovible \u00e0 vendre<\/strong><\/p>\n<div class=\"wmn-template-5\">\n<h4 class=\"wmn-title-darkblue-light\">Images d\u00e9taill\u00e9es<\/h4>\n<p><img alt=\"\" decoding=\"async\" class=\"alignnone size-full wp-image-4788\" src=\"http:\/\/www.shuntongvehicle.com\/wp-content\/uploads\/2026\/01\/3758-202311241439479943.jpg\" width=\"750\" height=\"422\" srcset=\"https:\/\/www.shuntongvehicle.com\/wp-content\/uploads\/2026\/01\/3758-202311241439479943.jpg 750w, https:\/\/www.shuntongvehicle.com\/wp-content\/uploads\/2026\/01\/3758-202311241439479943-300x169.jpg 300w, https:\/\/www.shuntongvehicle.com\/wp-content\/uploads\/2026\/01\/3758-202311241439479943-18x10.jpg 18w, https:\/\/www.shuntongvehicle.com\/wp-content\/uploads\/2026\/01\/3758-202311241439479943-600x338.jpg 600w\" sizes=\"(max-width: 750px) 100vw, 750px\" \/><\/p>\n<p><strong>Semi-remorque surbaiss\u00e9e \u00e0 col de cygne amovible<\/strong><\/p>\n<p><img alt=\"\" loading=\"lazy\" decoding=\"async\" class=\"alignnone size-full wp-image-4789\" src=\"http:\/\/www.shuntongvehicle.com\/wp-content\/uploads\/2026\/01\/3758-202311241440378686.jpg\" width=\"750\" height=\"422\" srcset=\"https:\/\/www.shuntongvehicle.com\/wp-content\/uploads\/2026\/01\/3758-202311241440378686.jpg 750w, https:\/\/www.shuntongvehicle.com\/wp-content\/uploads\/2026\/01\/3758-202311241440378686-300x169.jpg 300w, https:\/\/www.shuntongvehicle.com\/wp-content\/uploads\/2026\/01\/3758-202311241440378686-18x10.jpg 18w, https:\/\/www.shuntongvehicle.com\/wp-content\/uploads\/2026\/01\/3758-202311241440378686-600x338.jpg 600w\" sizes=\"(max-width: 750px) 100vw, 750px\" \/><\/p>\n<p><strong>Moteur diesel 12KW avec station hydraulique<\/strong><\/p>\n<div class=\"wmn-template-5\">\n<h4 class=\"wmn-title-darkblue-light\">Caract\u00e9ristiques<\/h4>\n<\/div>\n<p><strong>\u25aaForte capacit\u00e9 de charge\u00a0 \u00a0 \u00a0 \u00a0 \u00a0 \u00a0 \u00a0 \u00a0 \u00a0 \u00a0 \u00a0\u00a0<\/strong><\/p>\n<p>La remorque hydraulique amovible \u00e0 col de cygne est con\u00e7ue pour certaines machines lourdes. La poutre principale adopte une structure en acier \u00e0 haute r\u00e9sistance. La poutre principale a une forme en \"H\" de 250 mm. La conception g\u00e9n\u00e9rale am\u00e9liore la capacit\u00e9 de chargement.<\/p>\n<p><strong>\u25aaConvenient maintenance<\/strong><\/p>\n<p>La surface d'appui peut \u00eatre soulev\u00e9e, ce qui rend l'entretien plus pratique et plus simple.<\/p>\n<p><strong>\u25aaPlate-forme de travail inf\u00e9rieure<\/strong><\/p>\n<p>La hauteur totale du v\u00e9hicule n'est que de 1200 mm, ce qui est inf\u00e9rieur \u00e0 une remorque surbaiss\u00e9e ordinaire. Le centre de gravit\u00e9 est donc \u00e9galement plus bas. Cela garantit la stabilit\u00e9 et la s\u00e9curit\u00e9.<\/p>\n<p><img alt=\"\" loading=\"lazy\" decoding=\"async\" class=\"alignnone size-full wp-image-4790\" src=\"http:\/\/www.shuntongvehicle.com\/wp-content\/uploads\/2026\/01\/3758-202311241444302717.jpg\" width=\"750\" height=\"445\" srcset=\"https:\/\/www.shuntongvehicle.com\/wp-content\/uploads\/2026\/01\/3758-202311241444302717.jpg 750w, https:\/\/www.shuntongvehicle.com\/wp-content\/uploads\/2026\/01\/3758-202311241444302717-300x178.jpg 300w, https:\/\/www.shuntongvehicle.com\/wp-content\/uploads\/2026\/01\/3758-202311241444302717-18x12.jpg 18w, https:\/\/www.shuntongvehicle.com\/wp-content\/uploads\/2026\/01\/3758-202311241444302717-600x356.jpg 600w\" sizes=\"(max-width: 750px) 100vw, 750px\" \/><\/p>\n<\/div>","protected":false},"excerpt":{"rendered":"<p><span style=\"color: #1d2b68;\"><strong>Marque :<\/strong><\/span>Shuntong<br \/>\n<span style=\"color: #1d2b68;\"><strong>Origine du produit :<\/strong><\/span>Shandong, Chine<br \/>\n<strong><span style=\"color: #1d2b68;\">D\u00e9lai de livraison :<\/span><\/strong><span style=\"color: #1d2b68;\">T<\/span>Dur\u00e9e 20-35 jours<br \/>\n<strong><span style=\"color: #1d2b68;\">Capacit\u00e9 d'approvisionnement :<\/span><\/strong>50 unit\u00e9s\/mois<br \/>\nLa remorque surbaiss\u00e9e \u00e0 col de cygne amovible convient mieux aux machines hautes et lourdes. La plate-forme de travail est beaucoup plus basse que celle d'une remorque surbaiss\u00e9e normale. Le chargement se fait par l'avant, ce qui facilite le chargement des charges lourdes.<\/p>","protected":false},"featured_media":4791,"template":"","meta":{"_seopress_robots_primary_cat":"none","_seopress_titles_title":"%%post_title%%","_seopress_titles_desc":"%%post_excerpt%%","_seopress_robots_index":"","_uag_custom_page_level_css":"","site-sidebar-layout":"default","site-content-layout":"","ast-site-content-layout":"default","site-content-style":"default","site-sidebar-style":"default","ast-global-header-display":"","ast-banner-title-visibility":"","ast-main-header-display":"","ast-hfb-above-header-display":"","ast-hfb-below-header-display":"","ast-hfb-mobile-header-display":"","site-post-title":"","ast-breadcrumbs-content":"","ast-featured-img":"","footer-sml-layout":"","theme-transparent-header-meta":"default","adv-header-id-meta":"","stick-header-meta":"default","header-above-stick-meta":"","header-main-stick-meta":"","header-below-stick-meta":"","astra-migrate-meta-layouts":"set","ast-page-background-enabled":"default","ast-page-background-meta":{"desktop":{"background-color":"","background-image":"","background-repeat":"repeat","background-position":"center center","background-size":"auto","background-attachment":"scroll","background-type":"","background-media":"","overlay-type":"","overlay-color":"","overlay-opacity":"","overlay-gradient":""},"tablet":{"background-color":"","background-image":"","background-repeat":"repeat","background-position":"center center","background-size":"auto","background-attachment":"scroll","background-type":"","background-media":"","overlay-type":"","overlay-color":"","overlay-opacity":"","overlay-gradient":""},"mobile":{"background-color":"","background-image":"","background-repeat":"repeat","background-position":"center center","background-size":"auto","background-attachment":"scroll","background-type":"","background-media":"","overlay-type":"","overlay-color":"","overlay-opacity":"","overlay-gradient":""}},"ast-content-background-meta":{"desktop":{"background-color":"var(--ast-global-color-5)","background-image":"","background-repeat":"repeat","background-position":"center center","background-size":"auto","background-attachment":"scroll","background-type":"","background-media":"","overlay-type":"","overlay-color":"","overlay-opacity":"","overlay-gradient":""},"tablet":{"background-color":"var(--ast-global-color-5)","background-image":"","background-repeat":"repeat","background-position":"center center","background-size":"auto","background-attachment":"scroll","background-type":"","background-media":"","overlay-type":"","overlay-color":"","overlay-opacity":"","overlay-gradient":""},"mobile":{"background-color":"var(--ast-global-color-5)","background-image":"","background-repeat":"repeat","background-position":"center center","background-size":"auto","background-attachment":"scroll","background-type":"","background-media":"","overlay-type":"","overlay-color":"","overlay-opacity":"","overlay-gradient":""}}},"product_brand":[],"product_cat":[80],"product_tag":[],"class_list":{"0":"post-4785","1":"product","2":"type-product","3":"status-publish","4":"has-post-thumbnail","6":"product_cat-lowbed-semi-trailer","7":"desktop-align-left","8":"tablet-align-left","9":"mobile-align-left","10":"ast-product-gallery-layout-horizontal-slider","11":"ast-product-tabs-layout-horizontal","13":"first","14":"instock","15":"shipping-taxable","16":"product-type-simple"},"uagb_featured_image_src":{"full":["https:\/\/www.shuntongvehicle.com\/wp-content\/uploads\/2026\/01\/3758-202405150928175706.webp",750,750,false],"thumbnail":["https:\/\/www.shuntongvehicle.com\/wp-content\/uploads\/2026\/01\/3758-202405150928175706-150x150.webp",150,150,true],"medium":["https:\/\/www.shuntongvehicle.com\/wp-content\/uploads\/2026\/01\/3758-202405150928175706-300x300.webp",300,300,true],"medium_large":["https:\/\/www.shuntongvehicle.com\/wp-content\/uploads\/2026\/01\/3758-202405150928175706.webp",750,750,false],"large":["https:\/\/www.shuntongvehicle.com\/wp-content\/uploads\/2026\/01\/3758-202405150928175706.webp",750,750,false],"1536x1536":["https:\/\/www.shuntongvehicle.com\/wp-content\/uploads\/2026\/01\/3758-202405150928175706.webp",750,750,false],"2048x2048":["https:\/\/www.shuntongvehicle.com\/wp-content\/uploads\/2026\/01\/3758-202405150928175706.webp",750,750,false],"trp-custom-language-flag":["https:\/\/www.shuntongvehicle.com\/wp-content\/uploads\/2026\/01\/3758-202405150928175706-12x12.webp",12,12,true],"woocommerce_thumbnail":["https:\/\/www.shuntongvehicle.com\/wp-content\/uploads\/2026\/01\/3758-202405150928175706-600x600.webp",600,600,true],"woocommerce_single":["https:\/\/www.shuntongvehicle.com\/wp-content\/uploads\/2026\/01\/3758-202405150928175706-600x600.webp",600,600,true],"woocommerce_gallery_thumbnail":["https:\/\/www.shuntongvehicle.com\/wp-content\/uploads\/2026\/01\/3758-202405150928175706-100x100.webp",100,100,true]},"uagb_author_info":{"display_name":"jinxing6611@gmail.com","author_link":"https:\/\/www.shuntongvehicle.com\/fr\/author\/"},"uagb_comment_info":0,"uagb_excerpt":"Brand:Shuntong Product origin:Shandong, China Delivery time:Time 20-35 Days Supply capacity:50 units\/month Removable gooseneck lowbed trailer is more suitable for high and heavy machinery. The working platform is much lower than normal lowbed trailer. And loading from front, heavy duty loading will more easier.","_links":{"self":[{"href":"https:\/\/www.shuntongvehicle.com\/fr\/wp-json\/wp\/v2\/product\/4785","targetHints":{"allow":["GET"]}}],"collection":[{"href":"https:\/\/www.shuntongvehicle.com\/fr\/wp-json\/wp\/v2\/product"}],"about":[{"href":"https:\/\/www.shuntongvehicle.com\/fr\/wp-json\/wp\/v2\/types\/product"}],"wp:featuredmedia":[{"embeddable":true,"href":"https:\/\/www.shuntongvehicle.com\/fr\/wp-json\/wp\/v2\/media\/4791"}],"wp:attachment":[{"href":"https:\/\/www.shuntongvehicle.com\/fr\/wp-json\/wp\/v2\/media?parent=4785"}],"wp:term":[{"taxonomy":"product_brand","embeddable":true,"href":"https:\/\/www.shuntongvehicle.com\/fr\/wp-json\/wp\/v2\/product_brand?post=4785"},{"taxonomy":"product_cat","embeddable":true,"href":"https:\/\/www.shuntongvehicle.com\/fr\/wp-json\/wp\/v2\/product_cat?post=4785"},{"taxonomy":"product_tag","embeddable":true,"href":"https:\/\/www.shuntongvehicle.com\/fr\/wp-json\/wp\/v2\/product_tag?post=4785"}],"curies":[{"name":"wp","href":"https:\/\/api.w.org\/{rel}","templated":true}]}}