{"id":4797,"date":"2026-01-21T08:22:39","date_gmt":"2026-01-21T08:22:39","guid":{"rendered":"http:\/\/www.shuntongvehicle.com\/?post_type=product&#038;p=4797"},"modified":"2026-02-06T02:39:44","modified_gmt":"2026-02-06T02:39:44","slug":"excavator-low-bed-loader-semi-trailer","status":"publish","type":"product","link":"https:\/\/www.shuntongvehicle.com\/fr\/product\/excavator-low-bed-loader-semi-trailer\/","title":{"rendered":"Excavatrice Semi-remorque surbaiss\u00e9e Chargeur"},"content":{"rendered":"<p>Les semi-remorques surbaiss\u00e9es sont g\u00e9n\u00e9ralement utilis\u00e9es pour transporter des v\u00e9hicules lourds (tracteurs, autobus, v\u00e9hicules sp\u00e9ciaux, etc.), des v\u00e9hicules ferroviaires, des machines mini\u00e8res, des machines foresti\u00e8res, des machines de construction (excavateurs, bulldozers, chargeurs, finisseurs, grues, etc.) et d'autres marchandises lourdes. Plus le centre de gravit\u00e9 est bas, meilleures sont la stabilit\u00e9 et la s\u00e9curit\u00e9, et plus grande est la capacit\u00e9 \u00e0 transporter des marchandises sur\u00e9lev\u00e9es et \u00e0 franchir des obstacles.<\/p>\n<p>Les semi-remorques surbaiss\u00e9es utilisent g\u00e9n\u00e9ralement un ch\u00e2ssis \u00e0 poutre concave (ou de type puits), dont la partie avant est un col de cygne (l'axe de traction de la partie avant du col de cygne est reli\u00e9 \u00e0 la selle de traction du tracteur, et l'extr\u00e9mit\u00e9 arri\u00e8re du col de cygne est reli\u00e9e au ch\u00e2ssis de la semi-remorque), la partie centrale est la plate-forme de chargement (la partie la plus basse du ch\u00e2ssis), et l'extr\u00e9mit\u00e9 arri\u00e8re est le ch\u00e2ssis de la roue (y compris les roues).<\/p>\n<p>\u25aaUse a straight or gooseneck styleThe frame is stepped and the longi-tudinal beam section is I-shaped.<\/p>\n<p>\u25aaSimple and applicable structure, convenientdisassembly,reducing investmentcosts for users.<\/p>\n<p>\u25aaSteel frames are built with top-class hot rolled or rolled steel plate, which ensureBean and frame&#8217;s Toughness and strength.<\/p>\n<p><img alt=\"\" fetchpriority=\"high\" decoding=\"async\" class=\"alignnone size-full wp-image-4798\" src=\"http:\/\/www.shuntongvehicle.com\/wp-content\/uploads\/2026\/01\/3758-202405141049072344.jpg\" width=\"750\" height=\"519\" srcset=\"https:\/\/www.shuntongvehicle.com\/wp-content\/uploads\/2026\/01\/3758-202405141049072344.jpg 750w, https:\/\/www.shuntongvehicle.com\/wp-content\/uploads\/2026\/01\/3758-202405141049072344-300x208.jpg 300w, https:\/\/www.shuntongvehicle.com\/wp-content\/uploads\/2026\/01\/3758-202405141049072344-18x12.jpg 18w, https:\/\/www.shuntongvehicle.com\/wp-content\/uploads\/2026\/01\/3758-202405141049072344-600x415.jpg 600w\" sizes=\"(max-width: 750px) 100vw, 750px\" \/><\/p>\n<p><img alt=\"\" decoding=\"async\" class=\"alignnone size-full wp-image-4799\" src=\"http:\/\/www.shuntongvehicle.com\/wp-content\/uploads\/2026\/01\/3758-202405141049126121.jpg\" width=\"750\" height=\"755\" srcset=\"https:\/\/www.shuntongvehicle.com\/wp-content\/uploads\/2026\/01\/3758-202405141049126121.jpg 750w, https:\/\/www.shuntongvehicle.com\/wp-content\/uploads\/2026\/01\/3758-202405141049126121-298x300.jpg 298w, https:\/\/www.shuntongvehicle.com\/wp-content\/uploads\/2026\/01\/3758-202405141049126121-150x150.jpg 150w, https:\/\/www.shuntongvehicle.com\/wp-content\/uploads\/2026\/01\/3758-202405141049126121-12x12.jpg 12w, https:\/\/www.shuntongvehicle.com\/wp-content\/uploads\/2026\/01\/3758-202405141049126121-600x604.jpg 600w, https:\/\/www.shuntongvehicle.com\/wp-content\/uploads\/2026\/01\/3758-202405141049126121-100x100.jpg 100w\" sizes=\"(max-width: 750px) 100vw, 750px\" \/><\/p>\n<p><img alt=\"\" decoding=\"async\" class=\"alignnone wp-image-4801 size-full\" src=\"http:\/\/www.shuntongvehicle.com\/wp-content\/uploads\/2026\/01\/3758-202405141049163011.jpg\" width=\"750\" height=\"1138\" srcset=\"https:\/\/www.shuntongvehicle.com\/wp-content\/uploads\/2026\/01\/3758-202405141049163011.jpg 750w, https:\/\/www.shuntongvehicle.com\/wp-content\/uploads\/2026\/01\/3758-202405141049163011-198x300.jpg 198w, https:\/\/www.shuntongvehicle.com\/wp-content\/uploads\/2026\/01\/3758-202405141049163011-675x1024.jpg 675w, https:\/\/www.shuntongvehicle.com\/wp-content\/uploads\/2026\/01\/3758-202405141049163011-8x12.jpg 8w, https:\/\/www.shuntongvehicle.com\/wp-content\/uploads\/2026\/01\/3758-202405141049163011-600x910.jpg 600w\" sizes=\"(max-width: 750px) 100vw, 750px\" \/><\/p>\n<p><img alt=\"\" loading=\"lazy\" decoding=\"async\" class=\"alignnone size-full wp-image-4801\" src=\"http:\/\/www.shuntongvehicle.com\/wp-content\/uploads\/2026\/01\/3758-202405141049163011.jpg\" width=\"750\" height=\"1138\" srcset=\"https:\/\/www.shuntongvehicle.com\/wp-content\/uploads\/2026\/01\/3758-202405141049163011.jpg 750w, https:\/\/www.shuntongvehicle.com\/wp-content\/uploads\/2026\/01\/3758-202405141049163011-198x300.jpg 198w, https:\/\/www.shuntongvehicle.com\/wp-content\/uploads\/2026\/01\/3758-202405141049163011-675x1024.jpg 675w, https:\/\/www.shuntongvehicle.com\/wp-content\/uploads\/2026\/01\/3758-202405141049163011-8x12.jpg 8w, https:\/\/www.shuntongvehicle.com\/wp-content\/uploads\/2026\/01\/3758-202405141049163011-600x910.jpg 600w\" sizes=\"(max-width: 750px) 100vw, 750px\" \/> <img alt=\"\" loading=\"lazy\" decoding=\"async\" class=\"alignnone size-large wp-image-4802\" src=\"http:\/\/www.shuntongvehicle.com\/wp-content\/uploads\/2026\/01\/3758-202405141049199865.jpg\" width=\"750\" height=\"789\" srcset=\"https:\/\/www.shuntongvehicle.com\/wp-content\/uploads\/2026\/01\/3758-202405141049199865.jpg 750w, https:\/\/www.shuntongvehicle.com\/wp-content\/uploads\/2026\/01\/3758-202405141049199865-285x300.jpg 285w, https:\/\/www.shuntongvehicle.com\/wp-content\/uploads\/2026\/01\/3758-202405141049199865-11x12.jpg 11w, https:\/\/www.shuntongvehicle.com\/wp-content\/uploads\/2026\/01\/3758-202405141049199865-600x631.jpg 600w\" sizes=\"(max-width: 750px) 100vw, 750px\" \/><\/p>\n<p><img alt=\"\" loading=\"lazy\" decoding=\"async\" class=\"alignnone size-full wp-image-4803\" src=\"http:\/\/www.shuntongvehicle.com\/wp-content\/uploads\/2026\/01\/3758-202405141049307302.jpg\" width=\"750\" height=\"1113\" srcset=\"https:\/\/www.shuntongvehicle.com\/wp-content\/uploads\/2026\/01\/3758-202405141049307302.jpg 750w, https:\/\/www.shuntongvehicle.com\/wp-content\/uploads\/2026\/01\/3758-202405141049307302-202x300.jpg 202w, https:\/\/www.shuntongvehicle.com\/wp-content\/uploads\/2026\/01\/3758-202405141049307302-690x1024.jpg 690w, https:\/\/www.shuntongvehicle.com\/wp-content\/uploads\/2026\/01\/3758-202405141049307302-8x12.jpg 8w, https:\/\/www.shuntongvehicle.com\/wp-content\/uploads\/2026\/01\/3758-202405141049307302-600x890.jpg 600w\" sizes=\"(max-width: 750px) 100vw, 750px\" \/><\/p>\n<p>&nbsp;<\/p>\n<p><img alt=\"\" loading=\"lazy\" decoding=\"async\" class=\"alignnone size-full wp-image-4805\" src=\"http:\/\/www.shuntongvehicle.com\/wp-content\/uploads\/2026\/01\/3758-202405141049438506.jpg\" width=\"749\" height=\"782\" srcset=\"https:\/\/www.shuntongvehicle.com\/wp-content\/uploads\/2026\/01\/3758-202405141049438506.jpg 749w, https:\/\/www.shuntongvehicle.com\/wp-content\/uploads\/2026\/01\/3758-202405141049438506-287x300.jpg 287w, https:\/\/www.shuntongvehicle.com\/wp-content\/uploads\/2026\/01\/3758-202405141049438506-11x12.jpg 11w, https:\/\/www.shuntongvehicle.com\/wp-content\/uploads\/2026\/01\/3758-202405141049438506-600x626.jpg 600w\" sizes=\"(max-width: 749px) 100vw, 749px\" \/> <img alt=\"\" loading=\"lazy\" decoding=\"async\" class=\"alignnone size-full wp-image-4806\" src=\"http:\/\/www.shuntongvehicle.com\/wp-content\/uploads\/2026\/01\/3758-202405141049471086.jpg\" width=\"743\" height=\"871\" srcset=\"https:\/\/www.shuntongvehicle.com\/wp-content\/uploads\/2026\/01\/3758-202405141049471086.jpg 743w, https:\/\/www.shuntongvehicle.com\/wp-content\/uploads\/2026\/01\/3758-202405141049471086-256x300.jpg 256w, https:\/\/www.shuntongvehicle.com\/wp-content\/uploads\/2026\/01\/3758-202405141049471086-10x12.jpg 10w, https:\/\/www.shuntongvehicle.com\/wp-content\/uploads\/2026\/01\/3758-202405141049471086-600x703.jpg 600w\" sizes=\"(max-width: 743px) 100vw, 743px\" \/><\/p>\n<p><img alt=\"\" loading=\"lazy\" decoding=\"async\" class=\"alignnone size-full wp-image-4807\" src=\"http:\/\/www.shuntongvehicle.com\/wp-content\/uploads\/2026\/01\/1-1.jpg\" width=\"746\" height=\"753\" srcset=\"https:\/\/www.shuntongvehicle.com\/wp-content\/uploads\/2026\/01\/1-1.jpg 746w, https:\/\/www.shuntongvehicle.com\/wp-content\/uploads\/2026\/01\/1-1-297x300.jpg 297w, https:\/\/www.shuntongvehicle.com\/wp-content\/uploads\/2026\/01\/1-1-150x150.jpg 150w, https:\/\/www.shuntongvehicle.com\/wp-content\/uploads\/2026\/01\/1-1-12x12.jpg 12w, https:\/\/www.shuntongvehicle.com\/wp-content\/uploads\/2026\/01\/1-1-600x606.jpg 600w, https:\/\/www.shuntongvehicle.com\/wp-content\/uploads\/2026\/01\/1-1-100x100.jpg 100w\" sizes=\"(max-width: 746px) 100vw, 746px\" \/><\/p>\n<table>\n<tbody>\n<tr class=\"firstRow\">\n<td valign=\"top\" width=\"381\">Objet<\/td>\n<td valign=\"top\" width=\"381\">Valeur<\/td>\n<\/tr>\n<tr>\n<td valign=\"top\" width=\"381\">Taille<\/td>\n<td valign=\"top\" width=\"381\">13000*3000*1600mm<\/td>\n<\/tr>\n<tr>\n<td valign=\"top\" width=\"381\">Charge utile maximale<\/td>\n<td valign=\"top\" width=\"381\">80 Ton<\/td>\n<\/tr>\n<tr>\n<td valign=\"top\" width=\"381\">Essieu<\/td>\n<td valign=\"top\" width=\"381\">3 line 6 axle<\/td>\n<\/tr>\n<tr>\n<td valign=\"top\" width=\"381\">Suspension<\/td>\n<td valign=\"top\" width=\"381\">Suspension m\u00e9canique<\/td>\n<\/tr>\n<tr>\n<td valign=\"top\" width=\"381\">Fonction<\/td>\n<td valign=\"top\" width=\"381\">Transport de mat\u00e9riel lourd<\/td>\n<\/tr>\n<tr>\n<td valign=\"top\" width=\"381\">Train d'atterrissage<\/td>\n<td valign=\"top\" width=\"381\">Train d'atterrissage robuste de 28 tonnes<\/td>\n<\/tr>\n<tr>\n<td valign=\"top\" width=\"381\">Capacit\u00e9 de chargement<\/td>\n<td valign=\"top\" width=\"381\">40-80T<\/td>\n<\/tr>\n<tr>\n<td valign=\"top\" width=\"381\">Ressort \u00e0 lames<\/td>\n<td valign=\"top\" width=\"381\">90mm*13mm*10 couches<\/td>\n<\/tr>\n<tr>\n<td valign=\"top\" width=\"381\">Goupille royale<\/td>\n<td valign=\"top\" width=\"381\">2\u2033(50mm)ou3.5\u2033(90mm) JOST<\/td>\n<\/tr>\n<tr>\n<td colspan=\"1\" rowspan=\"1\" valign=\"top\">Pneu<\/td>\n<td colspan=\"1\" rowspan=\"1\" valign=\"top\">315\/80R22.5, 12 pi\u00e8ces<\/td>\n<\/tr>\n<tr>\n<td colspan=\"1\" rowspan=\"1\" valign=\"top\">Couleur<\/td>\n<td colspan=\"1\" rowspan=\"1\" valign=\"top\">Exigences du client<\/td>\n<\/tr>\n<\/tbody>\n<\/table>\n<figure id=\"attachment_4808\" aria-describedby=\"caption-attachment-4808\" style=\"width: 602px\" class=\"wp-caption aligncenter\"><img loading=\"lazy\" decoding=\"async\" class=\"wp-image-4808 size-full\" src=\"http:\/\/www.shuntongvehicle.com\/wp-content\/uploads\/2026\/01\/3758-202312071626109914.png\" alt=\"01.Tough ribs design, Ensure thesafety and carrying capacity oftrailer.\" width=\"602\" height=\"576\" srcset=\"https:\/\/www.shuntongvehicle.com\/wp-content\/uploads\/2026\/01\/3758-202312071626109914.png 602w, https:\/\/www.shuntongvehicle.com\/wp-content\/uploads\/2026\/01\/3758-202312071626109914-300x287.png 300w, https:\/\/www.shuntongvehicle.com\/wp-content\/uploads\/2026\/01\/3758-202312071626109914-13x12.png 13w, https:\/\/www.shuntongvehicle.com\/wp-content\/uploads\/2026\/01\/3758-202312071626109914-600x574.png 600w\" sizes=\"(max-width: 602px) 100vw, 602px\" \/><figcaption id=\"caption-attachment-4808\" class=\"wp-caption-text\">01.Tough ribs design, Ensure thesafety and carrying capacity oftrailer.<\/figcaption><\/figure>\n<figure id=\"attachment_4809\" aria-describedby=\"caption-attachment-4809\" style=\"width: 691px\" class=\"wp-caption aligncenter\"><img loading=\"lazy\" decoding=\"async\" class=\"size-full wp-image-4809\" src=\"http:\/\/www.shuntongvehicle.com\/wp-content\/uploads\/2026\/01\/3758-202312071626393787.png\" alt=\"02.Uniquely designed low-loadplatform provides lower trans-port center of gravity andsmoother transportation.\" width=\"691\" height=\"676\" srcset=\"https:\/\/www.shuntongvehicle.com\/wp-content\/uploads\/2026\/01\/3758-202312071626393787.png 691w, https:\/\/www.shuntongvehicle.com\/wp-content\/uploads\/2026\/01\/3758-202312071626393787-300x293.png 300w, https:\/\/www.shuntongvehicle.com\/wp-content\/uploads\/2026\/01\/3758-202312071626393787-12x12.png 12w, https:\/\/www.shuntongvehicle.com\/wp-content\/uploads\/2026\/01\/3758-202312071626393787-600x587.png 600w\" sizes=\"(max-width: 691px) 100vw, 691px\" \/><figcaption id=\"caption-attachment-4809\" class=\"wp-caption-text\">02.Uniquely designed low-loadplatform provides lower trans-port center of gravity andsmoother transportation.<\/figcaption><\/figure>\n<figure id=\"attachment_4810\" aria-describedby=\"caption-attachment-4810\" style=\"width: 600px\" class=\"wp-caption aligncenter\"><img loading=\"lazy\" decoding=\"async\" class=\"size-full wp-image-4810\" src=\"http:\/\/www.shuntongvehicle.com\/wp-content\/uploads\/2026\/01\/202307101554070640.jpg\" alt=\"03.Specially designed anti-Tirearasion suspension sys-tem,Prevent tire offset afterloading.\" width=\"600\" height=\"600\" srcset=\"https:\/\/www.shuntongvehicle.com\/wp-content\/uploads\/2026\/01\/202307101554070640.jpg 600w, https:\/\/www.shuntongvehicle.com\/wp-content\/uploads\/2026\/01\/202307101554070640-300x300.jpg 300w, https:\/\/www.shuntongvehicle.com\/wp-content\/uploads\/2026\/01\/202307101554070640-150x150.jpg 150w, https:\/\/www.shuntongvehicle.com\/wp-content\/uploads\/2026\/01\/202307101554070640-12x12.jpg 12w, https:\/\/www.shuntongvehicle.com\/wp-content\/uploads\/2026\/01\/202307101554070640-100x100.jpg 100w\" sizes=\"(max-width: 600px) 100vw, 600px\" \/><figcaption id=\"caption-attachment-4810\" class=\"wp-caption-text\">03.Specially designed anti-Tirearasion suspension sys-tem,Prevent tire offset afterloading.<\/figcaption><\/figure>","protected":false},"excerpt":{"rendered":"<p><span style=\"color: #1d2b68;\"><strong>Marque :<\/strong><\/span>Shuntong<br \/>\n<strong><span style=\"color: #1d2b68;\">Origine du produit :<\/span><\/strong> Chine<br \/>\n<strong><span style=\"color: #1d2b68;\">D\u00e9lai de livraison :<\/span><\/strong> Dur\u00e9e 20-35 jours<br \/>\n<strong><span style=\"color: #1d2b68;\">Capacit\u00e9 d'approvisionnement :<\/span><\/strong> 50 unit\u00e9s\/mois<br \/>\nWhole Trailer body ElectrophoresisPainting, resistance, painting effectcan reach above 10 years.<\/p>","protected":false},"featured_media":4811,"template":"","meta":{"_seopress_robots_primary_cat":"none","_seopress_titles_title":"%%post_title%%","_seopress_titles_desc":"%%post_excerpt%%","_seopress_robots_index":"","_uag_custom_page_level_css":"","site-sidebar-layout":"default","site-content-layout":"","ast-site-content-layout":"default","site-content-style":"default","site-sidebar-style":"default","ast-global-header-display":"","ast-banner-title-visibility":"","ast-main-header-display":"","ast-hfb-above-header-display":"","ast-hfb-below-header-display":"","ast-hfb-mobile-header-display":"","site-post-title":"","ast-breadcrumbs-content":"","ast-featured-img":"","footer-sml-layout":"","theme-transparent-header-meta":"default","adv-header-id-meta":"","stick-header-meta":"default","header-above-stick-meta":"","header-main-stick-meta":"","header-below-stick-meta":"","astra-migrate-meta-layouts":"set","ast-page-background-enabled":"default","ast-page-background-meta":{"desktop":{"background-color":"","background-image":"","background-repeat":"repeat","background-position":"center center","background-size":"auto","background-attachment":"scroll","background-type":"","background-media":"","overlay-type":"","overlay-color":"","overlay-opacity":"","overlay-gradient":""},"tablet":{"background-color":"","background-image":"","background-repeat":"repeat","background-position":"center center","background-size":"auto","background-attachment":"scroll","background-type":"","background-media":"","overlay-type":"","overlay-color":"","overlay-opacity":"","overlay-gradient":""},"mobile":{"background-color":"","background-image":"","background-repeat":"repeat","background-position":"center center","background-size":"auto","background-attachment":"scroll","background-type":"","background-media":"","overlay-type":"","overlay-color":"","overlay-opacity":"","overlay-gradient":""}},"ast-content-background-meta":{"desktop":{"background-color":"var(--ast-global-color-5)","background-image":"","background-repeat":"repeat","background-position":"center center","background-size":"auto","background-attachment":"scroll","background-type":"","background-media":"","overlay-type":"","overlay-color":"","overlay-opacity":"","overlay-gradient":""},"tablet":{"background-color":"var(--ast-global-color-5)","background-image":"","background-repeat":"repeat","background-position":"center center","background-size":"auto","background-attachment":"scroll","background-type":"","background-media":"","overlay-type":"","overlay-color":"","overlay-opacity":"","overlay-gradient":""},"mobile":{"background-color":"var(--ast-global-color-5)","background-image":"","background-repeat":"repeat","background-position":"center center","background-size":"auto","background-attachment":"scroll","background-type":"","background-media":"","overlay-type":"","overlay-color":"","overlay-opacity":"","overlay-gradient":""}}},"product_brand":[],"product_cat":[80],"product_tag":[],"class_list":{"0":"post-4797","1":"product","2":"type-product","3":"status-publish","4":"has-post-thumbnail","6":"product_cat-lowbed-semi-trailer","7":"desktop-align-left","8":"tablet-align-left","9":"mobile-align-left","10":"ast-product-gallery-layout-horizontal-slider","11":"ast-product-tabs-layout-horizontal","13":"first","14":"instock","15":"shipping-taxable","16":"product-type-simple"},"uagb_featured_image_src":{"full":["https:\/\/www.shuntongvehicle.com\/wp-content\/uploads\/2026\/01\/3758-202405080949183235.webp",750,750,false],"thumbnail":["https:\/\/www.shuntongvehicle.com\/wp-content\/uploads\/2026\/01\/3758-202405080949183235-150x150.webp",150,150,true],"medium":["https:\/\/www.shuntongvehicle.com\/wp-content\/uploads\/2026\/01\/3758-202405080949183235-300x300.webp",300,300,true],"medium_large":["https:\/\/www.shuntongvehicle.com\/wp-content\/uploads\/2026\/01\/3758-202405080949183235.webp",750,750,false],"large":["https:\/\/www.shuntongvehicle.com\/wp-content\/uploads\/2026\/01\/3758-202405080949183235.webp",750,750,false],"1536x1536":["https:\/\/www.shuntongvehicle.com\/wp-content\/uploads\/2026\/01\/3758-202405080949183235.webp",750,750,false],"2048x2048":["https:\/\/www.shuntongvehicle.com\/wp-content\/uploads\/2026\/01\/3758-202405080949183235.webp",750,750,false],"trp-custom-language-flag":["https:\/\/www.shuntongvehicle.com\/wp-content\/uploads\/2026\/01\/3758-202405080949183235-12x12.webp",12,12,true],"woocommerce_thumbnail":["https:\/\/www.shuntongvehicle.com\/wp-content\/uploads\/2026\/01\/3758-202405080949183235-600x600.webp",600,600,true],"woocommerce_single":["https:\/\/www.shuntongvehicle.com\/wp-content\/uploads\/2026\/01\/3758-202405080949183235-600x600.webp",600,600,true],"woocommerce_gallery_thumbnail":["https:\/\/www.shuntongvehicle.com\/wp-content\/uploads\/2026\/01\/3758-202405080949183235-100x100.webp",100,100,true]},"uagb_author_info":{"display_name":"jinxing6611@gmail.com","author_link":"https:\/\/www.shuntongvehicle.com\/fr\/author\/"},"uagb_comment_info":0,"uagb_excerpt":"Brand:Shuntong Product origin: China Delivery time: Time 20-35 Days Supply capacity: 50 units\/month Whole Trailer body ElectrophoresisPainting, resistance, painting effectcan reach above 10 years.","_links":{"self":[{"href":"https:\/\/www.shuntongvehicle.com\/fr\/wp-json\/wp\/v2\/product\/4797","targetHints":{"allow":["GET"]}}],"collection":[{"href":"https:\/\/www.shuntongvehicle.com\/fr\/wp-json\/wp\/v2\/product"}],"about":[{"href":"https:\/\/www.shuntongvehicle.com\/fr\/wp-json\/wp\/v2\/types\/product"}],"wp:featuredmedia":[{"embeddable":true,"href":"https:\/\/www.shuntongvehicle.com\/fr\/wp-json\/wp\/v2\/media\/4811"}],"wp:attachment":[{"href":"https:\/\/www.shuntongvehicle.com\/fr\/wp-json\/wp\/v2\/media?parent=4797"}],"wp:term":[{"taxonomy":"product_brand","embeddable":true,"href":"https:\/\/www.shuntongvehicle.com\/fr\/wp-json\/wp\/v2\/product_brand?post=4797"},{"taxonomy":"product_cat","embeddable":true,"href":"https:\/\/www.shuntongvehicle.com\/fr\/wp-json\/wp\/v2\/product_cat?post=4797"},{"taxonomy":"product_tag","embeddable":true,"href":"https:\/\/www.shuntongvehicle.com\/fr\/wp-json\/wp\/v2\/product_tag?post=4797"}],"curies":[{"name":"wp","href":"https:\/\/api.w.org\/{rel}","templated":true}]}}