{"id":4827,"date":"2026-01-21T08:46:01","date_gmt":"2026-01-21T08:46:01","guid":{"rendered":"http:\/\/www.shuntongvehicle.com\/?post_type=product&#038;p=4827"},"modified":"2026-02-06T03:59:29","modified_gmt":"2026-02-06T03:59:29","slug":"3-line-6-axle-detachable-gooseneck-low-bed-trailer","status":"publish","type":"product","link":"https:\/\/www.shuntongvehicle.com\/fr\/product\/3-line-6-axle-detachable-gooseneck-low-bed-trailer\/","title":{"rendered":"3 Line 6 Axle Detachable Gooseneck Low Bed Trailer"},"content":{"rendered":"<p><img alt=\"\" fetchpriority=\"high\" decoding=\"async\" class=\"alignnone size-full wp-image-4828\" src=\"http:\/\/www.shuntongvehicle.com\/wp-content\/uploads\/2026\/01\/1-2.jpg\" width=\"750\" height=\"519\" srcset=\"https:\/\/www.shuntongvehicle.com\/wp-content\/uploads\/2026\/01\/1-2.jpg 750w, https:\/\/www.shuntongvehicle.com\/wp-content\/uploads\/2026\/01\/1-2-300x208.jpg 300w, https:\/\/www.shuntongvehicle.com\/wp-content\/uploads\/2026\/01\/1-2-18x12.jpg 18w, https:\/\/www.shuntongvehicle.com\/wp-content\/uploads\/2026\/01\/1-2-600x415.jpg 600w\" sizes=\"(max-width: 750px) 100vw, 750px\" \/><\/p>\n<p><img alt=\"\" decoding=\"async\" class=\"alignnone size-full wp-image-4829\" src=\"http:\/\/www.shuntongvehicle.com\/wp-content\/uploads\/2026\/01\/2.jpg\" width=\"750\" height=\"781\" srcset=\"https:\/\/www.shuntongvehicle.com\/wp-content\/uploads\/2026\/01\/2.jpg 750w, https:\/\/www.shuntongvehicle.com\/wp-content\/uploads\/2026\/01\/2-288x300.jpg 288w, https:\/\/www.shuntongvehicle.com\/wp-content\/uploads\/2026\/01\/2-12x12.jpg 12w, https:\/\/www.shuntongvehicle.com\/wp-content\/uploads\/2026\/01\/2-600x625.jpg 600w\" sizes=\"(max-width: 750px) 100vw, 750px\" \/><\/p>\n<p><img alt=\"\" decoding=\"async\" class=\"alignnone size-full wp-image-4830\" src=\"http:\/\/www.shuntongvehicle.com\/wp-content\/uploads\/2026\/01\/3.jpg\" width=\"750\" height=\"755\" srcset=\"https:\/\/www.shuntongvehicle.com\/wp-content\/uploads\/2026\/01\/3.jpg 750w, https:\/\/www.shuntongvehicle.com\/wp-content\/uploads\/2026\/01\/3-298x300.jpg 298w, https:\/\/www.shuntongvehicle.com\/wp-content\/uploads\/2026\/01\/3-150x150.jpg 150w, https:\/\/www.shuntongvehicle.com\/wp-content\/uploads\/2026\/01\/3-12x12.jpg 12w, https:\/\/www.shuntongvehicle.com\/wp-content\/uploads\/2026\/01\/3-600x604.jpg 600w, https:\/\/www.shuntongvehicle.com\/wp-content\/uploads\/2026\/01\/3-100x100.jpg 100w\" sizes=\"(max-width: 750px) 100vw, 750px\" \/><\/p>\n<p><img alt=\"\" loading=\"lazy\" decoding=\"async\" class=\"alignnone size-full wp-image-4831\" src=\"http:\/\/www.shuntongvehicle.com\/wp-content\/uploads\/2026\/01\/4.jpg\" width=\"750\" height=\"1138\" srcset=\"https:\/\/www.shuntongvehicle.com\/wp-content\/uploads\/2026\/01\/4.jpg 750w, https:\/\/www.shuntongvehicle.com\/wp-content\/uploads\/2026\/01\/4-198x300.jpg 198w, https:\/\/www.shuntongvehicle.com\/wp-content\/uploads\/2026\/01\/4-675x1024.jpg 675w, https:\/\/www.shuntongvehicle.com\/wp-content\/uploads\/2026\/01\/4-8x12.jpg 8w, https:\/\/www.shuntongvehicle.com\/wp-content\/uploads\/2026\/01\/4-600x910.jpg 600w\" sizes=\"(max-width: 750px) 100vw, 750px\" \/><\/p>\n<p><img alt=\"\" loading=\"lazy\" decoding=\"async\" class=\"alignnone size-full wp-image-4832\" src=\"http:\/\/www.shuntongvehicle.com\/wp-content\/uploads\/2026\/01\/5.jpg\" width=\"750\" height=\"789\" srcset=\"https:\/\/www.shuntongvehicle.com\/wp-content\/uploads\/2026\/01\/5.jpg 750w, https:\/\/www.shuntongvehicle.com\/wp-content\/uploads\/2026\/01\/5-285x300.jpg 285w, https:\/\/www.shuntongvehicle.com\/wp-content\/uploads\/2026\/01\/5-11x12.jpg 11w, https:\/\/www.shuntongvehicle.com\/wp-content\/uploads\/2026\/01\/5-600x631.jpg 600w\" sizes=\"(max-width: 750px) 100vw, 750px\" \/><\/p>\n<p><img alt=\"\" loading=\"lazy\" decoding=\"async\" class=\"alignnone wp-image-4834 size-full\" src=\"http:\/\/www.shuntongvehicle.com\/wp-content\/uploads\/2026\/01\/6-1.png\" width=\"746\" height=\"753\" srcset=\"https:\/\/www.shuntongvehicle.com\/wp-content\/uploads\/2026\/01\/6-1.png 746w, https:\/\/www.shuntongvehicle.com\/wp-content\/uploads\/2026\/01\/6-1-297x300.png 297w, https:\/\/www.shuntongvehicle.com\/wp-content\/uploads\/2026\/01\/6-1-150x150.png 150w, https:\/\/www.shuntongvehicle.com\/wp-content\/uploads\/2026\/01\/6-1-12x12.png 12w, https:\/\/www.shuntongvehicle.com\/wp-content\/uploads\/2026\/01\/6-1-600x606.png 600w, https:\/\/www.shuntongvehicle.com\/wp-content\/uploads\/2026\/01\/6-1-100x100.png 100w\" sizes=\"(max-width: 746px) 100vw, 746px\" \/><\/p>\n<p><img alt=\"\" loading=\"lazy\" decoding=\"async\" class=\"alignnone size-full wp-image-4834\" src=\"http:\/\/www.shuntongvehicle.com\/wp-content\/uploads\/2026\/01\/6-1.png\" width=\"746\" height=\"753\" srcset=\"https:\/\/www.shuntongvehicle.com\/wp-content\/uploads\/2026\/01\/6-1.png 746w, https:\/\/www.shuntongvehicle.com\/wp-content\/uploads\/2026\/01\/6-1-297x300.png 297w, https:\/\/www.shuntongvehicle.com\/wp-content\/uploads\/2026\/01\/6-1-150x150.png 150w, https:\/\/www.shuntongvehicle.com\/wp-content\/uploads\/2026\/01\/6-1-12x12.png 12w, https:\/\/www.shuntongvehicle.com\/wp-content\/uploads\/2026\/01\/6-1-600x606.png 600w, https:\/\/www.shuntongvehicle.com\/wp-content\/uploads\/2026\/01\/6-1-100x100.png 100w\" sizes=\"(max-width: 746px) 100vw, 746px\" \/><\/p>\n<table width=\"800\">\n<tbody>\n<tr class=\"ue-table-interlace-color-single firstRow\">\n<td valign=\"top\" width=\"344\">Utilisation<\/td>\n<td valign=\"top\" width=\"455\">Remorque de camion<\/td>\n<\/tr>\n<tr class=\"ue-table-interlace-color-double\">\n<td valign=\"top\" width=\"344\">Type<\/td>\n<td valign=\"top\" width=\"455\">Semi-remorque<\/td>\n<\/tr>\n<tr class=\"ue-table-interlace-color-single\">\n<td valign=\"top\" width=\"344\">Mat\u00e9riau<\/td>\n<td valign=\"top\" width=\"455\">Acier<\/td>\n<\/tr>\n<tr class=\"ue-table-interlace-color-double\">\n<td valign=\"top\" width=\"344\">Taille<\/td>\n<td valign=\"top\" width=\"455\">12500mm*2500mm<\/td>\n<\/tr>\n<tr class=\"ue-table-interlace-color-single\">\n<td valign=\"top\" width=\"344\">Charge utile maximale<\/td>\n<td valign=\"top\" width=\"455\">70T<\/td>\n<\/tr>\n<tr class=\"ue-table-interlace-color-double\">\n<td valign=\"top\" width=\"344\">Lieu d'origine<\/td>\n<td valign=\"top\" width=\"455\">ShanDong, Chine<\/td>\n<\/tr>\n<tr class=\"ue-table-interlace-color-single\">\n<td valign=\"top\" width=\"344\">Nom de la marque<\/td>\n<td valign=\"top\" width=\"455\">Lander<\/td>\n<\/tr>\n<tr class=\"ue-table-interlace-color-double\">\n<td valign=\"top\" width=\"344\">Nom du produit<\/td>\n<td valign=\"top\" width=\"455\">Semi-remorque surbaiss\u00e9e<\/td>\n<\/tr>\n<tr class=\"ue-table-interlace-color-single\">\n<td valign=\"top\" width=\"344\">Essieu<\/td>\n<td valign=\"top\" width=\"455\">3<\/td>\n<\/tr>\n<\/tbody>\n<\/table>\n<p><img alt=\"\" loading=\"lazy\" decoding=\"async\" class=\"alignnone size-full wp-image-4835\" src=\"http:\/\/www.shuntongvehicle.com\/wp-content\/uploads\/2026\/01\/7.jpg\" width=\"750\" height=\"750\" srcset=\"https:\/\/www.shuntongvehicle.com\/wp-content\/uploads\/2026\/01\/7.jpg 750w, https:\/\/www.shuntongvehicle.com\/wp-content\/uploads\/2026\/01\/7-300x300.jpg 300w, https:\/\/www.shuntongvehicle.com\/wp-content\/uploads\/2026\/01\/7-150x150.jpg 150w, https:\/\/www.shuntongvehicle.com\/wp-content\/uploads\/2026\/01\/7-12x12.jpg 12w, https:\/\/www.shuntongvehicle.com\/wp-content\/uploads\/2026\/01\/7-600x600.jpg 600w, https:\/\/www.shuntongvehicle.com\/wp-content\/uploads\/2026\/01\/7-100x100.jpg 100w\" sizes=\"(max-width: 750px) 100vw, 750px\" \/><\/p>\n<p>1.\u00a0Hstar\u00a0lowbed semi trailer use Q345B high strength steel\uff0cwhich can resistant to high pressure.<br \/>\n2.The load bearing capacity of the axle is more uniform, it has long service life and well sealed. The maintenance period is 100,000 km within a year. It also meet the requirements of continuous and efficient transportation, more safe and low maintenance cost.<br \/>\n3.Color is decided by customer.<\/p>\n<p><img alt=\"\" loading=\"lazy\" decoding=\"async\" class=\"alignnone size-full wp-image-4836\" src=\"http:\/\/www.shuntongvehicle.com\/wp-content\/uploads\/2026\/01\/8.jpg\" width=\"800\" height=\"600\" srcset=\"https:\/\/www.shuntongvehicle.com\/wp-content\/uploads\/2026\/01\/8.jpg 800w, https:\/\/www.shuntongvehicle.com\/wp-content\/uploads\/2026\/01\/8-300x225.jpg 300w, https:\/\/www.shuntongvehicle.com\/wp-content\/uploads\/2026\/01\/8-768x576.jpg 768w, https:\/\/www.shuntongvehicle.com\/wp-content\/uploads\/2026\/01\/8-16x12.jpg 16w, https:\/\/www.shuntongvehicle.com\/wp-content\/uploads\/2026\/01\/8-600x450.jpg 600w\" sizes=\"(max-width: 800px) 100vw, 800px\" \/><\/p>\n<p>Les semi-remorques surbaiss\u00e9es sont g\u00e9n\u00e9ralement utilis\u00e9es pour transporter des v\u00e9hicules lourds (tracteurs, autobus, v\u00e9hicules sp\u00e9ciaux, etc.), des v\u00e9hicules ferroviaires, des machines mini\u00e8res, des machines foresti\u00e8res, des machines de construction (excavateurs, bulldozers, chargeurs, finisseurs, grues, etc.) et d'autres marchandises lourdes. Plus le centre de gravit\u00e9 est bas, meilleures sont la stabilit\u00e9 et la s\u00e9curit\u00e9, et plus grande est la capacit\u00e9 \u00e0 transporter des marchandises sur\u00e9lev\u00e9es et \u00e0 franchir des obstacles.<\/p>\n<p>Les semi-remorques surbaiss\u00e9es utilisent g\u00e9n\u00e9ralement un ch\u00e2ssis \u00e0 poutre concave (ou de type puits), dont la partie avant est un col de cygne (l'axe de traction de la partie avant du col de cygne est reli\u00e9 \u00e0 la selle de traction du tracteur, et l'extr\u00e9mit\u00e9 arri\u00e8re du col de cygne est reli\u00e9e au ch\u00e2ssis de la semi-remorque), la partie centrale est la plate-forme de chargement (la partie la plus basse du ch\u00e2ssis), et l'extr\u00e9mit\u00e9 arri\u00e8re est le ch\u00e2ssis de la roue (y compris les roues).<\/p>","protected":false},"excerpt":{"rendered":"<p><span style=\"color: #1d2b68;\"><strong>Marque :<\/strong><\/span>Shuntong<br \/>\n<strong><span style=\"color: #1d2b68;\">Origine du produit :<\/span><\/strong>Chine<br \/>\n<strong><span style=\"color: #1d2b68;\">D\u00e9lai de livraison :<\/span><\/strong>Dur\u00e9e 20-35 jours<br \/>\n<strong><span style=\"color: #1d2b68;\">Capacit\u00e9 d'approvisionnement :<\/span><\/strong><span style=\"color: #1d2b68;\"><span class=\"info-deta\">1000<\/span><\/span><br \/>\n1\u00b7Lowbed semi trailer can satisfy the concentrated force, the anti bump, the distortion resistance.<br \/>\n2\u00b7The greatest advantage of this material is Q345B steel material.<br \/>\n3\u00b7We use it to make sure that our lowbed semi trailer is with a long service life and to avoid unnecessary maintenance.<\/p>","protected":false},"featured_media":4837,"template":"","meta":{"_seopress_robots_primary_cat":"none","_seopress_titles_title":"%%post_title%%","_seopress_titles_desc":"%%post_excerpt%%","_seopress_robots_index":"","_uag_custom_page_level_css":"","site-sidebar-layout":"default","site-content-layout":"","ast-site-content-layout":"default","site-content-style":"default","site-sidebar-style":"default","ast-global-header-display":"","ast-banner-title-visibility":"","ast-main-header-display":"","ast-hfb-above-header-display":"","ast-hfb-below-header-display":"","ast-hfb-mobile-header-display":"","site-post-title":"","ast-breadcrumbs-content":"","ast-featured-img":"","footer-sml-layout":"","theme-transparent-header-meta":"default","adv-header-id-meta":"","stick-header-meta":"default","header-above-stick-meta":"","header-main-stick-meta":"","header-below-stick-meta":"","astra-migrate-meta-layouts":"set","ast-page-background-enabled":"default","ast-page-background-meta":{"desktop":{"background-color":"","background-image":"","background-repeat":"repeat","background-position":"center center","background-size":"auto","background-attachment":"scroll","background-type":"","background-media":"","overlay-type":"","overlay-color":"","overlay-opacity":"","overlay-gradient":""},"tablet":{"background-color":"","background-image":"","background-repeat":"repeat","background-position":"center center","background-size":"auto","background-attachment":"scroll","background-type":"","background-media":"","overlay-type":"","overlay-color":"","overlay-opacity":"","overlay-gradient":""},"mobile":{"background-color":"","background-image":"","background-repeat":"repeat","background-position":"center center","background-size":"auto","background-attachment":"scroll","background-type":"","background-media":"","overlay-type":"","overlay-color":"","overlay-opacity":"","overlay-gradient":""}},"ast-content-background-meta":{"desktop":{"background-color":"var(--ast-global-color-5)","background-image":"","background-repeat":"repeat","background-position":"center center","background-size":"auto","background-attachment":"scroll","background-type":"","background-media":"","overlay-type":"","overlay-color":"","overlay-opacity":"","overlay-gradient":""},"tablet":{"background-color":"var(--ast-global-color-5)","background-image":"","background-repeat":"repeat","background-position":"center center","background-size":"auto","background-attachment":"scroll","background-type":"","background-media":"","overlay-type":"","overlay-color":"","overlay-opacity":"","overlay-gradient":""},"mobile":{"background-color":"var(--ast-global-color-5)","background-image":"","background-repeat":"repeat","background-position":"center center","background-size":"auto","background-attachment":"scroll","background-type":"","background-media":"","overlay-type":"","overlay-color":"","overlay-opacity":"","overlay-gradient":""}}},"product_brand":[],"product_cat":[80],"product_tag":[],"class_list":{"0":"post-4827","1":"product","2":"type-product","3":"status-publish","4":"has-post-thumbnail","6":"product_cat-lowbed-semi-trailer","7":"desktop-align-left","8":"tablet-align-left","9":"mobile-align-left","10":"ast-product-gallery-layout-horizontal-slider","11":"ast-product-tabs-layout-horizontal","13":"first","14":"instock","15":"shipping-taxable","16":"product-type-simple"},"uagb_featured_image_src":{"full":["https:\/\/www.shuntongvehicle.com\/wp-content\/uploads\/2026\/01\/3758-202405101443155768.webp",750,750,false],"thumbnail":["https:\/\/www.shuntongvehicle.com\/wp-content\/uploads\/2026\/01\/3758-202405101443155768-150x150.webp",150,150,true],"medium":["https:\/\/www.shuntongvehicle.com\/wp-content\/uploads\/2026\/01\/3758-202405101443155768-300x300.webp",300,300,true],"medium_large":["https:\/\/www.shuntongvehicle.com\/wp-content\/uploads\/2026\/01\/3758-202405101443155768.webp",750,750,false],"large":["https:\/\/www.shuntongvehicle.com\/wp-content\/uploads\/2026\/01\/3758-202405101443155768.webp",750,750,false],"1536x1536":["https:\/\/www.shuntongvehicle.com\/wp-content\/uploads\/2026\/01\/3758-202405101443155768.webp",750,750,false],"2048x2048":["https:\/\/www.shuntongvehicle.com\/wp-content\/uploads\/2026\/01\/3758-202405101443155768.webp",750,750,false],"trp-custom-language-flag":["https:\/\/www.shuntongvehicle.com\/wp-content\/uploads\/2026\/01\/3758-202405101443155768-12x12.webp",12,12,true],"woocommerce_thumbnail":["https:\/\/www.shuntongvehicle.com\/wp-content\/uploads\/2026\/01\/3758-202405101443155768-600x600.webp",600,600,true],"woocommerce_single":["https:\/\/www.shuntongvehicle.com\/wp-content\/uploads\/2026\/01\/3758-202405101443155768-600x600.webp",600,600,true],"woocommerce_gallery_thumbnail":["https:\/\/www.shuntongvehicle.com\/wp-content\/uploads\/2026\/01\/3758-202405101443155768-100x100.webp",100,100,true]},"uagb_author_info":{"display_name":"jinxing6611@gmail.com","author_link":"https:\/\/www.shuntongvehicle.com\/fr\/author\/"},"uagb_comment_info":0,"uagb_excerpt":"Brand:Shuntong Product origin:China Delivery time:Time 20-35 Days Supply capacity:1000 1\u00b7Lowbed semi trailer can satisfy the concentrated force, the anti bump, the distortion resistance. 2\u00b7The greatest advantage of this material is Q345B steel material. 3\u00b7We use it to make sure that our lowbed semi trailer is with a long service life and to avoid unnecessary maintenance.","_links":{"self":[{"href":"https:\/\/www.shuntongvehicle.com\/fr\/wp-json\/wp\/v2\/product\/4827","targetHints":{"allow":["GET"]}}],"collection":[{"href":"https:\/\/www.shuntongvehicle.com\/fr\/wp-json\/wp\/v2\/product"}],"about":[{"href":"https:\/\/www.shuntongvehicle.com\/fr\/wp-json\/wp\/v2\/types\/product"}],"wp:featuredmedia":[{"embeddable":true,"href":"https:\/\/www.shuntongvehicle.com\/fr\/wp-json\/wp\/v2\/media\/4837"}],"wp:attachment":[{"href":"https:\/\/www.shuntongvehicle.com\/fr\/wp-json\/wp\/v2\/media?parent=4827"}],"wp:term":[{"taxonomy":"product_brand","embeddable":true,"href":"https:\/\/www.shuntongvehicle.com\/fr\/wp-json\/wp\/v2\/product_brand?post=4827"},{"taxonomy":"product_cat","embeddable":true,"href":"https:\/\/www.shuntongvehicle.com\/fr\/wp-json\/wp\/v2\/product_cat?post=4827"},{"taxonomy":"product_tag","embeddable":true,"href":"https:\/\/www.shuntongvehicle.com\/fr\/wp-json\/wp\/v2\/product_tag?post=4827"}],"curies":[{"name":"wp","href":"https:\/\/api.w.org\/{rel}","templated":true}]}}