{"id":4853,"date":"2026-01-21T09:17:55","date_gmt":"2026-01-21T09:17:55","guid":{"rendered":"http:\/\/www.shuntongvehicle.com\/?post_type=product&#038;p=4853"},"modified":"2026-02-06T03:58:10","modified_gmt":"2026-02-06T03:58:10","slug":"4-line-8-axle-low-bed-transport-semi-trailer","status":"publish","type":"product","link":"https:\/\/www.shuntongvehicle.com\/fr\/product\/4-line-8-axle-low-bed-transport-semi-trailer\/","title":{"rendered":"4 Line 8 Axle Low Bed Transport Semi Trailer"},"content":{"rendered":"<p>Les semi-remorques surbaiss\u00e9es sont g\u00e9n\u00e9ralement utilis\u00e9es pour transporter des v\u00e9hicules lourds (tracteurs, autobus, v\u00e9hicules sp\u00e9ciaux, etc.), des v\u00e9hicules ferroviaires, des machines mini\u00e8res, des machines foresti\u00e8res, des machines de construction (excavateurs, bulldozers, chargeurs, finisseurs, grues, etc.) et d'autres marchandises lourdes. Plus le centre de gravit\u00e9 est bas, meilleures sont la stabilit\u00e9 et la s\u00e9curit\u00e9, et plus grande est la capacit\u00e9 \u00e0 transporter des marchandises sur\u00e9lev\u00e9es et \u00e0 franchir des obstacles.<\/p>\n<p>Les semi-remorques surbaiss\u00e9es utilisent g\u00e9n\u00e9ralement un ch\u00e2ssis \u00e0 poutre concave (ou de type puits), dont la partie avant est un col de cygne (l'axe de traction de la partie avant du col de cygne est reli\u00e9 \u00e0 la selle de traction du tracteur, et l'extr\u00e9mit\u00e9 arri\u00e8re du col de cygne est reli\u00e9e au ch\u00e2ssis de la semi-remorque), la partie centrale est la plate-forme de chargement (la partie la plus basse du ch\u00e2ssis), et l'extr\u00e9mit\u00e9 arri\u00e8re est le ch\u00e2ssis de la roue (y compris les roues).<\/p>\n<p>1) Nous utilisons de l'acier \u00e0 haute r\u00e9sistance Q345B pour r\u00e9sister \u00e0 la haute pression, afin de garantir la s\u00e9curit\u00e9 du conducteur et de la semi-remorque.<\/p>\n<p>2. les pneus peuvent rouler \u00e0 grande vitesse, ont une forte capacit\u00e9 de charge, les roues peuvent emp\u00eacher les d\u00e9rapages, sont \u00e9galement r\u00e9sistantes \u00e0 l'usure et peuvent \u00eatre utilis\u00e9es dans des conditions routi\u00e8res complexes.<\/p>\n<p>3. la couleur et la taille sont d\u00e9cid\u00e9es par le client.<\/p>\n<p><img alt=\"\" fetchpriority=\"high\" decoding=\"async\" class=\"alignnone size-full wp-image-4854\" src=\"http:\/\/www.shuntongvehicle.com\/wp-content\/uploads\/2026\/01\/3758-202311271341037802.jpg\" width=\"750\" height=\"750\" srcset=\"https:\/\/www.shuntongvehicle.com\/wp-content\/uploads\/2026\/01\/3758-202311271341037802.jpg 750w, https:\/\/www.shuntongvehicle.com\/wp-content\/uploads\/2026\/01\/3758-202311271341037802-300x300.jpg 300w, https:\/\/www.shuntongvehicle.com\/wp-content\/uploads\/2026\/01\/3758-202311271341037802-150x150.jpg 150w, https:\/\/www.shuntongvehicle.com\/wp-content\/uploads\/2026\/01\/3758-202311271341037802-12x12.jpg 12w, https:\/\/www.shuntongvehicle.com\/wp-content\/uploads\/2026\/01\/3758-202311271341037802-600x600.jpg 600w, https:\/\/www.shuntongvehicle.com\/wp-content\/uploads\/2026\/01\/3758-202311271341037802-100x100.jpg 100w\" sizes=\"(max-width: 750px) 100vw, 750px\" \/><\/p>\n<table width=\"800\">\n<tbody>\n<tr class=\"firstRow\">\n<td valign=\"top\" width=\"344\">Utilisation<\/td>\n<td valign=\"top\" width=\"455\">Remorque de camion<\/td>\n<\/tr>\n<tr>\n<td valign=\"top\" width=\"344\">Type<\/td>\n<td valign=\"top\" width=\"455\">Semi-remorque<\/td>\n<\/tr>\n<tr>\n<td valign=\"top\" width=\"344\">Mat\u00e9riau<\/td>\n<td valign=\"top\" width=\"455\">Acier<\/td>\n<\/tr>\n<tr>\n<td valign=\"top\" width=\"344\">Taille<\/td>\n<td valign=\"top\" width=\"455\">14750mm*2550mm<\/td>\n<\/tr>\n<tr>\n<td valign=\"top\" width=\"344\">Charge utile maximale<\/td>\n<td valign=\"top\" width=\"455\">80T<\/td>\n<\/tr>\n<tr>\n<td valign=\"top\" width=\"344\">Lieu d'origine<\/td>\n<td valign=\"top\" width=\"455\">ShanDong, Chine<\/td>\n<\/tr>\n<tr>\n<td valign=\"top\" width=\"344\">Nom de la marque<\/td>\n<td valign=\"top\" width=\"455\">Lander<\/td>\n<\/tr>\n<tr>\n<td valign=\"top\" width=\"344\">Nom du produit<\/td>\n<td valign=\"top\" width=\"455\">Semi-remorque surbaiss\u00e9e<\/td>\n<\/tr>\n<tr>\n<td valign=\"top\" width=\"344\">Essieu<\/td>\n<td valign=\"top\" width=\"455\">4<\/td>\n<\/tr>\n<\/tbody>\n<\/table>\n<p>1) Nous utilisons de l'acier \u00e0 haute r\u00e9sistance Q345B pour r\u00e9sister \u00e0 la haute pression, afin de garantir la s\u00e9curit\u00e9 du conducteur et de la semi-remorque.<\/p>\n<p>2. les pneus peuvent rouler \u00e0 grande vitesse, ont une forte capacit\u00e9 de charge, les roues peuvent emp\u00eacher les d\u00e9rapages, sont \u00e9galement r\u00e9sistantes \u00e0 l'usure et peuvent \u00eatre utilis\u00e9es dans des conditions routi\u00e8res complexes.<\/p>\n<p>3. la couleur et la taille sont d\u00e9cid\u00e9es par le client.<\/p>\n<p><img alt=\"\" decoding=\"async\" class=\"alignnone size-full wp-image-4855\" src=\"http:\/\/www.shuntongvehicle.com\/wp-content\/uploads\/2026\/01\/3758-202311071725020242.jpg\" width=\"800\" height=\"600\" srcset=\"https:\/\/www.shuntongvehicle.com\/wp-content\/uploads\/2026\/01\/3758-202311071725020242.jpg 800w, https:\/\/www.shuntongvehicle.com\/wp-content\/uploads\/2026\/01\/3758-202311071725020242-300x225.jpg 300w, https:\/\/www.shuntongvehicle.com\/wp-content\/uploads\/2026\/01\/3758-202311071725020242-768x576.jpg 768w, https:\/\/www.shuntongvehicle.com\/wp-content\/uploads\/2026\/01\/3758-202311071725020242-16x12.jpg 16w, https:\/\/www.shuntongvehicle.com\/wp-content\/uploads\/2026\/01\/3758-202311071725020242-600x450.jpg 600w\" sizes=\"(max-width: 800px) 100vw, 800px\" \/><\/p>\n<p>&nbsp;<\/p>","protected":false},"excerpt":{"rendered":"<p><span style=\"color: #1d2b68;\"><strong>Marque :<\/strong><\/span>Shuntong<br \/>\n<strong><span style=\"color: #1d2b68;\">Origine du produit :<\/span><\/strong>Chine<br \/>\n<strong><span style=\"color: #1d2b68;\">D\u00e9lai de livraison :<\/span><\/strong><span style=\"color: #1d2b68;\">25 jours<\/span><br \/>\n1.La semi-remorque surbaiss\u00e9e Bomai utilise de l'acier Q345B de haute qualit\u00e9 pour la poutre principale afin que la semi-remorque soit plus r\u00e9sistante.<br \/>\n2. nous pouvons utiliser les pneus les plus appropri\u00e9s, en choisissant des pneus sous vide ou des pneus en fil d'acier en fonction de l'\u00e9tat de la route.<br \/>\n3. la capacit\u00e9 de charge de notre essieu est \u00e9lev\u00e9e, la force est plus uniforme et le cycle de maintenance est long.<\/p>","protected":false},"featured_media":4856,"template":"","meta":{"_seopress_robots_primary_cat":"none","_seopress_titles_title":"%%post_title%%","_seopress_titles_desc":"%%post_excerpt%%","_seopress_robots_index":"","_uag_custom_page_level_css":"","site-sidebar-layout":"default","site-content-layout":"","ast-site-content-layout":"default","site-content-style":"default","site-sidebar-style":"default","ast-global-header-display":"","ast-banner-title-visibility":"","ast-main-header-display":"","ast-hfb-above-header-display":"","ast-hfb-below-header-display":"","ast-hfb-mobile-header-display":"","site-post-title":"","ast-breadcrumbs-content":"","ast-featured-img":"","footer-sml-layout":"","theme-transparent-header-meta":"default","adv-header-id-meta":"","stick-header-meta":"default","header-above-stick-meta":"","header-main-stick-meta":"","header-below-stick-meta":"","astra-migrate-meta-layouts":"set","ast-page-background-enabled":"default","ast-page-background-meta":{"desktop":{"background-color":"","background-image":"","background-repeat":"repeat","background-position":"center center","background-size":"auto","background-attachment":"scroll","background-type":"","background-media":"","overlay-type":"","overlay-color":"","overlay-opacity":"","overlay-gradient":""},"tablet":{"background-color":"","background-image":"","background-repeat":"repeat","background-position":"center center","background-size":"auto","background-attachment":"scroll","background-type":"","background-media":"","overlay-type":"","overlay-color":"","overlay-opacity":"","overlay-gradient":""},"mobile":{"background-color":"","background-image":"","background-repeat":"repeat","background-position":"center center","background-size":"auto","background-attachment":"scroll","background-type":"","background-media":"","overlay-type":"","overlay-color":"","overlay-opacity":"","overlay-gradient":""}},"ast-content-background-meta":{"desktop":{"background-color":"var(--ast-global-color-5)","background-image":"","background-repeat":"repeat","background-position":"center center","background-size":"auto","background-attachment":"scroll","background-type":"","background-media":"","overlay-type":"","overlay-color":"","overlay-opacity":"","overlay-gradient":""},"tablet":{"background-color":"var(--ast-global-color-5)","background-image":"","background-repeat":"repeat","background-position":"center center","background-size":"auto","background-attachment":"scroll","background-type":"","background-media":"","overlay-type":"","overlay-color":"","overlay-opacity":"","overlay-gradient":""},"mobile":{"background-color":"var(--ast-global-color-5)","background-image":"","background-repeat":"repeat","background-position":"center center","background-size":"auto","background-attachment":"scroll","background-type":"","background-media":"","overlay-type":"","overlay-color":"","overlay-opacity":"","overlay-gradient":""}}},"product_brand":[],"product_cat":[80],"product_tag":[],"class_list":{"0":"post-4853","1":"product","2":"type-product","3":"status-publish","4":"has-post-thumbnail","6":"product_cat-lowbed-semi-trailer","7":"desktop-align-left","8":"tablet-align-left","9":"mobile-align-left","10":"ast-product-gallery-layout-horizontal-slider","11":"ast-product-tabs-layout-horizontal","13":"first","14":"instock","15":"featured","16":"shipping-taxable","17":"product-type-simple"},"uagb_featured_image_src":{"full":["https:\/\/www.shuntongvehicle.com\/wp-content\/uploads\/2026\/01\/3758-202311060940543679.webp",750,750,false],"thumbnail":["https:\/\/www.shuntongvehicle.com\/wp-content\/uploads\/2026\/01\/3758-202311060940543679-150x150.webp",150,150,true],"medium":["https:\/\/www.shuntongvehicle.com\/wp-content\/uploads\/2026\/01\/3758-202311060940543679-300x300.webp",300,300,true],"medium_large":["https:\/\/www.shuntongvehicle.com\/wp-content\/uploads\/2026\/01\/3758-202311060940543679.webp",750,750,false],"large":["https:\/\/www.shuntongvehicle.com\/wp-content\/uploads\/2026\/01\/3758-202311060940543679.webp",750,750,false],"1536x1536":["https:\/\/www.shuntongvehicle.com\/wp-content\/uploads\/2026\/01\/3758-202311060940543679.webp",750,750,false],"2048x2048":["https:\/\/www.shuntongvehicle.com\/wp-content\/uploads\/2026\/01\/3758-202311060940543679.webp",750,750,false],"trp-custom-language-flag":["https:\/\/www.shuntongvehicle.com\/wp-content\/uploads\/2026\/01\/3758-202311060940543679-12x12.webp",12,12,true],"woocommerce_thumbnail":["https:\/\/www.shuntongvehicle.com\/wp-content\/uploads\/2026\/01\/3758-202311060940543679-600x600.webp",600,600,true],"woocommerce_single":["https:\/\/www.shuntongvehicle.com\/wp-content\/uploads\/2026\/01\/3758-202311060940543679-600x600.webp",600,600,true],"woocommerce_gallery_thumbnail":["https:\/\/www.shuntongvehicle.com\/wp-content\/uploads\/2026\/01\/3758-202311060940543679-100x100.webp",100,100,true]},"uagb_author_info":{"display_name":"jinxing6611@gmail.com","author_link":"https:\/\/www.shuntongvehicle.com\/fr\/author\/"},"uagb_comment_info":0,"uagb_excerpt":"Brand:Shuntong Product origin:China Delivery time:25Days 1.Bomai lowbed semi trailer use high quality Q345B steel for the main beam so that the semi trailer is stronger. 2.We can use the most suitable tires, so we choose vacuum tire or steel wire tire accroding to the road condition. 3.Our axle load capacity is strong, the force is\u2026","_links":{"self":[{"href":"https:\/\/www.shuntongvehicle.com\/fr\/wp-json\/wp\/v2\/product\/4853","targetHints":{"allow":["GET"]}}],"collection":[{"href":"https:\/\/www.shuntongvehicle.com\/fr\/wp-json\/wp\/v2\/product"}],"about":[{"href":"https:\/\/www.shuntongvehicle.com\/fr\/wp-json\/wp\/v2\/types\/product"}],"wp:featuredmedia":[{"embeddable":true,"href":"https:\/\/www.shuntongvehicle.com\/fr\/wp-json\/wp\/v2\/media\/4856"}],"wp:attachment":[{"href":"https:\/\/www.shuntongvehicle.com\/fr\/wp-json\/wp\/v2\/media?parent=4853"}],"wp:term":[{"taxonomy":"product_brand","embeddable":true,"href":"https:\/\/www.shuntongvehicle.com\/fr\/wp-json\/wp\/v2\/product_brand?post=4853"},{"taxonomy":"product_cat","embeddable":true,"href":"https:\/\/www.shuntongvehicle.com\/fr\/wp-json\/wp\/v2\/product_cat?post=4853"},{"taxonomy":"product_tag","embeddable":true,"href":"https:\/\/www.shuntongvehicle.com\/fr\/wp-json\/wp\/v2\/product_tag?post=4853"}],"curies":[{"name":"wp","href":"https:\/\/api.w.org\/{rel}","templated":true}]}}