{"id":4868,"date":"2026-01-21T09:25:52","date_gmt":"2026-01-21T09:25:52","guid":{"rendered":"http:\/\/www.shuntongvehicle.com\/?post_type=product&#038;p=4868"},"modified":"2026-02-06T03:51:29","modified_gmt":"2026-02-06T03:51:29","slug":"multi-axle-60t-10000mm-retractable-low-bed-trailer","status":"publish","type":"product","link":"https:\/\/www.shuntongvehicle.com\/fr\/product\/multi-axle-60t-10000mm-retractable-low-bed-trailer\/","title":{"rendered":"Remorque surbaiss\u00e9e r\u00e9tractable \u00e0 essieux multiples 60T 10000mm"},"content":{"rendered":"<p>La semi-remorque surbaiss\u00e9e est un v\u00e9hicule de transport tr\u00e8s populaire. La hauteur d'une semi-remorque surbaiss\u00e9e par rapport au sol est de 1,25 \u00e0 1,3 m\u00e8tre, de sorte que sa hauteur par rapport au sol est inf\u00e9rieure \u00e0 celle des autres semi-remorques. En raison de sa faible hauteur, son centre de gravit\u00e9 est \u00e9galement bas. Or, plus le centre de gravit\u00e9 est bas, meilleure est la stabilit\u00e9. La capacit\u00e9 \u00e0 transporter des charges \u00e9lev\u00e9es et \u00e0 franchir des obstacles en hauteur est \u00e9galement \u00e9lev\u00e9e. Les semi-remorques surbaiss\u00e9es sont couramment utilis\u00e9es dans le transport m\u00e9canique. Elles sont utilis\u00e9es pour transporter des machines ordinaires et des machines foresti\u00e8res.<\/p>\n<p><img alt=\"\" fetchpriority=\"high\" decoding=\"async\" class=\"alignnone size-full wp-image-4869\" src=\"http:\/\/www.shuntongvehicle.com\/wp-content\/uploads\/2026\/01\/3758-202405080945492344.jpg\" width=\"750\" height=\"519\" srcset=\"https:\/\/www.shuntongvehicle.com\/wp-content\/uploads\/2026\/01\/3758-202405080945492344.jpg 750w, https:\/\/www.shuntongvehicle.com\/wp-content\/uploads\/2026\/01\/3758-202405080945492344-300x208.jpg 300w, https:\/\/www.shuntongvehicle.com\/wp-content\/uploads\/2026\/01\/3758-202405080945492344-18x12.jpg 18w, https:\/\/www.shuntongvehicle.com\/wp-content\/uploads\/2026\/01\/3758-202405080945492344-600x415.jpg 600w\" sizes=\"(max-width: 750px) 100vw, 750px\" \/><\/p>\n<p><img alt=\"\" decoding=\"async\" class=\"alignnone size-full wp-image-4870\" src=\"http:\/\/www.shuntongvehicle.com\/wp-content\/uploads\/2026\/01\/3758-202405080946007240.jpg\" width=\"750\" height=\"781\" srcset=\"https:\/\/www.shuntongvehicle.com\/wp-content\/uploads\/2026\/01\/3758-202405080946007240.jpg 750w, https:\/\/www.shuntongvehicle.com\/wp-content\/uploads\/2026\/01\/3758-202405080946007240-288x300.jpg 288w, https:\/\/www.shuntongvehicle.com\/wp-content\/uploads\/2026\/01\/3758-202405080946007240-12x12.jpg 12w, https:\/\/www.shuntongvehicle.com\/wp-content\/uploads\/2026\/01\/3758-202405080946007240-600x625.jpg 600w\" sizes=\"(max-width: 750px) 100vw, 750px\" \/><\/p>\n<p><img alt=\"\" decoding=\"async\" class=\"alignnone size-full wp-image-4871\" src=\"http:\/\/www.shuntongvehicle.com\/wp-content\/uploads\/2026\/01\/3758-202405080946110955.jpg\" width=\"750\" height=\"731\" srcset=\"https:\/\/www.shuntongvehicle.com\/wp-content\/uploads\/2026\/01\/3758-202405080946110955.jpg 750w, https:\/\/www.shuntongvehicle.com\/wp-content\/uploads\/2026\/01\/3758-202405080946110955-300x292.jpg 300w, https:\/\/www.shuntongvehicle.com\/wp-content\/uploads\/2026\/01\/3758-202405080946110955-12x12.jpg 12w, https:\/\/www.shuntongvehicle.com\/wp-content\/uploads\/2026\/01\/3758-202405080946110955-600x585.jpg 600w\" sizes=\"(max-width: 750px) 100vw, 750px\" \/><\/p>\n<p><img alt=\"\" loading=\"lazy\" decoding=\"async\" class=\"alignnone size-full wp-image-4872\" src=\"http:\/\/www.shuntongvehicle.com\/wp-content\/uploads\/2026\/01\/3758-202405080946216121.jpg\" width=\"750\" height=\"755\" srcset=\"https:\/\/www.shuntongvehicle.com\/wp-content\/uploads\/2026\/01\/3758-202405080946216121.jpg 750w, https:\/\/www.shuntongvehicle.com\/wp-content\/uploads\/2026\/01\/3758-202405080946216121-298x300.jpg 298w, https:\/\/www.shuntongvehicle.com\/wp-content\/uploads\/2026\/01\/3758-202405080946216121-150x150.jpg 150w, https:\/\/www.shuntongvehicle.com\/wp-content\/uploads\/2026\/01\/3758-202405080946216121-12x12.jpg 12w, https:\/\/www.shuntongvehicle.com\/wp-content\/uploads\/2026\/01\/3758-202405080946216121-600x604.jpg 600w, https:\/\/www.shuntongvehicle.com\/wp-content\/uploads\/2026\/01\/3758-202405080946216121-100x100.jpg 100w\" sizes=\"(max-width: 750px) 100vw, 750px\" \/><\/p>\n<table width=\"800\">\n<tbody>\n<tr class=\"firstRow\">\n<td valign=\"top\" width=\"287\">Objet<\/td>\n<td valign=\"top\" width=\"512\">Valeur<\/td>\n<\/tr>\n<tr>\n<td valign=\"top\" width=\"287\">Taille<\/td>\n<td valign=\"top\" width=\"512\">13000*3000*1600mm<\/td>\n<\/tr>\n<tr>\n<td valign=\"top\" width=\"287\">Charge utile maximale<\/td>\n<td valign=\"top\" width=\"512\">60 tonnes<\/td>\n<\/tr>\n<tr>\n<td valign=\"top\" width=\"287\">Suspension<\/td>\n<td valign=\"top\" width=\"512\">Suspension m\u00e9canique<\/td>\n<\/tr>\n<tr>\n<td valign=\"top\" width=\"287\">Fonction<\/td>\n<td valign=\"top\" width=\"512\">Transport de mat\u00e9riel lourd<\/td>\n<\/tr>\n<tr>\n<td valign=\"top\" width=\"287\">Train d'atterrissage<\/td>\n<td valign=\"top\" width=\"512\">Train d'atterrissage robuste de 28 tonnes<\/td>\n<\/tr>\n<tr>\n<td valign=\"top\" width=\"287\">Capacit\u00e9 de chargement<\/td>\n<td valign=\"top\" width=\"512\">40-80T<\/td>\n<\/tr>\n<tr>\n<td valign=\"top\" width=\"287\">Ressort \u00e0 lames<\/td>\n<td valign=\"top\" width=\"512\">90mm*13mm*10 couches<\/td>\n<\/tr>\n<tr>\n<td valign=\"top\" width=\"287\">Goupille royale<\/td>\n<td valign=\"top\" width=\"512\">2\u2033(50mm)ou3.5\u2033(90mm) JOST<\/td>\n<\/tr>\n<tr>\n<td valign=\"top\" width=\"287\">Pneu<\/td>\n<td valign=\"top\" width=\"512\">315\/80R22.5, 12 pi\u00e8ces<\/td>\n<\/tr>\n<tr>\n<td colspan=\"1\" rowspan=\"1\" valign=\"top\" width=\"287\">Couleur<\/td>\n<td colspan=\"1\" rowspan=\"1\" valign=\"top\" width=\"512\">Exigences du client<\/td>\n<\/tr>\n<\/tbody>\n<\/table>\n<p><img alt=\"\" loading=\"lazy\" decoding=\"async\" class=\"alignnone size-full wp-image-4873\" src=\"http:\/\/www.shuntongvehicle.com\/wp-content\/uploads\/2026\/01\/3758-202405080946313011.jpg\" width=\"750\" height=\"1138\" srcset=\"https:\/\/www.shuntongvehicle.com\/wp-content\/uploads\/2026\/01\/3758-202405080946313011.jpg 750w, https:\/\/www.shuntongvehicle.com\/wp-content\/uploads\/2026\/01\/3758-202405080946313011-198x300.jpg 198w, https:\/\/www.shuntongvehicle.com\/wp-content\/uploads\/2026\/01\/3758-202405080946313011-675x1024.jpg 675w, https:\/\/www.shuntongvehicle.com\/wp-content\/uploads\/2026\/01\/3758-202405080946313011-8x12.jpg 8w, https:\/\/www.shuntongvehicle.com\/wp-content\/uploads\/2026\/01\/3758-202405080946313011-600x910.jpg 600w\" sizes=\"(max-width: 750px) 100vw, 750px\" \/><\/p>\n<p><img alt=\"\" loading=\"lazy\" decoding=\"async\" class=\"alignnone size-full wp-image-4874\" src=\"http:\/\/www.shuntongvehicle.com\/wp-content\/uploads\/2026\/01\/3758-202405080946399865.jpg\" width=\"750\" height=\"789\" srcset=\"https:\/\/www.shuntongvehicle.com\/wp-content\/uploads\/2026\/01\/3758-202405080946399865.jpg 750w, https:\/\/www.shuntongvehicle.com\/wp-content\/uploads\/2026\/01\/3758-202405080946399865-285x300.jpg 285w, https:\/\/www.shuntongvehicle.com\/wp-content\/uploads\/2026\/01\/3758-202405080946399865-11x12.jpg 11w, https:\/\/www.shuntongvehicle.com\/wp-content\/uploads\/2026\/01\/3758-202405080946399865-600x631.jpg 600w\" sizes=\"(max-width: 750px) 100vw, 750px\" \/><\/p>\n<h4>Images d\u00e9taill\u00e9es<\/h4>\n<p><img alt=\"\" loading=\"lazy\" decoding=\"async\" class=\"alignnone size-full wp-image-4875\" src=\"http:\/\/www.shuntongvehicle.com\/wp-content\/uploads\/2026\/01\/3758-202312071502074104.png\" width=\"800\" height=\"286\" srcset=\"https:\/\/www.shuntongvehicle.com\/wp-content\/uploads\/2026\/01\/3758-202312071502074104.png 800w, https:\/\/www.shuntongvehicle.com\/wp-content\/uploads\/2026\/01\/3758-202312071502074104-300x107.png 300w, https:\/\/www.shuntongvehicle.com\/wp-content\/uploads\/2026\/01\/3758-202312071502074104-768x275.png 768w, https:\/\/www.shuntongvehicle.com\/wp-content\/uploads\/2026\/01\/3758-202312071502074104-18x6.png 18w, https:\/\/www.shuntongvehicle.com\/wp-content\/uploads\/2026\/01\/3758-202312071502074104-600x215.png 600w\" sizes=\"(max-width: 800px) 100vw, 800px\" \/><\/p>\n<p><img alt=\"\" loading=\"lazy\" decoding=\"async\" class=\"alignnone size-full wp-image-4876\" src=\"http:\/\/www.shuntongvehicle.com\/wp-content\/uploads\/2026\/01\/3758-202312071502201908.png\" width=\"800\" height=\"282\" srcset=\"https:\/\/www.shuntongvehicle.com\/wp-content\/uploads\/2026\/01\/3758-202312071502201908.png 800w, https:\/\/www.shuntongvehicle.com\/wp-content\/uploads\/2026\/01\/3758-202312071502201908-300x106.png 300w, https:\/\/www.shuntongvehicle.com\/wp-content\/uploads\/2026\/01\/3758-202312071502201908-768x271.png 768w, https:\/\/www.shuntongvehicle.com\/wp-content\/uploads\/2026\/01\/3758-202312071502201908-18x6.png 18w, https:\/\/www.shuntongvehicle.com\/wp-content\/uploads\/2026\/01\/3758-202312071502201908-600x212.png 600w\" sizes=\"(max-width: 800px) 100vw, 800px\" \/><\/p>\n<p>1) Bande antid\u00e9rapante sur la queue et l'arri\u00e8re de la plate-forme pour assurer un chargement en toute s\u00e9curit\u00e9.<\/p>\n<p>2. Le train d'atterrissage optionnel sous la queue assure la stabilit\u00e9 de la remorque lors du chargement.<\/p>\n<p>3. \u00c9chelle robuste et support suppl\u00e9mentaire pour \u00e9viter que l'\u00e9chelle ne se brise lors du chargement de l'\u00e9quipement.<\/p>\n<p>4. \u00c9chelle hydraulique optionnelle pour une capacit\u00e9 de plus de 60 tonnes, \u00e9vitant les accidents du travail lors de l'ouverture de l'\u00e9chelle par une op\u00e9ration manuelle.<\/p>\n<p><img alt=\"\" loading=\"lazy\" decoding=\"async\" class=\"alignnone size-full wp-image-4877\" src=\"http:\/\/www.shuntongvehicle.com\/wp-content\/uploads\/2026\/01\/3758-202405080946507302.jpg\" width=\"750\" height=\"1113\" srcset=\"https:\/\/www.shuntongvehicle.com\/wp-content\/uploads\/2026\/01\/3758-202405080946507302.jpg 750w, https:\/\/www.shuntongvehicle.com\/wp-content\/uploads\/2026\/01\/3758-202405080946507302-202x300.jpg 202w, https:\/\/www.shuntongvehicle.com\/wp-content\/uploads\/2026\/01\/3758-202405080946507302-690x1024.jpg 690w, https:\/\/www.shuntongvehicle.com\/wp-content\/uploads\/2026\/01\/3758-202405080946507302-8x12.jpg 8w, https:\/\/www.shuntongvehicle.com\/wp-content\/uploads\/2026\/01\/3758-202405080946507302-600x890.jpg 600w\" sizes=\"(max-width: 750px) 100vw, 750px\" \/><\/p>\n<p><img alt=\"\" loading=\"lazy\" decoding=\"async\" class=\"alignnone size-full wp-image-4878\" src=\"http:\/\/www.shuntongvehicle.com\/wp-content\/uploads\/2026\/01\/3758-202312071506339633.png\" width=\"750\" height=\"750\" srcset=\"https:\/\/www.shuntongvehicle.com\/wp-content\/uploads\/2026\/01\/3758-202312071506339633.png 750w, https:\/\/www.shuntongvehicle.com\/wp-content\/uploads\/2026\/01\/3758-202312071506339633-300x300.png 300w, https:\/\/www.shuntongvehicle.com\/wp-content\/uploads\/2026\/01\/3758-202312071506339633-150x150.png 150w, https:\/\/www.shuntongvehicle.com\/wp-content\/uploads\/2026\/01\/3758-202312071506339633-12x12.png 12w, https:\/\/www.shuntongvehicle.com\/wp-content\/uploads\/2026\/01\/3758-202312071506339633-600x600.png 600w, https:\/\/www.shuntongvehicle.com\/wp-content\/uploads\/2026\/01\/3758-202312071506339633-100x100.png 100w\" sizes=\"(max-width: 750px) 100vw, 750px\" \/><\/p>","protected":false},"excerpt":{"rendered":"<p><span style=\"color: #1d2b68;\"><strong>Marque :<\/strong><\/span>Shuntong<br \/>\n<strong><span style=\"color: #1d2b68;\">Origine du produit :<\/span><\/strong>Chine<br \/>\n<strong><span style=\"color: #1d2b68;\">D\u00e9lai de livraison :<\/span><\/strong><span style=\"color: #1d2b68;\">20-35 jours<\/span><br \/>\n<span style=\"color: #1d2b68;\"><strong>Capacit\u00e9 d'approvisionnement :<\/strong> <\/span>50 unit\u00e9s\/mois<br \/>\nLa remorque surbaiss\u00e9e r\u00e9tractable \u00e0 essieux multiples 60t 10000mm adopte une conception assist\u00e9e par ordinateur avanc\u00e9e pour le transport de diverses marchandises sp\u00e9ciales. Plus le centre de gravit\u00e9 est bas, meilleures sont la stabilit\u00e9 et la s\u00e9curit\u00e9.<\/p>","protected":false},"featured_media":4879,"template":"","meta":{"_seopress_robots_primary_cat":"none","_seopress_titles_title":"%%post_title%%","_seopress_titles_desc":"%%post_excerpt%%","_seopress_robots_index":"","_uag_custom_page_level_css":"","site-sidebar-layout":"default","site-content-layout":"","ast-site-content-layout":"default","site-content-style":"default","site-sidebar-style":"default","ast-global-header-display":"","ast-banner-title-visibility":"","ast-main-header-display":"","ast-hfb-above-header-display":"","ast-hfb-below-header-display":"","ast-hfb-mobile-header-display":"","site-post-title":"","ast-breadcrumbs-content":"","ast-featured-img":"","footer-sml-layout":"","theme-transparent-header-meta":"default","adv-header-id-meta":"","stick-header-meta":"default","header-above-stick-meta":"","header-main-stick-meta":"","header-below-stick-meta":"","astra-migrate-meta-layouts":"set","ast-page-background-enabled":"default","ast-page-background-meta":{"desktop":{"background-color":"","background-image":"","background-repeat":"repeat","background-position":"center center","background-size":"auto","background-attachment":"scroll","background-type":"","background-media":"","overlay-type":"","overlay-color":"","overlay-opacity":"","overlay-gradient":""},"tablet":{"background-color":"","background-image":"","background-repeat":"repeat","background-position":"center center","background-size":"auto","background-attachment":"scroll","background-type":"","background-media":"","overlay-type":"","overlay-color":"","overlay-opacity":"","overlay-gradient":""},"mobile":{"background-color":"","background-image":"","background-repeat":"repeat","background-position":"center center","background-size":"auto","background-attachment":"scroll","background-type":"","background-media":"","overlay-type":"","overlay-color":"","overlay-opacity":"","overlay-gradient":""}},"ast-content-background-meta":{"desktop":{"background-color":"var(--ast-global-color-5)","background-image":"","background-repeat":"repeat","background-position":"center center","background-size":"auto","background-attachment":"scroll","background-type":"","background-media":"","overlay-type":"","overlay-color":"","overlay-opacity":"","overlay-gradient":""},"tablet":{"background-color":"var(--ast-global-color-5)","background-image":"","background-repeat":"repeat","background-position":"center center","background-size":"auto","background-attachment":"scroll","background-type":"","background-media":"","overlay-type":"","overlay-color":"","overlay-opacity":"","overlay-gradient":""},"mobile":{"background-color":"var(--ast-global-color-5)","background-image":"","background-repeat":"repeat","background-position":"center center","background-size":"auto","background-attachment":"scroll","background-type":"","background-media":"","overlay-type":"","overlay-color":"","overlay-opacity":"","overlay-gradient":""}}},"product_brand":[],"product_cat":[80],"product_tag":[],"class_list":{"0":"post-4868","1":"product","2":"type-product","3":"status-publish","4":"has-post-thumbnail","6":"product_cat-lowbed-semi-trailer","7":"desktop-align-left","8":"tablet-align-left","9":"mobile-align-left","10":"ast-product-gallery-layout-horizontal-slider","11":"ast-product-tabs-layout-horizontal","13":"first","14":"instock","15":"featured","16":"shipping-taxable","17":"product-type-simple"},"uagb_featured_image_src":{"full":["https:\/\/www.shuntongvehicle.com\/wp-content\/uploads\/2026\/01\/3758-202405080945111798.webp",750,749,false],"thumbnail":["https:\/\/www.shuntongvehicle.com\/wp-content\/uploads\/2026\/01\/3758-202405080945111798-150x150.webp",150,150,true],"medium":["https:\/\/www.shuntongvehicle.com\/wp-content\/uploads\/2026\/01\/3758-202405080945111798-300x300.webp",300,300,true],"medium_large":["https:\/\/www.shuntongvehicle.com\/wp-content\/uploads\/2026\/01\/3758-202405080945111798.webp",750,749,false],"large":["https:\/\/www.shuntongvehicle.com\/wp-content\/uploads\/2026\/01\/3758-202405080945111798.webp",750,749,false],"1536x1536":["https:\/\/www.shuntongvehicle.com\/wp-content\/uploads\/2026\/01\/3758-202405080945111798.webp",750,749,false],"2048x2048":["https:\/\/www.shuntongvehicle.com\/wp-content\/uploads\/2026\/01\/3758-202405080945111798.webp",750,749,false],"trp-custom-language-flag":["https:\/\/www.shuntongvehicle.com\/wp-content\/uploads\/2026\/01\/3758-202405080945111798-12x12.webp",12,12,true],"woocommerce_thumbnail":["https:\/\/www.shuntongvehicle.com\/wp-content\/uploads\/2026\/01\/3758-202405080945111798-600x600.webp",600,600,true],"woocommerce_single":["https:\/\/www.shuntongvehicle.com\/wp-content\/uploads\/2026\/01\/3758-202405080945111798-600x599.webp",600,599,true],"woocommerce_gallery_thumbnail":["https:\/\/www.shuntongvehicle.com\/wp-content\/uploads\/2026\/01\/3758-202405080945111798-100x100.webp",100,100,true]},"uagb_author_info":{"display_name":"jinxing6611@gmail.com","author_link":"https:\/\/www.shuntongvehicle.com\/fr\/author\/"},"uagb_comment_info":0,"uagb_excerpt":"Brand:Shuntong Product origin:China Delivery time:20-35 days Supply capacity: 50 units\/month Multi axle 60t 10000mm retractable low bed trailer adopts advanced computer-aided design for transportation of various special goods. The lower the center of gravity, the better the stability and safety.","_links":{"self":[{"href":"https:\/\/www.shuntongvehicle.com\/fr\/wp-json\/wp\/v2\/product\/4868","targetHints":{"allow":["GET"]}}],"collection":[{"href":"https:\/\/www.shuntongvehicle.com\/fr\/wp-json\/wp\/v2\/product"}],"about":[{"href":"https:\/\/www.shuntongvehicle.com\/fr\/wp-json\/wp\/v2\/types\/product"}],"wp:featuredmedia":[{"embeddable":true,"href":"https:\/\/www.shuntongvehicle.com\/fr\/wp-json\/wp\/v2\/media\/4879"}],"wp:attachment":[{"href":"https:\/\/www.shuntongvehicle.com\/fr\/wp-json\/wp\/v2\/media?parent=4868"}],"wp:term":[{"taxonomy":"product_brand","embeddable":true,"href":"https:\/\/www.shuntongvehicle.com\/fr\/wp-json\/wp\/v2\/product_brand?post=4868"},{"taxonomy":"product_cat","embeddable":true,"href":"https:\/\/www.shuntongvehicle.com\/fr\/wp-json\/wp\/v2\/product_cat?post=4868"},{"taxonomy":"product_tag","embeddable":true,"href":"https:\/\/www.shuntongvehicle.com\/fr\/wp-json\/wp\/v2\/product_tag?post=4868"}],"curies":[{"name":"wp","href":"https:\/\/api.w.org\/{rel}","templated":true}]}}