{"id":4906,"date":"2026-01-21T09:44:44","date_gmt":"2026-01-21T09:44:44","guid":{"rendered":"http:\/\/www.shuntongvehicle.com\/?post_type=product&#038;p=4906"},"modified":"2026-02-06T02:49:56","modified_gmt":"2026-02-06T02:49:56","slug":"4-axle-10-m-outlet-rear-dump-semi-trailer","status":"publish","type":"product","link":"https:\/\/www.shuntongvehicle.com\/fr\/product\/4-axle-10-m-outlet-rear-dump-semi-trailer\/","title":{"rendered":"Semi-remorque \u00e0 benne basculante arri\u00e8re 4 essieux 10 M Outlet"},"content":{"rendered":"<p>Le type le plus populaire de semi-remorque \u00e0 benne arri\u00e8re est la semi-remorque \u00e0 benne de 50 \u00e0 60 tonnes, utilis\u00e9e pour transporter des minerais et des mat\u00e9riaux de construction dans une benne de 35 \u00e0 40 m\u00e8tres cubes.<br \/>\nLander peut \u00e9galement produire des semi-remorques basculantes l\u00e9g\u00e8res de 25 cubes et 30-35 tonnes pour le transport de clinker, de sable et de gravier, ainsi que des bennes lourdes de 45 cubes avec une capacit\u00e9 de charge maximale de 80-100 tonnes pour le transport de minerais de grande taille.<\/p>\n<p><img alt=\"\" fetchpriority=\"high\" decoding=\"async\" class=\"alignnone size-full wp-image-4907\" src=\"http:\/\/www.shuntongvehicle.com\/wp-content\/uploads\/2026\/01\/3758-202405101535157927.jpg\" width=\"730\" height=\"842\" srcset=\"https:\/\/www.shuntongvehicle.com\/wp-content\/uploads\/2026\/01\/3758-202405101535157927.jpg 730w, https:\/\/www.shuntongvehicle.com\/wp-content\/uploads\/2026\/01\/3758-202405101535157927-260x300.jpg 260w, https:\/\/www.shuntongvehicle.com\/wp-content\/uploads\/2026\/01\/3758-202405101535157927-10x12.jpg 10w, https:\/\/www.shuntongvehicle.com\/wp-content\/uploads\/2026\/01\/3758-202405101535157927-600x692.jpg 600w\" sizes=\"(max-width: 730px) 100vw, 730px\" \/><\/p>\n<table width=\"800\">\n<tbody>\n<tr class=\"firstRow\">\n<td valign=\"top\" width=\"225\">Type<\/td>\n<td valign=\"top\" width=\"574\">Semi-remorque \u00e0 benne basculante arri\u00e8re 4 essieux 10 M Outlet<\/td>\n<\/tr>\n<tr>\n<td valign=\"top\" width=\"225\">Semi-remorque Dimension<\/td>\n<td valign=\"top\" width=\"574\">11000*2400*3750mm (peut \u00eatre personnalis\u00e9)<\/td>\n<\/tr>\n<tr>\n<td valign=\"top\" width=\"225\">\u00c9paisseur de la plaque inf\u00e9rieure (mm)<\/td>\n<td valign=\"top\" width=\"574\">5mm\/8mm Acier Q345<\/td>\n<\/tr>\n<tr>\n<td valign=\"top\" width=\"225\">Syst\u00e8me de levage<\/td>\n<td valign=\"top\" width=\"574\">Jeu complet de v\u00e9rins de levage hydrauliques Hyva (FC214-5-07130)<\/td>\n<\/tr>\n<tr>\n<td valign=\"top\" width=\"225\">Poutre principale<\/td>\n<td valign=\"top\" width=\"574\">Acier Q345B<\/td>\n<\/tr>\n<tr>\n<td valign=\"top\" width=\"225\">Essieu<\/td>\n<td valign=\"top\" width=\"574\">13T FUWA Brand, 16 unit\u00e9s<\/td>\n<\/tr>\n<tr>\n<td valign=\"top\" width=\"225\">Feuilles de printemps<\/td>\n<td valign=\"top\" width=\"574\">90mm*13mm*10Couche ou 100mm*12mm*12<\/td>\n<\/tr>\n<tr>\n<td valign=\"top\" width=\"225\">Goupille royale<\/td>\n<td valign=\"top\" width=\"574\">Marque JOST 2.0 0r 3.5 pouces type de boulons ou type de soudure<\/td>\n<\/tr>\n<tr>\n<td valign=\"top\" width=\"225\">Train d'atterrissage<\/td>\n<td valign=\"top\" width=\"574\">Marque JOST C200T ou marque chinoise 28 tonnes (double vitesse)<\/td>\n<\/tr>\n<tr>\n<td valign=\"top\" width=\"225\">Suspension<\/td>\n<td valign=\"top\" width=\"574\">Suspension m\u00e9canique<\/td>\n<\/tr>\n<tr>\n<td colspan=\"1\" rowspan=\"1\" valign=\"top\" width=\"225\">Jante<\/td>\n<td colspan=\"1\" rowspan=\"1\" valign=\"top\" width=\"574\">9.00-22.5\/8.00-20\/8.5-20China Brand<\/td>\n<\/tr>\n<tr>\n<td colspan=\"1\" rowspan=\"1\" valign=\"top\" width=\"225\">Pneu<\/td>\n<td colspan=\"1\" rowspan=\"1\" valign=\"top\" width=\"574\">12.00R22.5\/315 80R22.5\/11.00R20\/12.00R20 Diff\u00e9rentes marques de pneus sont disponibles<\/td>\n<\/tr>\n<tr>\n<td colspan=\"1\" rowspan=\"1\" valign=\"top\" width=\"225\">Bo\u00eete \u00e0 outils<\/td>\n<td colspan=\"1\" rowspan=\"1\" valign=\"top\" width=\"574\">Une pi\u00e8ce, 1m*0,5m*0,5m (la taille peut \u00eatre choisie librement)<\/td>\n<\/tr>\n<tr>\n<td colspan=\"1\" rowspan=\"1\" valign=\"top\" width=\"225\">Peinture<\/td>\n<td colspan=\"1\" rowspan=\"1\" valign=\"top\" width=\"574\">1 couche de primaire anticorrosion, 2 couches de peinture finale<\/td>\n<\/tr>\n<\/tbody>\n<\/table>\n<p><img alt=\"\" decoding=\"async\" class=\"alignnone wp-image-4908\" src=\"http:\/\/www.shuntongvehicle.com\/wp-content\/uploads\/2026\/01\/3758-202310171317108805.jpg\" width=\"1000\" height=\"563\" srcset=\"https:\/\/www.shuntongvehicle.com\/wp-content\/uploads\/2026\/01\/3758-202310171317108805.jpg 1553w, https:\/\/www.shuntongvehicle.com\/wp-content\/uploads\/2026\/01\/3758-202310171317108805-300x169.jpg 300w, https:\/\/www.shuntongvehicle.com\/wp-content\/uploads\/2026\/01\/3758-202310171317108805-1024x576.jpg 1024w, https:\/\/www.shuntongvehicle.com\/wp-content\/uploads\/2026\/01\/3758-202310171317108805-768x432.jpg 768w, https:\/\/www.shuntongvehicle.com\/wp-content\/uploads\/2026\/01\/3758-202310171317108805-1536x864.jpg 1536w, https:\/\/www.shuntongvehicle.com\/wp-content\/uploads\/2026\/01\/3758-202310171317108805-18x10.jpg 18w, https:\/\/www.shuntongvehicle.com\/wp-content\/uploads\/2026\/01\/3758-202310171317108805-600x338.jpg 600w\" sizes=\"(max-width: 1000px) 100vw, 1000px\" \/><\/p>\n<p><strong>Semi-remorque \u00e0 benne arri\u00e8re LANDER type U \u00e0 vendre<\/strong><\/p>\n<p><img alt=\"\" decoding=\"async\" class=\"alignnone size-full wp-image-4909\" src=\"http:\/\/www.shuntongvehicle.com\/wp-content\/uploads\/2026\/01\/3758-202310231403552295.jpg\" width=\"750\" height=\"563\" srcset=\"https:\/\/www.shuntongvehicle.com\/wp-content\/uploads\/2026\/01\/3758-202310231403552295.jpg 750w, https:\/\/www.shuntongvehicle.com\/wp-content\/uploads\/2026\/01\/3758-202310231403552295-300x225.jpg 300w, https:\/\/www.shuntongvehicle.com\/wp-content\/uploads\/2026\/01\/3758-202310231403552295-16x12.jpg 16w, https:\/\/www.shuntongvehicle.com\/wp-content\/uploads\/2026\/01\/3758-202310231403552295-600x450.jpg 600w\" sizes=\"(max-width: 750px) 100vw, 750px\" \/><\/p>\n<p><strong>Semi-remorque \u00e0 benne arri\u00e8re \u00e0 4 essieux \u00e0 vendre\u00a0<\/strong><\/p>\n<p><img alt=\"\" loading=\"lazy\" decoding=\"async\" class=\"alignnone size-full wp-image-4910\" src=\"http:\/\/www.shuntongvehicle.com\/wp-content\/uploads\/2026\/01\/3758-202310231406411273.jpg\" width=\"750\" height=\"563\" srcset=\"https:\/\/www.shuntongvehicle.com\/wp-content\/uploads\/2026\/01\/3758-202310231406411273.jpg 750w, https:\/\/www.shuntongvehicle.com\/wp-content\/uploads\/2026\/01\/3758-202310231406411273-300x225.jpg 300w, https:\/\/www.shuntongvehicle.com\/wp-content\/uploads\/2026\/01\/3758-202310231406411273-16x12.jpg 16w, https:\/\/www.shuntongvehicle.com\/wp-content\/uploads\/2026\/01\/3758-202310231406411273-600x450.jpg 600w\" sizes=\"(max-width: 750px) 100vw, 750px\" \/><\/p>","protected":false},"excerpt":{"rendered":"<p><span style=\"color: #1d2b68;\"><strong>Marque :<\/strong><\/span>Shuntong<br \/>\n<strong><span style=\"color: #1d2b68;\">Origine du produit :<\/span><\/strong>Chine<br \/>\n<strong><span style=\"color: #1d2b68;\">D\u00e9lai de livraison :<\/span><\/strong><span style=\"color: #1d2b68;\">20-35 jours<\/span><br \/>\n<span style=\"color: #1d2b68;\"><strong>Capacit\u00e9 d'approvisionnement :<\/strong> 100 lots\/mois<\/span><br \/>\n1. recherche et conception de d\u00e9tails professionnels, ann\u00e9es d'exp\u00e9rience ;<br \/>\n2. utiliser des accessoires de marque pour garantir la qualit\u00e9 de la semi-remorque \u00e0 benne arri\u00e8re.<br \/>\n3) Nous disposons d'un d\u00e9partement de conception de semi-remorque basculante professionnel avec une riche exp\u00e9rience de production et des d\u00e9lais de livraison courts ;<\/p>","protected":false},"featured_media":4911,"template":"","meta":{"_seopress_robots_primary_cat":"none","_seopress_titles_title":"%%post_title%%","_seopress_titles_desc":"%%post_excerpt%%","_seopress_robots_index":"","_uag_custom_page_level_css":"","site-sidebar-layout":"default","site-content-layout":"","ast-site-content-layout":"default","site-content-style":"default","site-sidebar-style":"default","ast-global-header-display":"","ast-banner-title-visibility":"","ast-main-header-display":"","ast-hfb-above-header-display":"","ast-hfb-below-header-display":"","ast-hfb-mobile-header-display":"","site-post-title":"","ast-breadcrumbs-content":"","ast-featured-img":"","footer-sml-layout":"","theme-transparent-header-meta":"default","adv-header-id-meta":"","stick-header-meta":"default","header-above-stick-meta":"","header-main-stick-meta":"","header-below-stick-meta":"","astra-migrate-meta-layouts":"set","ast-page-background-enabled":"default","ast-page-background-meta":{"desktop":{"background-color":"","background-image":"","background-repeat":"repeat","background-position":"center center","background-size":"auto","background-attachment":"scroll","background-type":"","background-media":"","overlay-type":"","overlay-color":"","overlay-opacity":"","overlay-gradient":""},"tablet":{"background-color":"","background-image":"","background-repeat":"repeat","background-position":"center center","background-size":"auto","background-attachment":"scroll","background-type":"","background-media":"","overlay-type":"","overlay-color":"","overlay-opacity":"","overlay-gradient":""},"mobile":{"background-color":"","background-image":"","background-repeat":"repeat","background-position":"center center","background-size":"auto","background-attachment":"scroll","background-type":"","background-media":"","overlay-type":"","overlay-color":"","overlay-opacity":"","overlay-gradient":""}},"ast-content-background-meta":{"desktop":{"background-color":"var(--ast-global-color-5)","background-image":"","background-repeat":"repeat","background-position":"center center","background-size":"auto","background-attachment":"scroll","background-type":"","background-media":"","overlay-type":"","overlay-color":"","overlay-opacity":"","overlay-gradient":""},"tablet":{"background-color":"var(--ast-global-color-5)","background-image":"","background-repeat":"repeat","background-position":"center center","background-size":"auto","background-attachment":"scroll","background-type":"","background-media":"","overlay-type":"","overlay-color":"","overlay-opacity":"","overlay-gradient":""},"mobile":{"background-color":"var(--ast-global-color-5)","background-image":"","background-repeat":"repeat","background-position":"center center","background-size":"auto","background-attachment":"scroll","background-type":"","background-media":"","overlay-type":"","overlay-color":"","overlay-opacity":"","overlay-gradient":""}}},"product_brand":[],"product_cat":[81],"product_tag":[],"class_list":{"0":"post-4906","1":"product","2":"type-product","3":"status-publish","4":"has-post-thumbnail","6":"product_cat-rear-tipping-dump-semi-trailer","7":"desktop-align-left","8":"tablet-align-left","9":"mobile-align-left","10":"ast-product-gallery-layout-horizontal-slider","11":"ast-product-tabs-layout-horizontal","13":"first","14":"instock","15":"featured","16":"shipping-taxable","17":"product-type-simple"},"uagb_featured_image_src":{"full":["https:\/\/www.shuntongvehicle.com\/wp-content\/uploads\/2026\/01\/3758-202405101535013991.webp",750,750,false],"thumbnail":["https:\/\/www.shuntongvehicle.com\/wp-content\/uploads\/2026\/01\/3758-202405101535013991-150x150.webp",150,150,true],"medium":["https:\/\/www.shuntongvehicle.com\/wp-content\/uploads\/2026\/01\/3758-202405101535013991-300x300.webp",300,300,true],"medium_large":["https:\/\/www.shuntongvehicle.com\/wp-content\/uploads\/2026\/01\/3758-202405101535013991.webp",750,750,false],"large":["https:\/\/www.shuntongvehicle.com\/wp-content\/uploads\/2026\/01\/3758-202405101535013991.webp",750,750,false],"1536x1536":["https:\/\/www.shuntongvehicle.com\/wp-content\/uploads\/2026\/01\/3758-202405101535013991.webp",750,750,false],"2048x2048":["https:\/\/www.shuntongvehicle.com\/wp-content\/uploads\/2026\/01\/3758-202405101535013991.webp",750,750,false],"trp-custom-language-flag":["https:\/\/www.shuntongvehicle.com\/wp-content\/uploads\/2026\/01\/3758-202405101535013991-12x12.webp",12,12,true],"woocommerce_thumbnail":["https:\/\/www.shuntongvehicle.com\/wp-content\/uploads\/2026\/01\/3758-202405101535013991-600x600.webp",600,600,true],"woocommerce_single":["https:\/\/www.shuntongvehicle.com\/wp-content\/uploads\/2026\/01\/3758-202405101535013991-600x600.webp",600,600,true],"woocommerce_gallery_thumbnail":["https:\/\/www.shuntongvehicle.com\/wp-content\/uploads\/2026\/01\/3758-202405101535013991-100x100.webp",100,100,true]},"uagb_author_info":{"display_name":"jinxing6611@gmail.com","author_link":"https:\/\/www.shuntongvehicle.com\/fr\/author\/"},"uagb_comment_info":0,"uagb_excerpt":"Brand:Shuntong Product origin:China Delivery time:20-35 days Supply capacity: 100 Sets\/Month 1.Professional detail research and design, years of experience; 2.Use brand-name accessories to ensure the quality of the rear dump semi trailer. 3.We have a professional Semi dump trailer design department with rich production experience and short delivery time;","_links":{"self":[{"href":"https:\/\/www.shuntongvehicle.com\/fr\/wp-json\/wp\/v2\/product\/4906","targetHints":{"allow":["GET"]}}],"collection":[{"href":"https:\/\/www.shuntongvehicle.com\/fr\/wp-json\/wp\/v2\/product"}],"about":[{"href":"https:\/\/www.shuntongvehicle.com\/fr\/wp-json\/wp\/v2\/types\/product"}],"wp:featuredmedia":[{"embeddable":true,"href":"https:\/\/www.shuntongvehicle.com\/fr\/wp-json\/wp\/v2\/media\/4911"}],"wp:attachment":[{"href":"https:\/\/www.shuntongvehicle.com\/fr\/wp-json\/wp\/v2\/media?parent=4906"}],"wp:term":[{"taxonomy":"product_brand","embeddable":true,"href":"https:\/\/www.shuntongvehicle.com\/fr\/wp-json\/wp\/v2\/product_brand?post=4906"},{"taxonomy":"product_cat","embeddable":true,"href":"https:\/\/www.shuntongvehicle.com\/fr\/wp-json\/wp\/v2\/product_cat?post=4906"},{"taxonomy":"product_tag","embeddable":true,"href":"https:\/\/www.shuntongvehicle.com\/fr\/wp-json\/wp\/v2\/product_tag?post=4906"}],"curies":[{"name":"wp","href":"https:\/\/api.w.org\/{rel}","templated":true}]}}