{"id":5246,"date":"2026-01-26T10:02:15","date_gmt":"2026-01-26T10:02:15","guid":{"rendered":"http:\/\/www.shuntongvehicle.com\/?post_type=product&#038;p=5246"},"modified":"2026-02-09T00:39:36","modified_gmt":"2026-02-09T00:39:36","slug":"tri-axle-sidewall-fence-cargo-semi-trailer","status":"publish","type":"product","link":"https:\/\/www.shuntongvehicle.com\/fr\/product\/tri-axle-sidewall-fence-cargo-semi-trailer\/","title":{"rendered":"Semi-remorque cargo \u00e0 trois essieux et \u00e0 parois lat\u00e9rales"},"content":{"rendered":"<p>1. la suspension adopte une suspension rigide non ind\u00e9pendante en t\u00f4le d'acier (suspension pneumatique en option) compos\u00e9e d'un ressort \u00e0 lames en tandem et d'un support de suspension, d'une structure raisonnable, d'une grande rigidit\u00e9 et d'une grande r\u00e9sistance, utilis\u00e9e pour supporter la charge et ralentir l'impact.<br \/>\n2. Les accessoires pour semi-remorques sont fabriqu\u00e9s par des fabricants renomm\u00e9s en Allemagne et \u00e0 l'\u00e9tranger, et en stricte conformit\u00e9 avec les exigences du syst\u00e8me de qualit\u00e9 pour l'achat, l'inspection et l'utilisation afin d'assurer la bonne performance du v\u00e9hicule.<\/p>\n<p><img alt=\"\" fetchpriority=\"high\" decoding=\"async\" class=\"alignnone size-full wp-image-5247\" src=\"http:\/\/www.shuntongvehicle.com\/wp-content\/uploads\/2026\/01\/3758-202405081658542637.jpg\" width=\"750\" height=\"422\" srcset=\"https:\/\/www.shuntongvehicle.com\/wp-content\/uploads\/2026\/01\/3758-202405081658542637.jpg 750w, https:\/\/www.shuntongvehicle.com\/wp-content\/uploads\/2026\/01\/3758-202405081658542637-300x169.jpg 300w, https:\/\/www.shuntongvehicle.com\/wp-content\/uploads\/2026\/01\/3758-202405081658542637-18x10.jpg 18w, https:\/\/www.shuntongvehicle.com\/wp-content\/uploads\/2026\/01\/3758-202405081658542637-600x338.jpg 600w\" sizes=\"(max-width: 750px) 100vw, 750px\" \/><\/p>\n<table>\n<tbody>\n<tr class=\"firstRow\">\n<td valign=\"top\" width=\"372\">Dimension<\/td>\n<td valign=\"top\" width=\"372\">12500*2500*3200mm ( peut \u00eatre personnalis\u00e9 )<\/td>\n<\/tr>\n<tr>\n<td valign=\"top\" width=\"372\">Chargement<\/td>\n<td valign=\"top\" width=\"372\">20T, 30T, 40T, 45T, 50T, 60T<\/td>\n<\/tr>\n<tr>\n<td valign=\"top\" width=\"372\">Pneu<\/td>\n<td valign=\"top\" width=\"372\">11.00R20, 12.00R20,12R22.5, 385\/65R22.5 Triangle\/Hankook\/ marque Bridgestone<\/td>\n<\/tr>\n<tr>\n<td valign=\"top\" width=\"372\">Mat\u00e9riau<\/td>\n<td valign=\"top\" width=\"372\">Poutres principales Q345B, bride sup\u00e9rieure : 14mm, milieu : 8mm, bas : 16mm (peut \u00eatre personnalis\u00e9)<\/td>\n<\/tr>\n<tr>\n<td valign=\"top\" width=\"372\">Essieux<\/td>\n<td valign=\"top\" width=\"372\">13T\/16\/20T marque FUWA<\/td>\n<\/tr>\n<tr>\n<td valign=\"top\" width=\"372\">Goupille royale<\/td>\n<td valign=\"top\" width=\"372\">2 pouces ou 3,5 pouces Marque JOST<\/td>\n<\/tr>\n<tr>\n<td valign=\"top\" width=\"372\">Syst\u00e8me de freinage<\/td>\n<td valign=\"top\" width=\"372\">WABCO Valve avec grande chambre<\/td>\n<\/tr>\n<tr>\n<td valign=\"top\" width=\"372\">Engrenages d'atterrissage<\/td>\n<td valign=\"top\" width=\"372\">Marque JOST, \u00e0 deux vitesses, fonctionnement manuel, pour charges lourdes, 28 tonnes<\/td>\n<\/tr>\n<tr>\n<td valign=\"top\" width=\"372\">Syst\u00e8me de suspension<\/td>\n<td valign=\"top\" width=\"372\">Suspension \u00e0 bogie, suspension \u00e0 ressort, suspension pneumatique<\/td>\n<\/tr>\n<tr>\n<td colspan=\"1\" rowspan=\"1\" valign=\"top\">Plancher<\/td>\n<td colspan=\"1\" rowspan=\"1\" valign=\"top\">Plaque d'acier diamant\u00e9e 3mm, 4mm, 6mm<\/td>\n<\/tr>\n<tr>\n<td colspan=\"1\" rowspan=\"1\" valign=\"top\">Hauteur de la paroi lat\u00e9rale<\/td>\n<td colspan=\"1\" rowspan=\"1\" valign=\"top\">300mm 600mm 800mm 1200mm 2000mm selon les besoins<\/td>\n<\/tr>\n<tr>\n<td colspan=\"1\" rowspan=\"1\" valign=\"top\">Autres pi\u00e8ces<\/td>\n<td colspan=\"1\" rowspan=\"1\" valign=\"top\">1 bo\u00eete \u00e0 outils, 1 porte-pneu de secours<\/td>\n<\/tr>\n<\/tbody>\n<\/table>\n<p><img alt=\"\" decoding=\"async\" class=\"alignnone size-full wp-image-5248\" src=\"http:\/\/www.shuntongvehicle.com\/wp-content\/uploads\/2026\/01\/3758-202312011124337793.jpg\" width=\"750\" height=\"750\" srcset=\"https:\/\/www.shuntongvehicle.com\/wp-content\/uploads\/2026\/01\/3758-202312011124337793.jpg 750w, https:\/\/www.shuntongvehicle.com\/wp-content\/uploads\/2026\/01\/3758-202312011124337793-300x300.jpg 300w, https:\/\/www.shuntongvehicle.com\/wp-content\/uploads\/2026\/01\/3758-202312011124337793-150x150.jpg 150w, https:\/\/www.shuntongvehicle.com\/wp-content\/uploads\/2026\/01\/3758-202312011124337793-12x12.jpg 12w, https:\/\/www.shuntongvehicle.com\/wp-content\/uploads\/2026\/01\/3758-202312011124337793-600x600.jpg 600w, https:\/\/www.shuntongvehicle.com\/wp-content\/uploads\/2026\/01\/3758-202312011124337793-100x100.jpg 100w\" sizes=\"(max-width: 750px) 100vw, 750px\" \/><\/p>\n<p>12 jeux de serrures pour conteneurs pour transporter 1 unit\u00e9 de conteneur 40ft, 45ft et 2 unit\u00e9s de conteneur 20ft.<br \/>\nLa corde et les crochets permettent d'attacher la cargaison, ce qui convient au transport de plusieurs cargaisons.<br \/>\n<strong>Soudage automatique :<\/strong><br \/>\nsoutenir le v\u00e9hicule plus longtemps sans le r\u00e9parer.<br \/>\n<strong>Essieux de qualit\u00e9, suspensions et syst\u00e8me de freinage\uff1a<\/strong><br \/>\nLes meilleurs essieux BPW, FUWA du monde entier fonctionnent avec la valve de freinage WABCO, ce qui permet de freiner plus efficacement pour la s\u00e9curit\u00e9 et d'\u00e9conomiser le co\u00fbt des pneus.<\/p>","protected":false},"excerpt":{"rendered":"<p><span style=\"color: #1d2b68;\"><strong>Marque :<\/strong>Shuntong<\/span><br \/>\n<strong><span style=\"color: #1d2b68;\">Origine du produit :<\/span><\/strong>Chine<br \/>\n<strong><span style=\"color: #1d2b68;\">D\u00e9lai de livraison :<\/span><\/strong><span style=\"color: #1d2b68;\">20-35 jours<\/span><br \/>\n<span style=\"color: #1d2b68;\"><strong>Capacit\u00e9 d'approvisionnement :<\/strong> 50 lots\/mois<\/span><br \/>\n1. La carrosserie du v\u00e9hicule est faite d'acier de haute qualit\u00e9, d'une technologie avanc\u00e9e et d'un processus de production strict. La structure du v\u00e9hicule est raisonnable, les performances sont fiables, le fonctionnement est simple et l'apparence est belle.<br \/>\n2. Le cadre de la semi-remorque est une structure \u00e0 poutre traversante, et la poutre longitudinale est plate ou en col de cygne. La hauteur de l'\u00e2me est comprise entre 400 et 550 mm. Soudage de plaques de mangan\u00e8se, la poutre longitudinale est soud\u00e9e par soudage automatique \u00e0 l'arc submerg\u00e9, le cadre est grenaill\u00e9, et la poutre est ins\u00e9r\u00e9e dans la poutre longitudinale et soud\u00e9e en tant qu'ensemble.<\/p>","protected":false},"featured_media":5249,"template":"","meta":{"_seopress_robots_primary_cat":"none","_seopress_titles_title":"%%post_title%%","_seopress_titles_desc":"%%post_excerpt%%","_seopress_robots_index":"","_uag_custom_page_level_css":"","site-sidebar-layout":"default","site-content-layout":"","ast-site-content-layout":"default","site-content-style":"default","site-sidebar-style":"default","ast-global-header-display":"","ast-banner-title-visibility":"","ast-main-header-display":"","ast-hfb-above-header-display":"","ast-hfb-below-header-display":"","ast-hfb-mobile-header-display":"","site-post-title":"","ast-breadcrumbs-content":"","ast-featured-img":"","footer-sml-layout":"","theme-transparent-header-meta":"default","adv-header-id-meta":"","stick-header-meta":"default","header-above-stick-meta":"","header-main-stick-meta":"","header-below-stick-meta":"","astra-migrate-meta-layouts":"set","ast-page-background-enabled":"default","ast-page-background-meta":{"desktop":{"background-color":"","background-image":"","background-repeat":"repeat","background-position":"center center","background-size":"auto","background-attachment":"scroll","background-type":"","background-media":"","overlay-type":"","overlay-color":"","overlay-opacity":"","overlay-gradient":""},"tablet":{"background-color":"","background-image":"","background-repeat":"repeat","background-position":"center center","background-size":"auto","background-attachment":"scroll","background-type":"","background-media":"","overlay-type":"","overlay-color":"","overlay-opacity":"","overlay-gradient":""},"mobile":{"background-color":"","background-image":"","background-repeat":"repeat","background-position":"center center","background-size":"auto","background-attachment":"scroll","background-type":"","background-media":"","overlay-type":"","overlay-color":"","overlay-opacity":"","overlay-gradient":""}},"ast-content-background-meta":{"desktop":{"background-color":"var(--ast-global-color-5)","background-image":"","background-repeat":"repeat","background-position":"center center","background-size":"auto","background-attachment":"scroll","background-type":"","background-media":"","overlay-type":"","overlay-color":"","overlay-opacity":"","overlay-gradient":""},"tablet":{"background-color":"var(--ast-global-color-5)","background-image":"","background-repeat":"repeat","background-position":"center center","background-size":"auto","background-attachment":"scroll","background-type":"","background-media":"","overlay-type":"","overlay-color":"","overlay-opacity":"","overlay-gradient":""},"mobile":{"background-color":"var(--ast-global-color-5)","background-image":"","background-repeat":"repeat","background-position":"center center","background-size":"auto","background-attachment":"scroll","background-type":"","background-media":"","overlay-type":"","overlay-color":"","overlay-opacity":"","overlay-gradient":""}}},"product_brand":[],"product_cat":[82],"product_tag":[],"class_list":{"0":"post-5246","1":"product","2":"type-product","3":"status-publish","4":"has-post-thumbnail","6":"product_cat-fence-cargo-semi-trailer","7":"desktop-align-left","8":"tablet-align-left","9":"mobile-align-left","10":"ast-product-gallery-layout-horizontal-slider","11":"ast-product-tabs-layout-horizontal","13":"first","14":"instock","15":"featured","16":"shipping-taxable","17":"product-type-simple"},"uagb_featured_image_src":{"full":["https:\/\/www.shuntongvehicle.com\/wp-content\/uploads\/2026\/01\/3758-202405081659299251.webp",750,750,false],"thumbnail":["https:\/\/www.shuntongvehicle.com\/wp-content\/uploads\/2026\/01\/3758-202405081659299251-150x150.webp",150,150,true],"medium":["https:\/\/www.shuntongvehicle.com\/wp-content\/uploads\/2026\/01\/3758-202405081659299251-300x300.webp",300,300,true],"medium_large":["https:\/\/www.shuntongvehicle.com\/wp-content\/uploads\/2026\/01\/3758-202405081659299251.webp",750,750,false],"large":["https:\/\/www.shuntongvehicle.com\/wp-content\/uploads\/2026\/01\/3758-202405081659299251.webp",750,750,false],"1536x1536":["https:\/\/www.shuntongvehicle.com\/wp-content\/uploads\/2026\/01\/3758-202405081659299251.webp",750,750,false],"2048x2048":["https:\/\/www.shuntongvehicle.com\/wp-content\/uploads\/2026\/01\/3758-202405081659299251.webp",750,750,false],"trp-custom-language-flag":["https:\/\/www.shuntongvehicle.com\/wp-content\/uploads\/2026\/01\/3758-202405081659299251-12x12.webp",12,12,true],"woocommerce_thumbnail":["https:\/\/www.shuntongvehicle.com\/wp-content\/uploads\/2026\/01\/3758-202405081659299251-600x600.webp",600,600,true],"woocommerce_single":["https:\/\/www.shuntongvehicle.com\/wp-content\/uploads\/2026\/01\/3758-202405081659299251-600x600.webp",600,600,true],"woocommerce_gallery_thumbnail":["https:\/\/www.shuntongvehicle.com\/wp-content\/uploads\/2026\/01\/3758-202405081659299251-100x100.webp",100,100,true]},"uagb_author_info":{"display_name":"jinxing6611@gmail.com","author_link":"https:\/\/www.shuntongvehicle.com\/fr\/author\/"},"uagb_comment_info":0,"uagb_excerpt":"Brand:Shuntong Product origin:China Delivery time:20-35 days Supply capacity: 50 Sets\/Month 1. The vehicle body is made of high quality steel, advanced technology and strict production process. The vehicle structure is reasonable, the performance is reliable, the operation is simple and the appearance is beautiful. 2. The frame of the semi-trailer is a through-beam structure, and\u2026","_links":{"self":[{"href":"https:\/\/www.shuntongvehicle.com\/fr\/wp-json\/wp\/v2\/product\/5246","targetHints":{"allow":["GET"]}}],"collection":[{"href":"https:\/\/www.shuntongvehicle.com\/fr\/wp-json\/wp\/v2\/product"}],"about":[{"href":"https:\/\/www.shuntongvehicle.com\/fr\/wp-json\/wp\/v2\/types\/product"}],"wp:featuredmedia":[{"embeddable":true,"href":"https:\/\/www.shuntongvehicle.com\/fr\/wp-json\/wp\/v2\/media\/5249"}],"wp:attachment":[{"href":"https:\/\/www.shuntongvehicle.com\/fr\/wp-json\/wp\/v2\/media?parent=5246"}],"wp:term":[{"taxonomy":"product_brand","embeddable":true,"href":"https:\/\/www.shuntongvehicle.com\/fr\/wp-json\/wp\/v2\/product_brand?post=5246"},{"taxonomy":"product_cat","embeddable":true,"href":"https:\/\/www.shuntongvehicle.com\/fr\/wp-json\/wp\/v2\/product_cat?post=5246"},{"taxonomy":"product_tag","embeddable":true,"href":"https:\/\/www.shuntongvehicle.com\/fr\/wp-json\/wp\/v2\/product_tag?post=5246"}],"curies":[{"name":"wp","href":"https:\/\/api.w.org\/{rel}","templated":true}]}}