{"id":5297,"date":"2026-01-27T02:13:00","date_gmt":"2026-01-27T02:13:00","guid":{"rendered":"http:\/\/www.shuntongvehicle.com\/?post_type=product&#038;p=5297"},"modified":"2026-02-06T01:51:47","modified_gmt":"2026-02-06T01:51:47","slug":"3-axle-transport-semi-box-truck-trailer","status":"publish","type":"product","link":"https:\/\/www.shuntongvehicle.com\/fr\/product\/3-axle-transport-semi-box-truck-trailer\/","title":{"rendered":"Remorque de transport \u00e0 3 essieux"},"content":{"rendered":"<h3>Semi-remorque \u00e0 caisson \u00e0 ailes d\u00e9ploy\u00e9es<\/h3>\n<p>1. Les principaux composants de la remorque sont trait\u00e9s \u00e0 l'aide d'\u00e9quipements de pointe, et les poutres longitudinales sont soud\u00e9es \u00e0 l'aide d'une machine \u00e0 souder \u00e0 l'arc submerg\u00e9 \u00e0 suivi enti\u00e8rement automatique import\u00e9e des \u00c9tats-Unis.<\/p>\n<p>2. Le ch\u00e2ssis de la remorque adopte la structure de cadre spatial soud\u00e9e par une plaque d'acier automobile 16Mn et une plaque d'acier \u00e0 haute r\u00e9sistance, une poutre longitudinale soud\u00e9e et une poutre p\u00e9n\u00e9trante int\u00e9grale.<\/p>\n<p>3. Essieux de marque de haute qualit\u00e9, syst\u00e8me de freinage antiblocage ABS en option, am\u00e9liorant la s\u00e9curit\u00e9 de conduite de la remorque.<\/p>\n<p>4. Mallette \u00e0 outils d\u00e9tachable, \u00e9tanche et surdimensionn\u00e9e.<\/p>\n<p>5. Le frein \u00e0 air comprim\u00e9 \u00e0 double circuit, s\u00fbr et fiable, est adopt\u00e9, la soupape de desserrage rapide est install\u00e9e dans le syst\u00e8me, et la pompe secondaire est utilis\u00e9e pour revenir rapidement en position lors du freinage.<\/p>\n<p><img alt=\"\" fetchpriority=\"high\" decoding=\"async\" class=\"alignnone size-full wp-image-5303\" src=\"http:\/\/www.shuntongvehicle.com\/wp-content\/uploads\/2026\/01\/3758-202310231359262978.jpg\" width=\"750\" height=\"750\" srcset=\"https:\/\/www.shuntongvehicle.com\/wp-content\/uploads\/2026\/01\/3758-202310231359262978.jpg 750w, https:\/\/www.shuntongvehicle.com\/wp-content\/uploads\/2026\/01\/3758-202310231359262978-300x300.jpg 300w, https:\/\/www.shuntongvehicle.com\/wp-content\/uploads\/2026\/01\/3758-202310231359262978-150x150.jpg 150w, https:\/\/www.shuntongvehicle.com\/wp-content\/uploads\/2026\/01\/3758-202310231359262978-12x12.jpg 12w, https:\/\/www.shuntongvehicle.com\/wp-content\/uploads\/2026\/01\/3758-202310231359262978-600x600.jpg 600w, https:\/\/www.shuntongvehicle.com\/wp-content\/uploads\/2026\/01\/3758-202310231359262978-100x100.jpg 100w\" sizes=\"(max-width: 750px) 100vw, 750px\" \/><\/p>\n<h4>Sp\u00e9cifications<\/h4>\n<table width=\"800\" data-sort=\"sortDisabled\">\n<tbody>\n<tr class=\"firstRow\">\n<td colspan=\"2\" rowspan=\"1\" valign=\"top\"><strong>Poids<\/strong><\/td>\n<\/tr>\n<tr>\n<td valign=\"top\" width=\"474\">Poids de tare<\/td>\n<td valign=\"top\" width=\"325\">8000kg-14000kg<\/td>\n<\/tr>\n<tr>\n<td valign=\"top\" width=\"474\">Capacit\u00e9 de chargement<\/td>\n<td valign=\"top\" width=\"325\">30T-70T<\/td>\n<\/tr>\n<tr>\n<td valign=\"top\" width=\"474\">Poids de l'essieu Charge<\/td>\n<td valign=\"top\" width=\"325\">13T ou 16T<\/td>\n<\/tr>\n<\/tbody>\n<\/table>\n<table width=\"800\" data-sort=\"sortDisabled\">\n<tbody>\n<tr>\n<td colspan=\"2\" rowspan=\"1\" valign=\"top\"><strong>Sp\u00e9cifications<\/strong><\/td>\n<\/tr>\n<tr>\n<td valign=\"top\" width=\"325\">Num\u00e9ro d'essieu<\/td>\n<td valign=\"top\" width=\"474\">2-\u00a04<\/td>\n<\/tr>\n<tr>\n<td valign=\"top\" width=\"325\">Marque de l'essieu<\/td>\n<td valign=\"top\" width=\"474\">Fuwa\/BPW\/Optionnel au choix<\/td>\n<\/tr>\n<tr>\n<td valign=\"top\" width=\"325\">Suspension<\/td>\n<td valign=\"top\" width=\"474\">M\u00e9canique courante<\/td>\n<\/tr>\n<tr>\n<td valign=\"top\" width=\"325\">Goupille royale<\/td>\n<td valign=\"top\" width=\"474\">2\u2033 ou 3.5\u2033 broche de traction<\/td>\n<\/tr>\n<tr>\n<td colspan=\"1\" rowspan=\"1\" valign=\"top\" width=\"325\">Dimensions (LxLxH)<\/td>\n<td colspan=\"1\" rowspan=\"1\" valign=\"top\" width=\"474\">12400~18000\u00d72500~3200\u00d7(1500+1800)mm<\/td>\n<\/tr>\n<tr>\n<td colspan=\"1\" rowspan=\"1\" valign=\"top\" width=\"325\">\u00c9paisseur de la bo\u00eete<\/td>\n<td colspan=\"1\" rowspan=\"1\" valign=\"top\" width=\"474\">2mm<\/td>\n<\/tr>\n<tr>\n<td colspan=\"1\" rowspan=\"1\" valign=\"top\" width=\"325\">Pieds de support<\/td>\n<td colspan=\"1\" rowspan=\"1\" valign=\"top\" width=\"474\">28T<\/td>\n<\/tr>\n<tr>\n<td colspan=\"1\" rowspan=\"1\" valign=\"top\" width=\"325\">Jante de roue<\/td>\n<td colspan=\"1\" rowspan=\"1\" valign=\"top\" width=\"474\">8.5-20,9.0-20,8.28-22.5,9.0-22.5 jante en acier \/ en option au choix<\/td>\n<\/tr>\n<tr>\n<td colspan=\"1\" rowspan=\"1\" valign=\"top\" width=\"325\">Empattement<\/td>\n<td colspan=\"1\" rowspan=\"1\" valign=\"top\" width=\"474\">7180\/6680\/6260+1310+1310mm<\/td>\n<\/tr>\n<tr>\n<td colspan=\"1\" rowspan=\"1\" valign=\"top\" width=\"325\">Ressort en acier<\/td>\n<td colspan=\"1\" rowspan=\"1\" valign=\"top\" width=\"474\">10-13 pi\u00e8ces par essieu<\/td>\n<\/tr>\n<tr>\n<td colspan=\"1\" rowspan=\"1\" valign=\"top\" width=\"325\">Train d'atterrissage<\/td>\n<td colspan=\"1\" rowspan=\"1\" valign=\"top\" width=\"474\">Fonctionnement manuel, train d'atterrissage robuste (marque en option)<\/td>\n<\/tr>\n<tr>\n<td colspan=\"1\" rowspan=\"1\" valign=\"top\" width=\"325\">Plancher<\/td>\n<td colspan=\"1\" rowspan=\"1\" valign=\"top\" width=\"474\">3-5 Plaque d'acier diamant\u00e9e<\/td>\n<\/tr>\n<tr>\n<td colspan=\"1\" rowspan=\"1\" valign=\"top\" width=\"325\">Accessoires<\/td>\n<td colspan=\"1\" rowspan=\"1\" valign=\"top\" width=\"474\">1 jeu de bo\u00eetes \u00e0 outils standard<\/td>\n<\/tr>\n<tr>\n<td colspan=\"1\" rowspan=\"1\" valign=\"top\" width=\"325\">Lumi\u00e8re<\/td>\n<td colspan=\"1\" rowspan=\"1\" valign=\"top\" width=\"474\">Feu arri\u00e8re avec clignotant, feu stop et r\u00e9flecteur, feu lat\u00e9ral, etc.<\/td>\n<\/tr>\n<tr>\n<td colspan=\"1\" rowspan=\"1\" valign=\"top\" width=\"325\">Peinture<\/td>\n<td colspan=\"1\" rowspan=\"1\" valign=\"top\" width=\"474\">1 couche d'appr\u00eat anticorrosif, 2 couches de peinture finale<\/td>\n<\/tr>\n<\/tbody>\n<\/table>\n<table width=\"800\" data-sort=\"sortDisabled\">\n<tbody>\n<tr>\n<td colspan=\"2\" rowspan=\"1\" valign=\"top\"><strong>Pneu<\/strong><\/td>\n<\/tr>\n<tr>\n<td colspan=\"1\" rowspan=\"1\" valign=\"top\" width=\"474\">Sp\u00e9cifications des pneus<\/td>\n<td colspan=\"1\" rowspan=\"1\" valign=\"top\" width=\"325\">12R22.5 pneu \u00e0 vide\/11.00R20 pneu \u00e0 fil d'acier<\/td>\n<\/tr>\n<tr>\n<td colspan=\"1\" rowspan=\"1\" valign=\"top\" width=\"474\">Nombre de pneus<\/td>\n<td colspan=\"1\" rowspan=\"1\" valign=\"top\" width=\"325\">8 ou 12 ou 16 pi\u00e8ces<\/td>\n<\/tr>\n<tr>\n<td colspan=\"1\" rowspan=\"1\" valign=\"top\" width=\"474\">Porte-pneus de secours<\/td>\n<td colspan=\"1\" rowspan=\"1\" valign=\"top\" width=\"325\">2 pi\u00e8ces<\/td>\n<\/tr>\n<\/tbody>\n<\/table>\n<table width=\"800\" data-sort=\"sortDisabled\">\n<tbody>\n<tr>\n<td colspan=\"2\" rowspan=\"1\" valign=\"top\"><strong>Cadre<\/strong><\/td>\n<\/tr>\n<tr>\n<td colspan=\"1\" rowspan=\"1\" valign=\"top\" width=\"325\">Poutre principale<\/td>\n<td colspan=\"1\" rowspan=\"1\" valign=\"top\" width=\"474\">La hauteur de la poutre est de 500 \u00e0 550 mm ;<\/p>\n<p>Plaque sup\u00e9rieure : 14-18 mm ; plaque inf\u00e9rieure : 16-20 mm ;<\/p>\n<p>La plaque centrale est de 8 \u00e0 12 mm.<\/td>\n<\/tr>\n<\/tbody>\n<\/table>\n<table width=\"800\" data-sort=\"sortDisabled\">\n<tbody>\n<tr>\n<td colspan=\"2\" rowspan=\"1\" valign=\"top\"><strong>Frein<\/strong><\/td>\n<\/tr>\n<tr>\n<td colspan=\"1\" rowspan=\"1\" valign=\"top\" width=\"474\">Marque de frein<\/td>\n<td colspan=\"1\" rowspan=\"1\" valign=\"top\" width=\"undefined\">Facultatif au choix<\/td>\n<\/tr>\n<tr>\n<td colspan=\"1\" rowspan=\"1\" valign=\"top\" width=\"undefined\">Chambre de frein<\/td>\n<td colspan=\"1\" rowspan=\"1\" valign=\"top\" width=\"undefined\">Six grandes chambres (marque au choix)<\/td>\n<\/tr>\n<tr>\n<td colspan=\"1\" rowspan=\"1\" valign=\"top\" width=\"undefined\">Syst\u00e8me de freinage<\/td>\n<td colspan=\"1\" rowspan=\"1\" valign=\"top\" width=\"undefined\">Syst\u00e8me de freinage \u00e0 deux conduites (ABS en option)<\/td>\n<\/tr>\n<\/tbody>\n<\/table>\n<p><img alt=\"\" decoding=\"async\" class=\"alignnone size-full wp-image-5304\" src=\"http:\/\/www.shuntongvehicle.com\/wp-content\/uploads\/2026\/01\/3758-202311151449013554.jpg\" width=\"750\" height=\"750\" srcset=\"https:\/\/www.shuntongvehicle.com\/wp-content\/uploads\/2026\/01\/3758-202311151449013554.jpg 750w, https:\/\/www.shuntongvehicle.com\/wp-content\/uploads\/2026\/01\/3758-202311151449013554-300x300.jpg 300w, https:\/\/www.shuntongvehicle.com\/wp-content\/uploads\/2026\/01\/3758-202311151449013554-150x150.jpg 150w, https:\/\/www.shuntongvehicle.com\/wp-content\/uploads\/2026\/01\/3758-202311151449013554-12x12.jpg 12w, https:\/\/www.shuntongvehicle.com\/wp-content\/uploads\/2026\/01\/3758-202311151449013554-600x600.jpg 600w, https:\/\/www.shuntongvehicle.com\/wp-content\/uploads\/2026\/01\/3758-202311151449013554-100x100.jpg 100w\" sizes=\"(max-width: 750px) 100vw, 750px\" \/><\/p>","protected":false},"excerpt":{"rendered":"<p><span style=\"color: #1d2b68;\"><strong>Marque :<\/strong>Shuntong<\/span><br \/>\n<strong><span style=\"color: #1d2b68;\">Origine du produit :<\/span><\/strong>Chine<br \/>\n<strong><span style=\"color: #1d2b68;\">D\u00e9lai de livraison :<\/span><\/strong><span style=\"color: #1d2b68;\">20-35 jours<\/span><br \/>\n<span style=\"color: #1d2b68;\"><strong>Capacit\u00e9 d'approvisionnement :<\/strong> 200 lots\/mois<\/span><br \/>\nSemi-remorque de transport \u00e0 3 essieux<br \/>\nLa semi-remorque de transport de marchandises est un type de remorque con\u00e7u pour transporter des marchandises et des mat\u00e9riaux sur de longues distances en utilisant un tracteur ou un camion comme source d'\u00e9nergie.<\/p>","protected":false},"featured_media":5298,"template":"","meta":{"_seopress_robots_primary_cat":"none","_seopress_titles_title":"%%post_title%%","_seopress_titles_desc":"%%post_excerpt%%","_seopress_robots_index":"","_uag_custom_page_level_css":"","site-sidebar-layout":"default","site-content-layout":"","ast-site-content-layout":"default","site-content-style":"default","site-sidebar-style":"default","ast-global-header-display":"","ast-banner-title-visibility":"","ast-main-header-display":"","ast-hfb-above-header-display":"","ast-hfb-below-header-display":"","ast-hfb-mobile-header-display":"","site-post-title":"","ast-breadcrumbs-content":"","ast-featured-img":"","footer-sml-layout":"","theme-transparent-header-meta":"default","adv-header-id-meta":"","stick-header-meta":"default","header-above-stick-meta":"","header-main-stick-meta":"","header-below-stick-meta":"","astra-migrate-meta-layouts":"set","ast-page-background-enabled":"default","ast-page-background-meta":{"desktop":{"background-color":"","background-image":"","background-repeat":"repeat","background-position":"center center","background-size":"auto","background-attachment":"scroll","background-type":"","background-media":"","overlay-type":"","overlay-color":"","overlay-opacity":"","overlay-gradient":""},"tablet":{"background-color":"","background-image":"","background-repeat":"repeat","background-position":"center center","background-size":"auto","background-attachment":"scroll","background-type":"","background-media":"","overlay-type":"","overlay-color":"","overlay-opacity":"","overlay-gradient":""},"mobile":{"background-color":"","background-image":"","background-repeat":"repeat","background-position":"center center","background-size":"auto","background-attachment":"scroll","background-type":"","background-media":"","overlay-type":"","overlay-color":"","overlay-opacity":"","overlay-gradient":""}},"ast-content-background-meta":{"desktop":{"background-color":"var(--ast-global-color-5)","background-image":"","background-repeat":"repeat","background-position":"center center","background-size":"auto","background-attachment":"scroll","background-type":"","background-media":"","overlay-type":"","overlay-color":"","overlay-opacity":"","overlay-gradient":""},"tablet":{"background-color":"var(--ast-global-color-5)","background-image":"","background-repeat":"repeat","background-position":"center center","background-size":"auto","background-attachment":"scroll","background-type":"","background-media":"","overlay-type":"","overlay-color":"","overlay-opacity":"","overlay-gradient":""},"mobile":{"background-color":"var(--ast-global-color-5)","background-image":"","background-repeat":"repeat","background-position":"center center","background-size":"auto","background-attachment":"scroll","background-type":"","background-media":"","overlay-type":"","overlay-color":"","overlay-opacity":"","overlay-gradient":""}}},"product_brand":[],"product_cat":[118],"product_tag":[],"class_list":{"0":"post-5297","1":"product","2":"type-product","3":"status-publish","4":"has-post-thumbnail","6":"product_cat-box-semi-trailer","7":"desktop-align-left","8":"tablet-align-left","9":"mobile-align-left","10":"ast-product-gallery-layout-horizontal-slider","11":"ast-product-tabs-layout-horizontal","13":"first","14":"instock","15":"featured","16":"shipping-taxable","17":"product-type-simple"},"uagb_featured_image_src":{"full":["https:\/\/www.shuntongvehicle.com\/wp-content\/uploads\/2026\/01\/3758-202310231358525642.webp",750,750,false],"thumbnail":["https:\/\/www.shuntongvehicle.com\/wp-content\/uploads\/2026\/01\/3758-202310231358525642-150x150.webp",150,150,true],"medium":["https:\/\/www.shuntongvehicle.com\/wp-content\/uploads\/2026\/01\/3758-202310231358525642-300x300.webp",300,300,true],"medium_large":["https:\/\/www.shuntongvehicle.com\/wp-content\/uploads\/2026\/01\/3758-202310231358525642.webp",750,750,false],"large":["https:\/\/www.shuntongvehicle.com\/wp-content\/uploads\/2026\/01\/3758-202310231358525642.webp",750,750,false],"1536x1536":["https:\/\/www.shuntongvehicle.com\/wp-content\/uploads\/2026\/01\/3758-202310231358525642.webp",750,750,false],"2048x2048":["https:\/\/www.shuntongvehicle.com\/wp-content\/uploads\/2026\/01\/3758-202310231358525642.webp",750,750,false],"trp-custom-language-flag":["https:\/\/www.shuntongvehicle.com\/wp-content\/uploads\/2026\/01\/3758-202310231358525642-12x12.webp",12,12,true],"woocommerce_thumbnail":["https:\/\/www.shuntongvehicle.com\/wp-content\/uploads\/2026\/01\/3758-202310231358525642-600x600.webp",600,600,true],"woocommerce_single":["https:\/\/www.shuntongvehicle.com\/wp-content\/uploads\/2026\/01\/3758-202310231358525642-600x600.webp",600,600,true],"woocommerce_gallery_thumbnail":["https:\/\/www.shuntongvehicle.com\/wp-content\/uploads\/2026\/01\/3758-202310231358525642-100x100.webp",100,100,true]},"uagb_author_info":{"display_name":"jinxing6611@gmail.com","author_link":"https:\/\/www.shuntongvehicle.com\/fr\/author\/"},"uagb_comment_info":0,"uagb_excerpt":"Brand:Shuntong Product origin:China Delivery time:20-35 days Supply capacity: 200 Sets\/Month 3 Axle Transport Semi Trailer Cargo transport semi-trailer is a type of trailer designed to haul goods and materials over long distances using a tractor or truck as the power source.","_links":{"self":[{"href":"https:\/\/www.shuntongvehicle.com\/fr\/wp-json\/wp\/v2\/product\/5297","targetHints":{"allow":["GET"]}}],"collection":[{"href":"https:\/\/www.shuntongvehicle.com\/fr\/wp-json\/wp\/v2\/product"}],"about":[{"href":"https:\/\/www.shuntongvehicle.com\/fr\/wp-json\/wp\/v2\/types\/product"}],"wp:featuredmedia":[{"embeddable":true,"href":"https:\/\/www.shuntongvehicle.com\/fr\/wp-json\/wp\/v2\/media\/5298"}],"wp:attachment":[{"href":"https:\/\/www.shuntongvehicle.com\/fr\/wp-json\/wp\/v2\/media?parent=5297"}],"wp:term":[{"taxonomy":"product_brand","embeddable":true,"href":"https:\/\/www.shuntongvehicle.com\/fr\/wp-json\/wp\/v2\/product_brand?post=5297"},{"taxonomy":"product_cat","embeddable":true,"href":"https:\/\/www.shuntongvehicle.com\/fr\/wp-json\/wp\/v2\/product_cat?post=5297"},{"taxonomy":"product_tag","embeddable":true,"href":"https:\/\/www.shuntongvehicle.com\/fr\/wp-json\/wp\/v2\/product_tag?post=5297"}],"curies":[{"name":"wp","href":"https:\/\/api.w.org\/{rel}","templated":true}]}}