{"id":5305,"date":"2026-01-27T02:23:12","date_gmt":"2026-01-27T02:23:12","guid":{"rendered":"http:\/\/www.shuntongvehicle.com\/?post_type=product&#038;p=5305"},"modified":"2026-02-06T05:42:39","modified_gmt":"2026-02-06T05:42:39","slug":"3-axles-60t-side-curtain-guardrail-semi-trailer","status":"publish","type":"product","link":"https:\/\/www.shuntongvehicle.com\/fr\/product\/3-axles-60t-side-curtain-guardrail-semi-trailer\/","title":{"rendered":"Semi-remorque \u00e0 rideau lat\u00e9ral 60T \u00e0 3 essieux"},"content":{"rendered":"<p>La semi-remorque de transport de marchandises est un type de remorque con\u00e7u pour transporter des marchandises et des mat\u00e9riaux sur de longues distances \u00e0 l'aide d'un tracteur ou d'un camion comme source d'\u00e9nergie. Ces remorques sont couramment utilis\u00e9es dans l'industrie de l'exp\u00e9dition et du transport pour transporter une vari\u00e9t\u00e9 de produits, y compris des marchandises en vrac, des produits manufactur\u00e9s et de l'\u00e9quipement.<\/p>\n<p><img alt=\"\" fetchpriority=\"high\" decoding=\"async\" class=\"alignnone size-full wp-image-5312\" src=\"http:\/\/www.shuntongvehicle.com\/wp-content\/uploads\/2026\/01\/3758-202311221213503971.jpg\" width=\"750\" height=\"562\" srcset=\"https:\/\/www.shuntongvehicle.com\/wp-content\/uploads\/2026\/01\/3758-202311221213503971.jpg 750w, https:\/\/www.shuntongvehicle.com\/wp-content\/uploads\/2026\/01\/3758-202311221213503971-300x225.jpg 300w, https:\/\/www.shuntongvehicle.com\/wp-content\/uploads\/2026\/01\/3758-202311221213503971-16x12.jpg 16w, https:\/\/www.shuntongvehicle.com\/wp-content\/uploads\/2026\/01\/3758-202311221213503971-600x450.jpg 600w\" sizes=\"(max-width: 750px) 100vw, 750px\" \/><\/p>\n<table width=\"800\" data-sort=\"sortDisabled\">\n<tbody>\n<tr class=\"firstRow\">\n<td valign=\"top\" width=\"166\">Dimension (en option)<\/td>\n<td valign=\"top\" width=\"66\">Num\u00e9ro d'essieu<\/td>\n<td valign=\"top\" width=\"98\">Charge nominale (kg)<\/td>\n<td valign=\"top\" width=\"95\">Charge nominale (kg)<\/td>\n<td valign=\"top\" width=\"374\">Taille des pneus<\/td>\n<\/tr>\n<tr>\n<td valign=\"top\" width=\"166\">20 pieds<\/td>\n<td valign=\"top\" width=\"66\">2<\/td>\n<td valign=\"top\" width=\"98\">40000<\/td>\n<td valign=\"top\" width=\"95\">8<\/td>\n<td colspan=\"1\" rowspan=\"3\" valign=\"top\" width=\"374\">825R20 1000R20 1100R20 1200R20 12R22.5 (Autre taille \/ Super pneu simple Contacter le fournisseur)<\/td>\n<\/tr>\n<tr>\n<td valign=\"top\" width=\"166\">40ft 45ft 48ft 53ft<\/td>\n<td valign=\"top\" width=\"66\">3<\/td>\n<td valign=\"top\" width=\"98\">60000<\/td>\n<td valign=\"top\" width=\"95\">12<\/td>\n<\/tr>\n<tr>\n<td valign=\"top\" width=\"166\">40ft 45ft 48ft 53ft<\/td>\n<td valign=\"top\" width=\"66\">4<\/td>\n<td valign=\"top\" width=\"98\">75000<\/td>\n<td valign=\"top\" width=\"95\">16<\/td>\n<\/tr>\n<tr>\n<td valign=\"top\" width=\"166\">Empattement (mm)<\/td>\n<td colspan=\"4\" rowspan=\"1\" valign=\"top\">1310<\/td>\n<\/tr>\n<tr>\n<td valign=\"top\" width=\"166\">Ressort \u00e0 lames Pcs<\/td>\n<td colspan=\"4\" rowspan=\"1\" valign=\"top\">10<\/td>\n<\/tr>\n<tr>\n<td valign=\"top\" width=\"166\">Essieu<\/td>\n<td colspan=\"4\" rowspan=\"1\" valign=\"top\">13\/16\/18 T<\/td>\n<\/tr>\n<tr>\n<td valign=\"top\" width=\"166\">Suspension<\/td>\n<td colspan=\"4\" rowspan=\"1\" valign=\"top\">Suspension m\u00e9canique renforc\u00e9e avec ressorts \u00e0 lames<\/td>\n<\/tr>\n<tr>\n<td valign=\"top\" width=\"166\">Mat\u00e9riau du faisceau principal<\/td>\n<td colspan=\"4\" rowspan=\"1\" valign=\"top\">Plaques de mangan\u00e8se Q345B, soudage automatique \u00e0 l'arc submerg\u00e9<\/td>\n<\/tr>\n<tr>\n<td valign=\"top\" width=\"166\">Syst\u00e8me de freinage<\/td>\n<td colspan=\"4\" rowspan=\"1\" valign=\"top\">Syst\u00e8me de freinage \u00e0 double ligne avec syst\u00e8me de freinage automatique\/chambres<\/td>\n<\/tr>\n<tr>\n<td colspan=\"1\" rowspan=\"1\" valign=\"top\">Chambre \u00e0 air du frein<\/td>\n<td colspan=\"4\" rowspan=\"1\" valign=\"top\">Mod\u00e8le double<\/td>\n<\/tr>\n<tr>\n<td colspan=\"1\" rowspan=\"1\" valign=\"top\">Kingpin<\/td>\n<td colspan=\"4\" rowspan=\"1\" valign=\"top\">2\u2032 ou 3.5\u2032 interchangeables<\/td>\n<\/tr>\n<tr>\n<td colspan=\"1\" rowspan=\"1\" valign=\"top\">Train d'atterrissage<\/td>\n<td colspan=\"4\" rowspan=\"1\" valign=\"top\">Capacit\u00e9 de chargement de 28 tonnes et capacit\u00e9 de levage statique de 80 tonnes<\/td>\n<\/tr>\n<tr>\n<td colspan=\"1\" rowspan=\"1\" valign=\"top\">Plate-forme<\/td>\n<td colspan=\"4\" rowspan=\"1\" valign=\"top\">Plaque d'acier diamant\u00e9e de 4 \u00e0 6 mm<\/td>\n<\/tr>\n<tr>\n<td colspan=\"1\" rowspan=\"1\" valign=\"top\">Plate-forme<\/td>\n<td colspan=\"4\" rowspan=\"1\" valign=\"top\">Syst\u00e8me de freinage \u00e0 deux conduites avec chambres \u00e0 air automatiques<\/td>\n<\/tr>\n<tr>\n<td colspan=\"1\" rowspan=\"1\" valign=\"top\">Chambre \u00e0 air du frein<\/td>\n<td colspan=\"4\" rowspan=\"1\" valign=\"top\">Quatre chambres doubles et deux chambres simples<\/td>\n<\/tr>\n<tr>\n<td colspan=\"1\" rowspan=\"1\" valign=\"top\">Syst\u00e8me \u00e9lectrique<\/td>\n<td colspan=\"4\" rowspan=\"1\" valign=\"top\">Prise 24V, 7core, \u00e9clairage conforme aux normes europ\u00e9ennes<\/td>\n<\/tr>\n<tr>\n<td colspan=\"1\" rowspan=\"4\" valign=\"top\">\nTaille de la poutre principale<\/td>\n<td colspan=\"3\" rowspan=\"1\" valign=\"top\">Plaque sup\u00e9rieure<\/td>\n<td colspan=\"1\" rowspan=\"1\" valign=\"top\">14 mm<\/td>\n<\/tr>\n<tr>\n<td colspan=\"3\" rowspan=\"1\" valign=\"top\">Plaque inf\u00e9rieure<\/td>\n<td colspan=\"1\" rowspan=\"1\" valign=\"top\">16 mm<\/td>\n<\/tr>\n<tr>\n<td colspan=\"3\" rowspan=\"1\" valign=\"top\">Mid Web<\/td>\n<td colspan=\"1\" rowspan=\"1\" valign=\"top\">8 mm<\/td>\n<\/tr>\n<tr>\n<td colspan=\"3\" rowspan=\"1\" valign=\"top\">Hauteur<\/td>\n<td colspan=\"1\" rowspan=\"1\" valign=\"top\">500-520mm<\/td>\n<\/tr>\n<tr>\n<td colspan=\"1\" rowspan=\"1\" valign=\"top\">Bo\u00eete \u00e0 outils<\/td>\n<td colspan=\"4\" rowspan=\"1\" valign=\"top\">1 bo\u00eete d'outils standard<\/td>\n<\/tr>\n<tr>\n<td colspan=\"1\" rowspan=\"1\" valign=\"top\">Hauteur de la bo\u00eete<\/td>\n<td colspan=\"4\" rowspan=\"1\" valign=\"top\">2M<\/td>\n<\/tr>\n<\/tbody>\n<\/table>\n<p><img alt=\"\" decoding=\"async\" class=\"alignnone size-full wp-image-5313\" src=\"http:\/\/www.shuntongvehicle.com\/wp-content\/uploads\/2026\/01\/3758-202310241026082891.jpg\" width=\"750\" height=\"556\" srcset=\"https:\/\/www.shuntongvehicle.com\/wp-content\/uploads\/2026\/01\/3758-202310241026082891.jpg 750w, https:\/\/www.shuntongvehicle.com\/wp-content\/uploads\/2026\/01\/3758-202310241026082891-300x222.jpg 300w, https:\/\/www.shuntongvehicle.com\/wp-content\/uploads\/2026\/01\/3758-202310241026082891-16x12.jpg 16w, https:\/\/www.shuntongvehicle.com\/wp-content\/uploads\/2026\/01\/3758-202310241026082891-600x445.jpg 600w\" sizes=\"(max-width: 750px) 100vw, 750px\" \/><\/p>\n<p>&nbsp;<\/p>","protected":false},"excerpt":{"rendered":"<p><span style=\"color: #1d2b68;\"><strong>Marque :<\/strong>Shuntong<\/span><br \/>\n<strong><span style=\"color: #1d2b68;\">Origine du produit :<\/span><\/strong>Chine<br \/>\n<strong><span style=\"color: #1d2b68;\">D\u00e9lai de livraison :<\/span><\/strong><span style=\"color: #1d2b68;\">20-35 jours<\/span><br \/>\n<span style=\"color: #1d2b68;\"><strong>Capacit\u00e9 d'approvisionnement :<\/strong> 200 lots\/mois<\/span><br \/>\n1. Diff\u00e9rents types de suspension sont con\u00e7us pour des conditions d'utilisation vari\u00e9es : Suspension \u00e0 bogie ; suspension pneumatique ; suspension m\u00e9canique.<br \/>\n2. Syst\u00e8me de suspension anti-abrasion sp\u00e9cialement con\u00e7u pour emp\u00eacher le d\u00e9calage des pneus apr\u00e8s le chargement.<br \/>\n3. Des contr\u00f4les stricts en usine permettent de s'assurer que chaque voiture quitte l'usine en parfait \u00e9tat.<\/p>","protected":false},"featured_media":5306,"template":"","meta":{"_seopress_robots_primary_cat":"none","_seopress_titles_title":"%%post_title%%","_seopress_titles_desc":"%%post_excerpt%%","_seopress_robots_index":"","_uag_custom_page_level_css":"","site-sidebar-layout":"default","site-content-layout":"","ast-site-content-layout":"default","site-content-style":"default","site-sidebar-style":"default","ast-global-header-display":"","ast-banner-title-visibility":"","ast-main-header-display":"","ast-hfb-above-header-display":"","ast-hfb-below-header-display":"","ast-hfb-mobile-header-display":"","site-post-title":"","ast-breadcrumbs-content":"","ast-featured-img":"","footer-sml-layout":"","theme-transparent-header-meta":"default","adv-header-id-meta":"","stick-header-meta":"default","header-above-stick-meta":"","header-main-stick-meta":"","header-below-stick-meta":"","astra-migrate-meta-layouts":"set","ast-page-background-enabled":"default","ast-page-background-meta":{"desktop":{"background-color":"","background-image":"","background-repeat":"repeat","background-position":"center center","background-size":"auto","background-attachment":"scroll","background-type":"","background-media":"","overlay-type":"","overlay-color":"","overlay-opacity":"","overlay-gradient":""},"tablet":{"background-color":"","background-image":"","background-repeat":"repeat","background-position":"center center","background-size":"auto","background-attachment":"scroll","background-type":"","background-media":"","overlay-type":"","overlay-color":"","overlay-opacity":"","overlay-gradient":""},"mobile":{"background-color":"","background-image":"","background-repeat":"repeat","background-position":"center center","background-size":"auto","background-attachment":"scroll","background-type":"","background-media":"","overlay-type":"","overlay-color":"","overlay-opacity":"","overlay-gradient":""}},"ast-content-background-meta":{"desktop":{"background-color":"var(--ast-global-color-5)","background-image":"","background-repeat":"repeat","background-position":"center center","background-size":"auto","background-attachment":"scroll","background-type":"","background-media":"","overlay-type":"","overlay-color":"","overlay-opacity":"","overlay-gradient":""},"tablet":{"background-color":"var(--ast-global-color-5)","background-image":"","background-repeat":"repeat","background-position":"center center","background-size":"auto","background-attachment":"scroll","background-type":"","background-media":"","overlay-type":"","overlay-color":"","overlay-opacity":"","overlay-gradient":""},"mobile":{"background-color":"var(--ast-global-color-5)","background-image":"","background-repeat":"repeat","background-position":"center center","background-size":"auto","background-attachment":"scroll","background-type":"","background-media":"","overlay-type":"","overlay-color":"","overlay-opacity":"","overlay-gradient":""}}},"product_brand":[],"product_cat":[118],"product_tag":[],"class_list":{"0":"post-5305","1":"product","2":"type-product","3":"status-publish","4":"has-post-thumbnail","6":"product_cat-box-semi-trailer","7":"desktop-align-left","8":"tablet-align-left","9":"mobile-align-left","10":"ast-product-gallery-layout-horizontal-slider","11":"ast-product-tabs-layout-horizontal","13":"first","14":"instock","15":"shipping-taxable","16":"product-type-simple"},"uagb_featured_image_src":{"full":["https:\/\/www.shuntongvehicle.com\/wp-content\/uploads\/2026\/01\/3758-202310231601042637.webp",750,750,false],"thumbnail":["https:\/\/www.shuntongvehicle.com\/wp-content\/uploads\/2026\/01\/3758-202310231601042637-150x150.webp",150,150,true],"medium":["https:\/\/www.shuntongvehicle.com\/wp-content\/uploads\/2026\/01\/3758-202310231601042637-300x300.webp",300,300,true],"medium_large":["https:\/\/www.shuntongvehicle.com\/wp-content\/uploads\/2026\/01\/3758-202310231601042637.webp",750,750,false],"large":["https:\/\/www.shuntongvehicle.com\/wp-content\/uploads\/2026\/01\/3758-202310231601042637.webp",750,750,false],"1536x1536":["https:\/\/www.shuntongvehicle.com\/wp-content\/uploads\/2026\/01\/3758-202310231601042637.webp",750,750,false],"2048x2048":["https:\/\/www.shuntongvehicle.com\/wp-content\/uploads\/2026\/01\/3758-202310231601042637.webp",750,750,false],"trp-custom-language-flag":["https:\/\/www.shuntongvehicle.com\/wp-content\/uploads\/2026\/01\/3758-202310231601042637-12x12.webp",12,12,true],"woocommerce_thumbnail":["https:\/\/www.shuntongvehicle.com\/wp-content\/uploads\/2026\/01\/3758-202310231601042637-600x600.webp",600,600,true],"woocommerce_single":["https:\/\/www.shuntongvehicle.com\/wp-content\/uploads\/2026\/01\/3758-202310231601042637-600x600.webp",600,600,true],"woocommerce_gallery_thumbnail":["https:\/\/www.shuntongvehicle.com\/wp-content\/uploads\/2026\/01\/3758-202310231601042637-100x100.webp",100,100,true]},"uagb_author_info":{"display_name":"jinxing6611@gmail.com","author_link":"https:\/\/www.shuntongvehicle.com\/fr\/author\/"},"uagb_comment_info":0,"uagb_excerpt":"Brand:Shuntong Product origin:China Delivery time:20-35 days Supply capacity: 200 Sets\/Month 1. Different types of suspension are designed for various operating condition: Bogie suspension; Air suspension; Mechanical suspension. 2. Specially designed anti-Tire abrasion suspension system,Prevent tire offset after loading. 3. Strict factory inspections ensure that every car leaves the factory perfectly.","_links":{"self":[{"href":"https:\/\/www.shuntongvehicle.com\/fr\/wp-json\/wp\/v2\/product\/5305","targetHints":{"allow":["GET"]}}],"collection":[{"href":"https:\/\/www.shuntongvehicle.com\/fr\/wp-json\/wp\/v2\/product"}],"about":[{"href":"https:\/\/www.shuntongvehicle.com\/fr\/wp-json\/wp\/v2\/types\/product"}],"wp:featuredmedia":[{"embeddable":true,"href":"https:\/\/www.shuntongvehicle.com\/fr\/wp-json\/wp\/v2\/media\/5306"}],"wp:attachment":[{"href":"https:\/\/www.shuntongvehicle.com\/fr\/wp-json\/wp\/v2\/media?parent=5305"}],"wp:term":[{"taxonomy":"product_brand","embeddable":true,"href":"https:\/\/www.shuntongvehicle.com\/fr\/wp-json\/wp\/v2\/product_brand?post=5305"},{"taxonomy":"product_cat","embeddable":true,"href":"https:\/\/www.shuntongvehicle.com\/fr\/wp-json\/wp\/v2\/product_cat?post=5305"},{"taxonomy":"product_tag","embeddable":true,"href":"https:\/\/www.shuntongvehicle.com\/fr\/wp-json\/wp\/v2\/product_tag?post=5305"}],"curies":[{"name":"wp","href":"https:\/\/api.w.org\/{rel}","templated":true}]}}