{"id":5314,"date":"2026-01-27T02:35:10","date_gmt":"2026-01-27T02:35:10","guid":{"rendered":"http:\/\/www.shuntongvehicle.com\/?post_type=product&#038;p=5314"},"modified":"2026-01-27T02:38:58","modified_gmt":"2026-01-27T02:38:58","slug":"3-axle-45ft-refrigerated-semi-trailer","status":"publish","type":"product","link":"https:\/\/www.shuntongvehicle.com\/fr\/product\/3-axle-45ft-refrigerated-semi-trailer\/","title":{"rendered":"Semi-remorque frigorifique 3 essieux 45FT"},"content":{"rendered":"<p>Le choix des unit\u00e9s de r\u00e9frig\u00e9ration doit \u00eatre d\u00e9termin\u00e9 en fonction de vos besoins sp\u00e9cifiques. \u00c0 l'heure actuelle, les groupes frigorifiques sont disponibles dans une gamme de temp\u00e9ratures allant de -5\u00b0C \u00e0 18\u00b0C. Si vous ne transportez que des l\u00e9gumes \u00e0 conserver, un groupe frigorifique d'une temp\u00e9rature d'environ -5\u00b0C est g\u00e9n\u00e9ralement suffisant. Si vous transportez des aliments surgel\u00e9s, vous pouvez choisir une plage de temp\u00e9rature allant de -12 \u00e0 -18 degr\u00e9s Celsius.<\/p>\n<table data-sort=\"sortDisabled\">\n<tbody>\n<tr class=\"firstRow\">\n<td valign=\"top\" width=\"389\">Nom du produit<\/td>\n<td valign=\"top\" width=\"389\">camion frigorifique<\/td>\n<\/tr>\n<tr>\n<td valign=\"top\" width=\"389\">Capacit\u00e9 du r\u00e9servoir<\/td>\n<td valign=\"top\" width=\"389\">40000 litres<\/td>\n<\/tr>\n<tr>\n<td valign=\"top\" width=\"389\">Dimension<\/td>\n<td valign=\"top\" width=\"389\">12650mm*2500mm*3900mm<\/td>\n<\/tr>\n<tr>\n<td valign=\"top\" width=\"389\">\u00c9paisseur<\/td>\n<td valign=\"top\" width=\"389\">Corps du r\u00e9servoir : 5mm<br \/>\nPlaque d'extr\u00e9mit\u00e9 : 6mm<\/td>\n<\/tr>\n<tr>\n<td valign=\"top\" width=\"389\">Couvercle de trou d'homme<\/td>\n<td valign=\"top\" width=\"389\">3 s\u00e9ries avec 2 soupapes de respiration<\/td>\n<\/tr>\n<tr>\n<td valign=\"top\" width=\"389\">Soupape de d\u00e9charge<\/td>\n<td valign=\"top\" width=\"389\">3 jeux, 3 pouces.<\/td>\n<\/tr>\n<tr>\n<td valign=\"top\" width=\"389\">Soupape d'urgence<\/td>\n<td valign=\"top\" width=\"389\">Valve de fond 4 pouces, 1 jeu<\/td>\n<\/tr>\n<tr>\n<td valign=\"top\" width=\"389\">Tuyau d'\u00e9vacuation<\/td>\n<td valign=\"top\" width=\"389\">Tube d'acier sans soudure de 4 pouces<\/td>\n<\/tr>\n<tr>\n<td valign=\"top\" width=\"389\">Marque de l'essieu<\/td>\n<td valign=\"top\" width=\"389\">Essieu 13 tonnes de marque FUWA<\/td>\n<\/tr>\n<tr>\n<td valign=\"top\" width=\"389\">Pneu<\/td>\n<td valign=\"top\" width=\"389\">12R22.5 triangle 12 unit\u00e9s<\/td>\n<\/tr>\n<tr>\n<td colspan=\"1\" rowspan=\"1\" valign=\"top\">Goupille royale<\/td>\n<td colspan=\"1\" rowspan=\"1\" valign=\"top\">pivot d'attelage de 2,00 ou 3,5 pouces \u00e0 boulonner<\/td>\n<\/tr>\n<tr>\n<td colspan=\"1\" rowspan=\"1\" valign=\"top\">Suspension<\/td>\n<td colspan=\"1\" rowspan=\"1\" valign=\"top\">Suspension m\u00e9canique<\/td>\n<\/tr>\n<tr>\n<td colspan=\"1\" rowspan=\"1\" valign=\"top\">Valve de frein<\/td>\n<td colspan=\"1\" rowspan=\"1\" valign=\"top\">WABCO<\/td>\n<\/tr>\n<tr>\n<td colspan=\"1\" rowspan=\"1\" valign=\"top\">Syst\u00e8me de freinage<\/td>\n<td colspan=\"1\" rowspan=\"1\" valign=\"top\">Syst\u00e8me de freinage pneumatique \u00e0 2 conduites.<br \/>\nSyst\u00e8me de freinage \u00e0 ressort de type 30\/30 sur deux essieux.<br \/>\nAccouplement pneumatique de type ISO \u00e0 l'avant de la semi-remorque. ABS en option<\/td>\n<\/tr>\n<tr>\n<td colspan=\"1\" rowspan=\"1\" valign=\"top\">Chambre de frein<\/td>\n<td colspan=\"1\" rowspan=\"1\" valign=\"top\">Six chambres doubles<\/td>\n<\/tr>\n<tr>\n<td colspan=\"1\" rowspan=\"1\" valign=\"top\">Syst\u00e8me \u00e9lectrique<\/td>\n<td colspan=\"1\" rowspan=\"1\" valign=\"top\">24V, prise \u00e0 7 p\u00f4les. L'ensemble des feux LED \uff0cinclut le feu arri\u00e8re avec clignotant, le feu stop et le r\u00e9flecteur, le feu lat\u00e9ral, etc.<\/td>\n<\/tr>\n<tr>\n<td colspan=\"1\" rowspan=\"1\" valign=\"top\">Couleur et marquage<\/td>\n<td colspan=\"1\" rowspan=\"1\" valign=\"top\">Couleur et motif selon les exigences du client<\/td>\n<\/tr>\n<tr>\n<td colspan=\"2\" rowspan=\"1\" valign=\"top\">Remarque : Tous les produits peuvent \u00eatre personnalis\u00e9s pour vous, si vous avez des questions sur nos produits, veuillez nous contacter, nous vous donnerons le prix le plus raisonnable, le service le plus parfait, le d\u00e9lai de livraison le plus rapide et les meilleurs produits !<\/td>\n<\/tr>\n<\/tbody>\n<\/table>\n<p><img alt=\"\" fetchpriority=\"high\" decoding=\"async\" class=\"alignnone size-full wp-image-5319\" src=\"http:\/\/www.shuntongvehicle.com\/wp-content\/uploads\/2026\/01\/3758-202311151757501739.jpg\" width=\"900\" height=\"595\" srcset=\"https:\/\/www.shuntongvehicle.com\/wp-content\/uploads\/2026\/01\/3758-202311151757501739.jpg 900w, https:\/\/www.shuntongvehicle.com\/wp-content\/uploads\/2026\/01\/3758-202311151757501739-300x198.jpg 300w, https:\/\/www.shuntongvehicle.com\/wp-content\/uploads\/2026\/01\/3758-202311151757501739-768x508.jpg 768w, https:\/\/www.shuntongvehicle.com\/wp-content\/uploads\/2026\/01\/3758-202311151757501739-18x12.jpg 18w, https:\/\/www.shuntongvehicle.com\/wp-content\/uploads\/2026\/01\/3758-202311151757501739-600x397.jpg 600w\" sizes=\"(max-width: 900px) 100vw, 900px\" \/><\/p>\n<p>En outre, plus la longueur du compartiment est importante, plus la capacit\u00e9 de r\u00e9frig\u00e9ration de l'appareil doit \u00eatre \u00e9lev\u00e9e. Plus la capacit\u00e9 de r\u00e9frig\u00e9ration est \u00e9lev\u00e9e, plus l'appareil refroidit rapidement. En outre, il existe une diff\u00e9rence entre les appareils fabriqu\u00e9s dans le pays et les appareils import\u00e9s, ainsi qu'une diff\u00e9rence de prix significative entre les deux. Ces \u00e9l\u00e9ments peuvent \u00eatre d\u00e9termin\u00e9s en fonction de vos besoins sp\u00e9cifiques.<\/p>\n<p><img alt=\"\" decoding=\"async\" class=\"alignnone size-full wp-image-5320\" src=\"http:\/\/www.shuntongvehicle.com\/wp-content\/uploads\/2026\/01\/3758-202311151758515240.jpg\" width=\"900\" height=\"595\" srcset=\"https:\/\/www.shuntongvehicle.com\/wp-content\/uploads\/2026\/01\/3758-202311151758515240.jpg 900w, https:\/\/www.shuntongvehicle.com\/wp-content\/uploads\/2026\/01\/3758-202311151758515240-300x198.jpg 300w, https:\/\/www.shuntongvehicle.com\/wp-content\/uploads\/2026\/01\/3758-202311151758515240-768x508.jpg 768w, https:\/\/www.shuntongvehicle.com\/wp-content\/uploads\/2026\/01\/3758-202311151758515240-18x12.jpg 18w, https:\/\/www.shuntongvehicle.com\/wp-content\/uploads\/2026\/01\/3758-202311151758515240-600x397.jpg 600w\" sizes=\"(max-width: 900px) 100vw, 900px\" \/><\/p>","protected":false},"excerpt":{"rendered":"<p><span style=\"color: #1d2b68;\"><strong>Marque :<\/strong>Shuntong<\/span><br \/>\n<strong><span style=\"color: #1d2b68;\">Origine du produit :<\/span><\/strong>Chine<br \/>\n<strong><span style=\"color: #1d2b68;\">D\u00e9lai de livraison :<\/span><\/strong><span style=\"color: #1d2b68;\">20-35 jours<\/span><br \/>\n<span style=\"color: #1d2b68;\"><strong>Capacit\u00e9 d'approvisionnement :<\/strong> 200 lots\/mois<\/span><br \/>\nSemi-remorque frigorifique 3 essieux 45ft container refrigerated trailer cooling van freezer semi trailer refrigerator truck 45FT refrigerated semi trailer is used to transfer used to transport dangerous and highly toxic chemicals such as undecane. La semi-remorque frigorifique \u00e0 3 essieux est \u00e9quip\u00e9e d'un panneau anti-vague pour r\u00e9duire l'impact inertiel, s\u00fbr et fiable.<\/p>","protected":false},"featured_media":5315,"template":"","meta":{"_seopress_robots_primary_cat":"none","_seopress_titles_title":"%%post_title%%","_seopress_titles_desc":"%%post_excerpt%%","_seopress_robots_index":"","_uag_custom_page_level_css":"","site-sidebar-layout":"default","site-content-layout":"","ast-site-content-layout":"default","site-content-style":"default","site-sidebar-style":"default","ast-global-header-display":"","ast-banner-title-visibility":"","ast-main-header-display":"","ast-hfb-above-header-display":"","ast-hfb-below-header-display":"","ast-hfb-mobile-header-display":"","site-post-title":"","ast-breadcrumbs-content":"","ast-featured-img":"","footer-sml-layout":"","theme-transparent-header-meta":"default","adv-header-id-meta":"","stick-header-meta":"default","header-above-stick-meta":"","header-main-stick-meta":"","header-below-stick-meta":"","astra-migrate-meta-layouts":"set","ast-page-background-enabled":"default","ast-page-background-meta":{"desktop":{"background-color":"","background-image":"","background-repeat":"repeat","background-position":"center center","background-size":"auto","background-attachment":"scroll","background-type":"","background-media":"","overlay-type":"","overlay-color":"","overlay-opacity":"","overlay-gradient":""},"tablet":{"background-color":"","background-image":"","background-repeat":"repeat","background-position":"center center","background-size":"auto","background-attachment":"scroll","background-type":"","background-media":"","overlay-type":"","overlay-color":"","overlay-opacity":"","overlay-gradient":""},"mobile":{"background-color":"","background-image":"","background-repeat":"repeat","background-position":"center center","background-size":"auto","background-attachment":"scroll","background-type":"","background-media":"","overlay-type":"","overlay-color":"","overlay-opacity":"","overlay-gradient":""}},"ast-content-background-meta":{"desktop":{"background-color":"var(--ast-global-color-5)","background-image":"","background-repeat":"repeat","background-position":"center center","background-size":"auto","background-attachment":"scroll","background-type":"","background-media":"","overlay-type":"","overlay-color":"","overlay-opacity":"","overlay-gradient":""},"tablet":{"background-color":"var(--ast-global-color-5)","background-image":"","background-repeat":"repeat","background-position":"center center","background-size":"auto","background-attachment":"scroll","background-type":"","background-media":"","overlay-type":"","overlay-color":"","overlay-opacity":"","overlay-gradient":""},"mobile":{"background-color":"var(--ast-global-color-5)","background-image":"","background-repeat":"repeat","background-position":"center center","background-size":"auto","background-attachment":"scroll","background-type":"","background-media":"","overlay-type":"","overlay-color":"","overlay-opacity":"","overlay-gradient":""}}},"product_brand":[],"product_cat":[118],"product_tag":[],"class_list":{"0":"post-5314","1":"product","2":"type-product","3":"status-publish","4":"has-post-thumbnail","6":"product_cat-box-semi-trailer","7":"desktop-align-left","8":"tablet-align-left","9":"mobile-align-left","10":"ast-product-gallery-layout-horizontal-slider","11":"ast-product-tabs-layout-horizontal","13":"first","14":"instock","15":"shipping-taxable","16":"product-type-simple"},"uagb_featured_image_src":{"full":["https:\/\/www.shuntongvehicle.com\/wp-content\/uploads\/2026\/01\/3758-202310231409390283.webp",750,750,false],"thumbnail":["https:\/\/www.shuntongvehicle.com\/wp-content\/uploads\/2026\/01\/3758-202310231409390283-150x150.webp",150,150,true],"medium":["https:\/\/www.shuntongvehicle.com\/wp-content\/uploads\/2026\/01\/3758-202310231409390283-300x300.webp",300,300,true],"medium_large":["https:\/\/www.shuntongvehicle.com\/wp-content\/uploads\/2026\/01\/3758-202310231409390283.webp",750,750,false],"large":["https:\/\/www.shuntongvehicle.com\/wp-content\/uploads\/2026\/01\/3758-202310231409390283.webp",750,750,false],"1536x1536":["https:\/\/www.shuntongvehicle.com\/wp-content\/uploads\/2026\/01\/3758-202310231409390283.webp",750,750,false],"2048x2048":["https:\/\/www.shuntongvehicle.com\/wp-content\/uploads\/2026\/01\/3758-202310231409390283.webp",750,750,false],"trp-custom-language-flag":["https:\/\/www.shuntongvehicle.com\/wp-content\/uploads\/2026\/01\/3758-202310231409390283-12x12.webp",12,12,true],"woocommerce_thumbnail":["https:\/\/www.shuntongvehicle.com\/wp-content\/uploads\/2026\/01\/3758-202310231409390283-600x600.webp",600,600,true],"woocommerce_single":["https:\/\/www.shuntongvehicle.com\/wp-content\/uploads\/2026\/01\/3758-202310231409390283-600x600.webp",600,600,true],"woocommerce_gallery_thumbnail":["https:\/\/www.shuntongvehicle.com\/wp-content\/uploads\/2026\/01\/3758-202310231409390283-100x100.webp",100,100,true]},"uagb_author_info":{"display_name":"jinxing6611@gmail.com","author_link":"https:\/\/www.shuntongvehicle.com\/fr\/author\/"},"uagb_comment_info":0,"uagb_excerpt":"Brand:Shuntong Product origin:China Delivery time:20-35 days Supply capacity: 200 Sets\/Month 3 axle 45ft container refrigerated trailer cooling van freezer semi trailer refrigerator truck 45FT refrigerated semi trailer is used to transfer used to transport dangerous and highly toxic chemicals such as undecane. The 3 axle refrigerated semi trailer is equipped with anti-wave board to reduce\u2026","_links":{"self":[{"href":"https:\/\/www.shuntongvehicle.com\/fr\/wp-json\/wp\/v2\/product\/5314","targetHints":{"allow":["GET"]}}],"collection":[{"href":"https:\/\/www.shuntongvehicle.com\/fr\/wp-json\/wp\/v2\/product"}],"about":[{"href":"https:\/\/www.shuntongvehicle.com\/fr\/wp-json\/wp\/v2\/types\/product"}],"wp:featuredmedia":[{"embeddable":true,"href":"https:\/\/www.shuntongvehicle.com\/fr\/wp-json\/wp\/v2\/media\/5315"}],"wp:attachment":[{"href":"https:\/\/www.shuntongvehicle.com\/fr\/wp-json\/wp\/v2\/media?parent=5314"}],"wp:term":[{"taxonomy":"product_brand","embeddable":true,"href":"https:\/\/www.shuntongvehicle.com\/fr\/wp-json\/wp\/v2\/product_brand?post=5314"},{"taxonomy":"product_cat","embeddable":true,"href":"https:\/\/www.shuntongvehicle.com\/fr\/wp-json\/wp\/v2\/product_cat?post=5314"},{"taxonomy":"product_tag","embeddable":true,"href":"https:\/\/www.shuntongvehicle.com\/fr\/wp-json\/wp\/v2\/product_tag?post=5314"}],"curies":[{"name":"wp","href":"https:\/\/api.w.org\/{rel}","templated":true}]}}