{"id":5348,"date":"2026-01-27T03:15:14","date_gmt":"2026-01-27T03:15:14","guid":{"rendered":"http:\/\/www.shuntongvehicle.com\/?post_type=product&#038;p=5348"},"modified":"2026-02-09T01:05:48","modified_gmt":"2026-02-09T01:05:48","slug":"45000-liter-aluminum-alloy-5-compartment-fuel-tank-trailer","status":"publish","type":"product","link":"https:\/\/www.shuntongvehicle.com\/fr\/product\/45000-liter-aluminum-alloy-5-compartment-fuel-tank-trailer\/","title":{"rendered":"Remorque r\u00e9servoir de carburant 45000 litres en alliage d'aluminium \u00e0 5 compartiments"},"content":{"rendered":"<p>La remorque-citerne \u00e0 carburant en alliage d'aluminium de 45000 litres est g\u00e9n\u00e9ralement utilis\u00e9e pour transporter de l'essence, du k\u00e9ros\u00e8ne, du diesel, de l'huile v\u00e9g\u00e9tale, de l'huile comestible, de l'huile lourde, du goudron de houille et des produits non p\u00e9troliers tels que l'alcool, l'ald\u00e9hyde, le benz\u00e8ne, l'\u00e9ther et d'autres substances liquides.<\/p>\n<p>La remorque-citerne \u00e0 carburant a une capacit\u00e9 de 30000-60000 litres. Elle est g\u00e9n\u00e9ralement utilis\u00e9e pour le transport sur de longues distances, pour le transport de substances liquides dans le monde entier afin de r\u00e9aliser une distribution et une utilisation raisonnables des ressources.<\/p>\n<p><img alt=\"\" fetchpriority=\"high\" decoding=\"async\" class=\"alignnone size-full wp-image-5356\" src=\"http:\/\/www.shuntongvehicle.com\/wp-content\/uploads\/2026\/01\/3758-202405091535530756.jpg\" width=\"750\" height=\"421\" srcset=\"https:\/\/www.shuntongvehicle.com\/wp-content\/uploads\/2026\/01\/3758-202405091535530756.jpg 750w, https:\/\/www.shuntongvehicle.com\/wp-content\/uploads\/2026\/01\/3758-202405091535530756-300x168.jpg 300w, https:\/\/www.shuntongvehicle.com\/wp-content\/uploads\/2026\/01\/3758-202405091535530756-18x10.jpg 18w, https:\/\/www.shuntongvehicle.com\/wp-content\/uploads\/2026\/01\/3758-202405091535530756-600x337.jpg 600w\" sizes=\"(max-width: 750px) 100vw, 750px\" \/><\/p>\n<table width=\"800\">\n<tbody>\n<tr class=\"firstRow\">\n<td valign=\"top\" width=\"284\">Capacit\u00e9<\/td>\n<td valign=\"top\" width=\"515\">45000 litres<\/td>\n<\/tr>\n<tr>\n<td valign=\"top\" width=\"284\">Taille<\/td>\n<td valign=\"top\" width=\"515\">11700*2500*3800 mm<\/td>\n<\/tr>\n<tr>\n<td valign=\"top\" width=\"284\">Compartiment<\/td>\n<td valign=\"top\" width=\"515\">2-10<\/td>\n<\/tr>\n<tr>\n<td valign=\"top\" width=\"284\">Corps du r\u00e9servoir<\/td>\n<td valign=\"top\" width=\"515\">5mm d'\u00e9paisseur<\/td>\n<\/tr>\n<tr>\n<td valign=\"top\" width=\"284\">Couvercle de trou d'homme<\/td>\n<td valign=\"top\" width=\"515\">2 pi\u00e8ces, alliage d'aluminium<\/td>\n<\/tr>\n<tr>\n<td valign=\"top\" width=\"284\">Essieu<\/td>\n<td valign=\"top\" width=\"515\">3 essieux, essieu 13T FUWA<\/td>\n<\/tr>\n<tr>\n<td valign=\"top\" width=\"284\">Suspension<\/td>\n<td valign=\"top\" width=\"515\">suspension m\u00e9canique ou pneumatique<\/td>\n<\/tr>\n<tr>\n<td valign=\"top\" width=\"284\">Pneu<\/td>\n<td valign=\"top\" width=\"515\">12R22.5, 12 pi\u00e8ces<\/td>\n<\/tr>\n<tr>\n<td valign=\"top\" width=\"284\">Train d'atterrissage<\/td>\n<td valign=\"top\" width=\"515\">28T<\/td>\n<\/tr>\n<tr>\n<td valign=\"top\" width=\"284\">Goupille royale<\/td>\n<td valign=\"top\" width=\"515\">2.0\" ou 3.5\"<\/td>\n<\/tr>\n<\/tbody>\n<\/table>\n<p><img alt=\"\" decoding=\"async\" class=\"alignnone size-full wp-image-5357\" src=\"http:\/\/www.shuntongvehicle.com\/wp-content\/uploads\/2026\/01\/3758-202311241141284902.jpg\" width=\"750\" height=\"400\" srcset=\"https:\/\/www.shuntongvehicle.com\/wp-content\/uploads\/2026\/01\/3758-202311241141284902.jpg 750w, https:\/\/www.shuntongvehicle.com\/wp-content\/uploads\/2026\/01\/3758-202311241141284902-300x160.jpg 300w, https:\/\/www.shuntongvehicle.com\/wp-content\/uploads\/2026\/01\/3758-202311241141284902-18x10.jpg 18w, https:\/\/www.shuntongvehicle.com\/wp-content\/uploads\/2026\/01\/3758-202311241141284902-600x320.jpg 600w\" sizes=\"(max-width: 750px) 100vw, 750px\" \/><\/p>\n<h4>Caract\u00e9ristiques<\/h4>\n<p>\u25aaUtilisant une technologie de soudage avanc\u00e9e, les soudures sont plus lisses et le corps du r\u00e9servoir est plus solide.<\/p>\n<p>La remorque-citerne en alliage d'aluminium est \u00e9quip\u00e9e d'un couvercle de trou d'homme antid\u00e9flagrant conforme \u00e0 la norme europ\u00e9enne. M\u00eame si la remorque se renverse, le couvercle du trou d'homme ne s'ouvrira pas, ce qui garantit la s\u00e9curit\u00e9 du transport.<\/p>\n<p>La remorque-citerne en alliage d'aluminium adopte des pneus de marque de haute qualit\u00e9, antid\u00e9rapants et r\u00e9sistants \u00e0 l'usure. Elle peut \u00eatre utilis\u00e9e pendant plus de 10 ans.<\/p>\n<p>\u25aaPar rapport \u00e0 la remorque-citerne normale en acier au carbone, la remorque-citerne en alliage d'aluminium a un poids plus l\u00e9ger. Par cons\u00e9quent, le centre de gravit\u00e9 sera plus bas pour un mod\u00e8le de m\u00eame capacit\u00e9. La stabilit\u00e9 du transport est meilleure.<\/p>\n<p><img alt=\"\" decoding=\"async\" class=\"alignnone size-full wp-image-5358\" src=\"http:\/\/www.shuntongvehicle.com\/wp-content\/uploads\/2026\/01\/3758-202311241146163473.jpg\" width=\"750\" height=\"563\" srcset=\"https:\/\/www.shuntongvehicle.com\/wp-content\/uploads\/2026\/01\/3758-202311241146163473.jpg 750w, https:\/\/www.shuntongvehicle.com\/wp-content\/uploads\/2026\/01\/3758-202311241146163473-300x225.jpg 300w, https:\/\/www.shuntongvehicle.com\/wp-content\/uploads\/2026\/01\/3758-202311241146163473-16x12.jpg 16w, https:\/\/www.shuntongvehicle.com\/wp-content\/uploads\/2026\/01\/3758-202311241146163473-600x450.jpg 600w\" sizes=\"(max-width: 750px) 100vw, 750px\" \/><\/p>\n<p>Semi-remorque citerne en alliage d'aluminium \u00e0 3 essieux fabricant<\/p>\n<p><img alt=\"\" loading=\"lazy\" decoding=\"async\" class=\"alignnone size-full wp-image-5359\" src=\"http:\/\/www.shuntongvehicle.com\/wp-content\/uploads\/2026\/01\/3758-202311241150094619.jpg\" width=\"750\" height=\"500\" srcset=\"https:\/\/www.shuntongvehicle.com\/wp-content\/uploads\/2026\/01\/3758-202311241150094619.jpg 750w, https:\/\/www.shuntongvehicle.com\/wp-content\/uploads\/2026\/01\/3758-202311241150094619-300x200.jpg 300w, https:\/\/www.shuntongvehicle.com\/wp-content\/uploads\/2026\/01\/3758-202311241150094619-18x12.jpg 18w, https:\/\/www.shuntongvehicle.com\/wp-content\/uploads\/2026\/01\/3758-202311241150094619-600x400.jpg 600w\" sizes=\"(max-width: 750px) 100vw, 750px\" \/><\/p>\n<p>Remorque camion-citerne 40 cbm en alliage d'aluminium \u00e0 trois essieux<\/p>\n<p><img alt=\"\" loading=\"lazy\" decoding=\"async\" class=\"alignnone size-full wp-image-5360\" src=\"http:\/\/www.shuntongvehicle.com\/wp-content\/uploads\/2026\/01\/3758-202311241150487652.jpg\" width=\"750\" height=\"490\" srcset=\"https:\/\/www.shuntongvehicle.com\/wp-content\/uploads\/2026\/01\/3758-202311241150487652.jpg 750w, https:\/\/www.shuntongvehicle.com\/wp-content\/uploads\/2026\/01\/3758-202311241150487652-300x196.jpg 300w, https:\/\/www.shuntongvehicle.com\/wp-content\/uploads\/2026\/01\/3758-202311241150487652-18x12.jpg 18w, https:\/\/www.shuntongvehicle.com\/wp-content\/uploads\/2026\/01\/3758-202311241150487652-600x392.jpg 600w\" sizes=\"(max-width: 750px) 100vw, 750px\" \/><\/p>","protected":false},"excerpt":{"rendered":"<p><span style=\"color: #1d2b68;\"><strong>Marque :<\/strong>Shuntong<\/span><br \/>\n<strong><span style=\"color: #1d2b68;\">Origine du produit :<\/span><\/strong>Chine<br \/>\n<strong><span style=\"color: #1d2b68;\">D\u00e9lai de livraison :<\/span><\/strong><span style=\"color: #1d2b68;\">20-35 jours<\/span><br \/>\n<span style=\"color: #1d2b68;\"><strong>Capacit\u00e9 d'approvisionnement :<\/strong> 50 unit\u00e9s\/mois<\/span><br \/>\nLa remorque-citerne \u00e0 carburant en alliage d'aluminium de 45000 litres est utilis\u00e9e pour transporter divers liquides, y compris l'huile de palme, l'essence, le diesel, l'essence, le p\u00e9trole, etc. La remorque citerne en alliage d'aluminium est plus l\u00e9g\u00e8re que la semi-remorque citerne en acier au carbone, elle est donc plus stable pour les charges lourdes.<\/p>","protected":false},"featured_media":5349,"template":"","meta":{"_seopress_robots_primary_cat":"none","_seopress_titles_title":"%%post_title%%","_seopress_titles_desc":"%%post_excerpt%%","_seopress_robots_index":"","_uag_custom_page_level_css":"","site-sidebar-layout":"default","site-content-layout":"","ast-site-content-layout":"default","site-content-style":"default","site-sidebar-style":"default","ast-global-header-display":"","ast-banner-title-visibility":"","ast-main-header-display":"","ast-hfb-above-header-display":"","ast-hfb-below-header-display":"","ast-hfb-mobile-header-display":"","site-post-title":"","ast-breadcrumbs-content":"","ast-featured-img":"","footer-sml-layout":"","theme-transparent-header-meta":"default","adv-header-id-meta":"","stick-header-meta":"default","header-above-stick-meta":"","header-main-stick-meta":"","header-below-stick-meta":"","astra-migrate-meta-layouts":"set","ast-page-background-enabled":"default","ast-page-background-meta":{"desktop":{"background-color":"","background-image":"","background-repeat":"repeat","background-position":"center center","background-size":"auto","background-attachment":"scroll","background-type":"","background-media":"","overlay-type":"","overlay-color":"","overlay-opacity":"","overlay-gradient":""},"tablet":{"background-color":"","background-image":"","background-repeat":"repeat","background-position":"center center","background-size":"auto","background-attachment":"scroll","background-type":"","background-media":"","overlay-type":"","overlay-color":"","overlay-opacity":"","overlay-gradient":""},"mobile":{"background-color":"","background-image":"","background-repeat":"repeat","background-position":"center center","background-size":"auto","background-attachment":"scroll","background-type":"","background-media":"","overlay-type":"","overlay-color":"","overlay-opacity":"","overlay-gradient":""}},"ast-content-background-meta":{"desktop":{"background-color":"var(--ast-global-color-5)","background-image":"","background-repeat":"repeat","background-position":"center center","background-size":"auto","background-attachment":"scroll","background-type":"","background-media":"","overlay-type":"","overlay-color":"","overlay-opacity":"","overlay-gradient":""},"tablet":{"background-color":"var(--ast-global-color-5)","background-image":"","background-repeat":"repeat","background-position":"center center","background-size":"auto","background-attachment":"scroll","background-type":"","background-media":"","overlay-type":"","overlay-color":"","overlay-opacity":"","overlay-gradient":""},"mobile":{"background-color":"var(--ast-global-color-5)","background-image":"","background-repeat":"repeat","background-position":"center center","background-size":"auto","background-attachment":"scroll","background-type":"","background-media":"","overlay-type":"","overlay-color":"","overlay-opacity":"","overlay-gradient":""}}},"product_brand":[],"product_cat":[84],"product_tag":[],"class_list":{"0":"post-5348","1":"product","2":"type-product","3":"status-publish","4":"has-post-thumbnail","6":"product_cat-tanker-semi-trailer","7":"desktop-align-left","8":"tablet-align-left","9":"mobile-align-left","10":"ast-product-gallery-layout-horizontal-slider","11":"ast-product-tabs-layout-horizontal","13":"first","14":"instock","15":"featured","16":"shipping-taxable","17":"product-type-simple"},"uagb_featured_image_src":{"full":["https:\/\/www.shuntongvehicle.com\/wp-content\/uploads\/2026\/01\/3758-202310261440358791.webp",750,750,false],"thumbnail":["https:\/\/www.shuntongvehicle.com\/wp-content\/uploads\/2026\/01\/3758-202310261440358791-150x150.webp",150,150,true],"medium":["https:\/\/www.shuntongvehicle.com\/wp-content\/uploads\/2026\/01\/3758-202310261440358791-300x300.webp",300,300,true],"medium_large":["https:\/\/www.shuntongvehicle.com\/wp-content\/uploads\/2026\/01\/3758-202310261440358791.webp",750,750,false],"large":["https:\/\/www.shuntongvehicle.com\/wp-content\/uploads\/2026\/01\/3758-202310261440358791.webp",750,750,false],"1536x1536":["https:\/\/www.shuntongvehicle.com\/wp-content\/uploads\/2026\/01\/3758-202310261440358791.webp",750,750,false],"2048x2048":["https:\/\/www.shuntongvehicle.com\/wp-content\/uploads\/2026\/01\/3758-202310261440358791.webp",750,750,false],"trp-custom-language-flag":["https:\/\/www.shuntongvehicle.com\/wp-content\/uploads\/2026\/01\/3758-202310261440358791-12x12.webp",12,12,true],"woocommerce_thumbnail":["https:\/\/www.shuntongvehicle.com\/wp-content\/uploads\/2026\/01\/3758-202310261440358791-600x600.webp",600,600,true],"woocommerce_single":["https:\/\/www.shuntongvehicle.com\/wp-content\/uploads\/2026\/01\/3758-202310261440358791-600x600.webp",600,600,true],"woocommerce_gallery_thumbnail":["https:\/\/www.shuntongvehicle.com\/wp-content\/uploads\/2026\/01\/3758-202310261440358791-100x100.webp",100,100,true]},"uagb_author_info":{"display_name":"jinxing6611@gmail.com","author_link":"https:\/\/www.shuntongvehicle.com\/fr\/author\/"},"uagb_comment_info":0,"uagb_excerpt":"Brand:Shuntong Product origin:China Delivery time:20-35 days Supply capacity: 50 units\/month 45000 liter aluminum alloy fuel tanker trailer is used for carrying various liquid, including palm oil, petrol, diesel, gasoline, petroleum, etc. Aluminum alloy tanker trailer is lighter than carbon steel oil tank semi trailer, so it will be more stable for heavy payload.","_links":{"self":[{"href":"https:\/\/www.shuntongvehicle.com\/fr\/wp-json\/wp\/v2\/product\/5348","targetHints":{"allow":["GET"]}}],"collection":[{"href":"https:\/\/www.shuntongvehicle.com\/fr\/wp-json\/wp\/v2\/product"}],"about":[{"href":"https:\/\/www.shuntongvehicle.com\/fr\/wp-json\/wp\/v2\/types\/product"}],"wp:featuredmedia":[{"embeddable":true,"href":"https:\/\/www.shuntongvehicle.com\/fr\/wp-json\/wp\/v2\/media\/5349"}],"wp:attachment":[{"href":"https:\/\/www.shuntongvehicle.com\/fr\/wp-json\/wp\/v2\/media?parent=5348"}],"wp:term":[{"taxonomy":"product_brand","embeddable":true,"href":"https:\/\/www.shuntongvehicle.com\/fr\/wp-json\/wp\/v2\/product_brand?post=5348"},{"taxonomy":"product_cat","embeddable":true,"href":"https:\/\/www.shuntongvehicle.com\/fr\/wp-json\/wp\/v2\/product_cat?post=5348"},{"taxonomy":"product_tag","embeddable":true,"href":"https:\/\/www.shuntongvehicle.com\/fr\/wp-json\/wp\/v2\/product_tag?post=5348"}],"curies":[{"name":"wp","href":"https:\/\/api.w.org\/{rel}","templated":true}]}}