{"id":5389,"date":"2026-01-27T03:38:44","date_gmt":"2026-01-27T03:38:44","guid":{"rendered":"http:\/\/www.shuntongvehicle.com\/?post_type=product&#038;p=5389"},"modified":"2026-02-03T03:27:32","modified_gmt":"2026-02-03T03:27:32","slug":"2-axis-powder-tanker-truck","status":"publish","type":"product","link":"https:\/\/www.shuntongvehicle.com\/fr\/product\/2-axis-powder-tanker-truck\/","title":{"rendered":"Camion-citerne \u00e0 poudre \u00e0 2 axes"},"content":{"rendered":"<p>Un camion-citerne \u00e0 poudre \u00e0 deux axes (ou \u00e0 deux essieux) est un v\u00e9hicule lourd sp\u00e9cialis\u00e9 con\u00e7u pour transporter des mat\u00e9riaux secs en vrac tels que le ciment, les cendres volantes, la farine et les poudres chimiques. Ces camions-citernes utilisent g\u00e9n\u00e9ralement un syst\u00e8me de d\u00e9chargement pneumatique, avec souvent un r\u00e9servoir en forme de V ou de \"gris volant\" pour assurer un \u00e9coulement efficace des mat\u00e9riaux et un minimum de r\u00e9sidus.<\/p>\n<h3>Sp\u00e9cifications techniques<\/h3>\n<p><strong>Capacit\u00e9 de charge :<\/strong> Ils sont g\u00e9n\u00e9ralement compris entre 25 et 45 cbm (m\u00e8tres cubes), avec des capacit\u00e9s de poids g\u00e9n\u00e9ralement comprises entre 30 et 40 tonnes.<br \/>\n<strong>Construction mat\u00e9rielle :<\/strong> Les citernes sont souvent construites en acier au carbone (Q235) pour leur durabilit\u00e9 ou en alliage d'aluminium (5083) pour r\u00e9duire le poids \u00e0 vide et augmenter la charge utile.<br \/>\n<strong>Syst\u00e8me de d\u00e9charge :<\/strong> Utilise un compresseur d'air (souvent aliment\u00e9 par un moteur diesel auxiliaire) pour pressuriser le r\u00e9servoir et \"fluidifier\" la poudre en vue de son d\u00e9chargement par un tuyau de d\u00e9charge de 4 pouces.<br \/>\n<strong>Dimensions :<\/strong> La longueur moyenne des remorques varie entre 40 et 45 pieds, ce qui les rend plus maniables dans les espaces urbains ou confin\u00e9s que les configurations plus grandes \u00e0 trois essieux.<\/p>","protected":false},"excerpt":{"rendered":"<p><span style=\"color: #1d2b68;\"><strong>Marque :<\/strong>Shuntong<\/span><br \/>\n<strong><span style=\"color: #1d2b68;\">Origine du produit :<\/span><\/strong>Chine<br \/>\n<strong><span style=\"color: #1d2b68;\">D\u00e9lai de livraison :<\/span><\/strong><span style=\"color: #1d2b68;\">20-35 jours<\/span><br \/>\n<span style=\"color: #1d2b68;\"><strong>Capacit\u00e9 d'approvisionnement :<\/strong> 50 unit\u00e9s\/mois<\/span><\/p>","protected":false},"featured_media":5390,"template":"","meta":{"_seopress_robots_primary_cat":"none","_seopress_titles_title":"%%post_title%%","_seopress_titles_desc":"%%post_excerpt%%","_seopress_robots_index":"","_uag_custom_page_level_css":"","site-sidebar-layout":"default","site-content-layout":"","ast-site-content-layout":"default","site-content-style":"default","site-sidebar-style":"default","ast-global-header-display":"","ast-banner-title-visibility":"","ast-main-header-display":"","ast-hfb-above-header-display":"","ast-hfb-below-header-display":"","ast-hfb-mobile-header-display":"","site-post-title":"","ast-breadcrumbs-content":"","ast-featured-img":"","footer-sml-layout":"","theme-transparent-header-meta":"default","adv-header-id-meta":"","stick-header-meta":"default","header-above-stick-meta":"","header-main-stick-meta":"","header-below-stick-meta":"","astra-migrate-meta-layouts":"set","ast-page-background-enabled":"default","ast-page-background-meta":{"desktop":{"background-color":"","background-image":"","background-repeat":"repeat","background-position":"center center","background-size":"auto","background-attachment":"scroll","background-type":"","background-media":"","overlay-type":"","overlay-color":"","overlay-opacity":"","overlay-gradient":""},"tablet":{"background-color":"","background-image":"","background-repeat":"repeat","background-position":"center center","background-size":"auto","background-attachment":"scroll","background-type":"","background-media":"","overlay-type":"","overlay-color":"","overlay-opacity":"","overlay-gradient":""},"mobile":{"background-color":"","background-image":"","background-repeat":"repeat","background-position":"center center","background-size":"auto","background-attachment":"scroll","background-type":"","background-media":"","overlay-type":"","overlay-color":"","overlay-opacity":"","overlay-gradient":""}},"ast-content-background-meta":{"desktop":{"background-color":"var(--ast-global-color-5)","background-image":"","background-repeat":"repeat","background-position":"center center","background-size":"auto","background-attachment":"scroll","background-type":"","background-media":"","overlay-type":"","overlay-color":"","overlay-opacity":"","overlay-gradient":""},"tablet":{"background-color":"var(--ast-global-color-5)","background-image":"","background-repeat":"repeat","background-position":"center center","background-size":"auto","background-attachment":"scroll","background-type":"","background-media":"","overlay-type":"","overlay-color":"","overlay-opacity":"","overlay-gradient":""},"mobile":{"background-color":"var(--ast-global-color-5)","background-image":"","background-repeat":"repeat","background-position":"center center","background-size":"auto","background-attachment":"scroll","background-type":"","background-media":"","overlay-type":"","overlay-color":"","overlay-opacity":"","overlay-gradient":""}}},"product_brand":[],"product_cat":[85],"product_tag":[],"class_list":{"0":"post-5389","1":"product","2":"type-product","3":"status-publish","4":"has-post-thumbnail","6":"product_cat-powder-tank-semi-trailer","7":"desktop-align-left","8":"tablet-align-left","9":"mobile-align-left","10":"ast-product-gallery-layout-horizontal-slider","11":"ast-product-tabs-layout-horizontal","13":"first","14":"instock","15":"featured","16":"shipping-taxable","17":"product-type-simple"},"uagb_featured_image_src":{"full":["https:\/\/www.shuntongvehicle.com\/wp-content\/uploads\/2026\/01\/2\u8f74\u7c89\u7f50\u8f66.jpg",800,800,false],"thumbnail":["https:\/\/www.shuntongvehicle.com\/wp-content\/uploads\/2026\/01\/2\u8f74\u7c89\u7f50\u8f66-150x150.jpg",150,150,true],"medium":["https:\/\/www.shuntongvehicle.com\/wp-content\/uploads\/2026\/01\/2\u8f74\u7c89\u7f50\u8f66-300x300.jpg",300,300,true],"medium_large":["https:\/\/www.shuntongvehicle.com\/wp-content\/uploads\/2026\/01\/2\u8f74\u7c89\u7f50\u8f66-768x768.jpg",768,768,true],"large":["https:\/\/www.shuntongvehicle.com\/wp-content\/uploads\/2026\/01\/2\u8f74\u7c89\u7f50\u8f66.jpg",800,800,false],"1536x1536":["https:\/\/www.shuntongvehicle.com\/wp-content\/uploads\/2026\/01\/2\u8f74\u7c89\u7f50\u8f66.jpg",800,800,false],"2048x2048":["https:\/\/www.shuntongvehicle.com\/wp-content\/uploads\/2026\/01\/2\u8f74\u7c89\u7f50\u8f66.jpg",800,800,false],"trp-custom-language-flag":["https:\/\/www.shuntongvehicle.com\/wp-content\/uploads\/2026\/01\/2\u8f74\u7c89\u7f50\u8f66-12x12.jpg",12,12,true],"woocommerce_thumbnail":["https:\/\/www.shuntongvehicle.com\/wp-content\/uploads\/2026\/01\/2\u8f74\u7c89\u7f50\u8f66-600x600.jpg",600,600,true],"woocommerce_single":["https:\/\/www.shuntongvehicle.com\/wp-content\/uploads\/2026\/01\/2\u8f74\u7c89\u7f50\u8f66-600x600.jpg",600,600,true],"woocommerce_gallery_thumbnail":["https:\/\/www.shuntongvehicle.com\/wp-content\/uploads\/2026\/01\/2\u8f74\u7c89\u7f50\u8f66-100x100.jpg",100,100,true]},"uagb_author_info":{"display_name":"jinxing6611@gmail.com","author_link":"https:\/\/www.shuntongvehicle.com\/fr\/author\/"},"uagb_comment_info":0,"uagb_excerpt":"Brand:Shuntong Product origin:China Delivery time:20-35 days Supply capacity: 50 units\/month","_links":{"self":[{"href":"https:\/\/www.shuntongvehicle.com\/fr\/wp-json\/wp\/v2\/product\/5389","targetHints":{"allow":["GET"]}}],"collection":[{"href":"https:\/\/www.shuntongvehicle.com\/fr\/wp-json\/wp\/v2\/product"}],"about":[{"href":"https:\/\/www.shuntongvehicle.com\/fr\/wp-json\/wp\/v2\/types\/product"}],"wp:featuredmedia":[{"embeddable":true,"href":"https:\/\/www.shuntongvehicle.com\/fr\/wp-json\/wp\/v2\/media\/5390"}],"wp:attachment":[{"href":"https:\/\/www.shuntongvehicle.com\/fr\/wp-json\/wp\/v2\/media?parent=5389"}],"wp:term":[{"taxonomy":"product_brand","embeddable":true,"href":"https:\/\/www.shuntongvehicle.com\/fr\/wp-json\/wp\/v2\/product_brand?post=5389"},{"taxonomy":"product_cat","embeddable":true,"href":"https:\/\/www.shuntongvehicle.com\/fr\/wp-json\/wp\/v2\/product_cat?post=5389"},{"taxonomy":"product_tag","embeddable":true,"href":"https:\/\/www.shuntongvehicle.com\/fr\/wp-json\/wp\/v2\/product_tag?post=5389"}],"curies":[{"name":"wp","href":"https:\/\/api.w.org\/{rel}","templated":true}]}}