{"id":5397,"date":"2026-01-27T03:57:07","date_gmt":"2026-01-27T03:57:07","guid":{"rendered":"http:\/\/www.shuntongvehicle.com\/?post_type=product&#038;p=5397"},"modified":"2026-01-27T06:45:22","modified_gmt":"2026-01-27T06:45:22","slug":"howo-6x4-dump-truck","status":"publish","type":"product","link":"https:\/\/www.shuntongvehicle.com\/fr\/product\/howo-6x4-dump-truck\/","title":{"rendered":"Camion-benne Howo 6X4"},"content":{"rendered":"<h4>Howo Dump Truck \u2013 Built For Tough Jobs<\/h4>\n<p><img alt=\"\" fetchpriority=\"high\" decoding=\"async\" class=\"alignnone size-full wp-image-5403\" src=\"http:\/\/www.shuntongvehicle.com\/wp-content\/uploads\/2026\/01\/Sinotruk-Howo-7-6X4-b.webp\" width=\"1600\" height=\"526\" srcset=\"https:\/\/www.shuntongvehicle.com\/wp-content\/uploads\/2026\/01\/Sinotruk-Howo-7-6X4-b.webp 1600w, https:\/\/www.shuntongvehicle.com\/wp-content\/uploads\/2026\/01\/Sinotruk-Howo-7-6X4-b-300x99.webp 300w, https:\/\/www.shuntongvehicle.com\/wp-content\/uploads\/2026\/01\/Sinotruk-Howo-7-6X4-b-1024x337.webp 1024w, https:\/\/www.shuntongvehicle.com\/wp-content\/uploads\/2026\/01\/Sinotruk-Howo-7-6X4-b-768x252.webp 768w, https:\/\/www.shuntongvehicle.com\/wp-content\/uploads\/2026\/01\/Sinotruk-Howo-7-6X4-b-1536x505.webp 1536w, https:\/\/www.shuntongvehicle.com\/wp-content\/uploads\/2026\/01\/Sinotruk-Howo-7-6X4-b-18x6.webp 18w, https:\/\/www.shuntongvehicle.com\/wp-content\/uploads\/2026\/01\/Sinotruk-Howo-7-6X4-b-600x197.webp 600w\" sizes=\"(max-width: 1600px) 100vw, 1600px\" \/><\/p>\n<h4><strong>Features\uff1a<\/strong><\/h4>\n<table border=\"1\" width=\"100%\" cellspacing=\"0\" cellpadding=\"0\">\n<tbody>\n<tr>\n<td><strong>ITEM<\/strong><\/td>\n<td><strong>6\u00d74 howo dump truck<\/strong><\/td>\n<td><strong>8\u00d74 howo dump truck<\/strong><\/td>\n<\/tr>\n<tr>\n<td>Series<\/td>\n<td>HOWO DUMP TRUCK<\/td>\n<td>HOWO DUMP TRUCK<\/td>\n<\/tr>\n<tr>\n<td>Number of tire<\/td>\n<td>10 wheel<\/td>\n<td>12 wheel<\/td>\n<\/tr>\n<tr>\n<td>Dimension (mm)<\/td>\n<td>8400\u00d72496\u00d73400<\/td>\n<td>10245\u00d72496\u00d73400<\/td>\n<\/tr>\n<tr>\n<td>Empattement (mm)<\/td>\n<td>3600+1350<\/td>\n<td>1800+3500+1350<\/td>\n<\/tr>\n<tr>\n<td>Curb weight (kg)<\/td>\n<td>12080<\/td>\n<td>14860<\/td>\n<\/tr>\n<tr>\n<td>Max load (kg)<\/td>\n<td>25000<\/td>\n<td>30000<\/td>\n<\/tr>\n<tr>\n<td>Engine brand<\/td>\n<td>SINOTRUK<\/td>\n<td>SINOTRUK<\/td>\n<\/tr>\n<tr>\n<td>Emission<\/td>\n<td>EURO2-5<\/td>\n<td>EURO2-5<\/td>\n<\/tr>\n<tr>\n<td>Puissance<\/td>\n<td>336-420hp<\/td>\n<td>336-420hp<\/td>\n<\/tr>\n<tr>\n<td>Gearbox Model<\/td>\n<td>HW19710<\/td>\n<td>HW19710<\/td>\n<\/tr>\n<tr>\n<td>Gearbox type<\/td>\n<td>10 Forward speed gear<\/td>\n<td>10 Forward speed gear<\/td>\n<\/tr>\n<tr>\n<td>Howo dump truck axle<\/td>\n<td>HF9\/HC16<\/td>\n<td>HF9\/HC16<\/td>\n<\/tr>\n<tr>\n<td>Howo dump truck tire<\/td>\n<td>12.00R20 radial tire<\/td>\n<td>12.00R20 radial tire<\/td>\n<\/tr>\n<tr>\n<td>Howo dump truck cab<\/td>\n<td>HW70 without sleeper<\/td>\n<td>HW70 without sleeper<\/td>\n<\/tr>\n<\/tbody>\n<\/table>\n\t\t<div data-elementor-type=\"section\" data-elementor-id=\"5424\" class=\"elementor elementor-5424\" data-elementor-post-type=\"elementor_library\">\n\t\t\t<div class=\"elementor-element elementor-element-52501b53 e-con-full e-flex e-con e-parent\" data-id=\"52501b53\" data-element_type=\"container\" data-settings=\"{&quot;background_background&quot;:&quot;classic&quot;}\">\n\t\t\t\t<div class=\"elementor-element elementor-element-e21321f elementor-widget elementor-widget-heading\" data-id=\"e21321f\" data-element_type=\"widget\" data-widget_type=\"heading.default\">\n\t\t\t\t\t\t<div class=\"elementor-widget-container\">\n\t\t\t\t\t<h2 class=\"elementor-heading-title elementor-size-default\">Performance\n<\/h2>\t\t\t\t<\/div>\n\t\t\t\t<\/div>\n\t\t\t\t<div class=\"elementor-element elementor-element-7333b2f2 elementor-widget elementor-widget-text-editor\" data-id=\"7333b2f2\" data-element_type=\"widget\" data-widget_type=\"text-editor.default\">\n\t\t\t\t\t\t<div class=\"elementor-widget-container\">\n\t\t\t\t\t\t\t\t\t<p>Le camion-benne Howo est aussi polyvalent que vos d\u00e9fis quotidiens sur les sites de construction et d'exploitation mini\u00e8re. Gr\u00e2ce au moteur Sinotruk, il apporte encore plus de capacit\u00e9 de transport et de s\u00e9curit\u00e9 \u00e0 votre chantier. Ce qui en fait un partenaire fiable et efficace pour votre travail.<\/p>\t\t\t\t\t\t\t\t<\/div>\n\t\t\t\t<\/div>\n\t\t<div class=\"elementor-element elementor-element-7743803e e-grid e-con-full e-con e-child\" data-id=\"7743803e\" data-element_type=\"container\">\n\t\t\t\t<div class=\"elementor-element elementor-element-7be82da3 elementor-position-top elementor-widget elementor-widget-image-box\" data-id=\"7be82da3\" data-element_type=\"widget\" data-widget_type=\"image-box.default\">\n\t\t\t\t\t\t<div class=\"elementor-widget-container\">\n\t\t\t\t\t<div class=\"elementor-image-box-wrapper\"><figure class=\"elementor-image-box-img\"><img alt=\"\" decoding=\"async\" width=\"472\" height=\"297\" src=\"https:\/\/www.shuntongvehicle.com\/wp-content\/uploads\/2026\/01\/img30.jpg\" class=\"attachment-full size-full wp-image-5410\" srcset=\"https:\/\/www.shuntongvehicle.com\/wp-content\/uploads\/2026\/01\/img30.jpg 472w, https:\/\/www.shuntongvehicle.com\/wp-content\/uploads\/2026\/01\/img30-300x189.jpg 300w, https:\/\/www.shuntongvehicle.com\/wp-content\/uploads\/2026\/01\/img30-18x12.jpg 18w\" sizes=\"(max-width: 472px) 100vw, 472px\" \/><\/figure><div class=\"elementor-image-box-content\"><h4 class=\"elementor-image-box-title\">S\u00fbre et fiable<\/h4><p class=\"elementor-image-box-description\">Moteur 2.0T \u00e0 turbocompresseur plus efficace et plus \u00e9conomique. Suspension avant ind\u00e9pendante McPherson \/ Suspension arri\u00e8re \u00e0 haute r\u00e9sistance avec poutre de torsion Carrosserie \u00e0 cage ultra-haute r\u00e9sistance, Boron renforc\u00e9<\/p><\/div><\/div>\t\t\t\t<\/div>\n\t\t\t\t<\/div>\n\t\t\t\t<div class=\"elementor-element elementor-element-7e78629e elementor-position-top elementor-widget elementor-widget-image-box\" data-id=\"7e78629e\" data-element_type=\"widget\" data-widget_type=\"image-box.default\">\n\t\t\t\t\t\t<div class=\"elementor-widget-container\">\n\t\t\t\t\t<div class=\"elementor-image-box-wrapper\"><figure class=\"elementor-image-box-img\"><img alt=\"\" decoding=\"async\" width=\"477\" height=\"296\" src=\"https:\/\/www.shuntongvehicle.com\/wp-content\/uploads\/2026\/01\/img31.jpg\" class=\"attachment-full size-full wp-image-5412\" srcset=\"https:\/\/www.shuntongvehicle.com\/wp-content\/uploads\/2026\/01\/img31.jpg 477w, https:\/\/www.shuntongvehicle.com\/wp-content\/uploads\/2026\/01\/img31-300x186.jpg 300w, https:\/\/www.shuntongvehicle.com\/wp-content\/uploads\/2026\/01\/img31-18x12.jpg 18w\" sizes=\"(max-width: 477px) 100vw, 477px\" \/><\/figure><div class=\"elementor-image-box-content\"><h4 class=\"elementor-image-box-title\">Conduite confortable<\/h4><p class=\"elementor-image-box-description\">Amortisseur hydraulique monotube Bosch 9.3 ESPSuspension ind\u00e9pendante avant et arri\u00e8re\n<\/p><\/div><\/div>\t\t\t\t<\/div>\n\t\t\t\t<\/div>\n\t\t\t\t<div class=\"elementor-element elementor-element-309cf87e elementor-position-top elementor-widget elementor-widget-image-box\" data-id=\"309cf87e\" data-element_type=\"widget\" data-widget_type=\"image-box.default\">\n\t\t\t\t\t\t<div class=\"elementor-widget-container\">\n\t\t\t\t\t<div class=\"elementor-image-box-wrapper\"><figure class=\"elementor-image-box-img\"><img alt=\"\" loading=\"lazy\" decoding=\"async\" width=\"473\" height=\"296\" src=\"https:\/\/www.shuntongvehicle.com\/wp-content\/uploads\/2026\/01\/img32.jpg\" class=\"attachment-full size-full wp-image-5414\" srcset=\"https:\/\/www.shuntongvehicle.com\/wp-content\/uploads\/2026\/01\/img32.jpg 473w, https:\/\/www.shuntongvehicle.com\/wp-content\/uploads\/2026\/01\/img32-300x188.jpg 300w, https:\/\/www.shuntongvehicle.com\/wp-content\/uploads\/2026\/01\/img32-18x12.jpg 18w\" sizes=\"(max-width: 473px) 100vw, 473px\" \/><\/figure><div class=\"elementor-image-box-content\"><h4 class=\"elementor-image-box-title\">Luxe exclusif<\/h4><p class=\"elementor-image-box-description\">Sellerie int\u00e9rieure de luxe en cuir aux couleurs contrast\u00e9es, si\u00e8ges ergonomiques. Grand \u00e9cran haute d\u00e9finition de 10,25 pouces, connexion intelligente \u00e0 la voiture.\n<\/p><\/div><\/div>\t\t\t\t<\/div>\n\t\t\t\t<\/div>\n\t\t\t\t<\/div>\n\t\t\t\t<\/div>\n\t\t<div class=\"elementor-element elementor-element-72d0c986 e-grid e-con-boxed e-con e-parent\" data-id=\"72d0c986\" data-element_type=\"container\">\n\t\t\t\t\t<div class=\"e-con-inner\">\n\t\t\t\t<div class=\"elementor-element elementor-element-6cbb031f elementor-widget elementor-widget-uael-infobox\" data-id=\"6cbb031f\" data-element_type=\"widget\" data-widget_type=\"uael-infobox.default\">\n\t\t\t\t\t\t<div class=\"elementor-widget-container\">\n\t\t\t\t\t\n<div class=\"uael-module-content uael-infobox uael-imgicon-style-normal  uael-infobox-left  infobox-has-icon uael-infobox-icon-above-title  uael-infobox-link-type-none\">\n\t<div class=\"uael-infobox-left-right-wrap\">\n\t\t\t\t\t\t<div class=\"uael-infobox-content\">\n\t\t\t\t\t\t\t<div class=\"uael-module-content uael-imgicon-wrap\">\t\t\t\t\t\t\t\t\t\t\t\n\t\t\t\t\t\t\t\t\t\t\t\t\t\t<\/div>\n\t\t\t\t\t\t\t<div class='uael-infobox-title-wrap'><h4 class=\"uael-infobox-title elementor-inline-editing\" data-elementor-setting-key=\"infobox_title\" data-elementor-inline-editing-toolbar=\"basic\" >Classique et \u00e9l\u00e9gant<\/h4><\/div>\t\t\t\t\t\t\t\t\t<div class=\"uael-infobox-text-wrap\">\n\t\t\t\t<div class=\"uael-infobox-text elementor-inline-editing\" data-elementor-setting-key=\"infobox_description\" data-elementor-inline-editing-toolbar=\"advanced\">\n\t\t\t\t\tUn design esth\u00e9tique mis en valeur par sa concision et sa puissance. Feux de route et de croisement int\u00e9gr\u00e9s, phares \u00e0 LED inductifs \u00e0 haute luminosit\u00e9. Grand toit panoramique\n\n\t\t\t\t<\/div>\n\t\t\t\t\t\n\t\t\t\t\t\t\t<\/div>\n\t\t<\/div>\n\t\t\t<\/div>\n<\/div>\n\t\t\t\t<\/div>\n\t\t\t\t<\/div>\n\t\t\t\t<div class=\"elementor-element elementor-element-2c02d28b elementor-widget elementor-widget-uael-infobox\" data-id=\"2c02d28b\" data-element_type=\"widget\" data-widget_type=\"uael-infobox.default\">\n\t\t\t\t\t\t<div class=\"elementor-widget-container\">\n\t\t\t\t\t\n<div class=\"uael-module-content uael-infobox uael-imgicon-style-normal  uael-infobox-left  infobox-has-icon uael-infobox-icon-above-title  uael-infobox-link-type-none\">\n\t<div class=\"uael-infobox-left-right-wrap\">\n\t\t\t\t\t\t<div class=\"uael-infobox-content\">\n\t\t\t\t\t\t\t<div class=\"uael-module-content uael-imgicon-wrap\">\t\t\t\t\t\t\t\t\t\t\t\n\t\t\t\t\t\t\t\t\t\t\t\t\t\t<\/div>\n\t\t\t\t\t\t\t<div class='uael-infobox-title-wrap'><h4 class=\"uael-infobox-title elementor-inline-editing\" data-elementor-setting-key=\"infobox_title\" data-elementor-inline-editing-toolbar=\"basic\" >Technologie<\/h4><\/div>\t\t\t\t\t\t\t\t\t<div class=\"uael-infobox-text-wrap\">\n\t\t\t\t<div class=\"uael-infobox-text elementor-inline-editing\" data-elementor-setting-key=\"infobox_description\" data-elementor-inline-editing-toolbar=\"advanced\">\n\t\t\t\t\t\u00c9cran tactile de 10 pouces. R\u00e9troviseurs ext\u00e9rieurs \u00e9lectriques. Compteur num\u00e9rique. Cam\u00e9ras panoramiques 360. R\u00e9gulateur de vitesse. Syst\u00e8me d'acc\u00e8s sans cl\u00e9. Navigation GPS. Panneau tactile LCD complet pour le climatiseur Bluetooth\/t\u00e9l\u00e9phone de voiture D\u00e9marrer le syst\u00e8me d'un seul clic\n\n\n\t\t\t\t<\/div>\n\t\t\t\t\t\n\t\t\t\t\t\t\t<\/div>\n\t\t<\/div>\n\t\t\t<\/div>\n<\/div>\n\t\t\t\t<\/div>\n\t\t\t\t<\/div>\n\t\t\t\t\t<\/div>\n\t\t\t\t<\/div>\n\t\t\t\t<\/div>\n\t\t\n<p>Gallery\uff1a<br \/>\nHowo dump truck series is specially designed for Mining and Construction. The HOWO dump truck is known for its fuel efficiency and loading capability (up to 30 tons or 20-30 cubic meters). It is considered a better choice in the market.<\/p>\n<div id='gallery-1' class='gallery galleryid-5397 gallery-columns-3 gallery-size-full'><figure class='gallery-item'>\n\t\t\t<div class='gallery-icon landscape'>\n\t\t\t\t<a href='https:\/\/www.shuntongvehicle.com\/fr\/?attachment_id=5426'><img loading=\"lazy\" decoding=\"async\" width=\"690\" height=\"378\" src=\"https:\/\/www.shuntongvehicle.com\/wp-content\/uploads\/2026\/01\/Howo-340-6X4-2-1.webp\" class=\"attachment-full size-full\" alt=\"\" srcset=\"https:\/\/www.shuntongvehicle.com\/wp-content\/uploads\/2026\/01\/Howo-340-6X4-2-1.webp 690w, https:\/\/www.shuntongvehicle.com\/wp-content\/uploads\/2026\/01\/Howo-340-6X4-2-1-300x164.webp 300w, https:\/\/www.shuntongvehicle.com\/wp-content\/uploads\/2026\/01\/Howo-340-6X4-2-1-18x10.webp 18w, https:\/\/www.shuntongvehicle.com\/wp-content\/uploads\/2026\/01\/Howo-340-6X4-2-1-600x329.webp 600w\" sizes=\"(max-width: 690px) 100vw, 690px\" \/><\/a>\n\t\t\t<\/div><\/figure><figure class='gallery-item'>\n\t\t\t<div class='gallery-icon landscape'>\n\t\t\t\t<a href='https:\/\/www.shuntongvehicle.com\/fr\/?attachment_id=5427'><img loading=\"lazy\" decoding=\"async\" width=\"690\" height=\"378\" src=\"https:\/\/www.shuntongvehicle.com\/wp-content\/uploads\/2026\/01\/Howo-340-6X4-3-1.webp\" class=\"attachment-full size-full\" alt=\"\" srcset=\"https:\/\/www.shuntongvehicle.com\/wp-content\/uploads\/2026\/01\/Howo-340-6X4-3-1.webp 690w, https:\/\/www.shuntongvehicle.com\/wp-content\/uploads\/2026\/01\/Howo-340-6X4-3-1-300x164.webp 300w, https:\/\/www.shuntongvehicle.com\/wp-content\/uploads\/2026\/01\/Howo-340-6X4-3-1-18x10.webp 18w, https:\/\/www.shuntongvehicle.com\/wp-content\/uploads\/2026\/01\/Howo-340-6X4-3-1-600x329.webp 600w\" sizes=\"(max-width: 690px) 100vw, 690px\" \/><\/a>\n\t\t\t<\/div><\/figure><figure class='gallery-item'>\n\t\t\t<div class='gallery-icon landscape'>\n\t\t\t\t<a href='https:\/\/www.shuntongvehicle.com\/fr\/?attachment_id=5428'><img loading=\"lazy\" decoding=\"async\" width=\"690\" height=\"378\" src=\"https:\/\/www.shuntongvehicle.com\/wp-content\/uploads\/2026\/01\/Howo-340-6X4-4-1.webp\" class=\"attachment-full size-full\" alt=\"\" srcset=\"https:\/\/www.shuntongvehicle.com\/wp-content\/uploads\/2026\/01\/Howo-340-6X4-4-1.webp 690w, https:\/\/www.shuntongvehicle.com\/wp-content\/uploads\/2026\/01\/Howo-340-6X4-4-1-300x164.webp 300w, https:\/\/www.shuntongvehicle.com\/wp-content\/uploads\/2026\/01\/Howo-340-6X4-4-1-18x10.webp 18w, https:\/\/www.shuntongvehicle.com\/wp-content\/uploads\/2026\/01\/Howo-340-6X4-4-1-600x329.webp 600w\" sizes=\"(max-width: 690px) 100vw, 690px\" \/><\/a>\n\t\t\t<\/div><\/figure><figure class='gallery-item'>\n\t\t\t<div class='gallery-icon landscape'>\n\t\t\t\t<a href='https:\/\/www.shuntongvehicle.com\/fr\/?attachment_id=5429'><img loading=\"lazy\" decoding=\"async\" width=\"690\" height=\"378\" src=\"https:\/\/www.shuntongvehicle.com\/wp-content\/uploads\/2026\/01\/Howo-340-6X4-5.webp\" class=\"attachment-full size-full\" alt=\"\" srcset=\"https:\/\/www.shuntongvehicle.com\/wp-content\/uploads\/2026\/01\/Howo-340-6X4-5.webp 690w, https:\/\/www.shuntongvehicle.com\/wp-content\/uploads\/2026\/01\/Howo-340-6X4-5-300x164.webp 300w, https:\/\/www.shuntongvehicle.com\/wp-content\/uploads\/2026\/01\/Howo-340-6X4-5-18x10.webp 18w, https:\/\/www.shuntongvehicle.com\/wp-content\/uploads\/2026\/01\/Howo-340-6X4-5-600x329.webp 600w\" sizes=\"(max-width: 690px) 100vw, 690px\" \/><\/a>\n\t\t\t<\/div><\/figure><figure class='gallery-item'>\n\t\t\t<div class='gallery-icon landscape'>\n\t\t\t\t<a href='https:\/\/www.shuntongvehicle.com\/fr\/?attachment_id=5430'><img loading=\"lazy\" decoding=\"async\" width=\"690\" height=\"378\" src=\"https:\/\/www.shuntongvehicle.com\/wp-content\/uploads\/2026\/01\/Howo-340-6X4-6.webp\" class=\"attachment-full size-full\" alt=\"\" srcset=\"https:\/\/www.shuntongvehicle.com\/wp-content\/uploads\/2026\/01\/Howo-340-6X4-6.webp 690w, https:\/\/www.shuntongvehicle.com\/wp-content\/uploads\/2026\/01\/Howo-340-6X4-6-300x164.webp 300w, https:\/\/www.shuntongvehicle.com\/wp-content\/uploads\/2026\/01\/Howo-340-6X4-6-18x10.webp 18w, https:\/\/www.shuntongvehicle.com\/wp-content\/uploads\/2026\/01\/Howo-340-6X4-6-600x329.webp 600w\" sizes=\"(max-width: 690px) 100vw, 690px\" \/><\/a>\n\t\t\t<\/div><\/figure><figure class='gallery-item'>\n\t\t\t<div class='gallery-icon landscape'>\n\t\t\t\t<a href='https:\/\/www.shuntongvehicle.com\/fr\/?attachment_id=5431'><img loading=\"lazy\" decoding=\"async\" width=\"690\" height=\"378\" src=\"https:\/\/www.shuntongvehicle.com\/wp-content\/uploads\/2026\/01\/Howo-340-6X4-7-1.webp\" class=\"attachment-full size-full\" alt=\"\" srcset=\"https:\/\/www.shuntongvehicle.com\/wp-content\/uploads\/2026\/01\/Howo-340-6X4-7-1.webp 690w, https:\/\/www.shuntongvehicle.com\/wp-content\/uploads\/2026\/01\/Howo-340-6X4-7-1-300x164.webp 300w, https:\/\/www.shuntongvehicle.com\/wp-content\/uploads\/2026\/01\/Howo-340-6X4-7-1-18x10.webp 18w, https:\/\/www.shuntongvehicle.com\/wp-content\/uploads\/2026\/01\/Howo-340-6X4-7-1-600x329.webp 600w\" sizes=\"(max-width: 690px) 100vw, 690px\" \/><\/a>\n\t\t\t<\/div><\/figure>\n\t\t<\/div>\n\n<p>&nbsp;<\/p>","protected":false},"excerpt":{"rendered":"<p>Le camion-benne Howo est aussi polyvalent que vos d\u00e9fis quotidiens sur les sites de construction et d'exploitation mini\u00e8re. Gr\u00e2ce au moteur Sinotruk, il apporte encore plus de capacit\u00e9 de transport et de s\u00e9curit\u00e9 \u00e0 votre chantier. Ce qui en fait un partenaire fiable et efficace pour votre travail.<\/p>","protected":false},"featured_media":5405,"template":"","meta":{"_seopress_robots_primary_cat":"none","_seopress_titles_title":"%%post_title%%","_seopress_titles_desc":"%%post_excerpt%%","_seopress_robots_index":"","_uag_custom_page_level_css":"","site-sidebar-layout":"default","site-content-layout":"","ast-site-content-layout":"default","site-content-style":"default","site-sidebar-style":"default","ast-global-header-display":"","ast-banner-title-visibility":"","ast-main-header-display":"","ast-hfb-above-header-display":"","ast-hfb-below-header-display":"","ast-hfb-mobile-header-display":"","site-post-title":"","ast-breadcrumbs-content":"","ast-featured-img":"","footer-sml-layout":"","theme-transparent-header-meta":"default","adv-header-id-meta":"","stick-header-meta":"default","header-above-stick-meta":"","header-main-stick-meta":"","header-below-stick-meta":"","astra-migrate-meta-layouts":"set","ast-page-background-enabled":"default","ast-page-background-meta":{"desktop":{"background-color":"","background-image":"","background-repeat":"repeat","background-position":"center center","background-size":"auto","background-attachment":"scroll","background-type":"","background-media":"","overlay-type":"","overlay-color":"","overlay-opacity":"","overlay-gradient":""},"tablet":{"background-color":"","background-image":"","background-repeat":"repeat","background-position":"center center","background-size":"auto","background-attachment":"scroll","background-type":"","background-media":"","overlay-type":"","overlay-color":"","overlay-opacity":"","overlay-gradient":""},"mobile":{"background-color":"","background-image":"","background-repeat":"repeat","background-position":"center center","background-size":"auto","background-attachment":"scroll","background-type":"","background-media":"","overlay-type":"","overlay-color":"","overlay-opacity":"","overlay-gradient":""}},"ast-content-background-meta":{"desktop":{"background-color":"var(--ast-global-color-5)","background-image":"","background-repeat":"repeat","background-position":"center center","background-size":"auto","background-attachment":"scroll","background-type":"","background-media":"","overlay-type":"","overlay-color":"","overlay-opacity":"","overlay-gradient":""},"tablet":{"background-color":"var(--ast-global-color-5)","background-image":"","background-repeat":"repeat","background-position":"center center","background-size":"auto","background-attachment":"scroll","background-type":"","background-media":"","overlay-type":"","overlay-color":"","overlay-opacity":"","overlay-gradient":""},"mobile":{"background-color":"var(--ast-global-color-5)","background-image":"","background-repeat":"repeat","background-position":"center center","background-size":"auto","background-attachment":"scroll","background-type":"","background-media":"","overlay-type":"","overlay-color":"","overlay-opacity":"","overlay-gradient":""}}},"product_brand":[],"product_cat":[86],"product_tag":[],"class_list":{"0":"post-5397","1":"product","2":"type-product","3":"status-publish","4":"has-post-thumbnail","6":"product_cat-howo-6x4-dump-truck","7":"desktop-align-left","8":"tablet-align-left","9":"mobile-align-left","10":"ast-product-gallery-layout-horizontal-slider","11":"ast-product-tabs-layout-horizontal","13":"first","14":"instock","15":"shipping-taxable","16":"product-type-simple"},"uagb_featured_image_src":{"full":["https:\/\/www.shuntongvehicle.com\/wp-content\/uploads\/2026\/01\/1-8.jpg",700,700,false],"thumbnail":["https:\/\/www.shuntongvehicle.com\/wp-content\/uploads\/2026\/01\/1-8-150x150.jpg",150,150,true],"medium":["https:\/\/www.shuntongvehicle.com\/wp-content\/uploads\/2026\/01\/1-8-300x300.jpg",300,300,true],"medium_large":["https:\/\/www.shuntongvehicle.com\/wp-content\/uploads\/2026\/01\/1-8.jpg",700,700,false],"large":["https:\/\/www.shuntongvehicle.com\/wp-content\/uploads\/2026\/01\/1-8.jpg",700,700,false],"1536x1536":["https:\/\/www.shuntongvehicle.com\/wp-content\/uploads\/2026\/01\/1-8.jpg",700,700,false],"2048x2048":["https:\/\/www.shuntongvehicle.com\/wp-content\/uploads\/2026\/01\/1-8.jpg",700,700,false],"trp-custom-language-flag":["https:\/\/www.shuntongvehicle.com\/wp-content\/uploads\/2026\/01\/1-8-12x12.jpg",12,12,true],"woocommerce_thumbnail":["https:\/\/www.shuntongvehicle.com\/wp-content\/uploads\/2026\/01\/1-8-600x600.jpg",600,600,true],"woocommerce_single":["https:\/\/www.shuntongvehicle.com\/wp-content\/uploads\/2026\/01\/1-8-600x600.jpg",600,600,true],"woocommerce_gallery_thumbnail":["https:\/\/www.shuntongvehicle.com\/wp-content\/uploads\/2026\/01\/1-8-100x100.jpg",100,100,true]},"uagb_author_info":{"display_name":"jinxing6611@gmail.com","author_link":"https:\/\/www.shuntongvehicle.com\/fr\/author\/"},"uagb_comment_info":0,"uagb_excerpt":"Howo dump truck is as versatile as your day to day challenges on the construction and mining site. Thanks to Sinotruk engine, it brings even more transport capacity and safety to your construction site. Making it a reliable and efficient partner for your work.","_links":{"self":[{"href":"https:\/\/www.shuntongvehicle.com\/fr\/wp-json\/wp\/v2\/product\/5397","targetHints":{"allow":["GET"]}}],"collection":[{"href":"https:\/\/www.shuntongvehicle.com\/fr\/wp-json\/wp\/v2\/product"}],"about":[{"href":"https:\/\/www.shuntongvehicle.com\/fr\/wp-json\/wp\/v2\/types\/product"}],"wp:featuredmedia":[{"embeddable":true,"href":"https:\/\/www.shuntongvehicle.com\/fr\/wp-json\/wp\/v2\/media\/5405"}],"wp:attachment":[{"href":"https:\/\/www.shuntongvehicle.com\/fr\/wp-json\/wp\/v2\/media?parent=5397"}],"wp:term":[{"taxonomy":"product_brand","embeddable":true,"href":"https:\/\/www.shuntongvehicle.com\/fr\/wp-json\/wp\/v2\/product_brand?post=5397"},{"taxonomy":"product_cat","embeddable":true,"href":"https:\/\/www.shuntongvehicle.com\/fr\/wp-json\/wp\/v2\/product_cat?post=5397"},{"taxonomy":"product_tag","embeddable":true,"href":"https:\/\/www.shuntongvehicle.com\/fr\/wp-json\/wp\/v2\/product_tag?post=5397"}],"curies":[{"name":"wp","href":"https:\/\/api.w.org\/{rel}","templated":true}]}}