{"id":5663,"date":"2026-02-02T00:50:32","date_gmt":"2026-02-02T00:50:32","guid":{"rendered":"http:\/\/www.shuntongvehicle.com\/?post_type=product&#038;p=5663"},"modified":"2026-02-03T03:27:21","modified_gmt":"2026-02-03T03:27:21","slug":"professional-heavy-duty-engineering-shacman-x3000-dump-truck","status":"publish","type":"product","link":"https:\/\/www.shuntongvehicle.com\/fr\/product\/professional-heavy-duty-engineering-shacman-x3000-dump-truck\/","title":{"rendered":"Camion \u00e0 benne basculante Shacman X3000 de l'ing\u00e9nierie professionnelle des poids lourds"},"content":{"rendered":"<h3>Sp\u00e9cifications<\/h3>\n<table class=\"rich-text-table\">\n<tbody>\n<tr>\n<td class=\"td-view\" colspan=\"1\" rowspan=\"1\" data-row=\"0\" data-col=\"0\">\n<div>Condition<\/div>\n<\/td>\n<td class=\"td-view\" colspan=\"1\" rowspan=\"1\" data-row=\"0\" data-col=\"1\">\n<div>Nouveau<\/div>\n<\/td>\n<\/tr>\n<tr>\n<td class=\"td-view\" colspan=\"1\" rowspan=\"1\" data-row=\"1\" data-col=\"0\">\n<div>Type d'entra\u00eenement<\/div>\n<\/td>\n<td class=\"td-view\" colspan=\"1\" rowspan=\"1\" data-row=\"1\" data-col=\"1\">\n<div>6X4<\/div>\n<\/td>\n<\/tr>\n<tr>\n<td class=\"td-view\" colspan=\"1\" rowspan=\"1\" data-row=\"2\" data-col=\"0\">\n<div>Marque<\/div>\n<\/td>\n<td class=\"td-view\" colspan=\"1\" rowspan=\"1\" data-row=\"2\" data-col=\"1\">\n<div>SHACMAN<\/div>\n<\/td>\n<\/tr>\n<tr>\n<td class=\"td-view\" colspan=\"1\" rowspan=\"1\" data-row=\"3\" data-col=\"0\">\n<div>Marque du moteur<\/div>\n<\/td>\n<td class=\"td-view\" colspan=\"1\" rowspan=\"1\" data-row=\"3\" data-col=\"1\">\n<div>Weichai 11L<\/div>\n<\/td>\n<\/tr>\n<tr>\n<td class=\"td-view\" colspan=\"1\" rowspan=\"1\" data-row=\"4\" data-col=\"0\">\n<div>Garantie<\/div>\n<\/td>\n<td class=\"td-view\" colspan=\"1\" rowspan=\"1\" data-row=\"4\" data-col=\"1\">\n<div>1 an<\/div>\n<\/td>\n<\/tr>\n<tr>\n<td class=\"td-view\" colspan=\"1\" rowspan=\"1\" data-row=\"5\" data-col=\"0\">\n<div>Puissance du moteur<\/div>\n<\/td>\n<td class=\"td-view\" colspan=\"1\" rowspan=\"1\" data-row=\"5\" data-col=\"1\">\n<div>480HP<\/div>\n<\/td>\n<\/tr>\n<tr>\n<td class=\"td-view\" colspan=\"1\" rowspan=\"1\" data-row=\"6\" data-col=\"0\">\n<div>Poids (KG)<\/div>\n<\/td>\n<td class=\"td-view\" colspan=\"1\" rowspan=\"1\" data-row=\"6\" data-col=\"1\">\n<div>19000 kg<\/div>\n<\/td>\n<\/tr>\n<tr>\n<td class=\"td-view\" colspan=\"1\" rowspan=\"1\" data-row=\"7\" data-col=\"0\">\n<div>Garantie des pi\u00e8ces d'usure<\/div>\n<\/td>\n<td class=\"td-view\" colspan=\"1\" rowspan=\"1\" data-row=\"7\" data-col=\"1\">\n<div>Composants de base : Garantie d'un an<\/div>\n<\/td>\n<\/tr>\n<\/tbody>\n<\/table>\n<div>Le camion-benne Shacman x3000 6\u00d74 est con\u00e7u pour la logistique lourde et le transport longue distance. Il offre des performances puissantes, une grande durabilit\u00e9 et un fonctionnement fiable pour les t\u00e2ches de transport exigeantes.<\/div>\n<div class=\"br-block\"><\/div>\n<div><strong>Moteur diesel de 480 CV :<\/strong> des performances fiables pour les charges lourdes : \u00c9quip\u00e9 d'un robuste moteur diesel 6 cylindres turbocompress\u00e9 de 480 ch, ce camion offre un couple \u00e9lev\u00e9, une forte acc\u00e9l\u00e9ration et un fonctionnement stable dans des conditions de charges lourdes continues. Id\u00e9al pour le transport de conteneurs, de marchandises en vrac, de mat\u00e9riaux de construction et de marchandises sur de longues distances.<\/div>\n<div><strong>Transmission 6\u00d74 : traction et capacit\u00e9 de charge sup\u00e9rieures :<\/strong>\u00a0La configuration d'entra\u00eenement 6\u00d74 offre une excellente puissance de traction, une meilleure traction et une conduite stable sur les pentes, les routes accident\u00e9es et les itin\u00e9raires longue distance. Parfait pour les ports, le fret routier, la logistique mini\u00e8re et le transport de mat\u00e9riaux sur les chantiers.<\/div>\n<div><strong>Ch\u00e2ssis renforc\u00e9 et essieux robustes :\u00a0<\/strong>durabilit\u00e9 dans des conditions difficiles : Dot\u00e9 d'un solide ch\u00e2ssis en \u00e9chelle et d'essieux avant et arri\u00e8re durables, le camion conserve sa stabilit\u00e9 structurelle sous de lourdes charges. La suspension renforc\u00e9e, les pneus haute r\u00e9sistance et le syst\u00e8me de freinage fiable garantissent des performances s\u00fbres dans les environnements de transport difficiles.<\/div>\n<div><strong>Un habitacle ax\u00e9 sur le conducteur :\u00a0<\/strong>confort pour les longs trajets : La cabine spacieuse est \u00e9quip\u00e9e d'une couchette, d'un si\u00e8ge conducteur r\u00e9glable, de la climatisation et d'un tableau de bord ergonomique, ce qui r\u00e9duit la fatigue lors des trajets longue distance. Les options comprennent une couchette double, un si\u00e8ge \u00e0 suspension pneumatique et un syst\u00e8me multim\u00e9dia pour am\u00e9liorer le confort et l'efficacit\u00e9 op\u00e9rationnelle.<\/div>\n<div><img alt=\"\" fetchpriority=\"high\" decoding=\"async\" class=\"alignnone size-full wp-image-5670\" src=\"http:\/\/www.shuntongvehicle.com\/wp-content\/uploads\/2026\/02\/1.webp\" width=\"800\" height=\"800\" srcset=\"https:\/\/www.shuntongvehicle.com\/wp-content\/uploads\/2026\/02\/1.webp 800w, https:\/\/www.shuntongvehicle.com\/wp-content\/uploads\/2026\/02\/1-300x300.webp 300w, https:\/\/www.shuntongvehicle.com\/wp-content\/uploads\/2026\/02\/1-150x150.webp 150w, https:\/\/www.shuntongvehicle.com\/wp-content\/uploads\/2026\/02\/1-768x768.webp 768w, https:\/\/www.shuntongvehicle.com\/wp-content\/uploads\/2026\/02\/1-12x12.webp 12w, https:\/\/www.shuntongvehicle.com\/wp-content\/uploads\/2026\/02\/1-600x600.webp 600w, https:\/\/www.shuntongvehicle.com\/wp-content\/uploads\/2026\/02\/1-100x100.webp 100w\" sizes=\"(max-width: 800px) 100vw, 800px\" \/><\/div>\n<div>\n<div id='gallery-1' class='gallery galleryid-5663 gallery-columns-3 gallery-size-full'><figure class='gallery-item'>\n\t\t\t<div class='gallery-icon landscape'>\n\t\t\t\t<a href='https:\/\/www.shuntongvehicle.com\/fr\/?attachment_id=5671'><img decoding=\"async\" width=\"800\" height=\"800\" src=\"https:\/\/www.shuntongvehicle.com\/wp-content\/uploads\/2026\/02\/Professional-Heavy-Duty-Engineering-Shacman-X3000-Dump-Truck-1-1.webp\" class=\"attachment-full size-full\" alt=\"\" srcset=\"https:\/\/www.shuntongvehicle.com\/wp-content\/uploads\/2026\/02\/Professional-Heavy-Duty-Engineering-Shacman-X3000-Dump-Truck-1-1.webp 800w, https:\/\/www.shuntongvehicle.com\/wp-content\/uploads\/2026\/02\/Professional-Heavy-Duty-Engineering-Shacman-X3000-Dump-Truck-1-1-300x300.webp 300w, https:\/\/www.shuntongvehicle.com\/wp-content\/uploads\/2026\/02\/Professional-Heavy-Duty-Engineering-Shacman-X3000-Dump-Truck-1-1-150x150.webp 150w, https:\/\/www.shuntongvehicle.com\/wp-content\/uploads\/2026\/02\/Professional-Heavy-Duty-Engineering-Shacman-X3000-Dump-Truck-1-1-768x768.webp 768w, https:\/\/www.shuntongvehicle.com\/wp-content\/uploads\/2026\/02\/Professional-Heavy-Duty-Engineering-Shacman-X3000-Dump-Truck-1-1-12x12.webp 12w, https:\/\/www.shuntongvehicle.com\/wp-content\/uploads\/2026\/02\/Professional-Heavy-Duty-Engineering-Shacman-X3000-Dump-Truck-1-1-600x600.webp 600w, https:\/\/www.shuntongvehicle.com\/wp-content\/uploads\/2026\/02\/Professional-Heavy-Duty-Engineering-Shacman-X3000-Dump-Truck-1-1-100x100.webp 100w\" sizes=\"(max-width: 800px) 100vw, 800px\" \/><\/a>\n\t\t\t<\/div><\/figure><figure class='gallery-item'>\n\t\t\t<div class='gallery-icon landscape'>\n\t\t\t\t<a href='https:\/\/www.shuntongvehicle.com\/fr\/?attachment_id=5672'><img decoding=\"async\" width=\"800\" height=\"800\" src=\"https:\/\/www.shuntongvehicle.com\/wp-content\/uploads\/2026\/02\/Professional-Heavy-Duty-Engineering-Shacman-X3000-Dump-Truck-6.webp\" class=\"attachment-full size-full\" alt=\"\" srcset=\"https:\/\/www.shuntongvehicle.com\/wp-content\/uploads\/2026\/02\/Professional-Heavy-Duty-Engineering-Shacman-X3000-Dump-Truck-6.webp 800w, https:\/\/www.shuntongvehicle.com\/wp-content\/uploads\/2026\/02\/Professional-Heavy-Duty-Engineering-Shacman-X3000-Dump-Truck-6-300x300.webp 300w, https:\/\/www.shuntongvehicle.com\/wp-content\/uploads\/2026\/02\/Professional-Heavy-Duty-Engineering-Shacman-X3000-Dump-Truck-6-150x150.webp 150w, https:\/\/www.shuntongvehicle.com\/wp-content\/uploads\/2026\/02\/Professional-Heavy-Duty-Engineering-Shacman-X3000-Dump-Truck-6-768x768.webp 768w, https:\/\/www.shuntongvehicle.com\/wp-content\/uploads\/2026\/02\/Professional-Heavy-Duty-Engineering-Shacman-X3000-Dump-Truck-6-12x12.webp 12w, https:\/\/www.shuntongvehicle.com\/wp-content\/uploads\/2026\/02\/Professional-Heavy-Duty-Engineering-Shacman-X3000-Dump-Truck-6-600x600.webp 600w, https:\/\/www.shuntongvehicle.com\/wp-content\/uploads\/2026\/02\/Professional-Heavy-Duty-Engineering-Shacman-X3000-Dump-Truck-6-100x100.webp 100w\" sizes=\"(max-width: 800px) 100vw, 800px\" \/><\/a>\n\t\t\t<\/div><\/figure>\n\t\t<\/div>\n\n<\/div>\n<p>&nbsp;<\/p>","protected":false},"excerpt":{"rendered":"<p>Le camion-benne Shacman x3000 6\u00d74 est con\u00e7u pour la logistique lourde et le transport longue distance. Il offre des performances puissantes, une grande durabilit\u00e9 et un fonctionnement fiable pour les t\u00e2ches de transport exigeantes.<\/p>","protected":false},"featured_media":5664,"template":"","meta":{"_seopress_robots_primary_cat":"none","_seopress_titles_title":"%%post_title%%","_seopress_titles_desc":"%%post_excerpt%%","_seopress_robots_index":"","_uag_custom_page_level_css":"","site-sidebar-layout":"default","site-content-layout":"","ast-site-content-layout":"default","site-content-style":"default","site-sidebar-style":"default","ast-global-header-display":"","ast-banner-title-visibility":"","ast-main-header-display":"","ast-hfb-above-header-display":"","ast-hfb-below-header-display":"","ast-hfb-mobile-header-display":"","site-post-title":"","ast-breadcrumbs-content":"","ast-featured-img":"","footer-sml-layout":"","theme-transparent-header-meta":"default","adv-header-id-meta":"","stick-header-meta":"default","header-above-stick-meta":"","header-main-stick-meta":"","header-below-stick-meta":"","astra-migrate-meta-layouts":"set","ast-page-background-enabled":"default","ast-page-background-meta":{"desktop":{"background-color":"","background-image":"","background-repeat":"repeat","background-position":"center center","background-size":"auto","background-attachment":"scroll","background-type":"","background-media":"","overlay-type":"","overlay-color":"","overlay-opacity":"","overlay-gradient":""},"tablet":{"background-color":"","background-image":"","background-repeat":"repeat","background-position":"center center","background-size":"auto","background-attachment":"scroll","background-type":"","background-media":"","overlay-type":"","overlay-color":"","overlay-opacity":"","overlay-gradient":""},"mobile":{"background-color":"","background-image":"","background-repeat":"repeat","background-position":"center center","background-size":"auto","background-attachment":"scroll","background-type":"","background-media":"","overlay-type":"","overlay-color":"","overlay-opacity":"","overlay-gradient":""}},"ast-content-background-meta":{"desktop":{"background-color":"var(--ast-global-color-5)","background-image":"","background-repeat":"repeat","background-position":"center center","background-size":"auto","background-attachment":"scroll","background-type":"","background-media":"","overlay-type":"","overlay-color":"","overlay-opacity":"","overlay-gradient":""},"tablet":{"background-color":"var(--ast-global-color-5)","background-image":"","background-repeat":"repeat","background-position":"center center","background-size":"auto","background-attachment":"scroll","background-type":"","background-media":"","overlay-type":"","overlay-color":"","overlay-opacity":"","overlay-gradient":""},"mobile":{"background-color":"var(--ast-global-color-5)","background-image":"","background-repeat":"repeat","background-position":"center center","background-size":"auto","background-attachment":"scroll","background-type":"","background-media":"","overlay-type":"","overlay-color":"","overlay-opacity":"","overlay-gradient":""}}},"product_brand":[],"product_cat":[88],"product_tag":[],"class_list":{"0":"post-5663","1":"product","2":"type-product","3":"status-publish","4":"has-post-thumbnail","6":"product_cat-shacman-6x4-dump-truck","7":"desktop-align-left","8":"tablet-align-left","9":"mobile-align-left","10":"ast-product-gallery-layout-horizontal-slider","11":"ast-product-tabs-layout-horizontal","13":"first","14":"instock","15":"featured","16":"shipping-taxable","17":"product-type-simple"},"uagb_featured_image_src":{"full":["https:\/\/www.shuntongvehicle.com\/wp-content\/uploads\/2026\/02\/Professional-Heavy-Duty-Engineering-Shacman-X3000-Dump-Truck-1.webp",550,550,false],"thumbnail":["https:\/\/www.shuntongvehicle.com\/wp-content\/uploads\/2026\/02\/Professional-Heavy-Duty-Engineering-Shacman-X3000-Dump-Truck-1-150x150.webp",150,150,true],"medium":["https:\/\/www.shuntongvehicle.com\/wp-content\/uploads\/2026\/02\/Professional-Heavy-Duty-Engineering-Shacman-X3000-Dump-Truck-1-300x300.webp",300,300,true],"medium_large":["https:\/\/www.shuntongvehicle.com\/wp-content\/uploads\/2026\/02\/Professional-Heavy-Duty-Engineering-Shacman-X3000-Dump-Truck-1.webp",550,550,false],"large":["https:\/\/www.shuntongvehicle.com\/wp-content\/uploads\/2026\/02\/Professional-Heavy-Duty-Engineering-Shacman-X3000-Dump-Truck-1.webp",550,550,false],"1536x1536":["https:\/\/www.shuntongvehicle.com\/wp-content\/uploads\/2026\/02\/Professional-Heavy-Duty-Engineering-Shacman-X3000-Dump-Truck-1.webp",550,550,false],"2048x2048":["https:\/\/www.shuntongvehicle.com\/wp-content\/uploads\/2026\/02\/Professional-Heavy-Duty-Engineering-Shacman-X3000-Dump-Truck-1.webp",550,550,false],"trp-custom-language-flag":["https:\/\/www.shuntongvehicle.com\/wp-content\/uploads\/2026\/02\/Professional-Heavy-Duty-Engineering-Shacman-X3000-Dump-Truck-1-12x12.webp",12,12,true],"woocommerce_thumbnail":["https:\/\/www.shuntongvehicle.com\/wp-content\/uploads\/2026\/02\/Professional-Heavy-Duty-Engineering-Shacman-X3000-Dump-Truck-1.webp",550,550,false],"woocommerce_single":["https:\/\/www.shuntongvehicle.com\/wp-content\/uploads\/2026\/02\/Professional-Heavy-Duty-Engineering-Shacman-X3000-Dump-Truck-1.webp",550,550,false],"woocommerce_gallery_thumbnail":["https:\/\/www.shuntongvehicle.com\/wp-content\/uploads\/2026\/02\/Professional-Heavy-Duty-Engineering-Shacman-X3000-Dump-Truck-1-100x100.webp",100,100,true]},"uagb_author_info":{"display_name":"jinxing6611@gmail.com","author_link":"https:\/\/www.shuntongvehicle.com\/fr\/author\/"},"uagb_comment_info":0,"uagb_excerpt":"The\u00a0Shacman x3000 6\u00d74 Dump Truck\u00a0is designed for heavy-duty logistics and long-distance haulage, offering powerful performance, durability, and reliable operation for demanding transport tasks.","_links":{"self":[{"href":"https:\/\/www.shuntongvehicle.com\/fr\/wp-json\/wp\/v2\/product\/5663","targetHints":{"allow":["GET"]}}],"collection":[{"href":"https:\/\/www.shuntongvehicle.com\/fr\/wp-json\/wp\/v2\/product"}],"about":[{"href":"https:\/\/www.shuntongvehicle.com\/fr\/wp-json\/wp\/v2\/types\/product"}],"wp:featuredmedia":[{"embeddable":true,"href":"https:\/\/www.shuntongvehicle.com\/fr\/wp-json\/wp\/v2\/media\/5664"}],"wp:attachment":[{"href":"https:\/\/www.shuntongvehicle.com\/fr\/wp-json\/wp\/v2\/media?parent=5663"}],"wp:term":[{"taxonomy":"product_brand","embeddable":true,"href":"https:\/\/www.shuntongvehicle.com\/fr\/wp-json\/wp\/v2\/product_brand?post=5663"},{"taxonomy":"product_cat","embeddable":true,"href":"https:\/\/www.shuntongvehicle.com\/fr\/wp-json\/wp\/v2\/product_cat?post=5663"},{"taxonomy":"product_tag","embeddable":true,"href":"https:\/\/www.shuntongvehicle.com\/fr\/wp-json\/wp\/v2\/product_tag?post=5663"}],"curies":[{"name":"wp","href":"https:\/\/api.w.org\/{rel}","templated":true}]}}