{"id":5838,"date":"2026-02-02T06:18:43","date_gmt":"2026-02-02T06:18:43","guid":{"rendered":"http:\/\/www.shuntongvehicle.com\/?post_type=product&#038;p=5838"},"modified":"2026-02-09T01:31:03","modified_gmt":"2026-02-09T01:31:03","slug":"howo-tx-6x4-tractor-truck","status":"publish","type":"product","link":"https:\/\/www.shuntongvehicle.com\/fr\/product\/howo-tx-6x4-tractor-truck\/","title":{"rendered":"Camion tracteur Howo TX 6X4"},"content":{"rendered":"<p>Howo TX Tractor Truck \u2013 European Classics, Quality Inheritance<\/p>\n<p><img alt=\"\" fetchpriority=\"high\" decoding=\"async\" class=\"alignnone wp-image-5846 size-full\" src=\"http:\/\/www.shuntongvehicle.com\/wp-content\/uploads\/2026\/02\/Howo-TX-6X4-Tractor-Truck-0.webp\" width=\"1600\" height=\"526\" srcset=\"https:\/\/www.shuntongvehicle.com\/wp-content\/uploads\/2026\/02\/Howo-TX-6X4-Tractor-Truck-0.webp 1600w, https:\/\/www.shuntongvehicle.com\/wp-content\/uploads\/2026\/02\/Howo-TX-6X4-Tractor-Truck-0-300x99.webp 300w, https:\/\/www.shuntongvehicle.com\/wp-content\/uploads\/2026\/02\/Howo-TX-6X4-Tractor-Truck-0-1024x337.webp 1024w, https:\/\/www.shuntongvehicle.com\/wp-content\/uploads\/2026\/02\/Howo-TX-6X4-Tractor-Truck-0-768x252.webp 768w, https:\/\/www.shuntongvehicle.com\/wp-content\/uploads\/2026\/02\/Howo-TX-6X4-Tractor-Truck-0-1536x505.webp 1536w, https:\/\/www.shuntongvehicle.com\/wp-content\/uploads\/2026\/02\/Howo-TX-6X4-Tractor-Truck-0-18x6.webp 18w, https:\/\/www.shuntongvehicle.com\/wp-content\/uploads\/2026\/02\/Howo-TX-6X4-Tractor-Truck-0-600x197.webp 600w\" sizes=\"(max-width: 1600px) 100vw, 1600px\" \/><\/p>\n<h4>Caract\u00e9ristiques<\/h4>\n<table border=\"1\" width=\"100%\" cellspacing=\"0\" cellpadding=\"0\">\n<tbody>\n<tr>\n<td rowspan=\"3\">Moteur<\/td>\n<td class=\"bgcolorOne\">Model<\/td>\n<td class=\"bgcolorOne\">WP12T480E62<\/td>\n<\/tr>\n<tr>\n<td class=\"bgcolorTwo\">Net power (kw) \/Speed (r\/min)<\/td>\n<td class=\"bgcolorTwo\">353\/1800<\/td>\n<\/tr>\n<tr>\n<td class=\"bgcolorOne\">Maximum torque (Nm) \/ Speed (r\/min)<\/td>\n<td class=\"bgcolorOne\">2300\/950-1400<\/td>\n<\/tr>\n<\/tbody>\n<\/table>\n<table border=\"1\" width=\"100%\" cellspacing=\"0\" cellpadding=\"0\">\n<tbody>\n<tr>\n<td class=\"bgcolorTwo\">Bo\u00eete de vitesses<\/td>\n<td class=\"bgcolorTwo\">HW25712XSCL gearbox<\/td>\n<\/tr>\n<tr>\n<td class=\"bgcolorOne\">Clutch (mm)<\/td>\n<td class=\"bgcolorOne\">Diameter 430 (mm)<\/td>\n<\/tr>\n<tr>\n<td class=\"bgcolorTwo\">Mod\u00e8le d'essieu arri\u00e8re<\/td>\n<td class=\"bgcolorTwo\">MCJ12BGY self-adjusting double rear axle (drum)<\/td>\n<\/tr>\n<tr>\n<td class=\"bgcolorOne\">Rapport de l'essieu arri\u00e8re<\/td>\n<td class=\"bgcolorOne\">3.7<\/td>\n<\/tr>\n<tr>\n<td class=\"bgcolorTwo\">R\u00e9servoir de carburant (L)<\/td>\n<td class=\"bgcolorTwo\">800L<\/td>\n<\/tr>\n<tr>\n<td class=\"bgcolorOne\">Frame section (mm)<\/td>\n<td class=\"bgcolorOne\">280<\/td>\n<\/tr>\n<tr>\n<td class=\"bgcolorTwo\">Suspension (front spring, rear spring)<\/td>\n<td class=\"bgcolorTwo\">Front and rear leaf springs (2\/3)<\/td>\n<\/tr>\n<tr>\n<td class=\"bgcolorOne\">Pneu<\/td>\n<td class=\"bgcolorOne\">12R22.5<\/td>\n<\/tr>\n<\/tbody>\n<\/table>\n<p>&nbsp;<\/p>\n<table border=\"1\" width=\"100%\" cellspacing=\"0\" cellpadding=\"0\">\n<tbody>\n<tr>\n<td colspan=\"2\">Vehicle Parameters<\/td>\n<\/tr>\n<tr>\n<td class=\"bgcolorTwo\">Mod\u00e8le de moteur<\/td>\n<td class=\"bgcolorTwo\">WP12T480E62<\/td>\n<\/tr>\n<tr>\n<td class=\"bgcolorOne\">Dimensions (mm)<\/td>\n<td class=\"bgcolorOne\">6950\u00d72530\u00d73455<\/td>\n<\/tr>\n<tr>\n<td class=\"bgcolorTwo\">Empattement (mm)<\/td>\n<td class=\"bgcolorTwo\">3300<\/td>\n<\/tr>\n<tr>\n<td class=\"bgcolorOne\">Porte-\u00e0-faux avant et arri\u00e8re (mm)<\/td>\n<td class=\"bgcolorOne\">1500\/750<\/td>\n<\/tr>\n<tr>\n<td class=\"bgcolorTwo\">Factory-determined maximum total mass (Kg)<\/td>\n<td class=\"bgcolorTwo\">8800<\/td>\n<\/tr>\n<tr>\n<td class=\"bgcolorOne\">Rated number of passengers (persons)<\/td>\n<td class=\"bgcolorOne\">2<\/td>\n<\/tr>\n<\/tbody>\n<\/table>\n<p><span style=\"font-size: 16px;\">\t\t<div data-elementor-type=\"section\" data-elementor-id=\"5725\" class=\"elementor elementor-5725\" data-elementor-post-type=\"elementor_library\">\n\t\t\t<div class=\"elementor-element elementor-element-6a3656a8 e-con-full e-flex e-con e-parent\" data-id=\"6a3656a8\" data-element_type=\"container\" data-settings=\"{&quot;background_background&quot;:&quot;classic&quot;}\">\n\t\t\t\t<div class=\"elementor-element elementor-element-1d448148 elementor-widget elementor-widget-heading\" data-id=\"1d448148\" data-element_type=\"widget\" data-widget_type=\"heading.default\">\n\t\t\t\t\t\t<div class=\"elementor-widget-container\">\n\t\t\t\t\t<h2 class=\"elementor-heading-title elementor-size-default\">Performance\n<\/h2>\t\t\t\t<\/div>\n\t\t\t\t<\/div>\n\t\t\t\t<div class=\"elementor-element elementor-element-3704e44e elementor-widget elementor-widget-text-editor\" data-id=\"3704e44e\" data-element_type=\"widget\" data-widget_type=\"text-editor.default\">\n\t\t\t\t\t\t<div class=\"elementor-widget-container\">\n\t\t\t\t\t\t\t\t\t<p>Le camion-benne Howo est aussi polyvalent que vos d\u00e9fis quotidiens sur les sites de construction et d'exploitation mini\u00e8re. Gr\u00e2ce au moteur Sinotruk, il apporte encore plus de capacit\u00e9 de transport et de s\u00e9curit\u00e9 \u00e0 votre chantier. Ce qui en fait un partenaire fiable et efficace pour votre travail.<\/p>\t\t\t\t\t\t\t\t<\/div>\n\t\t\t\t<\/div>\n\t\t<div class=\"elementor-element elementor-element-7d48afda e-grid e-con-full e-con e-child\" data-id=\"7d48afda\" data-element_type=\"container\">\n\t\t\t\t<div class=\"elementor-element elementor-element-6a5e358a elementor-position-top elementor-widget elementor-widget-image-box\" data-id=\"6a5e358a\" data-element_type=\"widget\" data-widget_type=\"image-box.default\">\n\t\t\t\t\t\t<div class=\"elementor-widget-container\">\n\t\t\t\t\t<div class=\"elementor-image-box-wrapper\"><figure class=\"elementor-image-box-img\"><img alt=\"\" decoding=\"async\" width=\"472\" height=\"297\" src=\"https:\/\/www.shuntongvehicle.com\/wp-content\/uploads\/2026\/01\/img30.jpg\" class=\"attachment-full size-full wp-image-5410\" srcset=\"https:\/\/www.shuntongvehicle.com\/wp-content\/uploads\/2026\/01\/img30.jpg 472w, https:\/\/www.shuntongvehicle.com\/wp-content\/uploads\/2026\/01\/img30-300x189.jpg 300w, https:\/\/www.shuntongvehicle.com\/wp-content\/uploads\/2026\/01\/img30-18x12.jpg 18w\" sizes=\"(max-width: 472px) 100vw, 472px\" \/><\/figure><div class=\"elementor-image-box-content\"><h4 class=\"elementor-image-box-title\">S\u00fbre et fiable<\/h4><p class=\"elementor-image-box-description\">Moteur 2.0T \u00e0 turbocompresseur plus efficace et plus \u00e9conomique. Suspension avant ind\u00e9pendante McPherson \/ Suspension arri\u00e8re \u00e0 haute r\u00e9sistance avec poutre de torsion Carrosserie \u00e0 cage ultra-haute r\u00e9sistance, Boron renforc\u00e9<\/p><\/div><\/div>\t\t\t\t<\/div>\n\t\t\t\t<\/div>\n\t\t\t\t<div class=\"elementor-element elementor-element-c120bfa elementor-position-top elementor-widget elementor-widget-image-box\" data-id=\"c120bfa\" data-element_type=\"widget\" data-widget_type=\"image-box.default\">\n\t\t\t\t\t\t<div class=\"elementor-widget-container\">\n\t\t\t\t\t<div class=\"elementor-image-box-wrapper\"><figure class=\"elementor-image-box-img\"><img alt=\"\" decoding=\"async\" width=\"477\" height=\"296\" src=\"https:\/\/www.shuntongvehicle.com\/wp-content\/uploads\/2026\/01\/img31.jpg\" class=\"attachment-full size-full wp-image-5412\" srcset=\"https:\/\/www.shuntongvehicle.com\/wp-content\/uploads\/2026\/01\/img31.jpg 477w, https:\/\/www.shuntongvehicle.com\/wp-content\/uploads\/2026\/01\/img31-300x186.jpg 300w, https:\/\/www.shuntongvehicle.com\/wp-content\/uploads\/2026\/01\/img31-18x12.jpg 18w\" sizes=\"(max-width: 477px) 100vw, 477px\" \/><\/figure><div class=\"elementor-image-box-content\"><h4 class=\"elementor-image-box-title\">Conduite confortable<\/h4><p class=\"elementor-image-box-description\">Amortisseur hydraulique monotube Bosch 9.3 ESPSuspension ind\u00e9pendante avant et arri\u00e8re\n<\/p><\/div><\/div>\t\t\t\t<\/div>\n\t\t\t\t<\/div>\n\t\t\t\t<div class=\"elementor-element elementor-element-2312addb elementor-position-top elementor-widget elementor-widget-image-box\" data-id=\"2312addb\" data-element_type=\"widget\" data-widget_type=\"image-box.default\">\n\t\t\t\t\t\t<div class=\"elementor-widget-container\">\n\t\t\t\t\t<div class=\"elementor-image-box-wrapper\"><figure class=\"elementor-image-box-img\"><img alt=\"\" loading=\"lazy\" decoding=\"async\" width=\"473\" height=\"296\" src=\"https:\/\/www.shuntongvehicle.com\/wp-content\/uploads\/2026\/01\/img32.jpg\" class=\"attachment-full size-full wp-image-5414\" srcset=\"https:\/\/www.shuntongvehicle.com\/wp-content\/uploads\/2026\/01\/img32.jpg 473w, https:\/\/www.shuntongvehicle.com\/wp-content\/uploads\/2026\/01\/img32-300x188.jpg 300w, https:\/\/www.shuntongvehicle.com\/wp-content\/uploads\/2026\/01\/img32-18x12.jpg 18w\" sizes=\"(max-width: 473px) 100vw, 473px\" \/><\/figure><div class=\"elementor-image-box-content\"><h4 class=\"elementor-image-box-title\">Luxe exclusif<\/h4><p class=\"elementor-image-box-description\">Sellerie int\u00e9rieure de luxe en cuir aux couleurs contrast\u00e9es, si\u00e8ges ergonomiques. Grand \u00e9cran haute d\u00e9finition de 10,25 pouces, connexion intelligente \u00e0 la voiture.\n<\/p><\/div><\/div>\t\t\t\t<\/div>\n\t\t\t\t<\/div>\n\t\t\t\t<\/div>\n\t\t\t\t<\/div>\n\t\t<div class=\"elementor-element elementor-element-d9f073f e-grid e-con-boxed e-con e-parent\" data-id=\"d9f073f\" data-element_type=\"container\">\n\t\t\t\t\t<div class=\"e-con-inner\">\n\t\t\t\t<div class=\"elementor-element elementor-element-7295799e elementor-widget elementor-widget-uael-infobox\" data-id=\"7295799e\" data-element_type=\"widget\" data-widget_type=\"uael-infobox.default\">\n\t\t\t\t\t\t<div class=\"elementor-widget-container\">\n\t\t\t\t\t\n<div class=\"uael-module-content uael-infobox uael-imgicon-style-normal  uael-infobox-left  infobox-has-icon uael-infobox-icon-above-title  uael-infobox-link-type-none\">\n\t<div class=\"uael-infobox-left-right-wrap\">\n\t\t\t\t\t\t<div class=\"uael-infobox-content\">\n\t\t\t\t\t\t\t<div class=\"uael-module-content uael-imgicon-wrap\">\t\t\t\t\t\t\t\t\t\t\t\n\t\t\t\t\t\t\t\t\t\t\t\t\t\t<\/div>\n\t\t\t\t\t\t\t<div class='uael-infobox-title-wrap'><h4 class=\"uael-infobox-title elementor-inline-editing\" data-elementor-setting-key=\"infobox_title\" data-elementor-inline-editing-toolbar=\"basic\" >Classique et \u00e9l\u00e9gant<\/h4><\/div>\t\t\t\t\t\t\t\t\t<div class=\"uael-infobox-text-wrap\">\n\t\t\t\t<div class=\"uael-infobox-text elementor-inline-editing\" data-elementor-setting-key=\"infobox_description\" data-elementor-inline-editing-toolbar=\"advanced\">\n\t\t\t\t\tUn design esth\u00e9tique mis en valeur par sa concision et sa puissance. Feux de route et de croisement int\u00e9gr\u00e9s, phares \u00e0 LED inductifs \u00e0 haute luminosit\u00e9. Grand toit panoramique\n\n\t\t\t\t<\/div>\n\t\t\t\t\t\n\t\t\t\t\t\t\t<\/div>\n\t\t<\/div>\n\t\t\t<\/div>\n<\/div>\n\t\t\t\t<\/div>\n\t\t\t\t<\/div>\n\t\t\t\t<div class=\"elementor-element elementor-element-5e2131bd elementor-widget elementor-widget-uael-infobox\" data-id=\"5e2131bd\" data-element_type=\"widget\" data-widget_type=\"uael-infobox.default\">\n\t\t\t\t\t\t<div class=\"elementor-widget-container\">\n\t\t\t\t\t\n<div class=\"uael-module-content uael-infobox uael-imgicon-style-normal  uael-infobox-left  infobox-has-icon uael-infobox-icon-above-title  uael-infobox-link-type-none\">\n\t<div class=\"uael-infobox-left-right-wrap\">\n\t\t\t\t\t\t<div class=\"uael-infobox-content\">\n\t\t\t\t\t\t\t<div class=\"uael-module-content uael-imgicon-wrap\">\t\t\t\t\t\t\t\t\t\t\t\n\t\t\t\t\t\t\t\t\t\t\t\t\t\t<\/div>\n\t\t\t\t\t\t\t<div class='uael-infobox-title-wrap'><h4 class=\"uael-infobox-title elementor-inline-editing\" data-elementor-setting-key=\"infobox_title\" data-elementor-inline-editing-toolbar=\"basic\" >Technologie<\/h4><\/div>\t\t\t\t\t\t\t\t\t<div class=\"uael-infobox-text-wrap\">\n\t\t\t\t<div class=\"uael-infobox-text elementor-inline-editing\" data-elementor-setting-key=\"infobox_description\" data-elementor-inline-editing-toolbar=\"advanced\">\n\t\t\t\t\t\u00c9cran tactile de 10 pouces. R\u00e9troviseurs ext\u00e9rieurs \u00e9lectriques. Compteur num\u00e9rique. Cam\u00e9ras panoramiques 360. R\u00e9gulateur de vitesse. Syst\u00e8me d'acc\u00e8s sans cl\u00e9. Navigation GPS. Panneau tactile LCD complet pour le climatiseur Bluetooth\/t\u00e9l\u00e9phone de voiture D\u00e9marrer le syst\u00e8me d'un seul clic\n\n\n\t\t\t\t<\/div>\n\t\t\t\t\t\n\t\t\t\t\t\t\t<\/div>\n\t\t<\/div>\n\t\t\t<\/div>\n<\/div>\n\t\t\t\t<\/div>\n\t\t\t\t<\/div>\n\t\t\t\t\t<\/div>\n\t\t\t\t<\/div>\n\t\t\t\t<\/div>\n\t\t<\/span><\/p>\n<p><strong>Galerie<\/strong><br \/>\nHowo TX Tractor Truck has the active and passive safety of the world\u2019s top heavy trucks. Cab crash indexes can meet the Swedish standard, and the steering column can be deformed and absorbed in a collision; EVB (engine exhaust valve brake) is equipped as standard.<\/p>\n<div id='gallery-1' class='gallery galleryid-5838 gallery-columns-3 gallery-size-full'><figure class='gallery-item'>\n\t\t\t<div class='gallery-icon landscape'>\n\t\t\t\t<a href='https:\/\/www.shuntongvehicle.com\/fr\/?attachment_id=5847'><img loading=\"lazy\" decoding=\"async\" width=\"750\" height=\"411\" src=\"https:\/\/www.shuntongvehicle.com\/wp-content\/uploads\/2026\/02\/Howo-TX-6X4-Tractor-Truck-4.webp\" class=\"attachment-full size-full\" alt=\"\" srcset=\"https:\/\/www.shuntongvehicle.com\/wp-content\/uploads\/2026\/02\/Howo-TX-6X4-Tractor-Truck-4.webp 750w, https:\/\/www.shuntongvehicle.com\/wp-content\/uploads\/2026\/02\/Howo-TX-6X4-Tractor-Truck-4-300x164.webp 300w, https:\/\/www.shuntongvehicle.com\/wp-content\/uploads\/2026\/02\/Howo-TX-6X4-Tractor-Truck-4-18x10.webp 18w, https:\/\/www.shuntongvehicle.com\/wp-content\/uploads\/2026\/02\/Howo-TX-6X4-Tractor-Truck-4-600x329.webp 600w\" sizes=\"(max-width: 750px) 100vw, 750px\" \/><\/a>\n\t\t\t<\/div><\/figure><figure class='gallery-item'>\n\t\t\t<div class='gallery-icon landscape'>\n\t\t\t\t<a href='https:\/\/www.shuntongvehicle.com\/fr\/?attachment_id=5848'><img loading=\"lazy\" decoding=\"async\" width=\"750\" height=\"411\" src=\"https:\/\/www.shuntongvehicle.com\/wp-content\/uploads\/2026\/02\/Howo-TX-6X4-Tractor-Truck-5-1.webp\" class=\"attachment-full size-full\" alt=\"\" srcset=\"https:\/\/www.shuntongvehicle.com\/wp-content\/uploads\/2026\/02\/Howo-TX-6X4-Tractor-Truck-5-1.webp 750w, https:\/\/www.shuntongvehicle.com\/wp-content\/uploads\/2026\/02\/Howo-TX-6X4-Tractor-Truck-5-1-300x164.webp 300w, https:\/\/www.shuntongvehicle.com\/wp-content\/uploads\/2026\/02\/Howo-TX-6X4-Tractor-Truck-5-1-18x10.webp 18w, https:\/\/www.shuntongvehicle.com\/wp-content\/uploads\/2026\/02\/Howo-TX-6X4-Tractor-Truck-5-1-600x329.webp 600w\" sizes=\"(max-width: 750px) 100vw, 750px\" \/><\/a>\n\t\t\t<\/div><\/figure><figure class='gallery-item'>\n\t\t\t<div class='gallery-icon landscape'>\n\t\t\t\t<a href='https:\/\/www.shuntongvehicle.com\/fr\/?attachment_id=5849'><img loading=\"lazy\" decoding=\"async\" width=\"750\" height=\"411\" src=\"https:\/\/www.shuntongvehicle.com\/wp-content\/uploads\/2026\/02\/HowoTX-6X4-Tractor-Truck-7.webp\" class=\"attachment-full size-full\" alt=\"\" srcset=\"https:\/\/www.shuntongvehicle.com\/wp-content\/uploads\/2026\/02\/HowoTX-6X4-Tractor-Truck-7.webp 750w, https:\/\/www.shuntongvehicle.com\/wp-content\/uploads\/2026\/02\/HowoTX-6X4-Tractor-Truck-7-300x164.webp 300w, https:\/\/www.shuntongvehicle.com\/wp-content\/uploads\/2026\/02\/HowoTX-6X4-Tractor-Truck-7-18x10.webp 18w, https:\/\/www.shuntongvehicle.com\/wp-content\/uploads\/2026\/02\/HowoTX-6X4-Tractor-Truck-7-600x329.webp 600w\" sizes=\"(max-width: 750px) 100vw, 750px\" \/><\/a>\n\t\t\t<\/div><\/figure>\n\t\t<\/div>\n\n<div id='gallery-2' class='gallery galleryid-5838 gallery-columns-3 gallery-size-full'><figure class='gallery-item'>\n\t\t\t<div class='gallery-icon landscape'>\n\t\t\t\t<a href='https:\/\/www.shuntongvehicle.com\/fr\/?attachment_id=5850'><img loading=\"lazy\" decoding=\"async\" width=\"750\" height=\"411\" src=\"https:\/\/www.shuntongvehicle.com\/wp-content\/uploads\/2026\/02\/HowoTX-6X4-Tractor-Truck-8.webp\" class=\"attachment-full size-full\" alt=\"\" srcset=\"https:\/\/www.shuntongvehicle.com\/wp-content\/uploads\/2026\/02\/HowoTX-6X4-Tractor-Truck-8.webp 750w, https:\/\/www.shuntongvehicle.com\/wp-content\/uploads\/2026\/02\/HowoTX-6X4-Tractor-Truck-8-300x164.webp 300w, https:\/\/www.shuntongvehicle.com\/wp-content\/uploads\/2026\/02\/HowoTX-6X4-Tractor-Truck-8-18x10.webp 18w, https:\/\/www.shuntongvehicle.com\/wp-content\/uploads\/2026\/02\/HowoTX-6X4-Tractor-Truck-8-600x329.webp 600w\" sizes=\"(max-width: 750px) 100vw, 750px\" \/><\/a>\n\t\t\t<\/div><\/figure><figure class='gallery-item'>\n\t\t\t<div class='gallery-icon landscape'>\n\t\t\t\t<a href='https:\/\/www.shuntongvehicle.com\/fr\/?attachment_id=5851'><img loading=\"lazy\" decoding=\"async\" width=\"750\" height=\"411\" src=\"https:\/\/www.shuntongvehicle.com\/wp-content\/uploads\/2026\/02\/HowoTX-6X4-Tractor-Truck-9.webp\" class=\"attachment-full size-full\" alt=\"\" srcset=\"https:\/\/www.shuntongvehicle.com\/wp-content\/uploads\/2026\/02\/HowoTX-6X4-Tractor-Truck-9.webp 750w, https:\/\/www.shuntongvehicle.com\/wp-content\/uploads\/2026\/02\/HowoTX-6X4-Tractor-Truck-9-300x164.webp 300w, https:\/\/www.shuntongvehicle.com\/wp-content\/uploads\/2026\/02\/HowoTX-6X4-Tractor-Truck-9-18x10.webp 18w, https:\/\/www.shuntongvehicle.com\/wp-content\/uploads\/2026\/02\/HowoTX-6X4-Tractor-Truck-9-600x329.webp 600w\" sizes=\"(max-width: 750px) 100vw, 750px\" \/><\/a>\n\t\t\t<\/div><\/figure><figure class='gallery-item'>\n\t\t\t<div class='gallery-icon landscape'>\n\t\t\t\t<a href='https:\/\/www.shuntongvehicle.com\/fr\/?attachment_id=5852'><img loading=\"lazy\" decoding=\"async\" width=\"750\" height=\"411\" src=\"https:\/\/www.shuntongvehicle.com\/wp-content\/uploads\/2026\/02\/HowoTX-6X4-Tractor-Truck-10.webp\" class=\"attachment-full size-full\" alt=\"\" srcset=\"https:\/\/www.shuntongvehicle.com\/wp-content\/uploads\/2026\/02\/HowoTX-6X4-Tractor-Truck-10.webp 750w, https:\/\/www.shuntongvehicle.com\/wp-content\/uploads\/2026\/02\/HowoTX-6X4-Tractor-Truck-10-300x164.webp 300w, https:\/\/www.shuntongvehicle.com\/wp-content\/uploads\/2026\/02\/HowoTX-6X4-Tractor-Truck-10-18x10.webp 18w, https:\/\/www.shuntongvehicle.com\/wp-content\/uploads\/2026\/02\/HowoTX-6X4-Tractor-Truck-10-600x329.webp 600w\" sizes=\"(max-width: 750px) 100vw, 750px\" \/><\/a>\n\t\t\t<\/div><\/figure>\n\t\t<\/div>","protected":false},"excerpt":{"rendered":"<p>Howo TX Tractor Truck The positioning of HOWO N series with ultra-high cost performance will bring you more comfort, reliability and income than you expect.<\/p>","protected":false},"featured_media":6025,"template":"","meta":{"_seopress_robots_primary_cat":"none","_seopress_titles_title":"%%post_title%%","_seopress_titles_desc":"%%post_excerpt%%","_seopress_robots_index":"","_uag_custom_page_level_css":"","site-sidebar-layout":"default","site-content-layout":"","ast-site-content-layout":"default","site-content-style":"default","site-sidebar-style":"default","ast-global-header-display":"","ast-banner-title-visibility":"","ast-main-header-display":"","ast-hfb-above-header-display":"","ast-hfb-below-header-display":"","ast-hfb-mobile-header-display":"","site-post-title":"","ast-breadcrumbs-content":"","ast-featured-img":"","footer-sml-layout":"","theme-transparent-header-meta":"default","adv-header-id-meta":"","stick-header-meta":"default","header-above-stick-meta":"","header-main-stick-meta":"","header-below-stick-meta":"","astra-migrate-meta-layouts":"set","ast-page-background-enabled":"default","ast-page-background-meta":{"desktop":{"background-color":"","background-image":"","background-repeat":"repeat","background-position":"center center","background-size":"auto","background-attachment":"scroll","background-type":"","background-media":"","overlay-type":"","overlay-color":"","overlay-opacity":"","overlay-gradient":""},"tablet":{"background-color":"","background-image":"","background-repeat":"repeat","background-position":"center center","background-size":"auto","background-attachment":"scroll","background-type":"","background-media":"","overlay-type":"","overlay-color":"","overlay-opacity":"","overlay-gradient":""},"mobile":{"background-color":"","background-image":"","background-repeat":"repeat","background-position":"center center","background-size":"auto","background-attachment":"scroll","background-type":"","background-media":"","overlay-type":"","overlay-color":"","overlay-opacity":"","overlay-gradient":""}},"ast-content-background-meta":{"desktop":{"background-color":"var(--ast-global-color-5)","background-image":"","background-repeat":"repeat","background-position":"center center","background-size":"auto","background-attachment":"scroll","background-type":"","background-media":"","overlay-type":"","overlay-color":"","overlay-opacity":"","overlay-gradient":""},"tablet":{"background-color":"var(--ast-global-color-5)","background-image":"","background-repeat":"repeat","background-position":"center center","background-size":"auto","background-attachment":"scroll","background-type":"","background-media":"","overlay-type":"","overlay-color":"","overlay-opacity":"","overlay-gradient":""},"mobile":{"background-color":"var(--ast-global-color-5)","background-image":"","background-repeat":"repeat","background-position":"center center","background-size":"auto","background-attachment":"scroll","background-type":"","background-media":"","overlay-type":"","overlay-color":"","overlay-opacity":"","overlay-gradient":""}}},"product_brand":[],"product_cat":[101],"product_tag":[],"class_list":{"0":"post-5838","1":"product","2":"type-product","3":"status-publish","4":"has-post-thumbnail","6":"product_cat-howo-tx-6x4-tractor","7":"desktop-align-left","8":"tablet-align-left","9":"mobile-align-left","10":"ast-product-gallery-layout-horizontal-slider","11":"ast-product-tabs-layout-horizontal","13":"first","14":"instock","15":"featured","16":"shipping-taxable","17":"product-type-simple"},"uagb_featured_image_src":{"full":["https:\/\/www.shuntongvehicle.com\/wp-content\/uploads\/2026\/02\/1-6.jpg",700,700,false],"thumbnail":["https:\/\/www.shuntongvehicle.com\/wp-content\/uploads\/2026\/02\/1-6-150x150.jpg",150,150,true],"medium":["https:\/\/www.shuntongvehicle.com\/wp-content\/uploads\/2026\/02\/1-6-300x300.jpg",300,300,true],"medium_large":["https:\/\/www.shuntongvehicle.com\/wp-content\/uploads\/2026\/02\/1-6.jpg",700,700,false],"large":["https:\/\/www.shuntongvehicle.com\/wp-content\/uploads\/2026\/02\/1-6.jpg",700,700,false],"1536x1536":["https:\/\/www.shuntongvehicle.com\/wp-content\/uploads\/2026\/02\/1-6.jpg",700,700,false],"2048x2048":["https:\/\/www.shuntongvehicle.com\/wp-content\/uploads\/2026\/02\/1-6.jpg",700,700,false],"trp-custom-language-flag":["https:\/\/www.shuntongvehicle.com\/wp-content\/uploads\/2026\/02\/1-6-12x12.jpg",12,12,true],"woocommerce_thumbnail":["https:\/\/www.shuntongvehicle.com\/wp-content\/uploads\/2026\/02\/1-6-600x600.jpg",600,600,true],"woocommerce_single":["https:\/\/www.shuntongvehicle.com\/wp-content\/uploads\/2026\/02\/1-6-600x600.jpg",600,600,true],"woocommerce_gallery_thumbnail":["https:\/\/www.shuntongvehicle.com\/wp-content\/uploads\/2026\/02\/1-6-100x100.jpg",100,100,true]},"uagb_author_info":{"display_name":"jinxing6611@gmail.com","author_link":"https:\/\/www.shuntongvehicle.com\/fr\/author\/"},"uagb_comment_info":0,"uagb_excerpt":"Howo TX Tractor Truck The positioning of HOWO N series with ultra-high cost performance will bring you more comfort, reliability and income than you expect.","_links":{"self":[{"href":"https:\/\/www.shuntongvehicle.com\/fr\/wp-json\/wp\/v2\/product\/5838","targetHints":{"allow":["GET"]}}],"collection":[{"href":"https:\/\/www.shuntongvehicle.com\/fr\/wp-json\/wp\/v2\/product"}],"about":[{"href":"https:\/\/www.shuntongvehicle.com\/fr\/wp-json\/wp\/v2\/types\/product"}],"wp:featuredmedia":[{"embeddable":true,"href":"https:\/\/www.shuntongvehicle.com\/fr\/wp-json\/wp\/v2\/media\/6025"}],"wp:attachment":[{"href":"https:\/\/www.shuntongvehicle.com\/fr\/wp-json\/wp\/v2\/media?parent=5838"}],"wp:term":[{"taxonomy":"product_brand","embeddable":true,"href":"https:\/\/www.shuntongvehicle.com\/fr\/wp-json\/wp\/v2\/product_brand?post=5838"},{"taxonomy":"product_cat","embeddable":true,"href":"https:\/\/www.shuntongvehicle.com\/fr\/wp-json\/wp\/v2\/product_cat?post=5838"},{"taxonomy":"product_tag","embeddable":true,"href":"https:\/\/www.shuntongvehicle.com\/fr\/wp-json\/wp\/v2\/product_tag?post=5838"}],"curies":[{"name":"wp","href":"https:\/\/api.w.org\/{rel}","templated":true}]}}