{"id":4844,"date":"2026-01-21T08:58:10","date_gmt":"2026-01-21T08:58:10","guid":{"rendered":"http:\/\/www.shuntongvehicle.com\/?post_type=product&#038;p=4844"},"modified":"2026-02-09T00:54:52","modified_gmt":"2026-02-09T00:54:52","slug":"5-axles-120t-hydraulic-low-bed-semi-trailer","status":"publish","type":"product","link":"https:\/\/www.shuntongvehicle.com\/pt\/product\/5-axles-120t-hydraulic-low-bed-semi-trailer\/","title":{"rendered":"Semi reboque de plataforma baixa hidr\u00e1ulico de 5 eixos 120T"},"content":{"rendered":"<p>Os semirreboques de plataforma baixa geralmente s\u00e3o usados para transportar ve\u00edculos pesados (como tratores, \u00f4nibus, ve\u00edculos especiais, etc.), ve\u00edculos ferrovi\u00e1rios, m\u00e1quinas de minera\u00e7\u00e3o, m\u00e1quinas florestais, m\u00e1quinas de constru\u00e7\u00e3o (como escavadeiras, tratores, carregadeiras, pavimentadoras, guindastes, etc.) e outros produtos pesados.<\/p>\n<p>Os semirreboques de plataforma baixa geralmente usam uma estrutura de viga c\u00f4ncava (ou do tipo po\u00e7o), com a se\u00e7\u00e3o dianteira da estrutura sendo um pesco\u00e7o de ganso (o pino de tra\u00e7\u00e3o na se\u00e7\u00e3o dianteira do pesco\u00e7o de ganso \u00e9 conectado \u00e0 sela de tra\u00e7\u00e3o no trator e a extremidade traseira do pesco\u00e7o de ganso \u00e9 conectada \u00e0 estrutura do semirreboque conectada), a se\u00e7\u00e3o do meio \u00e9 a plataforma de carga (a parte mais baixa da estrutura) e a extremidade traseira \u00e9 a estrutura da roda (incluindo as rodas).<\/p>\n<p>1.low plate semi-trailer has flat plate, concave beam and tire exposed structure, its frame is stepped, longitudinal beam section is I-shaped, with high stiffness, high strength characteristics.<\/p>\n<p>2. the main plane of the frame cargo platform is low, ensuring the smoothness of transportation, and carrying all kinds of construction machinery, large equipment and steel.<\/p>\n<p><img alt=\"\" fetchpriority=\"high\" decoding=\"async\" class=\"alignnone size-full wp-image-4845\" src=\"http:\/\/www.shuntongvehicle.com\/wp-content\/uploads\/2026\/01\/3758-202405080956560223.jpg\" width=\"750\" height=\"750\" srcset=\"https:\/\/www.shuntongvehicle.com\/wp-content\/uploads\/2026\/01\/3758-202405080956560223.jpg 750w, https:\/\/www.shuntongvehicle.com\/wp-content\/uploads\/2026\/01\/3758-202405080956560223-300x300.jpg 300w, https:\/\/www.shuntongvehicle.com\/wp-content\/uploads\/2026\/01\/3758-202405080956560223-150x150.jpg 150w, https:\/\/www.shuntongvehicle.com\/wp-content\/uploads\/2026\/01\/3758-202405080956560223-12x12.jpg 12w, https:\/\/www.shuntongvehicle.com\/wp-content\/uploads\/2026\/01\/3758-202405080956560223-600x600.jpg 600w, https:\/\/www.shuntongvehicle.com\/wp-content\/uploads\/2026\/01\/3758-202405080956560223-100x100.jpg 100w\" sizes=\"(max-width: 750px) 100vw, 750px\" \/><\/p>\n<table width=\"800\">\n<tbody>\n<tr class=\"firstRow\">\n<td valign=\"top\" width=\"172\">Dimension(mm)<\/td>\n<td valign=\"top\" width=\"627\">15800mm x 3000mm x 1650mm<\/td>\n<\/tr>\n<tr>\n<td valign=\"top\" width=\"172\">Loading capacity(ton)<\/td>\n<td valign=\"top\" width=\"627\">80-180T<\/td>\n<\/tr>\n<tr>\n<td valign=\"top\" width=\"172\">Axles<\/td>\n<td valign=\"top\" width=\"627\">5Axles<\/td>\n<\/tr>\n<tr>\n<td valign=\"top\" width=\"172\">Pneu<\/td>\n<td valign=\"top\" width=\"627\">12 units, 8.25R20\/10.00R20\/11.00R20\/12R22.5<\/td>\n<\/tr>\n<tr>\n<td valign=\"top\" width=\"172\">Suspens\u00e3o<\/td>\n<td valign=\"top\" width=\"627\">Mechanical suspension or air suspension<\/td>\n<\/tr>\n<tr>\n<td valign=\"top\" width=\"172\">Mola de l\u00e2mina<\/td>\n<td valign=\"top\" width=\"627\">120mm x 16mm x 10 layers<\/td>\n<\/tr>\n<tr>\n<td valign=\"top\" width=\"172\">King Pin<\/td>\n<td valign=\"top\" width=\"627\">JOST brand 2.0 or 3.5inch(bolted or welded type)<\/td>\n<\/tr>\n<tr>\n<td valign=\"top\" width=\"172\">Trem de pouso<\/td>\n<td valign=\"top\" width=\"627\">28Tons\uff0cTwo speed manual operation<\/td>\n<\/tr>\n<tr>\n<td valign=\"top\" width=\"172\">Feixe principal<\/td>\n<td valign=\"top\" width=\"627\">Height: 500mm; Width: 230mm; Side beam: 250 I-beam 10\/8\/10; Material: HG60 high-strength steel.<\/td>\n<\/tr>\n<tr>\n<td valign=\"top\" width=\"172\">Tare weight<\/td>\n<td valign=\"top\" width=\"627\">About 9.5-19T<\/td>\n<\/tr>\n<tr>\n<td colspan=\"1\" rowspan=\"1\" valign=\"top\" width=\"172\">Hydraulic cylinder<\/td>\n<td colspan=\"1\" rowspan=\"1\" valign=\"top\" width=\"627\">12KW diesel engine with hydraulic station<\/td>\n<\/tr>\n<tr>\n<td colspan=\"1\" rowspan=\"1\" valign=\"top\" width=\"172\">Ramp<\/td>\n<td colspan=\"1\" rowspan=\"1\" valign=\"top\" width=\"627\">Spring or hydraulic type<\/td>\n<\/tr>\n<tr>\n<td colspan=\"1\" rowspan=\"1\" valign=\"top\" width=\"172\">ABS<\/td>\n<td colspan=\"1\" rowspan=\"1\" valign=\"top\" width=\"627\">Optional<\/td>\n<\/tr>\n<tr>\n<td colspan=\"1\" rowspan=\"1\" valign=\"top\" width=\"172\">Valve<\/td>\n<td colspan=\"1\" rowspan=\"1\" valign=\"top\" width=\"627\">WABCO valve<\/td>\n<\/tr>\n<tr>\n<td colspan=\"1\" rowspan=\"1\" valign=\"top\" width=\"172\">Luz<\/td>\n<td colspan=\"1\" rowspan=\"1\" valign=\"top\" width=\"627\">LED light (specially intended for oversea markets)<\/td>\n<\/tr>\n<\/tbody>\n<\/table>\n<p><img alt=\"\" decoding=\"async\" class=\"alignnone size-full wp-image-4846\" src=\"http:\/\/www.shuntongvehicle.com\/wp-content\/uploads\/2026\/01\/3758-202312071410285127.png\" width=\"750\" height=\"750\" srcset=\"https:\/\/www.shuntongvehicle.com\/wp-content\/uploads\/2026\/01\/3758-202312071410285127.png 750w, https:\/\/www.shuntongvehicle.com\/wp-content\/uploads\/2026\/01\/3758-202312071410285127-300x300.png 300w, https:\/\/www.shuntongvehicle.com\/wp-content\/uploads\/2026\/01\/3758-202312071410285127-150x150.png 150w, https:\/\/www.shuntongvehicle.com\/wp-content\/uploads\/2026\/01\/3758-202312071410285127-12x12.png 12w, https:\/\/www.shuntongvehicle.com\/wp-content\/uploads\/2026\/01\/3758-202312071410285127-600x600.png 600w, https:\/\/www.shuntongvehicle.com\/wp-content\/uploads\/2026\/01\/3758-202312071410285127-100x100.png 100w\" sizes=\"(max-width: 750px) 100vw, 750px\" \/><\/p>\n<p>&nbsp;<\/p>","protected":false},"excerpt":{"rendered":"<p><span style=\"color: #1d2b68;\"><strong>Marca:<\/strong><\/span>Shuntong<br \/>\n<strong><span style=\"color: #1d2b68;\">Origem do produto:<\/span><\/strong>China<br \/>\n<strong><span style=\"color: #1d2b68;\">Prazo de entrega:<\/span><\/strong>Time 20-35 Days<br \/>\n<strong><span style=\"color: #1d2b68;\">Capacidade de fornecimento:<\/span><\/strong><span style=\"color: #1d2b68;\"><span class=\"info-deta\">50 unidades\/m\u00eas<\/span><\/span><br \/>\n1. High strength precision steel Q345 is used for wear resistance and longer service life.<br \/>\n2. Ultra low worktable maintains stable center of gravity and improves work efficiency.<br \/>\n3. Tire steel rims are more wear-resistant and anti slip<\/p>","protected":false},"featured_media":4847,"template":"","meta":{"_seopress_robots_primary_cat":"none","_seopress_titles_title":"%%post_title%%","_seopress_titles_desc":"%%post_excerpt%%","_seopress_robots_index":"","_uag_custom_page_level_css":"","site-sidebar-layout":"default","site-content-layout":"","ast-site-content-layout":"default","site-content-style":"default","site-sidebar-style":"default","ast-global-header-display":"","ast-banner-title-visibility":"","ast-main-header-display":"","ast-hfb-above-header-display":"","ast-hfb-below-header-display":"","ast-hfb-mobile-header-display":"","site-post-title":"","ast-breadcrumbs-content":"","ast-featured-img":"","footer-sml-layout":"","theme-transparent-header-meta":"default","adv-header-id-meta":"","stick-header-meta":"default","header-above-stick-meta":"","header-main-stick-meta":"","header-below-stick-meta":"","astra-migrate-meta-layouts":"set","ast-page-background-enabled":"default","ast-page-background-meta":{"desktop":{"background-color":"","background-image":"","background-repeat":"repeat","background-position":"center center","background-size":"auto","background-attachment":"scroll","background-type":"","background-media":"","overlay-type":"","overlay-color":"","overlay-opacity":"","overlay-gradient":""},"tablet":{"background-color":"","background-image":"","background-repeat":"repeat","background-position":"center center","background-size":"auto","background-attachment":"scroll","background-type":"","background-media":"","overlay-type":"","overlay-color":"","overlay-opacity":"","overlay-gradient":""},"mobile":{"background-color":"","background-image":"","background-repeat":"repeat","background-position":"center center","background-size":"auto","background-attachment":"scroll","background-type":"","background-media":"","overlay-type":"","overlay-color":"","overlay-opacity":"","overlay-gradient":""}},"ast-content-background-meta":{"desktop":{"background-color":"var(--ast-global-color-5)","background-image":"","background-repeat":"repeat","background-position":"center center","background-size":"auto","background-attachment":"scroll","background-type":"","background-media":"","overlay-type":"","overlay-color":"","overlay-opacity":"","overlay-gradient":""},"tablet":{"background-color":"var(--ast-global-color-5)","background-image":"","background-repeat":"repeat","background-position":"center center","background-size":"auto","background-attachment":"scroll","background-type":"","background-media":"","overlay-type":"","overlay-color":"","overlay-opacity":"","overlay-gradient":""},"mobile":{"background-color":"var(--ast-global-color-5)","background-image":"","background-repeat":"repeat","background-position":"center center","background-size":"auto","background-attachment":"scroll","background-type":"","background-media":"","overlay-type":"","overlay-color":"","overlay-opacity":"","overlay-gradient":""}}},"product_brand":[],"product_cat":[80],"product_tag":[],"class_list":{"0":"post-4844","1":"product","2":"type-product","3":"status-publish","4":"has-post-thumbnail","6":"product_cat-lowbed-semi-trailer","7":"desktop-align-left","8":"tablet-align-left","9":"mobile-align-left","10":"ast-product-gallery-layout-horizontal-slider","11":"ast-product-tabs-layout-horizontal","13":"first","14":"instock","15":"shipping-taxable","16":"product-type-simple"},"uagb_featured_image_src":{"full":["https:\/\/www.shuntongvehicle.com\/wp-content\/uploads\/2026\/01\/3758-202405080956109142.webp",1152,1152,false],"thumbnail":["https:\/\/www.shuntongvehicle.com\/wp-content\/uploads\/2026\/01\/3758-202405080956109142-150x150.webp",150,150,true],"medium":["https:\/\/www.shuntongvehicle.com\/wp-content\/uploads\/2026\/01\/3758-202405080956109142-300x300.webp",300,300,true],"medium_large":["https:\/\/www.shuntongvehicle.com\/wp-content\/uploads\/2026\/01\/3758-202405080956109142-768x768.webp",768,768,true],"large":["https:\/\/www.shuntongvehicle.com\/wp-content\/uploads\/2026\/01\/3758-202405080956109142-1024x1024.webp",1024,1024,true],"1536x1536":["https:\/\/www.shuntongvehicle.com\/wp-content\/uploads\/2026\/01\/3758-202405080956109142.webp",1152,1152,false],"2048x2048":["https:\/\/www.shuntongvehicle.com\/wp-content\/uploads\/2026\/01\/3758-202405080956109142.webp",1152,1152,false],"trp-custom-language-flag":["https:\/\/www.shuntongvehicle.com\/wp-content\/uploads\/2026\/01\/3758-202405080956109142-12x12.webp",12,12,true],"woocommerce_thumbnail":["https:\/\/www.shuntongvehicle.com\/wp-content\/uploads\/2026\/01\/3758-202405080956109142-600x600.webp",600,600,true],"woocommerce_single":["https:\/\/www.shuntongvehicle.com\/wp-content\/uploads\/2026\/01\/3758-202405080956109142-600x600.webp",600,600,true],"woocommerce_gallery_thumbnail":["https:\/\/www.shuntongvehicle.com\/wp-content\/uploads\/2026\/01\/3758-202405080956109142-100x100.webp",100,100,true]},"uagb_author_info":{"display_name":"jinxing6611@gmail.com","author_link":"https:\/\/www.shuntongvehicle.com\/pt\/author\/"},"uagb_comment_info":0,"uagb_excerpt":"Brand:Shuntong Product origin:China Delivery time:Time 20-35 Days Supply capacity:50 units\/month 1. High strength precision steel Q345 is used for wear resistance and longer service life. 2. Ultra low worktable maintains stable center of gravity and improves work efficiency. 3. Tire steel rims are more wear-resistant and anti slip","_links":{"self":[{"href":"https:\/\/www.shuntongvehicle.com\/pt\/wp-json\/wp\/v2\/product\/4844","targetHints":{"allow":["GET"]}}],"collection":[{"href":"https:\/\/www.shuntongvehicle.com\/pt\/wp-json\/wp\/v2\/product"}],"about":[{"href":"https:\/\/www.shuntongvehicle.com\/pt\/wp-json\/wp\/v2\/types\/product"}],"wp:featuredmedia":[{"embeddable":true,"href":"https:\/\/www.shuntongvehicle.com\/pt\/wp-json\/wp\/v2\/media\/4847"}],"wp:attachment":[{"href":"https:\/\/www.shuntongvehicle.com\/pt\/wp-json\/wp\/v2\/media?parent=4844"}],"wp:term":[{"taxonomy":"product_brand","embeddable":true,"href":"https:\/\/www.shuntongvehicle.com\/pt\/wp-json\/wp\/v2\/product_brand?post=4844"},{"taxonomy":"product_cat","embeddable":true,"href":"https:\/\/www.shuntongvehicle.com\/pt\/wp-json\/wp\/v2\/product_cat?post=4844"},{"taxonomy":"product_tag","embeddable":true,"href":"https:\/\/www.shuntongvehicle.com\/pt\/wp-json\/wp\/v2\/product_tag?post=4844"}],"curies":[{"name":"wp","href":"https:\/\/api.w.org\/{rel}","templated":true}]}}