{"id":4853,"date":"2026-01-21T09:17:55","date_gmt":"2026-01-21T09:17:55","guid":{"rendered":"http:\/\/www.shuntongvehicle.com\/?post_type=product&#038;p=4853"},"modified":"2026-02-06T03:58:10","modified_gmt":"2026-02-06T03:58:10","slug":"4-line-8-axle-low-bed-transport-semi-trailer","status":"publish","type":"product","link":"https:\/\/www.shuntongvehicle.com\/pt\/product\/4-line-8-axle-low-bed-transport-semi-trailer\/","title":{"rendered":"4 Line 8 Axle Low Bed Transport Semi Trailer"},"content":{"rendered":"<p>Os semirreboques de plataforma baixa geralmente s\u00e3o usados para transportar ve\u00edculos pesados (como tratores, \u00f4nibus, ve\u00edculos especiais, etc.), ve\u00edculos ferrovi\u00e1rios, m\u00e1quinas de minera\u00e7\u00e3o, m\u00e1quinas florestais, m\u00e1quinas de constru\u00e7\u00e3o (como escavadeiras, tratores, carregadeiras, pavimentadoras, guindastes, etc.) e outros produtos pesados.<\/p>\n<p>Os semirreboques de plataforma baixa geralmente usam uma estrutura de viga c\u00f4ncava (ou do tipo po\u00e7o), com a se\u00e7\u00e3o dianteira da estrutura sendo um pesco\u00e7o de ganso (o pino de tra\u00e7\u00e3o na se\u00e7\u00e3o dianteira do pesco\u00e7o de ganso \u00e9 conectado \u00e0 sela de tra\u00e7\u00e3o no trator e a extremidade traseira do pesco\u00e7o de ganso \u00e9 conectada \u00e0 estrutura do semirreboque conectada), a se\u00e7\u00e3o do meio \u00e9 a plataforma de carga (a parte mais baixa da estrutura) e a extremidade traseira \u00e9 a estrutura da roda (incluindo as rodas).<\/p>\n<p>1. usamos a\u00e7o de alta resist\u00eancia Q345B para resistir \u00e0 alta press\u00e3o, garantindo a seguran\u00e7a do motorista e do semirreboque.<\/p>\n<p>2. os pneus podem rodar em altas velocidades, t\u00eam grande capacidade de carga, as rodas podem evitar o deslizamento lateral, tamb\u00e9m s\u00e3o resistentes ao desgaste e podem ser usadas em condi\u00e7\u00f5es de estrada complexas.<\/p>\n<p>3. a cor e o tamanho s\u00e3o decididos pelo cliente.<\/p>\n<p><img alt=\"\" fetchpriority=\"high\" decoding=\"async\" class=\"alignnone size-full wp-image-4854\" src=\"http:\/\/www.shuntongvehicle.com\/wp-content\/uploads\/2026\/01\/3758-202311271341037802.jpg\" width=\"750\" height=\"750\" srcset=\"https:\/\/www.shuntongvehicle.com\/wp-content\/uploads\/2026\/01\/3758-202311271341037802.jpg 750w, https:\/\/www.shuntongvehicle.com\/wp-content\/uploads\/2026\/01\/3758-202311271341037802-300x300.jpg 300w, https:\/\/www.shuntongvehicle.com\/wp-content\/uploads\/2026\/01\/3758-202311271341037802-150x150.jpg 150w, https:\/\/www.shuntongvehicle.com\/wp-content\/uploads\/2026\/01\/3758-202311271341037802-12x12.jpg 12w, https:\/\/www.shuntongvehicle.com\/wp-content\/uploads\/2026\/01\/3758-202311271341037802-600x600.jpg 600w, https:\/\/www.shuntongvehicle.com\/wp-content\/uploads\/2026\/01\/3758-202311271341037802-100x100.jpg 100w\" sizes=\"(max-width: 750px) 100vw, 750px\" \/><\/p>\n<table width=\"800\">\n<tbody>\n<tr class=\"firstRow\">\n<td valign=\"top\" width=\"344\">Uso<\/td>\n<td valign=\"top\" width=\"455\">Trailer de caminh\u00e3o<\/td>\n<\/tr>\n<tr>\n<td valign=\"top\" width=\"344\">Tipo<\/td>\n<td valign=\"top\" width=\"455\">Semirreboque<\/td>\n<\/tr>\n<tr>\n<td valign=\"top\" width=\"344\">Material<\/td>\n<td valign=\"top\" width=\"455\">A\u00e7o<\/td>\n<\/tr>\n<tr>\n<td valign=\"top\" width=\"344\">Tamanho<\/td>\n<td valign=\"top\" width=\"455\">14750mm*2550mm<\/td>\n<\/tr>\n<tr>\n<td valign=\"top\" width=\"344\">Carga \u00fatil m\u00e1xima<\/td>\n<td valign=\"top\" width=\"455\">80T<\/td>\n<\/tr>\n<tr>\n<td valign=\"top\" width=\"344\">Local de origem<\/td>\n<td valign=\"top\" width=\"455\">ShanDong, China<\/td>\n<\/tr>\n<tr>\n<td valign=\"top\" width=\"344\">Nome da marca<\/td>\n<td valign=\"top\" width=\"455\">Lander<\/td>\n<\/tr>\n<tr>\n<td valign=\"top\" width=\"344\">Nome do produto<\/td>\n<td valign=\"top\" width=\"455\">Semirreboque rebaixado<\/td>\n<\/tr>\n<tr>\n<td valign=\"top\" width=\"344\">Eixo<\/td>\n<td valign=\"top\" width=\"455\">4<\/td>\n<\/tr>\n<\/tbody>\n<\/table>\n<p>1. usamos a\u00e7o de alta resist\u00eancia Q345B para resistir \u00e0 alta press\u00e3o, garantindo a seguran\u00e7a do motorista e do semirreboque.<\/p>\n<p>2. os pneus podem rodar em altas velocidades, t\u00eam grande capacidade de carga, as rodas podem evitar o deslizamento lateral, tamb\u00e9m s\u00e3o resistentes ao desgaste e podem ser usadas em condi\u00e7\u00f5es de estrada complexas.<\/p>\n<p>3. a cor e o tamanho s\u00e3o decididos pelo cliente.<\/p>\n<p><img alt=\"\" decoding=\"async\" class=\"alignnone size-full wp-image-4855\" src=\"http:\/\/www.shuntongvehicle.com\/wp-content\/uploads\/2026\/01\/3758-202311071725020242.jpg\" width=\"800\" height=\"600\" srcset=\"https:\/\/www.shuntongvehicle.com\/wp-content\/uploads\/2026\/01\/3758-202311071725020242.jpg 800w, https:\/\/www.shuntongvehicle.com\/wp-content\/uploads\/2026\/01\/3758-202311071725020242-300x225.jpg 300w, https:\/\/www.shuntongvehicle.com\/wp-content\/uploads\/2026\/01\/3758-202311071725020242-768x576.jpg 768w, https:\/\/www.shuntongvehicle.com\/wp-content\/uploads\/2026\/01\/3758-202311071725020242-16x12.jpg 16w, https:\/\/www.shuntongvehicle.com\/wp-content\/uploads\/2026\/01\/3758-202311071725020242-600x450.jpg 600w\" sizes=\"(max-width: 800px) 100vw, 800px\" \/><\/p>\n<p>&nbsp;<\/p>","protected":false},"excerpt":{"rendered":"<p><span style=\"color: #1d2b68;\"><strong>Marca:<\/strong><\/span>Shuntong<br \/>\n<strong><span style=\"color: #1d2b68;\">Origem do produto:<\/span><\/strong>China<br \/>\n<strong><span style=\"color: #1d2b68;\">Prazo de entrega:<\/span><\/strong><span style=\"color: #1d2b68;\">25Dias<\/span><br \/>\n1. O semirreboque de plataforma baixa Bomai usa a\u00e7o Q345B de alta qualidade para a viga principal, de modo que o semirreboque seja mais resistente.<br \/>\n2. podemos usar os pneus mais adequados, por isso escolhemos o pneu a v\u00e1cuo ou o pneu de arame de a\u00e7o de acordo com as condi\u00e7\u00f5es da estrada.<br \/>\n3. nossa capacidade de carga do eixo \u00e9 forte, a for\u00e7a \u00e9 mais uniforme e temos um longo ciclo de manuten\u00e7\u00e3o.<\/p>","protected":false},"featured_media":4856,"template":"","meta":{"_seopress_robots_primary_cat":"none","_seopress_titles_title":"%%post_title%%","_seopress_titles_desc":"%%post_excerpt%%","_seopress_robots_index":"","_uag_custom_page_level_css":"","site-sidebar-layout":"default","site-content-layout":"","ast-site-content-layout":"default","site-content-style":"default","site-sidebar-style":"default","ast-global-header-display":"","ast-banner-title-visibility":"","ast-main-header-display":"","ast-hfb-above-header-display":"","ast-hfb-below-header-display":"","ast-hfb-mobile-header-display":"","site-post-title":"","ast-breadcrumbs-content":"","ast-featured-img":"","footer-sml-layout":"","theme-transparent-header-meta":"default","adv-header-id-meta":"","stick-header-meta":"default","header-above-stick-meta":"","header-main-stick-meta":"","header-below-stick-meta":"","astra-migrate-meta-layouts":"set","ast-page-background-enabled":"default","ast-page-background-meta":{"desktop":{"background-color":"","background-image":"","background-repeat":"repeat","background-position":"center center","background-size":"auto","background-attachment":"scroll","background-type":"","background-media":"","overlay-type":"","overlay-color":"","overlay-opacity":"","overlay-gradient":""},"tablet":{"background-color":"","background-image":"","background-repeat":"repeat","background-position":"center center","background-size":"auto","background-attachment":"scroll","background-type":"","background-media":"","overlay-type":"","overlay-color":"","overlay-opacity":"","overlay-gradient":""},"mobile":{"background-color":"","background-image":"","background-repeat":"repeat","background-position":"center center","background-size":"auto","background-attachment":"scroll","background-type":"","background-media":"","overlay-type":"","overlay-color":"","overlay-opacity":"","overlay-gradient":""}},"ast-content-background-meta":{"desktop":{"background-color":"var(--ast-global-color-5)","background-image":"","background-repeat":"repeat","background-position":"center center","background-size":"auto","background-attachment":"scroll","background-type":"","background-media":"","overlay-type":"","overlay-color":"","overlay-opacity":"","overlay-gradient":""},"tablet":{"background-color":"var(--ast-global-color-5)","background-image":"","background-repeat":"repeat","background-position":"center center","background-size":"auto","background-attachment":"scroll","background-type":"","background-media":"","overlay-type":"","overlay-color":"","overlay-opacity":"","overlay-gradient":""},"mobile":{"background-color":"var(--ast-global-color-5)","background-image":"","background-repeat":"repeat","background-position":"center center","background-size":"auto","background-attachment":"scroll","background-type":"","background-media":"","overlay-type":"","overlay-color":"","overlay-opacity":"","overlay-gradient":""}}},"product_brand":[],"product_cat":[80],"product_tag":[],"class_list":{"0":"post-4853","1":"product","2":"type-product","3":"status-publish","4":"has-post-thumbnail","6":"product_cat-lowbed-semi-trailer","7":"desktop-align-left","8":"tablet-align-left","9":"mobile-align-left","10":"ast-product-gallery-layout-horizontal-slider","11":"ast-product-tabs-layout-horizontal","13":"first","14":"instock","15":"featured","16":"shipping-taxable","17":"product-type-simple"},"uagb_featured_image_src":{"full":["https:\/\/www.shuntongvehicle.com\/wp-content\/uploads\/2026\/01\/3758-202311060940543679.webp",750,750,false],"thumbnail":["https:\/\/www.shuntongvehicle.com\/wp-content\/uploads\/2026\/01\/3758-202311060940543679-150x150.webp",150,150,true],"medium":["https:\/\/www.shuntongvehicle.com\/wp-content\/uploads\/2026\/01\/3758-202311060940543679-300x300.webp",300,300,true],"medium_large":["https:\/\/www.shuntongvehicle.com\/wp-content\/uploads\/2026\/01\/3758-202311060940543679.webp",750,750,false],"large":["https:\/\/www.shuntongvehicle.com\/wp-content\/uploads\/2026\/01\/3758-202311060940543679.webp",750,750,false],"1536x1536":["https:\/\/www.shuntongvehicle.com\/wp-content\/uploads\/2026\/01\/3758-202311060940543679.webp",750,750,false],"2048x2048":["https:\/\/www.shuntongvehicle.com\/wp-content\/uploads\/2026\/01\/3758-202311060940543679.webp",750,750,false],"trp-custom-language-flag":["https:\/\/www.shuntongvehicle.com\/wp-content\/uploads\/2026\/01\/3758-202311060940543679-12x12.webp",12,12,true],"woocommerce_thumbnail":["https:\/\/www.shuntongvehicle.com\/wp-content\/uploads\/2026\/01\/3758-202311060940543679-600x600.webp",600,600,true],"woocommerce_single":["https:\/\/www.shuntongvehicle.com\/wp-content\/uploads\/2026\/01\/3758-202311060940543679-600x600.webp",600,600,true],"woocommerce_gallery_thumbnail":["https:\/\/www.shuntongvehicle.com\/wp-content\/uploads\/2026\/01\/3758-202311060940543679-100x100.webp",100,100,true]},"uagb_author_info":{"display_name":"jinxing6611@gmail.com","author_link":"https:\/\/www.shuntongvehicle.com\/pt\/author\/"},"uagb_comment_info":0,"uagb_excerpt":"Brand:Shuntong Product origin:China Delivery time:25Days 1.Bomai lowbed semi trailer use high quality Q345B steel for the main beam so that the semi trailer is stronger. 2.We can use the most suitable tires, so we choose vacuum tire or steel wire tire accroding to the road condition. 3.Our axle load capacity is strong, the force is&hellip;","_links":{"self":[{"href":"https:\/\/www.shuntongvehicle.com\/pt\/wp-json\/wp\/v2\/product\/4853","targetHints":{"allow":["GET"]}}],"collection":[{"href":"https:\/\/www.shuntongvehicle.com\/pt\/wp-json\/wp\/v2\/product"}],"about":[{"href":"https:\/\/www.shuntongvehicle.com\/pt\/wp-json\/wp\/v2\/types\/product"}],"wp:featuredmedia":[{"embeddable":true,"href":"https:\/\/www.shuntongvehicle.com\/pt\/wp-json\/wp\/v2\/media\/4856"}],"wp:attachment":[{"href":"https:\/\/www.shuntongvehicle.com\/pt\/wp-json\/wp\/v2\/media?parent=4853"}],"wp:term":[{"taxonomy":"product_brand","embeddable":true,"href":"https:\/\/www.shuntongvehicle.com\/pt\/wp-json\/wp\/v2\/product_brand?post=4853"},{"taxonomy":"product_cat","embeddable":true,"href":"https:\/\/www.shuntongvehicle.com\/pt\/wp-json\/wp\/v2\/product_cat?post=4853"},{"taxonomy":"product_tag","embeddable":true,"href":"https:\/\/www.shuntongvehicle.com\/pt\/wp-json\/wp\/v2\/product_tag?post=4853"}],"curies":[{"name":"wp","href":"https:\/\/api.w.org\/{rel}","templated":true}]}}