{"id":4868,"date":"2026-01-21T09:25:52","date_gmt":"2026-01-21T09:25:52","guid":{"rendered":"http:\/\/www.shuntongvehicle.com\/?post_type=product&#038;p=4868"},"modified":"2026-02-06T03:51:29","modified_gmt":"2026-02-06T03:51:29","slug":"multi-axle-60t-10000mm-retractable-low-bed-trailer","status":"publish","type":"product","link":"https:\/\/www.shuntongvehicle.com\/pt\/product\/multi-axle-60t-10000mm-retractable-low-bed-trailer\/","title":{"rendered":"Multi Axle 60T 10000mm Retractable Low Bed Trailer"},"content":{"rendered":"<p>O semirreboque de plataforma baixa \u00e9 um ve\u00edculo de transporte muito popular. A altura de um semirreboque de plataforma baixa em rela\u00e7\u00e3o ao solo \u00e9 de 1,25 a 1,3 metros, portanto, sua altura em rela\u00e7\u00e3o ao solo \u00e9 menor do que a de outros semirreboques. Devido \u00e0 sua baixa altura, seu centro de gravidade tamb\u00e9m \u00e9 baixo. E quanto mais baixo for o centro de gravidade, melhor ser\u00e1 a estabilidade. A capacidade de transportar cargas altas e passar por obst\u00e1culos acima da cabe\u00e7a tamb\u00e9m \u00e9 forte. Os semirreboques de plataforma baixa s\u00e3o comumente usados no transporte mec\u00e2nico. S\u00e3o usados para transportar algumas m\u00e1quinas comuns e m\u00e1quinas florestais.<\/p>\n<p><img alt=\"\" fetchpriority=\"high\" decoding=\"async\" class=\"alignnone size-full wp-image-4869\" src=\"http:\/\/www.shuntongvehicle.com\/wp-content\/uploads\/2026\/01\/3758-202405080945492344.jpg\" width=\"750\" height=\"519\" srcset=\"https:\/\/www.shuntongvehicle.com\/wp-content\/uploads\/2026\/01\/3758-202405080945492344.jpg 750w, https:\/\/www.shuntongvehicle.com\/wp-content\/uploads\/2026\/01\/3758-202405080945492344-300x208.jpg 300w, https:\/\/www.shuntongvehicle.com\/wp-content\/uploads\/2026\/01\/3758-202405080945492344-18x12.jpg 18w, https:\/\/www.shuntongvehicle.com\/wp-content\/uploads\/2026\/01\/3758-202405080945492344-600x415.jpg 600w\" sizes=\"(max-width: 750px) 100vw, 750px\" \/><\/p>\n<p><img alt=\"\" decoding=\"async\" class=\"alignnone size-full wp-image-4870\" src=\"http:\/\/www.shuntongvehicle.com\/wp-content\/uploads\/2026\/01\/3758-202405080946007240.jpg\" width=\"750\" height=\"781\" srcset=\"https:\/\/www.shuntongvehicle.com\/wp-content\/uploads\/2026\/01\/3758-202405080946007240.jpg 750w, https:\/\/www.shuntongvehicle.com\/wp-content\/uploads\/2026\/01\/3758-202405080946007240-288x300.jpg 288w, https:\/\/www.shuntongvehicle.com\/wp-content\/uploads\/2026\/01\/3758-202405080946007240-12x12.jpg 12w, https:\/\/www.shuntongvehicle.com\/wp-content\/uploads\/2026\/01\/3758-202405080946007240-600x625.jpg 600w\" sizes=\"(max-width: 750px) 100vw, 750px\" \/><\/p>\n<p><img alt=\"\" decoding=\"async\" class=\"alignnone size-full wp-image-4871\" src=\"http:\/\/www.shuntongvehicle.com\/wp-content\/uploads\/2026\/01\/3758-202405080946110955.jpg\" width=\"750\" height=\"731\" srcset=\"https:\/\/www.shuntongvehicle.com\/wp-content\/uploads\/2026\/01\/3758-202405080946110955.jpg 750w, https:\/\/www.shuntongvehicle.com\/wp-content\/uploads\/2026\/01\/3758-202405080946110955-300x292.jpg 300w, https:\/\/www.shuntongvehicle.com\/wp-content\/uploads\/2026\/01\/3758-202405080946110955-12x12.jpg 12w, https:\/\/www.shuntongvehicle.com\/wp-content\/uploads\/2026\/01\/3758-202405080946110955-600x585.jpg 600w\" sizes=\"(max-width: 750px) 100vw, 750px\" \/><\/p>\n<p><img alt=\"\" loading=\"lazy\" decoding=\"async\" class=\"alignnone size-full wp-image-4872\" src=\"http:\/\/www.shuntongvehicle.com\/wp-content\/uploads\/2026\/01\/3758-202405080946216121.jpg\" width=\"750\" height=\"755\" srcset=\"https:\/\/www.shuntongvehicle.com\/wp-content\/uploads\/2026\/01\/3758-202405080946216121.jpg 750w, https:\/\/www.shuntongvehicle.com\/wp-content\/uploads\/2026\/01\/3758-202405080946216121-298x300.jpg 298w, https:\/\/www.shuntongvehicle.com\/wp-content\/uploads\/2026\/01\/3758-202405080946216121-150x150.jpg 150w, https:\/\/www.shuntongvehicle.com\/wp-content\/uploads\/2026\/01\/3758-202405080946216121-12x12.jpg 12w, https:\/\/www.shuntongvehicle.com\/wp-content\/uploads\/2026\/01\/3758-202405080946216121-600x604.jpg 600w, https:\/\/www.shuntongvehicle.com\/wp-content\/uploads\/2026\/01\/3758-202405080946216121-100x100.jpg 100w\" sizes=\"(max-width: 750px) 100vw, 750px\" \/><\/p>\n<table width=\"800\">\n<tbody>\n<tr class=\"firstRow\">\n<td valign=\"top\" width=\"287\">Item<\/td>\n<td valign=\"top\" width=\"512\">Valor<\/td>\n<\/tr>\n<tr>\n<td valign=\"top\" width=\"287\">Tamanho<\/td>\n<td valign=\"top\" width=\"512\">13000*3000*1600mm<\/td>\n<\/tr>\n<tr>\n<td valign=\"top\" width=\"287\">Carga \u00fatil m\u00e1xima<\/td>\n<td valign=\"top\" width=\"512\">60 toneladas<\/td>\n<\/tr>\n<tr>\n<td valign=\"top\" width=\"287\">Suspens\u00e3o<\/td>\n<td valign=\"top\" width=\"512\">Suspens\u00e3o mec\u00e2nica<\/td>\n<\/tr>\n<tr>\n<td valign=\"top\" width=\"287\">Fun\u00e7\u00e3o<\/td>\n<td valign=\"top\" width=\"512\">Transporte de equipamentos para servi\u00e7os pesados<\/td>\n<\/tr>\n<tr>\n<td valign=\"top\" width=\"287\">Trem de pouso<\/td>\n<td valign=\"top\" width=\"512\">Trem de pouso para servi\u00e7o pesado de 28 t<\/td>\n<\/tr>\n<tr>\n<td valign=\"top\" width=\"287\">Capacidade de carga<\/td>\n<td valign=\"top\" width=\"512\">40-80T<\/td>\n<\/tr>\n<tr>\n<td valign=\"top\" width=\"287\">Mola de l\u00e2mina<\/td>\n<td valign=\"top\" width=\"512\">90 mm*13 mm*10 camadas<\/td>\n<\/tr>\n<tr>\n<td valign=\"top\" width=\"287\">Pino-rei<\/td>\n<td valign=\"top\" width=\"512\">2\u2033(50mm)ou3.5\u2033(90mm) JOST<\/td>\n<\/tr>\n<tr>\n<td valign=\"top\" width=\"287\">Pneu<\/td>\n<td valign=\"top\" width=\"512\">315\/80R22.5, 12 pe\u00e7as<\/td>\n<\/tr>\n<tr>\n<td colspan=\"1\" rowspan=\"1\" valign=\"top\" width=\"287\">Cor<\/td>\n<td colspan=\"1\" rowspan=\"1\" valign=\"top\" width=\"512\">Exig\u00eancia do cliente<\/td>\n<\/tr>\n<\/tbody>\n<\/table>\n<p><img alt=\"\" loading=\"lazy\" decoding=\"async\" class=\"alignnone size-full wp-image-4873\" src=\"http:\/\/www.shuntongvehicle.com\/wp-content\/uploads\/2026\/01\/3758-202405080946313011.jpg\" width=\"750\" height=\"1138\" srcset=\"https:\/\/www.shuntongvehicle.com\/wp-content\/uploads\/2026\/01\/3758-202405080946313011.jpg 750w, https:\/\/www.shuntongvehicle.com\/wp-content\/uploads\/2026\/01\/3758-202405080946313011-198x300.jpg 198w, https:\/\/www.shuntongvehicle.com\/wp-content\/uploads\/2026\/01\/3758-202405080946313011-675x1024.jpg 675w, https:\/\/www.shuntongvehicle.com\/wp-content\/uploads\/2026\/01\/3758-202405080946313011-8x12.jpg 8w, https:\/\/www.shuntongvehicle.com\/wp-content\/uploads\/2026\/01\/3758-202405080946313011-600x910.jpg 600w\" sizes=\"(max-width: 750px) 100vw, 750px\" \/><\/p>\n<p><img alt=\"\" loading=\"lazy\" decoding=\"async\" class=\"alignnone size-full wp-image-4874\" src=\"http:\/\/www.shuntongvehicle.com\/wp-content\/uploads\/2026\/01\/3758-202405080946399865.jpg\" width=\"750\" height=\"789\" srcset=\"https:\/\/www.shuntongvehicle.com\/wp-content\/uploads\/2026\/01\/3758-202405080946399865.jpg 750w, https:\/\/www.shuntongvehicle.com\/wp-content\/uploads\/2026\/01\/3758-202405080946399865-285x300.jpg 285w, https:\/\/www.shuntongvehicle.com\/wp-content\/uploads\/2026\/01\/3758-202405080946399865-11x12.jpg 11w, https:\/\/www.shuntongvehicle.com\/wp-content\/uploads\/2026\/01\/3758-202405080946399865-600x631.jpg 600w\" sizes=\"(max-width: 750px) 100vw, 750px\" \/><\/p>\n<h4>Detalhes das imagens<\/h4>\n<p><img alt=\"\" loading=\"lazy\" decoding=\"async\" class=\"alignnone size-full wp-image-4875\" src=\"http:\/\/www.shuntongvehicle.com\/wp-content\/uploads\/2026\/01\/3758-202312071502074104.png\" width=\"800\" height=\"286\" srcset=\"https:\/\/www.shuntongvehicle.com\/wp-content\/uploads\/2026\/01\/3758-202312071502074104.png 800w, https:\/\/www.shuntongvehicle.com\/wp-content\/uploads\/2026\/01\/3758-202312071502074104-300x107.png 300w, https:\/\/www.shuntongvehicle.com\/wp-content\/uploads\/2026\/01\/3758-202312071502074104-768x275.png 768w, https:\/\/www.shuntongvehicle.com\/wp-content\/uploads\/2026\/01\/3758-202312071502074104-18x6.png 18w, https:\/\/www.shuntongvehicle.com\/wp-content\/uploads\/2026\/01\/3758-202312071502074104-600x215.png 600w\" sizes=\"(max-width: 800px) 100vw, 800px\" \/><\/p>\n<p><img alt=\"\" loading=\"lazy\" decoding=\"async\" class=\"alignnone size-full wp-image-4876\" src=\"http:\/\/www.shuntongvehicle.com\/wp-content\/uploads\/2026\/01\/3758-202312071502201908.png\" width=\"800\" height=\"282\" srcset=\"https:\/\/www.shuntongvehicle.com\/wp-content\/uploads\/2026\/01\/3758-202312071502201908.png 800w, https:\/\/www.shuntongvehicle.com\/wp-content\/uploads\/2026\/01\/3758-202312071502201908-300x106.png 300w, https:\/\/www.shuntongvehicle.com\/wp-content\/uploads\/2026\/01\/3758-202312071502201908-768x271.png 768w, https:\/\/www.shuntongvehicle.com\/wp-content\/uploads\/2026\/01\/3758-202312071502201908-18x6.png 18w, https:\/\/www.shuntongvehicle.com\/wp-content\/uploads\/2026\/01\/3758-202312071502201908-600x212.png 600w\" sizes=\"(max-width: 800px) 100vw, 800px\" \/><\/p>\n<p>1. faixa antiderrapante na cauda e na parte traseira da plataforma para garantir o carregamento seguro.<\/p>\n<p>2. Trem de pouso opcional sob a cauda para garantir que o reboque fique est\u00e1vel durante o carregamento.<\/p>\n<p>3. Escada resistente e suporte extra para evitar que a escada se quebre ao carregar o equipamento.<\/p>\n<p>4. Escada hidr\u00e1ulica opcional para mais de 60 toneladas de capacidade, evitando les\u00f5es ocupacionais ao liberar a escada por meio de opera\u00e7\u00e3o manual.<\/p>\n<p><img alt=\"\" loading=\"lazy\" decoding=\"async\" class=\"alignnone size-full wp-image-4877\" src=\"http:\/\/www.shuntongvehicle.com\/wp-content\/uploads\/2026\/01\/3758-202405080946507302.jpg\" width=\"750\" height=\"1113\" srcset=\"https:\/\/www.shuntongvehicle.com\/wp-content\/uploads\/2026\/01\/3758-202405080946507302.jpg 750w, https:\/\/www.shuntongvehicle.com\/wp-content\/uploads\/2026\/01\/3758-202405080946507302-202x300.jpg 202w, https:\/\/www.shuntongvehicle.com\/wp-content\/uploads\/2026\/01\/3758-202405080946507302-690x1024.jpg 690w, https:\/\/www.shuntongvehicle.com\/wp-content\/uploads\/2026\/01\/3758-202405080946507302-8x12.jpg 8w, https:\/\/www.shuntongvehicle.com\/wp-content\/uploads\/2026\/01\/3758-202405080946507302-600x890.jpg 600w\" sizes=\"(max-width: 750px) 100vw, 750px\" \/><\/p>\n<p><img alt=\"\" loading=\"lazy\" decoding=\"async\" class=\"alignnone size-full wp-image-4878\" src=\"http:\/\/www.shuntongvehicle.com\/wp-content\/uploads\/2026\/01\/3758-202312071506339633.png\" width=\"750\" height=\"750\" srcset=\"https:\/\/www.shuntongvehicle.com\/wp-content\/uploads\/2026\/01\/3758-202312071506339633.png 750w, https:\/\/www.shuntongvehicle.com\/wp-content\/uploads\/2026\/01\/3758-202312071506339633-300x300.png 300w, https:\/\/www.shuntongvehicle.com\/wp-content\/uploads\/2026\/01\/3758-202312071506339633-150x150.png 150w, https:\/\/www.shuntongvehicle.com\/wp-content\/uploads\/2026\/01\/3758-202312071506339633-12x12.png 12w, https:\/\/www.shuntongvehicle.com\/wp-content\/uploads\/2026\/01\/3758-202312071506339633-600x600.png 600w, https:\/\/www.shuntongvehicle.com\/wp-content\/uploads\/2026\/01\/3758-202312071506339633-100x100.png 100w\" sizes=\"(max-width: 750px) 100vw, 750px\" \/><\/p>","protected":false},"excerpt":{"rendered":"<p><span style=\"color: #1d2b68;\"><strong>Marca:<\/strong><\/span>Shuntong<br \/>\n<strong><span style=\"color: #1d2b68;\">Origem do produto:<\/span><\/strong>China<br \/>\n<strong><span style=\"color: #1d2b68;\">Prazo de entrega:<\/span><\/strong><span style=\"color: #1d2b68;\">20 a 35 dias<\/span><br \/>\n<span style=\"color: #1d2b68;\"><strong>Capacidade de fornecimento:<\/strong> <\/span>50 unidades\/m\u00eas<br \/>\nO reboque de plataforma baixa retr\u00e1til de 60t e 10000 mm com v\u00e1rios eixos adota um projeto avan\u00e7ado auxiliado por computador para o transporte de v\u00e1rios produtos especiais. Quanto mais baixo for o centro de gravidade, melhor ser\u00e1 a estabilidade e a seguran\u00e7a.<\/p>","protected":false},"featured_media":4879,"template":"","meta":{"_seopress_robots_primary_cat":"none","_seopress_titles_title":"%%post_title%%","_seopress_titles_desc":"%%post_excerpt%%","_seopress_robots_index":"","_uag_custom_page_level_css":"","site-sidebar-layout":"default","site-content-layout":"","ast-site-content-layout":"default","site-content-style":"default","site-sidebar-style":"default","ast-global-header-display":"","ast-banner-title-visibility":"","ast-main-header-display":"","ast-hfb-above-header-display":"","ast-hfb-below-header-display":"","ast-hfb-mobile-header-display":"","site-post-title":"","ast-breadcrumbs-content":"","ast-featured-img":"","footer-sml-layout":"","theme-transparent-header-meta":"default","adv-header-id-meta":"","stick-header-meta":"default","header-above-stick-meta":"","header-main-stick-meta":"","header-below-stick-meta":"","astra-migrate-meta-layouts":"set","ast-page-background-enabled":"default","ast-page-background-meta":{"desktop":{"background-color":"","background-image":"","background-repeat":"repeat","background-position":"center center","background-size":"auto","background-attachment":"scroll","background-type":"","background-media":"","overlay-type":"","overlay-color":"","overlay-opacity":"","overlay-gradient":""},"tablet":{"background-color":"","background-image":"","background-repeat":"repeat","background-position":"center center","background-size":"auto","background-attachment":"scroll","background-type":"","background-media":"","overlay-type":"","overlay-color":"","overlay-opacity":"","overlay-gradient":""},"mobile":{"background-color":"","background-image":"","background-repeat":"repeat","background-position":"center center","background-size":"auto","background-attachment":"scroll","background-type":"","background-media":"","overlay-type":"","overlay-color":"","overlay-opacity":"","overlay-gradient":""}},"ast-content-background-meta":{"desktop":{"background-color":"var(--ast-global-color-5)","background-image":"","background-repeat":"repeat","background-position":"center center","background-size":"auto","background-attachment":"scroll","background-type":"","background-media":"","overlay-type":"","overlay-color":"","overlay-opacity":"","overlay-gradient":""},"tablet":{"background-color":"var(--ast-global-color-5)","background-image":"","background-repeat":"repeat","background-position":"center center","background-size":"auto","background-attachment":"scroll","background-type":"","background-media":"","overlay-type":"","overlay-color":"","overlay-opacity":"","overlay-gradient":""},"mobile":{"background-color":"var(--ast-global-color-5)","background-image":"","background-repeat":"repeat","background-position":"center center","background-size":"auto","background-attachment":"scroll","background-type":"","background-media":"","overlay-type":"","overlay-color":"","overlay-opacity":"","overlay-gradient":""}}},"product_brand":[],"product_cat":[80],"product_tag":[],"class_list":{"0":"post-4868","1":"product","2":"type-product","3":"status-publish","4":"has-post-thumbnail","6":"product_cat-lowbed-semi-trailer","7":"desktop-align-left","8":"tablet-align-left","9":"mobile-align-left","10":"ast-product-gallery-layout-horizontal-slider","11":"ast-product-tabs-layout-horizontal","13":"first","14":"instock","15":"featured","16":"shipping-taxable","17":"product-type-simple"},"uagb_featured_image_src":{"full":["https:\/\/www.shuntongvehicle.com\/wp-content\/uploads\/2026\/01\/3758-202405080945111798.webp",750,749,false],"thumbnail":["https:\/\/www.shuntongvehicle.com\/wp-content\/uploads\/2026\/01\/3758-202405080945111798-150x150.webp",150,150,true],"medium":["https:\/\/www.shuntongvehicle.com\/wp-content\/uploads\/2026\/01\/3758-202405080945111798-300x300.webp",300,300,true],"medium_large":["https:\/\/www.shuntongvehicle.com\/wp-content\/uploads\/2026\/01\/3758-202405080945111798.webp",750,749,false],"large":["https:\/\/www.shuntongvehicle.com\/wp-content\/uploads\/2026\/01\/3758-202405080945111798.webp",750,749,false],"1536x1536":["https:\/\/www.shuntongvehicle.com\/wp-content\/uploads\/2026\/01\/3758-202405080945111798.webp",750,749,false],"2048x2048":["https:\/\/www.shuntongvehicle.com\/wp-content\/uploads\/2026\/01\/3758-202405080945111798.webp",750,749,false],"trp-custom-language-flag":["https:\/\/www.shuntongvehicle.com\/wp-content\/uploads\/2026\/01\/3758-202405080945111798-12x12.webp",12,12,true],"woocommerce_thumbnail":["https:\/\/www.shuntongvehicle.com\/wp-content\/uploads\/2026\/01\/3758-202405080945111798-600x600.webp",600,600,true],"woocommerce_single":["https:\/\/www.shuntongvehicle.com\/wp-content\/uploads\/2026\/01\/3758-202405080945111798-600x599.webp",600,599,true],"woocommerce_gallery_thumbnail":["https:\/\/www.shuntongvehicle.com\/wp-content\/uploads\/2026\/01\/3758-202405080945111798-100x100.webp",100,100,true]},"uagb_author_info":{"display_name":"jinxing6611@gmail.com","author_link":"https:\/\/www.shuntongvehicle.com\/pt\/author\/"},"uagb_comment_info":0,"uagb_excerpt":"Brand:Shuntong Product origin:China Delivery time:20-35 days Supply capacity: 50 units\/month Multi axle 60t 10000mm retractable low bed trailer adopts advanced computer-aided design for transportation of various special goods. The lower the center of gravity, the better the stability and safety.","_links":{"self":[{"href":"https:\/\/www.shuntongvehicle.com\/pt\/wp-json\/wp\/v2\/product\/4868","targetHints":{"allow":["GET"]}}],"collection":[{"href":"https:\/\/www.shuntongvehicle.com\/pt\/wp-json\/wp\/v2\/product"}],"about":[{"href":"https:\/\/www.shuntongvehicle.com\/pt\/wp-json\/wp\/v2\/types\/product"}],"wp:featuredmedia":[{"embeddable":true,"href":"https:\/\/www.shuntongvehicle.com\/pt\/wp-json\/wp\/v2\/media\/4879"}],"wp:attachment":[{"href":"https:\/\/www.shuntongvehicle.com\/pt\/wp-json\/wp\/v2\/media?parent=4868"}],"wp:term":[{"taxonomy":"product_brand","embeddable":true,"href":"https:\/\/www.shuntongvehicle.com\/pt\/wp-json\/wp\/v2\/product_brand?post=4868"},{"taxonomy":"product_cat","embeddable":true,"href":"https:\/\/www.shuntongvehicle.com\/pt\/wp-json\/wp\/v2\/product_cat?post=4868"},{"taxonomy":"product_tag","embeddable":true,"href":"https:\/\/www.shuntongvehicle.com\/pt\/wp-json\/wp\/v2\/product_tag?post=4868"}],"curies":[{"name":"wp","href":"https:\/\/api.w.org\/{rel}","templated":true}]}}