{"id":4906,"date":"2026-01-21T09:44:44","date_gmt":"2026-01-21T09:44:44","guid":{"rendered":"http:\/\/www.shuntongvehicle.com\/?post_type=product&#038;p=4906"},"modified":"2026-02-06T02:49:56","modified_gmt":"2026-02-06T02:49:56","slug":"4-axle-10-m-outlet-rear-dump-semi-trailer","status":"publish","type":"product","link":"https:\/\/www.shuntongvehicle.com\/pt\/product\/4-axle-10-m-outlet-rear-dump-semi-trailer\/","title":{"rendered":"Semi reboque basculante traseiro de 4 eixos e 10 m de sa\u00edda"},"content":{"rendered":"<p>O tipo mais popular de semirreboque basculante traseiro \u00e9 um semirreboque basculante de 50 a 60 toneladas, usado para transportar min\u00e9rios e materiais de constru\u00e7\u00e3o em uma ca\u00e7amba de 35 a 40 metros c\u00fabicos.<br \/>\nA Lander tamb\u00e9m pode produzir semi-reboques basculantes leves de 25 c\u00fabicos e 30 a 35 toneladas para o transporte de cl\u00ednquer de cimento, areia e cascalho, bem como basculantes pesados de 45 c\u00fabicos com capacidade m\u00e1xima de carga \u00fatil de 80 a 100 toneladas para o transporte de min\u00e9rios grandes.<\/p>\n<p><img alt=\"\" fetchpriority=\"high\" decoding=\"async\" class=\"alignnone size-full wp-image-4907\" src=\"http:\/\/www.shuntongvehicle.com\/wp-content\/uploads\/2026\/01\/3758-202405101535157927.jpg\" width=\"730\" height=\"842\" srcset=\"https:\/\/www.shuntongvehicle.com\/wp-content\/uploads\/2026\/01\/3758-202405101535157927.jpg 730w, https:\/\/www.shuntongvehicle.com\/wp-content\/uploads\/2026\/01\/3758-202405101535157927-260x300.jpg 260w, https:\/\/www.shuntongvehicle.com\/wp-content\/uploads\/2026\/01\/3758-202405101535157927-10x12.jpg 10w, https:\/\/www.shuntongvehicle.com\/wp-content\/uploads\/2026\/01\/3758-202405101535157927-600x692.jpg 600w\" sizes=\"(max-width: 730px) 100vw, 730px\" \/><\/p>\n<table width=\"800\">\n<tbody>\n<tr class=\"firstRow\">\n<td valign=\"top\" width=\"225\">Tipo<\/td>\n<td valign=\"top\" width=\"574\">Semi reboque basculante traseiro de 4 eixos e 10 m de sa\u00edda<\/td>\n<\/tr>\n<tr>\n<td valign=\"top\" width=\"225\">Semirreboque Dimens\u00e3o<\/td>\n<td valign=\"top\" width=\"574\">11000*2400*3750mm (pode ser personalizado)<\/td>\n<\/tr>\n<tr>\n<td valign=\"top\" width=\"225\">Espessura da placa inferior (mm)<\/td>\n<td valign=\"top\" width=\"574\">A\u00e7o Q345 de 5 mm\/8 mm<\/td>\n<\/tr>\n<tr>\n<td valign=\"top\" width=\"225\">Sistema de eleva\u00e7\u00e3o<\/td>\n<td valign=\"top\" width=\"574\">Conjunto completo do cilindro de eleva\u00e7\u00e3o hidr\u00e1ulica Hyva (FC214-5-07130)<\/td>\n<\/tr>\n<tr>\n<td valign=\"top\" width=\"225\">Feixe principal<\/td>\n<td valign=\"top\" width=\"574\">A\u00e7o Q345B<\/td>\n<\/tr>\n<tr>\n<td valign=\"top\" width=\"225\">Eixo<\/td>\n<td valign=\"top\" width=\"574\">Marca 13T FUWA, 16 unidades<\/td>\n<\/tr>\n<tr>\n<td valign=\"top\" width=\"225\">Folha de mola<\/td>\n<td valign=\"top\" width=\"574\">90 mm*13 mm*10 camadas ou 100 mm*12 mm*12<\/td>\n<\/tr>\n<tr>\n<td valign=\"top\" width=\"225\">Pino-rei<\/td>\n<td valign=\"top\" width=\"574\">Tipo de parafusos de 2,0 ou 3,5 polegadas da marca JOST ou tipo de solda<\/td>\n<\/tr>\n<tr>\n<td valign=\"top\" width=\"225\">Trem de pouso<\/td>\n<td valign=\"top\" width=\"574\">Marca JOST C200T ou marca chinesa 28Tons (velocidade dupla)<\/td>\n<\/tr>\n<tr>\n<td valign=\"top\" width=\"225\">Suspens\u00e3o<\/td>\n<td valign=\"top\" width=\"574\">Suspens\u00e3o mec\u00e2nica<\/td>\n<\/tr>\n<tr>\n<td colspan=\"1\" rowspan=\"1\" valign=\"top\" width=\"225\">Borda<\/td>\n<td colspan=\"1\" rowspan=\"1\" valign=\"top\" width=\"574\">9.00-22.5\/8.00-20\/8.5-20China Brand<\/td>\n<\/tr>\n<tr>\n<td colspan=\"1\" rowspan=\"1\" valign=\"top\" width=\"225\">Pneu<\/td>\n<td colspan=\"1\" rowspan=\"1\" valign=\"top\" width=\"574\">12.00R22.5\/315 80R22.5\/11.00R20\/12.00R20 V\u00e1rias marcas de pneus est\u00e3o dispon\u00edveis<\/td>\n<\/tr>\n<tr>\n<td colspan=\"1\" rowspan=\"1\" valign=\"top\" width=\"225\">Caixa de ferramentas<\/td>\n<td colspan=\"1\" rowspan=\"1\" valign=\"top\" width=\"574\">Uma pe\u00e7a, 1m*0,5m*0,5m (o tamanho pode ser escolhido livremente)<\/td>\n<\/tr>\n<tr>\n<td colspan=\"1\" rowspan=\"1\" valign=\"top\" width=\"225\">Pintura<\/td>\n<td colspan=\"1\" rowspan=\"1\" valign=\"top\" width=\"574\">1 dem\u00e3o de primer anticorrosivo, 2 dem\u00e3os de tinta final<\/td>\n<\/tr>\n<\/tbody>\n<\/table>\n<p><img alt=\"\" decoding=\"async\" class=\"alignnone wp-image-4908\" src=\"http:\/\/www.shuntongvehicle.com\/wp-content\/uploads\/2026\/01\/3758-202310171317108805.jpg\" width=\"1000\" height=\"563\" srcset=\"https:\/\/www.shuntongvehicle.com\/wp-content\/uploads\/2026\/01\/3758-202310171317108805.jpg 1553w, https:\/\/www.shuntongvehicle.com\/wp-content\/uploads\/2026\/01\/3758-202310171317108805-300x169.jpg 300w, https:\/\/www.shuntongvehicle.com\/wp-content\/uploads\/2026\/01\/3758-202310171317108805-1024x576.jpg 1024w, https:\/\/www.shuntongvehicle.com\/wp-content\/uploads\/2026\/01\/3758-202310171317108805-768x432.jpg 768w, https:\/\/www.shuntongvehicle.com\/wp-content\/uploads\/2026\/01\/3758-202310171317108805-1536x864.jpg 1536w, https:\/\/www.shuntongvehicle.com\/wp-content\/uploads\/2026\/01\/3758-202310171317108805-18x10.jpg 18w, https:\/\/www.shuntongvehicle.com\/wp-content\/uploads\/2026\/01\/3758-202310171317108805-600x338.jpg 600w\" sizes=\"(max-width: 1000px) 100vw, 1000px\" \/><\/p>\n<p><strong>Vende-se semirreboque basculante traseiro tipo U da LANDER<\/strong><\/p>\n<p><img alt=\"\" decoding=\"async\" class=\"alignnone size-full wp-image-4909\" src=\"http:\/\/www.shuntongvehicle.com\/wp-content\/uploads\/2026\/01\/3758-202310231403552295.jpg\" width=\"750\" height=\"563\" srcset=\"https:\/\/www.shuntongvehicle.com\/wp-content\/uploads\/2026\/01\/3758-202310231403552295.jpg 750w, https:\/\/www.shuntongvehicle.com\/wp-content\/uploads\/2026\/01\/3758-202310231403552295-300x225.jpg 300w, https:\/\/www.shuntongvehicle.com\/wp-content\/uploads\/2026\/01\/3758-202310231403552295-16x12.jpg 16w, https:\/\/www.shuntongvehicle.com\/wp-content\/uploads\/2026\/01\/3758-202310231403552295-600x450.jpg 600w\" sizes=\"(max-width: 750px) 100vw, 750px\" \/><\/p>\n<p><strong>Semirreboque basculante traseiro de 4 eixos para venda\u00a0<\/strong><\/p>\n<p><img alt=\"\" loading=\"lazy\" decoding=\"async\" class=\"alignnone size-full wp-image-4910\" src=\"http:\/\/www.shuntongvehicle.com\/wp-content\/uploads\/2026\/01\/3758-202310231406411273.jpg\" width=\"750\" height=\"563\" srcset=\"https:\/\/www.shuntongvehicle.com\/wp-content\/uploads\/2026\/01\/3758-202310231406411273.jpg 750w, https:\/\/www.shuntongvehicle.com\/wp-content\/uploads\/2026\/01\/3758-202310231406411273-300x225.jpg 300w, https:\/\/www.shuntongvehicle.com\/wp-content\/uploads\/2026\/01\/3758-202310231406411273-16x12.jpg 16w, https:\/\/www.shuntongvehicle.com\/wp-content\/uploads\/2026\/01\/3758-202310231406411273-600x450.jpg 600w\" sizes=\"(max-width: 750px) 100vw, 750px\" \/><\/p>","protected":false},"excerpt":{"rendered":"<p><span style=\"color: #1d2b68;\"><strong>Marca:<\/strong><\/span>Shuntong<br \/>\n<strong><span style=\"color: #1d2b68;\">Origem do produto:<\/span><\/strong>China<br \/>\n<strong><span style=\"color: #1d2b68;\">Prazo de entrega:<\/span><\/strong><span style=\"color: #1d2b68;\">20 a 35 dias<\/span><br \/>\n<span style=\"color: #1d2b68;\"><strong>Capacidade de fornecimento:<\/strong> 100 conjuntos\/m\u00eas<\/span><br \/>\n1. pesquisa e design de detalhes profissionais, anos de experi\u00eancia;<br \/>\n2. use acess\u00f3rios de marca para garantir a qualidade do semirreboque basculante traseiro.<br \/>\n3. temos um departamento profissional de design de reboque semienterrado com vasta experi\u00eancia em produ\u00e7\u00e3o e curto prazo de entrega;<\/p>","protected":false},"featured_media":4911,"template":"","meta":{"_seopress_robots_primary_cat":"none","_seopress_titles_title":"%%post_title%%","_seopress_titles_desc":"%%post_excerpt%%","_seopress_robots_index":"","_uag_custom_page_level_css":"","site-sidebar-layout":"default","site-content-layout":"","ast-site-content-layout":"default","site-content-style":"default","site-sidebar-style":"default","ast-global-header-display":"","ast-banner-title-visibility":"","ast-main-header-display":"","ast-hfb-above-header-display":"","ast-hfb-below-header-display":"","ast-hfb-mobile-header-display":"","site-post-title":"","ast-breadcrumbs-content":"","ast-featured-img":"","footer-sml-layout":"","theme-transparent-header-meta":"default","adv-header-id-meta":"","stick-header-meta":"default","header-above-stick-meta":"","header-main-stick-meta":"","header-below-stick-meta":"","astra-migrate-meta-layouts":"set","ast-page-background-enabled":"default","ast-page-background-meta":{"desktop":{"background-color":"","background-image":"","background-repeat":"repeat","background-position":"center center","background-size":"auto","background-attachment":"scroll","background-type":"","background-media":"","overlay-type":"","overlay-color":"","overlay-opacity":"","overlay-gradient":""},"tablet":{"background-color":"","background-image":"","background-repeat":"repeat","background-position":"center center","background-size":"auto","background-attachment":"scroll","background-type":"","background-media":"","overlay-type":"","overlay-color":"","overlay-opacity":"","overlay-gradient":""},"mobile":{"background-color":"","background-image":"","background-repeat":"repeat","background-position":"center center","background-size":"auto","background-attachment":"scroll","background-type":"","background-media":"","overlay-type":"","overlay-color":"","overlay-opacity":"","overlay-gradient":""}},"ast-content-background-meta":{"desktop":{"background-color":"var(--ast-global-color-5)","background-image":"","background-repeat":"repeat","background-position":"center center","background-size":"auto","background-attachment":"scroll","background-type":"","background-media":"","overlay-type":"","overlay-color":"","overlay-opacity":"","overlay-gradient":""},"tablet":{"background-color":"var(--ast-global-color-5)","background-image":"","background-repeat":"repeat","background-position":"center center","background-size":"auto","background-attachment":"scroll","background-type":"","background-media":"","overlay-type":"","overlay-color":"","overlay-opacity":"","overlay-gradient":""},"mobile":{"background-color":"var(--ast-global-color-5)","background-image":"","background-repeat":"repeat","background-position":"center center","background-size":"auto","background-attachment":"scroll","background-type":"","background-media":"","overlay-type":"","overlay-color":"","overlay-opacity":"","overlay-gradient":""}}},"product_brand":[],"product_cat":[81],"product_tag":[],"class_list":{"0":"post-4906","1":"product","2":"type-product","3":"status-publish","4":"has-post-thumbnail","6":"product_cat-rear-tipping-dump-semi-trailer","7":"desktop-align-left","8":"tablet-align-left","9":"mobile-align-left","10":"ast-product-gallery-layout-horizontal-slider","11":"ast-product-tabs-layout-horizontal","13":"first","14":"instock","15":"featured","16":"shipping-taxable","17":"product-type-simple"},"uagb_featured_image_src":{"full":["https:\/\/www.shuntongvehicle.com\/wp-content\/uploads\/2026\/01\/3758-202405101535013991.webp",750,750,false],"thumbnail":["https:\/\/www.shuntongvehicle.com\/wp-content\/uploads\/2026\/01\/3758-202405101535013991-150x150.webp",150,150,true],"medium":["https:\/\/www.shuntongvehicle.com\/wp-content\/uploads\/2026\/01\/3758-202405101535013991-300x300.webp",300,300,true],"medium_large":["https:\/\/www.shuntongvehicle.com\/wp-content\/uploads\/2026\/01\/3758-202405101535013991.webp",750,750,false],"large":["https:\/\/www.shuntongvehicle.com\/wp-content\/uploads\/2026\/01\/3758-202405101535013991.webp",750,750,false],"1536x1536":["https:\/\/www.shuntongvehicle.com\/wp-content\/uploads\/2026\/01\/3758-202405101535013991.webp",750,750,false],"2048x2048":["https:\/\/www.shuntongvehicle.com\/wp-content\/uploads\/2026\/01\/3758-202405101535013991.webp",750,750,false],"trp-custom-language-flag":["https:\/\/www.shuntongvehicle.com\/wp-content\/uploads\/2026\/01\/3758-202405101535013991-12x12.webp",12,12,true],"woocommerce_thumbnail":["https:\/\/www.shuntongvehicle.com\/wp-content\/uploads\/2026\/01\/3758-202405101535013991-600x600.webp",600,600,true],"woocommerce_single":["https:\/\/www.shuntongvehicle.com\/wp-content\/uploads\/2026\/01\/3758-202405101535013991-600x600.webp",600,600,true],"woocommerce_gallery_thumbnail":["https:\/\/www.shuntongvehicle.com\/wp-content\/uploads\/2026\/01\/3758-202405101535013991-100x100.webp",100,100,true]},"uagb_author_info":{"display_name":"jinxing6611@gmail.com","author_link":"https:\/\/www.shuntongvehicle.com\/pt\/author\/"},"uagb_comment_info":0,"uagb_excerpt":"Brand:Shuntong Product origin:China Delivery time:20-35 days Supply capacity: 100 Sets\/Month 1.Professional detail research and design, years of experience; 2.Use brand-name accessories to ensure the quality of the rear dump semi trailer. 3.We have a professional Semi dump trailer design department with rich production experience and short delivery time;","_links":{"self":[{"href":"https:\/\/www.shuntongvehicle.com\/pt\/wp-json\/wp\/v2\/product\/4906","targetHints":{"allow":["GET"]}}],"collection":[{"href":"https:\/\/www.shuntongvehicle.com\/pt\/wp-json\/wp\/v2\/product"}],"about":[{"href":"https:\/\/www.shuntongvehicle.com\/pt\/wp-json\/wp\/v2\/types\/product"}],"wp:featuredmedia":[{"embeddable":true,"href":"https:\/\/www.shuntongvehicle.com\/pt\/wp-json\/wp\/v2\/media\/4911"}],"wp:attachment":[{"href":"https:\/\/www.shuntongvehicle.com\/pt\/wp-json\/wp\/v2\/media?parent=4906"}],"wp:term":[{"taxonomy":"product_brand","embeddable":true,"href":"https:\/\/www.shuntongvehicle.com\/pt\/wp-json\/wp\/v2\/product_brand?post=4906"},{"taxonomy":"product_cat","embeddable":true,"href":"https:\/\/www.shuntongvehicle.com\/pt\/wp-json\/wp\/v2\/product_cat?post=4906"},{"taxonomy":"product_tag","embeddable":true,"href":"https:\/\/www.shuntongvehicle.com\/pt\/wp-json\/wp\/v2\/product_tag?post=4906"}],"curies":[{"name":"wp","href":"https:\/\/api.w.org\/{rel}","templated":true}]}}