{"id":4941,"date":"2026-01-26T02:04:36","date_gmt":"2026-01-26T02:04:36","guid":{"rendered":"http:\/\/www.shuntongvehicle.com\/?post_type=product&#038;p=4941"},"modified":"2026-02-06T02:51:31","modified_gmt":"2026-02-06T02:51:31","slug":"4-axle-u-shape-70t-tipper-semi-trailer","status":"publish","type":"product","link":"https:\/\/www.shuntongvehicle.com\/pt\/product\/4-axle-u-shape-70t-tipper-semi-trailer\/","title":{"rendered":"Semi reboque basculante 70T com 4 eixos em forma de U"},"content":{"rendered":"<p>1. O basculante de 4 eixos em forma de U usa acess\u00f3rios de marca para garantir a excelente qualidade do reboque;<br \/>\n2. O projeto da viga principal \u00e9 razo\u00e1vel, e a carroceria do semirreboque basculante 70T \u00e9 feita de chapas de a\u00e7o de alta resist\u00eancia;<br \/>\n3. O uso de um cilindro para servi\u00e7o pesado com di\u00e2metro maior, maior capacidade de eleva\u00e7\u00e3o e maior altura torna a eleva\u00e7\u00e3o mais est\u00e1vel e menos propensa a capotamento.<\/p>\n<p><img alt=\"\" fetchpriority=\"high\" decoding=\"async\" class=\"alignnone size-full wp-image-4942\" src=\"http:\/\/www.shuntongvehicle.com\/wp-content\/uploads\/2026\/01\/3758-202405071701046908.jpg\" width=\"750\" height=\"422\" srcset=\"https:\/\/www.shuntongvehicle.com\/wp-content\/uploads\/2026\/01\/3758-202405071701046908.jpg 750w, https:\/\/www.shuntongvehicle.com\/wp-content\/uploads\/2026\/01\/3758-202405071701046908-300x169.jpg 300w, https:\/\/www.shuntongvehicle.com\/wp-content\/uploads\/2026\/01\/3758-202405071701046908-18x10.jpg 18w, https:\/\/www.shuntongvehicle.com\/wp-content\/uploads\/2026\/01\/3758-202405071701046908-600x338.jpg 600w\" sizes=\"(max-width: 750px) 100vw, 750px\" \/><\/p>\n<table data-sort=\"sortDisabled\">\n<tbody>\n<tr class=\"firstRow\">\n<td valign=\"top\" width=\"381\">Dimens\u00e3o<\/td>\n<td valign=\"top\" width=\"381\">11500*2500*3800mm (pode ser personalizado)<\/td>\n<\/tr>\n<tr>\n<td valign=\"top\" width=\"381\">Espessura da placa inferior (mm)<\/td>\n<td valign=\"top\" width=\"381\">A\u00e7o Q235 de 5 a 8 mm ou pode ser opcional<\/td>\n<\/tr>\n<tr>\n<td valign=\"top\" width=\"381\">Sistema de eleva\u00e7\u00e3o<\/td>\n<td valign=\"top\" width=\"381\">Conjunto completo do cilindro de eleva\u00e7\u00e3o hidr\u00e1ulica Hyva (FC214-5-07130)<\/td>\n<\/tr>\n<tr>\n<td valign=\"top\" width=\"381\">Feixe principal<\/td>\n<td valign=\"top\" width=\"381\">A\u00e7o Q345B<\/td>\n<\/tr>\n<tr>\n<td valign=\"top\" width=\"381\">Eixo<\/td>\n<td valign=\"top\" width=\"381\">13T\/16T,Marca FUWA<\/td>\n<\/tr>\n<tr>\n<td valign=\"top\" width=\"381\">Folha de mola<\/td>\n<td valign=\"top\" width=\"381\">90 mm*13 mm*10 camadas ou 100 mm*12 mm*12<\/td>\n<\/tr>\n<tr>\n<td valign=\"top\" width=\"381\">Trem de pouso<\/td>\n<td valign=\"top\" width=\"381\">Marca JOST C200T ou marca chinesa 28Tons (velocidade dupla)<\/td>\n<\/tr>\n<tr>\n<td valign=\"top\" width=\"381\">Suspens\u00e3o<\/td>\n<td valign=\"top\" width=\"381\">Suspens\u00e3o mec\u00e2nica\/Tipo americano\/Tipo alem\u00e3o<\/td>\n<\/tr>\n<tr>\n<td valign=\"top\" width=\"381\">Borda<\/td>\n<td valign=\"top\" width=\"381\">9.00-22.5\/8.00-20\/8.5-20China Brand<\/td>\n<\/tr>\n<tr>\n<td valign=\"top\" width=\"381\">Pneu<\/td>\n<td valign=\"top\" width=\"381\">12.00R22.5\/315 80R22.5\/11.00R20\/12.00R20 V\u00e1rias marcas de pneus est\u00e3o dispon\u00edveis<\/td>\n<\/tr>\n<tr>\n<td colspan=\"1\" rowspan=\"1\" valign=\"top\">Pintura<\/td>\n<td colspan=\"1\" rowspan=\"1\" valign=\"top\">1 dem\u00e3o de primer anticorrosivo, 2 dem\u00e3os de tinta final<\/td>\n<\/tr>\n<tr>\n<td colspan=\"2\" rowspan=\"1\" valign=\"top\">Todas as pe\u00e7as podem ser ajustadas de acordo com a solicita\u00e7\u00e3o do cliente, entre em contato conosco para obter mais informa\u00e7\u00f5es<\/td>\n<\/tr>\n<\/tbody>\n<\/table>\n<p><img alt=\"\" decoding=\"async\" class=\"alignnone size-full wp-image-4943\" src=\"http:\/\/www.shuntongvehicle.com\/wp-content\/uploads\/2026\/01\/3758-202405071701159449.jpg\" width=\"800\" height=\"548\" srcset=\"https:\/\/www.shuntongvehicle.com\/wp-content\/uploads\/2026\/01\/3758-202405071701159449.jpg 800w, https:\/\/www.shuntongvehicle.com\/wp-content\/uploads\/2026\/01\/3758-202405071701159449-300x206.jpg 300w, https:\/\/www.shuntongvehicle.com\/wp-content\/uploads\/2026\/01\/3758-202405071701159449-768x526.jpg 768w, https:\/\/www.shuntongvehicle.com\/wp-content\/uploads\/2026\/01\/3758-202405071701159449-18x12.jpg 18w, https:\/\/www.shuntongvehicle.com\/wp-content\/uploads\/2026\/01\/3758-202405071701159449-600x411.jpg 600w\" sizes=\"(max-width: 800px) 100vw, 800px\" \/><\/p>\n<p><img alt=\"\" decoding=\"async\" class=\"alignnone size-full wp-image-4944\" src=\"http:\/\/www.shuntongvehicle.com\/wp-content\/uploads\/2026\/01\/3758-202312061105049994.jpg\" width=\"750\" height=\"461\" srcset=\"https:\/\/www.shuntongvehicle.com\/wp-content\/uploads\/2026\/01\/3758-202312061105049994.jpg 750w, https:\/\/www.shuntongvehicle.com\/wp-content\/uploads\/2026\/01\/3758-202312061105049994-300x184.jpg 300w, https:\/\/www.shuntongvehicle.com\/wp-content\/uploads\/2026\/01\/3758-202312061105049994-18x12.jpg 18w, https:\/\/www.shuntongvehicle.com\/wp-content\/uploads\/2026\/01\/3758-202312061105049994-600x369.jpg 600w\" sizes=\"(max-width: 750px) 100vw, 750px\" \/><\/p>\n<p><img alt=\"\" loading=\"lazy\" decoding=\"async\" class=\"alignnone size-full wp-image-4945\" src=\"http:\/\/www.shuntongvehicle.com\/wp-content\/uploads\/2026\/01\/3758-202312061105229258.jpg\" width=\"750\" height=\"422\" srcset=\"https:\/\/www.shuntongvehicle.com\/wp-content\/uploads\/2026\/01\/3758-202312061105229258.jpg 750w, https:\/\/www.shuntongvehicle.com\/wp-content\/uploads\/2026\/01\/3758-202312061105229258-300x169.jpg 300w, https:\/\/www.shuntongvehicle.com\/wp-content\/uploads\/2026\/01\/3758-202312061105229258-18x10.jpg 18w, https:\/\/www.shuntongvehicle.com\/wp-content\/uploads\/2026\/01\/3758-202312061105229258-600x338.jpg 600w\" sizes=\"(max-width: 750px) 100vw, 750px\" \/><\/p>\n<h5>Semirreboque basculante 70T em forma de U para venda<\/h5>\n<p><img alt=\"\" loading=\"lazy\" decoding=\"async\" class=\"alignnone size-full wp-image-4946\" src=\"http:\/\/www.shuntongvehicle.com\/wp-content\/uploads\/2026\/01\/3758-202312061105504641.jpg\" width=\"750\" height=\"422\" srcset=\"https:\/\/www.shuntongvehicle.com\/wp-content\/uploads\/2026\/01\/3758-202312061105504641.jpg 750w, https:\/\/www.shuntongvehicle.com\/wp-content\/uploads\/2026\/01\/3758-202312061105504641-300x169.jpg 300w, https:\/\/www.shuntongvehicle.com\/wp-content\/uploads\/2026\/01\/3758-202312061105504641-18x10.jpg 18w, https:\/\/www.shuntongvehicle.com\/wp-content\/uploads\/2026\/01\/3758-202312061105504641-600x338.jpg 600w\" sizes=\"(max-width: 750px) 100vw, 750px\" \/><\/p>\n<h5>Semirreboque basculante em forma de U de 4 eixos para venda<\/h5>\n<p><img alt=\"\" loading=\"lazy\" decoding=\"async\" class=\"alignnone size-full wp-image-4947\" src=\"http:\/\/www.shuntongvehicle.com\/wp-content\/uploads\/2026\/01\/3758-202312061106241085.jpg\" width=\"750\" height=\"422\" srcset=\"https:\/\/www.shuntongvehicle.com\/wp-content\/uploads\/2026\/01\/3758-202312061106241085.jpg 750w, https:\/\/www.shuntongvehicle.com\/wp-content\/uploads\/2026\/01\/3758-202312061106241085-300x169.jpg 300w, https:\/\/www.shuntongvehicle.com\/wp-content\/uploads\/2026\/01\/3758-202312061106241085-18x10.jpg 18w, https:\/\/www.shuntongvehicle.com\/wp-content\/uploads\/2026\/01\/3758-202312061106241085-600x338.jpg 600w\" sizes=\"(max-width: 750px) 100vw, 750px\" \/><\/p>\n<h5>Venda quente de semirreboque basculante retangular<\/h5>","protected":false},"excerpt":{"rendered":"<p><span style=\"color: #1d2b68;\"><strong>Marca:<\/strong>Shuntong<\/span><br \/>\n<strong><span style=\"color: #1d2b68;\">Origem do produto:<\/span><\/strong>China<br \/>\n<strong><span style=\"color: #1d2b68;\">Prazo de entrega:<\/span><\/strong><span style=\"color: #1d2b68;\">20 a 35 dias<\/span><br \/>\n<span style=\"color: #1d2b68;\"><strong>Capacidade de fornecimento:<\/strong> 200 conjuntos\/m\u00eas<\/span><br \/>\n1.  O basculante em forma de U de 4 eixos tem diferentes capacidades de carga: 24 metros c\u00fabicos, 30 metros c\u00fabicos, 35 metros c\u00fabicos, 45 metros c\u00fabicos;<br \/>\n2. podemos personalizar o semirreboque basculante em forma de U de acordo com as exig\u00eancias do cliente.<\/p>","protected":false},"featured_media":4948,"template":"","meta":{"_seopress_robots_primary_cat":"none","_seopress_titles_title":"%%post_title%%","_seopress_titles_desc":"%%post_excerpt%%","_seopress_robots_index":"","_uag_custom_page_level_css":"","site-sidebar-layout":"default","site-content-layout":"","ast-site-content-layout":"default","site-content-style":"default","site-sidebar-style":"default","ast-global-header-display":"","ast-banner-title-visibility":"","ast-main-header-display":"","ast-hfb-above-header-display":"","ast-hfb-below-header-display":"","ast-hfb-mobile-header-display":"","site-post-title":"","ast-breadcrumbs-content":"","ast-featured-img":"","footer-sml-layout":"","theme-transparent-header-meta":"default","adv-header-id-meta":"","stick-header-meta":"default","header-above-stick-meta":"","header-main-stick-meta":"","header-below-stick-meta":"","astra-migrate-meta-layouts":"set","ast-page-background-enabled":"default","ast-page-background-meta":{"desktop":{"background-color":"","background-image":"","background-repeat":"repeat","background-position":"center center","background-size":"auto","background-attachment":"scroll","background-type":"","background-media":"","overlay-type":"","overlay-color":"","overlay-opacity":"","overlay-gradient":""},"tablet":{"background-color":"","background-image":"","background-repeat":"repeat","background-position":"center center","background-size":"auto","background-attachment":"scroll","background-type":"","background-media":"","overlay-type":"","overlay-color":"","overlay-opacity":"","overlay-gradient":""},"mobile":{"background-color":"","background-image":"","background-repeat":"repeat","background-position":"center center","background-size":"auto","background-attachment":"scroll","background-type":"","background-media":"","overlay-type":"","overlay-color":"","overlay-opacity":"","overlay-gradient":""}},"ast-content-background-meta":{"desktop":{"background-color":"var(--ast-global-color-5)","background-image":"","background-repeat":"repeat","background-position":"center center","background-size":"auto","background-attachment":"scroll","background-type":"","background-media":"","overlay-type":"","overlay-color":"","overlay-opacity":"","overlay-gradient":""},"tablet":{"background-color":"var(--ast-global-color-5)","background-image":"","background-repeat":"repeat","background-position":"center center","background-size":"auto","background-attachment":"scroll","background-type":"","background-media":"","overlay-type":"","overlay-color":"","overlay-opacity":"","overlay-gradient":""},"mobile":{"background-color":"var(--ast-global-color-5)","background-image":"","background-repeat":"repeat","background-position":"center center","background-size":"auto","background-attachment":"scroll","background-type":"","background-media":"","overlay-type":"","overlay-color":"","overlay-opacity":"","overlay-gradient":""}}},"product_brand":[],"product_cat":[81],"product_tag":[],"class_list":{"0":"post-4941","1":"product","2":"type-product","3":"status-publish","4":"has-post-thumbnail","6":"product_cat-rear-tipping-dump-semi-trailer","7":"desktop-align-left","8":"tablet-align-left","9":"mobile-align-left","10":"ast-product-gallery-layout-horizontal-slider","11":"ast-product-tabs-layout-horizontal","13":"first","14":"instock","15":"featured","16":"shipping-taxable","17":"product-type-simple"},"uagb_featured_image_src":{"full":["https:\/\/www.shuntongvehicle.com\/wp-content\/uploads\/2026\/01\/3758-202310171324423244.webp",750,750,false],"thumbnail":["https:\/\/www.shuntongvehicle.com\/wp-content\/uploads\/2026\/01\/3758-202310171324423244-150x150.webp",150,150,true],"medium":["https:\/\/www.shuntongvehicle.com\/wp-content\/uploads\/2026\/01\/3758-202310171324423244-300x300.webp",300,300,true],"medium_large":["https:\/\/www.shuntongvehicle.com\/wp-content\/uploads\/2026\/01\/3758-202310171324423244.webp",750,750,false],"large":["https:\/\/www.shuntongvehicle.com\/wp-content\/uploads\/2026\/01\/3758-202310171324423244.webp",750,750,false],"1536x1536":["https:\/\/www.shuntongvehicle.com\/wp-content\/uploads\/2026\/01\/3758-202310171324423244.webp",750,750,false],"2048x2048":["https:\/\/www.shuntongvehicle.com\/wp-content\/uploads\/2026\/01\/3758-202310171324423244.webp",750,750,false],"trp-custom-language-flag":["https:\/\/www.shuntongvehicle.com\/wp-content\/uploads\/2026\/01\/3758-202310171324423244-12x12.webp",12,12,true],"woocommerce_thumbnail":["https:\/\/www.shuntongvehicle.com\/wp-content\/uploads\/2026\/01\/3758-202310171324423244-600x600.webp",600,600,true],"woocommerce_single":["https:\/\/www.shuntongvehicle.com\/wp-content\/uploads\/2026\/01\/3758-202310171324423244-600x600.webp",600,600,true],"woocommerce_gallery_thumbnail":["https:\/\/www.shuntongvehicle.com\/wp-content\/uploads\/2026\/01\/3758-202310171324423244-100x100.webp",100,100,true]},"uagb_author_info":{"display_name":"jinxing6611@gmail.com","author_link":"https:\/\/www.shuntongvehicle.com\/pt\/author\/"},"uagb_comment_info":0,"uagb_excerpt":"Brand:Shuntong Product origin:China Delivery time:20-35 days Supply capacity: 200 Sets\/Month 1.\u00a0 4 axle U shape tipper has different load capacities: 24 cubic meters, 30 cubic meters, 35 cubic meters, 45 cubic meters; 2.We can customize U shape tipper semi trailer according to customer requirements.","_links":{"self":[{"href":"https:\/\/www.shuntongvehicle.com\/pt\/wp-json\/wp\/v2\/product\/4941","targetHints":{"allow":["GET"]}}],"collection":[{"href":"https:\/\/www.shuntongvehicle.com\/pt\/wp-json\/wp\/v2\/product"}],"about":[{"href":"https:\/\/www.shuntongvehicle.com\/pt\/wp-json\/wp\/v2\/types\/product"}],"wp:featuredmedia":[{"embeddable":true,"href":"https:\/\/www.shuntongvehicle.com\/pt\/wp-json\/wp\/v2\/media\/4948"}],"wp:attachment":[{"href":"https:\/\/www.shuntongvehicle.com\/pt\/wp-json\/wp\/v2\/media?parent=4941"}],"wp:term":[{"taxonomy":"product_brand","embeddable":true,"href":"https:\/\/www.shuntongvehicle.com\/pt\/wp-json\/wp\/v2\/product_brand?post=4941"},{"taxonomy":"product_cat","embeddable":true,"href":"https:\/\/www.shuntongvehicle.com\/pt\/wp-json\/wp\/v2\/product_cat?post=4941"},{"taxonomy":"product_tag","embeddable":true,"href":"https:\/\/www.shuntongvehicle.com\/pt\/wp-json\/wp\/v2\/product_tag?post=4941"}],"curies":[{"name":"wp","href":"https:\/\/api.w.org\/{rel}","templated":true}]}}