{"id":5297,"date":"2026-01-27T02:13:00","date_gmt":"2026-01-27T02:13:00","guid":{"rendered":"http:\/\/www.shuntongvehicle.com\/?post_type=product&#038;p=5297"},"modified":"2026-02-06T01:51:47","modified_gmt":"2026-02-06T01:51:47","slug":"3-axle-transport-semi-box-truck-trailer","status":"publish","type":"product","link":"https:\/\/www.shuntongvehicle.com\/pt\/product\/3-axle-transport-semi-box-truck-trailer\/","title":{"rendered":"Semi Box Truck Trailer de 3 eixos para transporte"},"content":{"rendered":"<h3>Semirreboque tipo caixa com asas abertas<\/h3>\n<p>1. Os principais componentes do trailer s\u00e3o processados por equipamentos avan\u00e7ados, e as vigas longitudinais s\u00e3o soldadas por uma m\u00e1quina de solda a arco submerso de rastreamento totalmente autom\u00e1tico importada dos Estados Unidos.<\/p>\n<p>2. A estrutura do reboque adota a estrutura de estrutura espacial soldada por chapa de a\u00e7o para ve\u00edculos 16Mn e chapa de a\u00e7o de alta resist\u00eancia, viga longitudinal soldada e viga penetrante integral.<\/p>\n<p>3. Eixos de marca de alta qualidade, sistema de freio antibloqueio ABS opcional, melhoram a seguran\u00e7a da condu\u00e7\u00e3o do reboque.<\/p>\n<p>4. Estojo de ferramentas \u00e0 prova d'\u00e1gua, superdimensionado e destac\u00e1vel.<\/p>\n<p>5. O freio de corte a ar de circuito duplo seguro e confi\u00e1vel \u00e9 adotado, a v\u00e1lvula de libera\u00e7\u00e3o r\u00e1pida \u00e9 instalada no sistema e a sub-bomba \u00e9 usada para retornar rapidamente \u00e0 posi\u00e7\u00e3o durante a frenagem.<\/p>\n<p><img alt=\"\" fetchpriority=\"high\" decoding=\"async\" class=\"alignnone size-full wp-image-5303\" src=\"http:\/\/www.shuntongvehicle.com\/wp-content\/uploads\/2026\/01\/3758-202310231359262978.jpg\" width=\"750\" height=\"750\" srcset=\"https:\/\/www.shuntongvehicle.com\/wp-content\/uploads\/2026\/01\/3758-202310231359262978.jpg 750w, https:\/\/www.shuntongvehicle.com\/wp-content\/uploads\/2026\/01\/3758-202310231359262978-300x300.jpg 300w, https:\/\/www.shuntongvehicle.com\/wp-content\/uploads\/2026\/01\/3758-202310231359262978-150x150.jpg 150w, https:\/\/www.shuntongvehicle.com\/wp-content\/uploads\/2026\/01\/3758-202310231359262978-12x12.jpg 12w, https:\/\/www.shuntongvehicle.com\/wp-content\/uploads\/2026\/01\/3758-202310231359262978-600x600.jpg 600w, https:\/\/www.shuntongvehicle.com\/wp-content\/uploads\/2026\/01\/3758-202310231359262978-100x100.jpg 100w\" sizes=\"(max-width: 750px) 100vw, 750px\" \/><\/p>\n<h4>Especifica\u00e7\u00e3o<\/h4>\n<table width=\"800\" data-sort=\"sortDisabled\">\n<tbody>\n<tr class=\"firstRow\">\n<td colspan=\"2\" rowspan=\"1\" valign=\"top\"><strong>Peso<\/strong><\/td>\n<\/tr>\n<tr>\n<td valign=\"top\" width=\"474\">Peso de tara<\/td>\n<td valign=\"top\" width=\"325\">8000kg-14000kg<\/td>\n<\/tr>\n<tr>\n<td valign=\"top\" width=\"474\">Capacidade de carga<\/td>\n<td valign=\"top\" width=\"325\">30T-70T<\/td>\n<\/tr>\n<tr>\n<td valign=\"top\" width=\"474\">Peso do eixo Carga<\/td>\n<td valign=\"top\" width=\"325\">13T ou 16T<\/td>\n<\/tr>\n<\/tbody>\n<\/table>\n<table width=\"800\" data-sort=\"sortDisabled\">\n<tbody>\n<tr>\n<td colspan=\"2\" rowspan=\"1\" valign=\"top\"><strong>Especifica\u00e7\u00e3o<\/strong><\/td>\n<\/tr>\n<tr>\n<td valign=\"top\" width=\"325\">N\u00famero do eixo<\/td>\n<td valign=\"top\" width=\"474\">2-\u00a04<\/td>\n<\/tr>\n<tr>\n<td valign=\"top\" width=\"325\">Marca do eixo<\/td>\n<td valign=\"top\" width=\"474\">Fuwa\/BPW\/Opcional mediante escolha<\/td>\n<\/tr>\n<tr>\n<td valign=\"top\" width=\"325\">Suspens\u00e3o<\/td>\n<td valign=\"top\" width=\"474\">Mec\u00e2nica comum<\/td>\n<\/tr>\n<tr>\n<td valign=\"top\" width=\"325\">Pino-rei<\/td>\n<td valign=\"top\" width=\"474\">Pino de tra\u00e7\u00e3o de 2\u2033 ou 3,5<\/td>\n<\/tr>\n<tr>\n<td colspan=\"1\" rowspan=\"1\" valign=\"top\" width=\"325\">Dimens\u00f5es (CxLxA)<\/td>\n<td colspan=\"1\" rowspan=\"1\" valign=\"top\" width=\"474\">12400~18000\u00d72500~3200\u00d7(1500+1800)mm<\/td>\n<\/tr>\n<tr>\n<td colspan=\"1\" rowspan=\"1\" valign=\"top\" width=\"325\">Espessura da caixa<\/td>\n<td colspan=\"1\" rowspan=\"1\" valign=\"top\" width=\"474\">2 mm<\/td>\n<\/tr>\n<tr>\n<td colspan=\"1\" rowspan=\"1\" valign=\"top\" width=\"325\">Pernas de apoio<\/td>\n<td colspan=\"1\" rowspan=\"1\" valign=\"top\" width=\"474\">28T<\/td>\n<\/tr>\n<tr>\n<td colspan=\"1\" rowspan=\"1\" valign=\"top\" width=\"325\">Aro de roda<\/td>\n<td colspan=\"1\" rowspan=\"1\" valign=\"top\" width=\"474\">Aro de roda de a\u00e7o 8.5-20, 9.0-20, 8.28-22.5, 9.0-22.5 \/ opcional mediante escolha<\/td>\n<\/tr>\n<tr>\n<td colspan=\"1\" rowspan=\"1\" valign=\"top\" width=\"325\">Dist\u00e2ncia entre eixos<\/td>\n<td colspan=\"1\" rowspan=\"1\" valign=\"top\" width=\"474\">7180\/6680\/6260+1310+1310mm<\/td>\n<\/tr>\n<tr>\n<td colspan=\"1\" rowspan=\"1\" valign=\"top\" width=\"325\">Mola de a\u00e7o<\/td>\n<td colspan=\"1\" rowspan=\"1\" valign=\"top\" width=\"474\">10-13 pe\u00e7as por eixo<\/td>\n<\/tr>\n<tr>\n<td colspan=\"1\" rowspan=\"1\" valign=\"top\" width=\"325\">Trem de pouso<\/td>\n<td colspan=\"1\" rowspan=\"1\" valign=\"top\" width=\"474\">Opera\u00e7\u00e3o manual, trem de pouso refor\u00e7ado (marca opcional \u00e0 escolha)<\/td>\n<\/tr>\n<tr>\n<td colspan=\"1\" rowspan=\"1\" valign=\"top\" width=\"325\">Piso<\/td>\n<td colspan=\"1\" rowspan=\"1\" valign=\"top\" width=\"474\">3-5 Placa de a\u00e7o diamantada<\/td>\n<\/tr>\n<tr>\n<td colspan=\"1\" rowspan=\"1\" valign=\"top\" width=\"325\">Acess\u00f3rios<\/td>\n<td colspan=\"1\" rowspan=\"1\" valign=\"top\" width=\"474\">1 conjunto de caixa de ferramentas padr\u00e3o<\/td>\n<\/tr>\n<tr>\n<td colspan=\"1\" rowspan=\"1\" valign=\"top\" width=\"325\">Luz<\/td>\n<td colspan=\"1\" rowspan=\"1\" valign=\"top\" width=\"474\">Lanterna traseira com pisca-pisca, luz de freio e refletor, lanterna lateral etc.<\/td>\n<\/tr>\n<tr>\n<td colspan=\"1\" rowspan=\"1\" valign=\"top\" width=\"325\">Pintura<\/td>\n<td colspan=\"1\" rowspan=\"1\" valign=\"top\" width=\"474\">1 dem\u00e3o de base anticorrosiva, duas dem\u00e3os de tinta final<\/td>\n<\/tr>\n<\/tbody>\n<\/table>\n<table width=\"800\" data-sort=\"sortDisabled\">\n<tbody>\n<tr>\n<td colspan=\"2\" rowspan=\"1\" valign=\"top\"><strong>Pneu<\/strong><\/td>\n<\/tr>\n<tr>\n<td colspan=\"1\" rowspan=\"1\" valign=\"top\" width=\"474\">Especifica\u00e7\u00f5es do pneu<\/td>\n<td colspan=\"1\" rowspan=\"1\" valign=\"top\" width=\"325\">Pneu a v\u00e1cuo 12R22.5\/11.00R20 com fio de a\u00e7o<\/td>\n<\/tr>\n<tr>\n<td colspan=\"1\" rowspan=\"1\" valign=\"top\" width=\"474\">N\u00famero de pneus<\/td>\n<td colspan=\"1\" rowspan=\"1\" valign=\"top\" width=\"325\">8 ou 12 ou 16 pe\u00e7as<\/td>\n<\/tr>\n<tr>\n<td colspan=\"1\" rowspan=\"1\" valign=\"top\" width=\"474\">Porta-pneus sobressalentes<\/td>\n<td colspan=\"1\" rowspan=\"1\" valign=\"top\" width=\"325\">2 pe\u00e7as<\/td>\n<\/tr>\n<\/tbody>\n<\/table>\n<table width=\"800\" data-sort=\"sortDisabled\">\n<tbody>\n<tr>\n<td colspan=\"2\" rowspan=\"1\" valign=\"top\"><strong>Moldura<\/strong><\/td>\n<\/tr>\n<tr>\n<td colspan=\"1\" rowspan=\"1\" valign=\"top\" width=\"325\">Feixe principal<\/td>\n<td colspan=\"1\" rowspan=\"1\" valign=\"top\" width=\"474\">A altura da viga \u00e9 de 500 a 550 mm;<\/p>\n<p>Placa superior: 14-18 mm; placa inferior: 16-20 mm;<\/p>\n<p>A placa intermedi\u00e1ria tem de 8 a 12 mm.<\/td>\n<\/tr>\n<\/tbody>\n<\/table>\n<table width=\"800\" data-sort=\"sortDisabled\">\n<tbody>\n<tr>\n<td colspan=\"2\" rowspan=\"1\" valign=\"top\"><strong>Freio<\/strong><\/td>\n<\/tr>\n<tr>\n<td colspan=\"1\" rowspan=\"1\" valign=\"top\" width=\"474\">Marca do freio<\/td>\n<td colspan=\"1\" rowspan=\"1\" valign=\"top\" width=\"undefined\">Opcional mediante escolha<\/td>\n<\/tr>\n<tr>\n<td colspan=\"1\" rowspan=\"1\" valign=\"top\" width=\"undefined\">C\u00e2mara de freio<\/td>\n<td colspan=\"1\" rowspan=\"1\" valign=\"top\" width=\"undefined\">Seis c\u00e2maras grandes (marca opcional mediante escolha)<\/td>\n<\/tr>\n<tr>\n<td colspan=\"1\" rowspan=\"1\" valign=\"top\" width=\"undefined\">Sistema de freio<\/td>\n<td colspan=\"1\" rowspan=\"1\" valign=\"top\" width=\"undefined\">Sistema de freio de linha dupla (ABS opcional mediante escolha)<\/td>\n<\/tr>\n<\/tbody>\n<\/table>\n<p><img alt=\"\" decoding=\"async\" class=\"alignnone size-full wp-image-5304\" src=\"http:\/\/www.shuntongvehicle.com\/wp-content\/uploads\/2026\/01\/3758-202311151449013554.jpg\" width=\"750\" height=\"750\" srcset=\"https:\/\/www.shuntongvehicle.com\/wp-content\/uploads\/2026\/01\/3758-202311151449013554.jpg 750w, https:\/\/www.shuntongvehicle.com\/wp-content\/uploads\/2026\/01\/3758-202311151449013554-300x300.jpg 300w, https:\/\/www.shuntongvehicle.com\/wp-content\/uploads\/2026\/01\/3758-202311151449013554-150x150.jpg 150w, https:\/\/www.shuntongvehicle.com\/wp-content\/uploads\/2026\/01\/3758-202311151449013554-12x12.jpg 12w, https:\/\/www.shuntongvehicle.com\/wp-content\/uploads\/2026\/01\/3758-202311151449013554-600x600.jpg 600w, https:\/\/www.shuntongvehicle.com\/wp-content\/uploads\/2026\/01\/3758-202311151449013554-100x100.jpg 100w\" sizes=\"(max-width: 750px) 100vw, 750px\" \/><\/p>","protected":false},"excerpt":{"rendered":"<p><span style=\"color: #1d2b68;\"><strong>Marca:<\/strong>Shuntong<\/span><br \/>\n<strong><span style=\"color: #1d2b68;\">Origem do produto:<\/span><\/strong>China<br \/>\n<strong><span style=\"color: #1d2b68;\">Prazo de entrega:<\/span><\/strong><span style=\"color: #1d2b68;\">20 a 35 dias<\/span><br \/>\n<span style=\"color: #1d2b68;\"><strong>Capacidade de fornecimento:<\/strong> 200 conjuntos\/m\u00eas<\/span><br \/>\nSemi reboque de transporte de 3 eixos<br \/>\nO semirreboque de transporte de carga \u00e9 um tipo de reboque projetado para transportar mercadorias e materiais por longas dist\u00e2ncias usando um trator ou caminh\u00e3o como fonte de energia.<\/p>","protected":false},"featured_media":5298,"template":"","meta":{"_seopress_robots_primary_cat":"none","_seopress_titles_title":"%%post_title%%","_seopress_titles_desc":"%%post_excerpt%%","_seopress_robots_index":"","_uag_custom_page_level_css":"","site-sidebar-layout":"default","site-content-layout":"","ast-site-content-layout":"default","site-content-style":"default","site-sidebar-style":"default","ast-global-header-display":"","ast-banner-title-visibility":"","ast-main-header-display":"","ast-hfb-above-header-display":"","ast-hfb-below-header-display":"","ast-hfb-mobile-header-display":"","site-post-title":"","ast-breadcrumbs-content":"","ast-featured-img":"","footer-sml-layout":"","theme-transparent-header-meta":"default","adv-header-id-meta":"","stick-header-meta":"default","header-above-stick-meta":"","header-main-stick-meta":"","header-below-stick-meta":"","astra-migrate-meta-layouts":"set","ast-page-background-enabled":"default","ast-page-background-meta":{"desktop":{"background-color":"","background-image":"","background-repeat":"repeat","background-position":"center center","background-size":"auto","background-attachment":"scroll","background-type":"","background-media":"","overlay-type":"","overlay-color":"","overlay-opacity":"","overlay-gradient":""},"tablet":{"background-color":"","background-image":"","background-repeat":"repeat","background-position":"center center","background-size":"auto","background-attachment":"scroll","background-type":"","background-media":"","overlay-type":"","overlay-color":"","overlay-opacity":"","overlay-gradient":""},"mobile":{"background-color":"","background-image":"","background-repeat":"repeat","background-position":"center center","background-size":"auto","background-attachment":"scroll","background-type":"","background-media":"","overlay-type":"","overlay-color":"","overlay-opacity":"","overlay-gradient":""}},"ast-content-background-meta":{"desktop":{"background-color":"var(--ast-global-color-5)","background-image":"","background-repeat":"repeat","background-position":"center center","background-size":"auto","background-attachment":"scroll","background-type":"","background-media":"","overlay-type":"","overlay-color":"","overlay-opacity":"","overlay-gradient":""},"tablet":{"background-color":"var(--ast-global-color-5)","background-image":"","background-repeat":"repeat","background-position":"center center","background-size":"auto","background-attachment":"scroll","background-type":"","background-media":"","overlay-type":"","overlay-color":"","overlay-opacity":"","overlay-gradient":""},"mobile":{"background-color":"var(--ast-global-color-5)","background-image":"","background-repeat":"repeat","background-position":"center center","background-size":"auto","background-attachment":"scroll","background-type":"","background-media":"","overlay-type":"","overlay-color":"","overlay-opacity":"","overlay-gradient":""}}},"product_brand":[],"product_cat":[118],"product_tag":[],"class_list":{"0":"post-5297","1":"product","2":"type-product","3":"status-publish","4":"has-post-thumbnail","6":"product_cat-box-semi-trailer","7":"desktop-align-left","8":"tablet-align-left","9":"mobile-align-left","10":"ast-product-gallery-layout-horizontal-slider","11":"ast-product-tabs-layout-horizontal","13":"first","14":"instock","15":"featured","16":"shipping-taxable","17":"product-type-simple"},"uagb_featured_image_src":{"full":["https:\/\/www.shuntongvehicle.com\/wp-content\/uploads\/2026\/01\/3758-202310231358525642.webp",750,750,false],"thumbnail":["https:\/\/www.shuntongvehicle.com\/wp-content\/uploads\/2026\/01\/3758-202310231358525642-150x150.webp",150,150,true],"medium":["https:\/\/www.shuntongvehicle.com\/wp-content\/uploads\/2026\/01\/3758-202310231358525642-300x300.webp",300,300,true],"medium_large":["https:\/\/www.shuntongvehicle.com\/wp-content\/uploads\/2026\/01\/3758-202310231358525642.webp",750,750,false],"large":["https:\/\/www.shuntongvehicle.com\/wp-content\/uploads\/2026\/01\/3758-202310231358525642.webp",750,750,false],"1536x1536":["https:\/\/www.shuntongvehicle.com\/wp-content\/uploads\/2026\/01\/3758-202310231358525642.webp",750,750,false],"2048x2048":["https:\/\/www.shuntongvehicle.com\/wp-content\/uploads\/2026\/01\/3758-202310231358525642.webp",750,750,false],"trp-custom-language-flag":["https:\/\/www.shuntongvehicle.com\/wp-content\/uploads\/2026\/01\/3758-202310231358525642-12x12.webp",12,12,true],"woocommerce_thumbnail":["https:\/\/www.shuntongvehicle.com\/wp-content\/uploads\/2026\/01\/3758-202310231358525642-600x600.webp",600,600,true],"woocommerce_single":["https:\/\/www.shuntongvehicle.com\/wp-content\/uploads\/2026\/01\/3758-202310231358525642-600x600.webp",600,600,true],"woocommerce_gallery_thumbnail":["https:\/\/www.shuntongvehicle.com\/wp-content\/uploads\/2026\/01\/3758-202310231358525642-100x100.webp",100,100,true]},"uagb_author_info":{"display_name":"jinxing6611@gmail.com","author_link":"https:\/\/www.shuntongvehicle.com\/pt\/author\/"},"uagb_comment_info":0,"uagb_excerpt":"Brand:Shuntong Product origin:China Delivery time:20-35 days Supply capacity: 200 Sets\/Month 3 Axle Transport Semi Trailer Cargo transport semi-trailer is a type of trailer designed to haul goods and materials over long distances using a tractor or truck as the power source.","_links":{"self":[{"href":"https:\/\/www.shuntongvehicle.com\/pt\/wp-json\/wp\/v2\/product\/5297","targetHints":{"allow":["GET"]}}],"collection":[{"href":"https:\/\/www.shuntongvehicle.com\/pt\/wp-json\/wp\/v2\/product"}],"about":[{"href":"https:\/\/www.shuntongvehicle.com\/pt\/wp-json\/wp\/v2\/types\/product"}],"wp:featuredmedia":[{"embeddable":true,"href":"https:\/\/www.shuntongvehicle.com\/pt\/wp-json\/wp\/v2\/media\/5298"}],"wp:attachment":[{"href":"https:\/\/www.shuntongvehicle.com\/pt\/wp-json\/wp\/v2\/media?parent=5297"}],"wp:term":[{"taxonomy":"product_brand","embeddable":true,"href":"https:\/\/www.shuntongvehicle.com\/pt\/wp-json\/wp\/v2\/product_brand?post=5297"},{"taxonomy":"product_cat","embeddable":true,"href":"https:\/\/www.shuntongvehicle.com\/pt\/wp-json\/wp\/v2\/product_cat?post=5297"},{"taxonomy":"product_tag","embeddable":true,"href":"https:\/\/www.shuntongvehicle.com\/pt\/wp-json\/wp\/v2\/product_tag?post=5297"}],"curies":[{"name":"wp","href":"https:\/\/api.w.org\/{rel}","templated":true}]}}