{"id":5663,"date":"2026-02-02T00:50:32","date_gmt":"2026-02-02T00:50:32","guid":{"rendered":"http:\/\/www.shuntongvehicle.com\/?post_type=product&#038;p=5663"},"modified":"2026-02-03T03:27:21","modified_gmt":"2026-02-03T03:27:21","slug":"professional-heavy-duty-engineering-shacman-x3000-dump-truck","status":"publish","type":"product","link":"https:\/\/www.shuntongvehicle.com\/pt\/product\/professional-heavy-duty-engineering-shacman-x3000-dump-truck\/","title":{"rendered":"Caminh\u00e3o basculante Shacman X3000 de engenharia profissional para servi\u00e7os pesados"},"content":{"rendered":"<h3>Especifica\u00e7\u00e3o<\/h3>\n<table class=\"rich-text-table\">\n<tbody>\n<tr>\n<td class=\"td-view\" colspan=\"1\" rowspan=\"1\" data-row=\"0\" data-col=\"0\">\n<div>Condi\u00e7\u00e3o<\/div>\n<\/td>\n<td class=\"td-view\" colspan=\"1\" rowspan=\"1\" data-row=\"0\" data-col=\"1\">\n<div>Novo<\/div>\n<\/td>\n<\/tr>\n<tr>\n<td class=\"td-view\" colspan=\"1\" rowspan=\"1\" data-row=\"1\" data-col=\"0\">\n<div>Tipo de acionamento<\/div>\n<\/td>\n<td class=\"td-view\" colspan=\"1\" rowspan=\"1\" data-row=\"1\" data-col=\"1\">\n<div>6X4<\/div>\n<\/td>\n<\/tr>\n<tr>\n<td class=\"td-view\" colspan=\"1\" rowspan=\"1\" data-row=\"2\" data-col=\"0\">\n<div>Marca<\/div>\n<\/td>\n<td class=\"td-view\" colspan=\"1\" rowspan=\"1\" data-row=\"2\" data-col=\"1\">\n<div>SHACMAN<\/div>\n<\/td>\n<\/tr>\n<tr>\n<td class=\"td-view\" colspan=\"1\" rowspan=\"1\" data-row=\"3\" data-col=\"0\">\n<div>Marca do motor<\/div>\n<\/td>\n<td class=\"td-view\" colspan=\"1\" rowspan=\"1\" data-row=\"3\" data-col=\"1\">\n<div>Weichai 11L<\/div>\n<\/td>\n<\/tr>\n<tr>\n<td class=\"td-view\" colspan=\"1\" rowspan=\"1\" data-row=\"4\" data-col=\"0\">\n<div>Garantia<\/div>\n<\/td>\n<td class=\"td-view\" colspan=\"1\" rowspan=\"1\" data-row=\"4\" data-col=\"1\">\n<div>1 ano<\/div>\n<\/td>\n<\/tr>\n<tr>\n<td class=\"td-view\" colspan=\"1\" rowspan=\"1\" data-row=\"5\" data-col=\"0\">\n<div>Pot\u00eancia do motor<\/div>\n<\/td>\n<td class=\"td-view\" colspan=\"1\" rowspan=\"1\" data-row=\"5\" data-col=\"1\">\n<div>480HP<\/div>\n<\/td>\n<\/tr>\n<tr>\n<td class=\"td-view\" colspan=\"1\" rowspan=\"1\" data-row=\"6\" data-col=\"0\">\n<div>Peso (KG)<\/div>\n<\/td>\n<td class=\"td-view\" colspan=\"1\" rowspan=\"1\" data-row=\"6\" data-col=\"1\">\n<div>19000 kg<\/div>\n<\/td>\n<\/tr>\n<tr>\n<td class=\"td-view\" colspan=\"1\" rowspan=\"1\" data-row=\"7\" data-col=\"0\">\n<div>Garantia de pe\u00e7as de desgaste<\/div>\n<\/td>\n<td class=\"td-view\" colspan=\"1\" rowspan=\"1\" data-row=\"7\" data-col=\"1\">\n<div>Componentes principais: Garantia de 1 ano<\/div>\n<\/td>\n<\/tr>\n<\/tbody>\n<\/table>\n<div>O caminh\u00e3o basculante Shacman x3000 6\u00d74 foi projetado para log\u00edstica pesada e transporte de longa dist\u00e2ncia, oferecendo desempenho potente, durabilidade e opera\u00e7\u00e3o confi\u00e1vel para tarefas de transporte exigentes.<\/div>\n<div class=\"br-block\"><\/div>\n<div><strong>Motor diesel de 480HP:<\/strong> desempenho confi\u00e1vel para cargas pesadas: Equipado com um robusto motor diesel de 6 cilindros e turboalimentado de 480 HP, esse caminh\u00e3o oferece torque forte, alta acelera\u00e7\u00e3o e opera\u00e7\u00e3o est\u00e1vel sob condi\u00e7\u00f5es cont\u00ednuas de carga pesada. Ideal para transporte de cont\u00eaineres, carga a granel, materiais de constru\u00e7\u00e3o e frete de longa dist\u00e2ncia.<\/div>\n<div><strong>Trem de for\u00e7a 6\u00d74: tra\u00e7\u00e3o e capacidade de carga superiores:<\/strong>\u00a0A configura\u00e7\u00e3o de tra\u00e7\u00e3o 6\u00d74 oferece excelente for\u00e7a de tra\u00e7\u00e3o, tra\u00e7\u00e3o aprimorada e manuseio est\u00e1vel em declives, estradas irregulares e rotas de longa dist\u00e2ncia. Perfeito para portos, frete rodovi\u00e1rio, log\u00edstica de minera\u00e7\u00e3o e transporte de materiais em canteiros de obras.<\/div>\n<div><strong>Chassi refor\u00e7ado e eixos para servi\u00e7o pesado:\u00a0<\/strong>durabilidade em condi\u00e7\u00f5es exigentes: Constru\u00eddo com um forte chassi de estrutura em escada e eixos dianteiro e traseiro dur\u00e1veis, o caminh\u00e3o mant\u00e9m a estabilidade estrutural sob cargas pesadas. A suspens\u00e3o refor\u00e7ada, os pneus de alta resist\u00eancia e o sistema de freios confi\u00e1vel garantem um desempenho seguro em ambientes de transporte desafiadores.<\/div>\n<div><strong>Cabine voltada para o motorista:\u00a0<\/strong>conforto para viagens de longa dist\u00e2ncia: A cabine espa\u00e7osa apresenta uma cama-cama, assento do motorista ajust\u00e1vel, ar-condicionado e layout ergon\u00f4mico do painel, reduzindo a fadiga durante viagens de longa dist\u00e2ncia. Os upgrades opcionais incluem cama dupla, assento com suspens\u00e3o a ar e sistema multim\u00eddia para maior conforto e efici\u00eancia operacional.<\/div>\n<div><img alt=\"\" fetchpriority=\"high\" decoding=\"async\" class=\"alignnone size-full wp-image-5670\" src=\"http:\/\/www.shuntongvehicle.com\/wp-content\/uploads\/2026\/02\/1.webp\" width=\"800\" height=\"800\" srcset=\"https:\/\/www.shuntongvehicle.com\/wp-content\/uploads\/2026\/02\/1.webp 800w, https:\/\/www.shuntongvehicle.com\/wp-content\/uploads\/2026\/02\/1-300x300.webp 300w, https:\/\/www.shuntongvehicle.com\/wp-content\/uploads\/2026\/02\/1-150x150.webp 150w, https:\/\/www.shuntongvehicle.com\/wp-content\/uploads\/2026\/02\/1-768x768.webp 768w, https:\/\/www.shuntongvehicle.com\/wp-content\/uploads\/2026\/02\/1-12x12.webp 12w, https:\/\/www.shuntongvehicle.com\/wp-content\/uploads\/2026\/02\/1-600x600.webp 600w, https:\/\/www.shuntongvehicle.com\/wp-content\/uploads\/2026\/02\/1-100x100.webp 100w\" sizes=\"(max-width: 800px) 100vw, 800px\" \/><\/div>\n<div>\n<div id='gallery-1' class='gallery galleryid-5663 gallery-columns-3 gallery-size-full'><figure class='gallery-item'>\n\t\t\t<div class='gallery-icon landscape'>\n\t\t\t\t<a href='https:\/\/www.shuntongvehicle.com\/pt\/?attachment_id=5671'><img decoding=\"async\" width=\"800\" height=\"800\" src=\"https:\/\/www.shuntongvehicle.com\/wp-content\/uploads\/2026\/02\/Professional-Heavy-Duty-Engineering-Shacman-X3000-Dump-Truck-1-1.webp\" class=\"attachment-full size-full\" alt=\"\" srcset=\"https:\/\/www.shuntongvehicle.com\/wp-content\/uploads\/2026\/02\/Professional-Heavy-Duty-Engineering-Shacman-X3000-Dump-Truck-1-1.webp 800w, https:\/\/www.shuntongvehicle.com\/wp-content\/uploads\/2026\/02\/Professional-Heavy-Duty-Engineering-Shacman-X3000-Dump-Truck-1-1-300x300.webp 300w, https:\/\/www.shuntongvehicle.com\/wp-content\/uploads\/2026\/02\/Professional-Heavy-Duty-Engineering-Shacman-X3000-Dump-Truck-1-1-150x150.webp 150w, https:\/\/www.shuntongvehicle.com\/wp-content\/uploads\/2026\/02\/Professional-Heavy-Duty-Engineering-Shacman-X3000-Dump-Truck-1-1-768x768.webp 768w, https:\/\/www.shuntongvehicle.com\/wp-content\/uploads\/2026\/02\/Professional-Heavy-Duty-Engineering-Shacman-X3000-Dump-Truck-1-1-12x12.webp 12w, https:\/\/www.shuntongvehicle.com\/wp-content\/uploads\/2026\/02\/Professional-Heavy-Duty-Engineering-Shacman-X3000-Dump-Truck-1-1-600x600.webp 600w, https:\/\/www.shuntongvehicle.com\/wp-content\/uploads\/2026\/02\/Professional-Heavy-Duty-Engineering-Shacman-X3000-Dump-Truck-1-1-100x100.webp 100w\" sizes=\"(max-width: 800px) 100vw, 800px\" \/><\/a>\n\t\t\t<\/div><\/figure><figure class='gallery-item'>\n\t\t\t<div class='gallery-icon landscape'>\n\t\t\t\t<a href='https:\/\/www.shuntongvehicle.com\/pt\/?attachment_id=5672'><img decoding=\"async\" width=\"800\" height=\"800\" src=\"https:\/\/www.shuntongvehicle.com\/wp-content\/uploads\/2026\/02\/Professional-Heavy-Duty-Engineering-Shacman-X3000-Dump-Truck-6.webp\" class=\"attachment-full size-full\" alt=\"\" srcset=\"https:\/\/www.shuntongvehicle.com\/wp-content\/uploads\/2026\/02\/Professional-Heavy-Duty-Engineering-Shacman-X3000-Dump-Truck-6.webp 800w, https:\/\/www.shuntongvehicle.com\/wp-content\/uploads\/2026\/02\/Professional-Heavy-Duty-Engineering-Shacman-X3000-Dump-Truck-6-300x300.webp 300w, https:\/\/www.shuntongvehicle.com\/wp-content\/uploads\/2026\/02\/Professional-Heavy-Duty-Engineering-Shacman-X3000-Dump-Truck-6-150x150.webp 150w, https:\/\/www.shuntongvehicle.com\/wp-content\/uploads\/2026\/02\/Professional-Heavy-Duty-Engineering-Shacman-X3000-Dump-Truck-6-768x768.webp 768w, https:\/\/www.shuntongvehicle.com\/wp-content\/uploads\/2026\/02\/Professional-Heavy-Duty-Engineering-Shacman-X3000-Dump-Truck-6-12x12.webp 12w, https:\/\/www.shuntongvehicle.com\/wp-content\/uploads\/2026\/02\/Professional-Heavy-Duty-Engineering-Shacman-X3000-Dump-Truck-6-600x600.webp 600w, https:\/\/www.shuntongvehicle.com\/wp-content\/uploads\/2026\/02\/Professional-Heavy-Duty-Engineering-Shacman-X3000-Dump-Truck-6-100x100.webp 100w\" sizes=\"(max-width: 800px) 100vw, 800px\" \/><\/a>\n\t\t\t<\/div><\/figure>\n\t\t<\/div>\n\n<\/div>\n<p>&nbsp;<\/p>","protected":false},"excerpt":{"rendered":"<p>O caminh\u00e3o basculante Shacman x3000 6\u00d74 foi projetado para log\u00edstica pesada e transporte de longa dist\u00e2ncia, oferecendo desempenho potente, durabilidade e opera\u00e7\u00e3o confi\u00e1vel para tarefas de transporte exigentes.<\/p>","protected":false},"featured_media":5664,"template":"","meta":{"_seopress_robots_primary_cat":"none","_seopress_titles_title":"%%post_title%%","_seopress_titles_desc":"%%post_excerpt%%","_seopress_robots_index":"","_uag_custom_page_level_css":"","site-sidebar-layout":"default","site-content-layout":"","ast-site-content-layout":"default","site-content-style":"default","site-sidebar-style":"default","ast-global-header-display":"","ast-banner-title-visibility":"","ast-main-header-display":"","ast-hfb-above-header-display":"","ast-hfb-below-header-display":"","ast-hfb-mobile-header-display":"","site-post-title":"","ast-breadcrumbs-content":"","ast-featured-img":"","footer-sml-layout":"","theme-transparent-header-meta":"default","adv-header-id-meta":"","stick-header-meta":"default","header-above-stick-meta":"","header-main-stick-meta":"","header-below-stick-meta":"","astra-migrate-meta-layouts":"set","ast-page-background-enabled":"default","ast-page-background-meta":{"desktop":{"background-color":"","background-image":"","background-repeat":"repeat","background-position":"center center","background-size":"auto","background-attachment":"scroll","background-type":"","background-media":"","overlay-type":"","overlay-color":"","overlay-opacity":"","overlay-gradient":""},"tablet":{"background-color":"","background-image":"","background-repeat":"repeat","background-position":"center center","background-size":"auto","background-attachment":"scroll","background-type":"","background-media":"","overlay-type":"","overlay-color":"","overlay-opacity":"","overlay-gradient":""},"mobile":{"background-color":"","background-image":"","background-repeat":"repeat","background-position":"center center","background-size":"auto","background-attachment":"scroll","background-type":"","background-media":"","overlay-type":"","overlay-color":"","overlay-opacity":"","overlay-gradient":""}},"ast-content-background-meta":{"desktop":{"background-color":"var(--ast-global-color-5)","background-image":"","background-repeat":"repeat","background-position":"center center","background-size":"auto","background-attachment":"scroll","background-type":"","background-media":"","overlay-type":"","overlay-color":"","overlay-opacity":"","overlay-gradient":""},"tablet":{"background-color":"var(--ast-global-color-5)","background-image":"","background-repeat":"repeat","background-position":"center center","background-size":"auto","background-attachment":"scroll","background-type":"","background-media":"","overlay-type":"","overlay-color":"","overlay-opacity":"","overlay-gradient":""},"mobile":{"background-color":"var(--ast-global-color-5)","background-image":"","background-repeat":"repeat","background-position":"center center","background-size":"auto","background-attachment":"scroll","background-type":"","background-media":"","overlay-type":"","overlay-color":"","overlay-opacity":"","overlay-gradient":""}}},"product_brand":[],"product_cat":[88],"product_tag":[],"class_list":{"0":"post-5663","1":"product","2":"type-product","3":"status-publish","4":"has-post-thumbnail","6":"product_cat-shacman-6x4-dump-truck","7":"desktop-align-left","8":"tablet-align-left","9":"mobile-align-left","10":"ast-product-gallery-layout-horizontal-slider","11":"ast-product-tabs-layout-horizontal","13":"first","14":"instock","15":"featured","16":"shipping-taxable","17":"product-type-simple"},"uagb_featured_image_src":{"full":["https:\/\/www.shuntongvehicle.com\/wp-content\/uploads\/2026\/02\/Professional-Heavy-Duty-Engineering-Shacman-X3000-Dump-Truck-1.webp",550,550,false],"thumbnail":["https:\/\/www.shuntongvehicle.com\/wp-content\/uploads\/2026\/02\/Professional-Heavy-Duty-Engineering-Shacman-X3000-Dump-Truck-1-150x150.webp",150,150,true],"medium":["https:\/\/www.shuntongvehicle.com\/wp-content\/uploads\/2026\/02\/Professional-Heavy-Duty-Engineering-Shacman-X3000-Dump-Truck-1-300x300.webp",300,300,true],"medium_large":["https:\/\/www.shuntongvehicle.com\/wp-content\/uploads\/2026\/02\/Professional-Heavy-Duty-Engineering-Shacman-X3000-Dump-Truck-1.webp",550,550,false],"large":["https:\/\/www.shuntongvehicle.com\/wp-content\/uploads\/2026\/02\/Professional-Heavy-Duty-Engineering-Shacman-X3000-Dump-Truck-1.webp",550,550,false],"1536x1536":["https:\/\/www.shuntongvehicle.com\/wp-content\/uploads\/2026\/02\/Professional-Heavy-Duty-Engineering-Shacman-X3000-Dump-Truck-1.webp",550,550,false],"2048x2048":["https:\/\/www.shuntongvehicle.com\/wp-content\/uploads\/2026\/02\/Professional-Heavy-Duty-Engineering-Shacman-X3000-Dump-Truck-1.webp",550,550,false],"trp-custom-language-flag":["https:\/\/www.shuntongvehicle.com\/wp-content\/uploads\/2026\/02\/Professional-Heavy-Duty-Engineering-Shacman-X3000-Dump-Truck-1-12x12.webp",12,12,true],"woocommerce_thumbnail":["https:\/\/www.shuntongvehicle.com\/wp-content\/uploads\/2026\/02\/Professional-Heavy-Duty-Engineering-Shacman-X3000-Dump-Truck-1.webp",550,550,false],"woocommerce_single":["https:\/\/www.shuntongvehicle.com\/wp-content\/uploads\/2026\/02\/Professional-Heavy-Duty-Engineering-Shacman-X3000-Dump-Truck-1.webp",550,550,false],"woocommerce_gallery_thumbnail":["https:\/\/www.shuntongvehicle.com\/wp-content\/uploads\/2026\/02\/Professional-Heavy-Duty-Engineering-Shacman-X3000-Dump-Truck-1-100x100.webp",100,100,true]},"uagb_author_info":{"display_name":"jinxing6611@gmail.com","author_link":"https:\/\/www.shuntongvehicle.com\/pt\/author\/"},"uagb_comment_info":0,"uagb_excerpt":"The\u00a0Shacman x3000 6\u00d74 Dump Truck\u00a0is designed for heavy-duty logistics and long-distance haulage, offering powerful performance, durability, and reliable operation for demanding transport tasks.","_links":{"self":[{"href":"https:\/\/www.shuntongvehicle.com\/pt\/wp-json\/wp\/v2\/product\/5663","targetHints":{"allow":["GET"]}}],"collection":[{"href":"https:\/\/www.shuntongvehicle.com\/pt\/wp-json\/wp\/v2\/product"}],"about":[{"href":"https:\/\/www.shuntongvehicle.com\/pt\/wp-json\/wp\/v2\/types\/product"}],"wp:featuredmedia":[{"embeddable":true,"href":"https:\/\/www.shuntongvehicle.com\/pt\/wp-json\/wp\/v2\/media\/5664"}],"wp:attachment":[{"href":"https:\/\/www.shuntongvehicle.com\/pt\/wp-json\/wp\/v2\/media?parent=5663"}],"wp:term":[{"taxonomy":"product_brand","embeddable":true,"href":"https:\/\/www.shuntongvehicle.com\/pt\/wp-json\/wp\/v2\/product_brand?post=5663"},{"taxonomy":"product_cat","embeddable":true,"href":"https:\/\/www.shuntongvehicle.com\/pt\/wp-json\/wp\/v2\/product_cat?post=5663"},{"taxonomy":"product_tag","embeddable":true,"href":"https:\/\/www.shuntongvehicle.com\/pt\/wp-json\/wp\/v2\/product_tag?post=5663"}],"curies":[{"name":"wp","href":"https:\/\/api.w.org\/{rel}","templated":true}]}}