{"id":5673,"date":"2026-02-02T02:30:03","date_gmt":"2026-02-02T02:30:03","guid":{"rendered":"http:\/\/www.shuntongvehicle.com\/?post_type=product&#038;p=5673"},"modified":"2026-02-02T02:54:24","modified_gmt":"2026-02-02T02:54:24","slug":"good-condition-6x4-10-wheeler-380hp-manual-diesel-tipper-mining-truck-euro3-used-shacman-f3000-dump-truck-for-sale","status":"publish","type":"product","link":"https:\/\/www.shuntongvehicle.com\/pt\/product\/good-condition-6x4-10-wheeler-380hp-manual-diesel-tipper-mining-truck-euro3-used-shacman-f3000-dump-truck-for-sale\/","title":{"rendered":"Bom estado 6X4 10 rodas 380HP Caminh\u00e3o basculante manual a diesel para minera\u00e7\u00e3o Euro3 Caminh\u00e3o basculante Shacman F3000 usado para venda"},"content":{"rendered":"<p><b>Dump trucks<\/b>\u00a0are mainly used for transporting bulk and stackable goods (such as sand, soil, ore, and crops), as well as for transporting packaged goods. Therefore, dump trucks mainly serve building materials factories, mines, construction sites, etc. In order to improve transportation productivity, dump trucks are usually used in conjunction with loaders, excavators, belt conveyors, etc. to achieve full mechanization of transportation. The mass utilization coefficient of dump trucks is low, making them suitable for short distance transportation to fully leverage the advantages of unloading mechanization.<\/p>\n<table>\n<tbody>\n<tr>\n<td colspan=\"1\" rowspan=\"1\">\n<div>\n<div><b>Tipo de acionamento<\/b><\/div>\n<\/div>\n<\/td>\n<td colspan=\"1\" rowspan=\"1\">\n<div>6\u00d74<\/div>\n<\/td>\n<\/tr>\n<tr>\n<td colspan=\"1\" rowspan=\"1\">\n<div>\n<div><b>Complete kerb mass (kg)<\/b><\/div>\n<\/div>\n<\/td>\n<td colspan=\"1\" rowspan=\"1\">\n<div>11200<\/div>\n<\/td>\n<\/tr>\n<tr>\n<td colspan=\"1\" rowspan=\"1\">\n<div>\n<div><b>Max.total mass (kg)<\/b><\/div>\n<\/div>\n<\/td>\n<td colspan=\"1\" rowspan=\"1\">\n<div>25000<\/div>\n<\/td>\n<\/tr>\n<tr>\n<td colspan=\"1\" rowspan=\"1\">\n<div>\n<div><b>Max.speed (km\/h)<\/b><\/div>\n<\/div>\n<\/td>\n<td colspan=\"1\" rowspan=\"1\">\n<div>70<\/div>\n<\/td>\n<\/tr>\n<tr>\n<td colspan=\"1\" rowspan=\"1\">\n<div>\n<div><b>Min.turning circle(m)<\/b><\/div>\n<\/div>\n<\/td>\n<td colspan=\"1\" rowspan=\"1\">\n<div>18<\/div>\n<\/td>\n<\/tr>\n<tr>\n<td colspan=\"1\" rowspan=\"1\">\n<div>\n<div><b>Min.ground clearance(mm)<\/b><\/div>\n<\/div>\n<\/td>\n<td colspan=\"1\" rowspan=\"1\">\n<div>314<\/div>\n<\/td>\n<\/tr>\n<tr>\n<td colspan=\"1\" rowspan=\"1\">\n<div>\n<div><b>Approach \/ Departure angle (\u00b0)<\/b><\/div>\n<\/div>\n<\/td>\n<td colspan=\"1\" rowspan=\"1\">\n<div>16\/66<\/div>\n<\/td>\n<\/tr>\n<tr>\n<td colspan=\"1\" rowspan=\"1\">\n<div>\n<div><b>Max.gradeability(%)<\/b><\/div>\n<\/div>\n<\/td>\n<td colspan=\"1\" rowspan=\"1\">\n<div>40<\/div>\n<\/td>\n<\/tr>\n<tr>\n<td colspan=\"1\" rowspan=\"1\">\n<div>\n<div><b>Max.length<\/b><\/div>\n<\/div>\n<\/td>\n<td colspan=\"1\" rowspan=\"1\">\n<div>8275<\/div>\n<\/td>\n<\/tr>\n<tr>\n<td colspan=\"1\" rowspan=\"1\">\n<div>\n<div><b>Max.width<\/b><\/div>\n<\/div>\n<\/td>\n<td colspan=\"1\" rowspan=\"1\">\n<div>2490<\/div>\n<\/td>\n<\/tr>\n<tr>\n<td colspan=\"1\" rowspan=\"1\">\n<div>\n<div><b>Max.heigh<\/b><\/div>\n<\/div>\n<\/td>\n<td colspan=\"1\" rowspan=\"1\">\n<div>3300<\/div>\n<\/td>\n<\/tr>\n<tr>\n<td colspan=\"1\" rowspan=\"1\">\n<div>\n<div><b>Front \/ Rear overhang<\/b><\/div>\n<\/div>\n<\/td>\n<td colspan=\"1\" rowspan=\"1\">\n<div>1525\/1600<\/div>\n<\/td>\n<\/tr>\n<tr>\n<td colspan=\"1\" rowspan=\"1\">\n<div>\n<div><b>Wheel base(mm)<\/b><\/div>\n<\/div>\n<\/td>\n<td colspan=\"1\" rowspan=\"1\">\n<div>3800+1350<\/div>\n<\/td>\n<\/tr>\n<tr>\n<td colspan=\"1\" rowspan=\"1\">\n<div>\n<div><b>Track width(mm)<\/b><\/div>\n<\/div>\n<\/td>\n<td colspan=\"1\" rowspan=\"1\">\n<div>1939 \/ 1800<\/div>\n<\/td>\n<\/tr>\n<tr>\n<td colspan=\"1\" rowspan=\"1\">\n<div>\n<div><b>Motor<\/b><\/div>\n<\/div>\n<\/td>\n<td colspan=\"1\" rowspan=\"1\">\n<div>WP12.380<\/div>\n<\/td>\n<\/tr>\n<tr>\n<td colspan=\"1\" rowspan=\"1\">\n<div>\n<div><b>Rated Output (kw\/ps)<\/b><\/div>\n<\/div>\n<\/td>\n<td colspan=\"1\" rowspan=\"1\">\n<div>228\/290<\/div>\n<\/td>\n<\/tr>\n<tr>\n<td colspan=\"1\" rowspan=\"1\">\n<div>\n<div><b>Transmiss\u00e3o<\/b><\/div>\n<\/div>\n<\/td>\n<td colspan=\"1\" rowspan=\"1\">\n<div>FULLER 9JS135<\/div>\n<\/td>\n<\/tr>\n<tr>\n<td colspan=\"1\" rowspan=\"1\">\n<div>\n<div><b>Pneu<\/b><\/div>\n<\/div>\n<\/td>\n<td colspan=\"1\" rowspan=\"1\">\n<div>12.00R20<\/div>\n<\/td>\n<\/tr>\n<\/tbody>\n<\/table>\n<p><img alt=\"\" fetchpriority=\"high\" decoding=\"async\" class=\"alignnone size-full wp-image-5680\" src=\"http:\/\/www.shuntongvehicle.com\/wp-content\/uploads\/2026\/02\/Good-Condition-6X4-10-Wheeler-380HP-Manual-Diesel-Tipper-Mining-Truck-Euro3-Used-Shacman-F3000-Dump-Truck-for-Sale-6.webp\" width=\"750\" height=\"516\" srcset=\"https:\/\/www.shuntongvehicle.com\/wp-content\/uploads\/2026\/02\/Good-Condition-6X4-10-Wheeler-380HP-Manual-Diesel-Tipper-Mining-Truck-Euro3-Used-Shacman-F3000-Dump-Truck-for-Sale-6.webp 750w, https:\/\/www.shuntongvehicle.com\/wp-content\/uploads\/2026\/02\/Good-Condition-6X4-10-Wheeler-380HP-Manual-Diesel-Tipper-Mining-Truck-Euro3-Used-Shacman-F3000-Dump-Truck-for-Sale-6-300x206.webp 300w, https:\/\/www.shuntongvehicle.com\/wp-content\/uploads\/2026\/02\/Good-Condition-6X4-10-Wheeler-380HP-Manual-Diesel-Tipper-Mining-Truck-Euro3-Used-Shacman-F3000-Dump-Truck-for-Sale-6-18x12.webp 18w, https:\/\/www.shuntongvehicle.com\/wp-content\/uploads\/2026\/02\/Good-Condition-6X4-10-Wheeler-380HP-Manual-Diesel-Tipper-Mining-Truck-Euro3-Used-Shacman-F3000-Dump-Truck-for-Sale-6-600x413.webp 600w\" sizes=\"(max-width: 750px) 100vw, 750px\" \/><\/p>\n<div id='gallery-1' class='gallery galleryid-5673 gallery-columns-3 gallery-size-full'><figure class='gallery-item'>\n\t\t\t<div class='gallery-icon landscape'>\n\t\t\t\t<a href='https:\/\/www.shuntongvehicle.com\/pt\/?attachment_id=5681'><img decoding=\"async\" width=\"494\" height=\"477\" src=\"https:\/\/www.shuntongvehicle.com\/wp-content\/uploads\/2026\/02\/Good-Condition-6X4-10-Wheeler-380HP-Manual-Diesel-Tipper-Mining-Truck-Euro3-Used-Shacman-F3000-Dump-Truck-for-Sale-7.webp\" class=\"attachment-full size-full\" alt=\"\" srcset=\"https:\/\/www.shuntongvehicle.com\/wp-content\/uploads\/2026\/02\/Good-Condition-6X4-10-Wheeler-380HP-Manual-Diesel-Tipper-Mining-Truck-Euro3-Used-Shacman-F3000-Dump-Truck-for-Sale-7.webp 494w, https:\/\/www.shuntongvehicle.com\/wp-content\/uploads\/2026\/02\/Good-Condition-6X4-10-Wheeler-380HP-Manual-Diesel-Tipper-Mining-Truck-Euro3-Used-Shacman-F3000-Dump-Truck-for-Sale-7-300x290.webp 300w, https:\/\/www.shuntongvehicle.com\/wp-content\/uploads\/2026\/02\/Good-Condition-6X4-10-Wheeler-380HP-Manual-Diesel-Tipper-Mining-Truck-Euro3-Used-Shacman-F3000-Dump-Truck-for-Sale-7-12x12.webp 12w\" sizes=\"(max-width: 494px) 100vw, 494px\" \/><\/a>\n\t\t\t<\/div><\/figure><figure class='gallery-item'>\n\t\t\t<div class='gallery-icon landscape'>\n\t\t\t\t<a href='https:\/\/www.shuntongvehicle.com\/pt\/?attachment_id=5682'><img decoding=\"async\" width=\"800\" height=\"800\" src=\"https:\/\/www.shuntongvehicle.com\/wp-content\/uploads\/2026\/02\/Good-Condition-6X4-10-Wheeler-380HP-Manual-Diesel-Tipper-Mining-Truck-Euro3-Used-Shacman-F3000-Dump-Truck-for-Sale-8.webp\" class=\"attachment-full size-full\" alt=\"\" srcset=\"https:\/\/www.shuntongvehicle.com\/wp-content\/uploads\/2026\/02\/Good-Condition-6X4-10-Wheeler-380HP-Manual-Diesel-Tipper-Mining-Truck-Euro3-Used-Shacman-F3000-Dump-Truck-for-Sale-8.webp 800w, https:\/\/www.shuntongvehicle.com\/wp-content\/uploads\/2026\/02\/Good-Condition-6X4-10-Wheeler-380HP-Manual-Diesel-Tipper-Mining-Truck-Euro3-Used-Shacman-F3000-Dump-Truck-for-Sale-8-300x300.webp 300w, https:\/\/www.shuntongvehicle.com\/wp-content\/uploads\/2026\/02\/Good-Condition-6X4-10-Wheeler-380HP-Manual-Diesel-Tipper-Mining-Truck-Euro3-Used-Shacman-F3000-Dump-Truck-for-Sale-8-150x150.webp 150w, https:\/\/www.shuntongvehicle.com\/wp-content\/uploads\/2026\/02\/Good-Condition-6X4-10-Wheeler-380HP-Manual-Diesel-Tipper-Mining-Truck-Euro3-Used-Shacman-F3000-Dump-Truck-for-Sale-8-768x768.webp 768w, https:\/\/www.shuntongvehicle.com\/wp-content\/uploads\/2026\/02\/Good-Condition-6X4-10-Wheeler-380HP-Manual-Diesel-Tipper-Mining-Truck-Euro3-Used-Shacman-F3000-Dump-Truck-for-Sale-8-12x12.webp 12w, https:\/\/www.shuntongvehicle.com\/wp-content\/uploads\/2026\/02\/Good-Condition-6X4-10-Wheeler-380HP-Manual-Diesel-Tipper-Mining-Truck-Euro3-Used-Shacman-F3000-Dump-Truck-for-Sale-8-600x600.webp 600w, https:\/\/www.shuntongvehicle.com\/wp-content\/uploads\/2026\/02\/Good-Condition-6X4-10-Wheeler-380HP-Manual-Diesel-Tipper-Mining-Truck-Euro3-Used-Shacman-F3000-Dump-Truck-for-Sale-8-100x100.webp 100w\" sizes=\"(max-width: 800px) 100vw, 800px\" \/><\/a>\n\t\t\t<\/div><\/figure><figure class='gallery-item'>\n\t\t\t<div class='gallery-icon portrait'>\n\t\t\t\t<a href='https:\/\/www.shuntongvehicle.com\/pt\/?attachment_id=5683'><img loading=\"lazy\" decoding=\"async\" width=\"933\" height=\"935\" src=\"https:\/\/www.shuntongvehicle.com\/wp-content\/uploads\/2026\/02\/Good-Condition-6X4-10-Wheeler-380HP-Manual-Diesel-Tipper-Mining-Truck-Euro3-Used-Shacman-F3000-Dump-Truck-for-Sale-9.webp\" class=\"attachment-full size-full\" alt=\"\" srcset=\"https:\/\/www.shuntongvehicle.com\/wp-content\/uploads\/2026\/02\/Good-Condition-6X4-10-Wheeler-380HP-Manual-Diesel-Tipper-Mining-Truck-Euro3-Used-Shacman-F3000-Dump-Truck-for-Sale-9.webp 933w, https:\/\/www.shuntongvehicle.com\/wp-content\/uploads\/2026\/02\/Good-Condition-6X4-10-Wheeler-380HP-Manual-Diesel-Tipper-Mining-Truck-Euro3-Used-Shacman-F3000-Dump-Truck-for-Sale-9-300x300.webp 300w, https:\/\/www.shuntongvehicle.com\/wp-content\/uploads\/2026\/02\/Good-Condition-6X4-10-Wheeler-380HP-Manual-Diesel-Tipper-Mining-Truck-Euro3-Used-Shacman-F3000-Dump-Truck-for-Sale-9-150x150.webp 150w, https:\/\/www.shuntongvehicle.com\/wp-content\/uploads\/2026\/02\/Good-Condition-6X4-10-Wheeler-380HP-Manual-Diesel-Tipper-Mining-Truck-Euro3-Used-Shacman-F3000-Dump-Truck-for-Sale-9-768x770.webp 768w, https:\/\/www.shuntongvehicle.com\/wp-content\/uploads\/2026\/02\/Good-Condition-6X4-10-Wheeler-380HP-Manual-Diesel-Tipper-Mining-Truck-Euro3-Used-Shacman-F3000-Dump-Truck-for-Sale-9-12x12.webp 12w, https:\/\/www.shuntongvehicle.com\/wp-content\/uploads\/2026\/02\/Good-Condition-6X4-10-Wheeler-380HP-Manual-Diesel-Tipper-Mining-Truck-Euro3-Used-Shacman-F3000-Dump-Truck-for-Sale-9-600x601.webp 600w, https:\/\/www.shuntongvehicle.com\/wp-content\/uploads\/2026\/02\/Good-Condition-6X4-10-Wheeler-380HP-Manual-Diesel-Tipper-Mining-Truck-Euro3-Used-Shacman-F3000-Dump-Truck-for-Sale-9-100x100.webp 100w\" sizes=\"(max-width: 933px) 100vw, 933px\" \/><\/a>\n\t\t\t<\/div><\/figure>\n\t\t<\/div>\n\n<ul>\n<li><strong>Powerful Performance:<\/strong> The Shacman X3000 dump truck boasts a 460HP engine, providing exceptional power and efficiency for heavy-duty operations. This powerful performance, combined with its 6&#215;4 drive wheel configuration, enables the truck to handle demanding tasks with ease.<\/li>\n<li><strong>Durable and Reliable:<\/strong> With a manual transmission and diesel fuel type, this truck is built to withstand the rigors of heavy use. Its Euro 6 emission standard ensures a cleaner and more environmentally friendly operation.<\/li>\n<li><strong>Spacious Cargo Capacity:<\/strong> The truck features a large cargo tank with dimensions of 5600x2400x1300mm, allowing for a maximum capacity of 31-40t. This makes it an ideal choice for urban construction and muck transportation.<\/li>\n<li><strong>Advanced Safety Features:<\/strong> The truck is equipped with essential safety features, including ABS (antilock braking system) and ESC (electronic stability control system), ensuring a secure and stable driving experience.<\/li>\n<li><strong>Comprehensive After-Sales Service:<\/strong> As a valued customer, you will receive onsite installation, video technical support, return and replacement, online support, and field maintenance and repair service, providing you with peace of mind and hassle-free ownership.<\/li>\n<\/ul>\n<p><img alt=\"\" loading=\"lazy\" decoding=\"async\" class=\"alignnone size-full wp-image-5684\" src=\"http:\/\/www.shuntongvehicle.com\/wp-content\/uploads\/2026\/02\/Good-Condition-6X4-10-Wheeler-380HP-Manual-Diesel-Tipper-Mining-Truck-Euro3-Used-Shacman-F3000-Dump-Truck-for-Sale-10.webp\" width=\"750\" height=\"504\" srcset=\"https:\/\/www.shuntongvehicle.com\/wp-content\/uploads\/2026\/02\/Good-Condition-6X4-10-Wheeler-380HP-Manual-Diesel-Tipper-Mining-Truck-Euro3-Used-Shacman-F3000-Dump-Truck-for-Sale-10.webp 750w, https:\/\/www.shuntongvehicle.com\/wp-content\/uploads\/2026\/02\/Good-Condition-6X4-10-Wheeler-380HP-Manual-Diesel-Tipper-Mining-Truck-Euro3-Used-Shacman-F3000-Dump-Truck-for-Sale-10-300x202.webp 300w, https:\/\/www.shuntongvehicle.com\/wp-content\/uploads\/2026\/02\/Good-Condition-6X4-10-Wheeler-380HP-Manual-Diesel-Tipper-Mining-Truck-Euro3-Used-Shacman-F3000-Dump-Truck-for-Sale-10-18x12.webp 18w, https:\/\/www.shuntongvehicle.com\/wp-content\/uploads\/2026\/02\/Good-Condition-6X4-10-Wheeler-380HP-Manual-Diesel-Tipper-Mining-Truck-Euro3-Used-Shacman-F3000-Dump-Truck-for-Sale-10-600x403.webp 600w\" sizes=\"(max-width: 750px) 100vw, 750px\" \/><\/p>\n<p><img alt=\"\" loading=\"lazy\" decoding=\"async\" class=\"alignnone size-full wp-image-5685\" src=\"http:\/\/www.shuntongvehicle.com\/wp-content\/uploads\/2026\/02\/Good-Condition-6X4-10-Wheeler-380HP-Manual-Diesel-Tipper-Mining-Truck-Euro3-Used-Shacman-F3000-Dump-Truck-for-Sale-11.webp\" width=\"1060\" height=\"853\" srcset=\"https:\/\/www.shuntongvehicle.com\/wp-content\/uploads\/2026\/02\/Good-Condition-6X4-10-Wheeler-380HP-Manual-Diesel-Tipper-Mining-Truck-Euro3-Used-Shacman-F3000-Dump-Truck-for-Sale-11.webp 1060w, https:\/\/www.shuntongvehicle.com\/wp-content\/uploads\/2026\/02\/Good-Condition-6X4-10-Wheeler-380HP-Manual-Diesel-Tipper-Mining-Truck-Euro3-Used-Shacman-F3000-Dump-Truck-for-Sale-11-300x241.webp 300w, https:\/\/www.shuntongvehicle.com\/wp-content\/uploads\/2026\/02\/Good-Condition-6X4-10-Wheeler-380HP-Manual-Diesel-Tipper-Mining-Truck-Euro3-Used-Shacman-F3000-Dump-Truck-for-Sale-11-1024x824.webp 1024w, https:\/\/www.shuntongvehicle.com\/wp-content\/uploads\/2026\/02\/Good-Condition-6X4-10-Wheeler-380HP-Manual-Diesel-Tipper-Mining-Truck-Euro3-Used-Shacman-F3000-Dump-Truck-for-Sale-11-768x618.webp 768w, https:\/\/www.shuntongvehicle.com\/wp-content\/uploads\/2026\/02\/Good-Condition-6X4-10-Wheeler-380HP-Manual-Diesel-Tipper-Mining-Truck-Euro3-Used-Shacman-F3000-Dump-Truck-for-Sale-11-15x12.webp 15w, https:\/\/www.shuntongvehicle.com\/wp-content\/uploads\/2026\/02\/Good-Condition-6X4-10-Wheeler-380HP-Manual-Diesel-Tipper-Mining-Truck-Euro3-Used-Shacman-F3000-Dump-Truck-for-Sale-11-600x483.webp 600w\" sizes=\"(max-width: 1060px) 100vw, 1060px\" \/><\/p>\n<p><img alt=\"\" loading=\"lazy\" decoding=\"async\" class=\"alignnone size-full wp-image-5686\" src=\"http:\/\/www.shuntongvehicle.com\/wp-content\/uploads\/2026\/02\/Good-Condition-6X4-10-Wheeler-380HP-Manual-Diesel-Tipper-Mining-Truck-Euro3-Used-Shacman-F3000-Dump-Truck-for-Sale-12.webp\" width=\"1059\" height=\"1050\" srcset=\"https:\/\/www.shuntongvehicle.com\/wp-content\/uploads\/2026\/02\/Good-Condition-6X4-10-Wheeler-380HP-Manual-Diesel-Tipper-Mining-Truck-Euro3-Used-Shacman-F3000-Dump-Truck-for-Sale-12.webp 1059w, https:\/\/www.shuntongvehicle.com\/wp-content\/uploads\/2026\/02\/Good-Condition-6X4-10-Wheeler-380HP-Manual-Diesel-Tipper-Mining-Truck-Euro3-Used-Shacman-F3000-Dump-Truck-for-Sale-12-300x297.webp 300w, https:\/\/www.shuntongvehicle.com\/wp-content\/uploads\/2026\/02\/Good-Condition-6X4-10-Wheeler-380HP-Manual-Diesel-Tipper-Mining-Truck-Euro3-Used-Shacman-F3000-Dump-Truck-for-Sale-12-1024x1015.webp 1024w, https:\/\/www.shuntongvehicle.com\/wp-content\/uploads\/2026\/02\/Good-Condition-6X4-10-Wheeler-380HP-Manual-Diesel-Tipper-Mining-Truck-Euro3-Used-Shacman-F3000-Dump-Truck-for-Sale-12-150x150.webp 150w, https:\/\/www.shuntongvehicle.com\/wp-content\/uploads\/2026\/02\/Good-Condition-6X4-10-Wheeler-380HP-Manual-Diesel-Tipper-Mining-Truck-Euro3-Used-Shacman-F3000-Dump-Truck-for-Sale-12-768x761.webp 768w, https:\/\/www.shuntongvehicle.com\/wp-content\/uploads\/2026\/02\/Good-Condition-6X4-10-Wheeler-380HP-Manual-Diesel-Tipper-Mining-Truck-Euro3-Used-Shacman-F3000-Dump-Truck-for-Sale-12-12x12.webp 12w, https:\/\/www.shuntongvehicle.com\/wp-content\/uploads\/2026\/02\/Good-Condition-6X4-10-Wheeler-380HP-Manual-Diesel-Tipper-Mining-Truck-Euro3-Used-Shacman-F3000-Dump-Truck-for-Sale-12-600x595.webp 600w, https:\/\/www.shuntongvehicle.com\/wp-content\/uploads\/2026\/02\/Good-Condition-6X4-10-Wheeler-380HP-Manual-Diesel-Tipper-Mining-Truck-Euro3-Used-Shacman-F3000-Dump-Truck-for-Sale-12-100x100.webp 100w\" sizes=\"(max-width: 1059px) 100vw, 1059px\" \/><\/p>\n<div>\n<div>\n<div><\/div>\n<\/div>\n<\/div>","protected":false},"excerpt":{"rendered":"<p><b>Dump trucks<\/b>\u00a0are mainly used for transporting bulk and stackable goods (such as sand, soil, ore, and crops), as well as for transporting packaged goods.<\/p>","protected":false},"featured_media":5674,"template":"","meta":{"_seopress_robots_primary_cat":"none","_seopress_titles_title":"%%post_title%%","_seopress_titles_desc":"%%post_excerpt%%","_seopress_robots_index":"","_uag_custom_page_level_css":"","site-sidebar-layout":"default","site-content-layout":"","ast-site-content-layout":"default","site-content-style":"default","site-sidebar-style":"default","ast-global-header-display":"","ast-banner-title-visibility":"","ast-main-header-display":"","ast-hfb-above-header-display":"","ast-hfb-below-header-display":"","ast-hfb-mobile-header-display":"","site-post-title":"","ast-breadcrumbs-content":"","ast-featured-img":"","footer-sml-layout":"","theme-transparent-header-meta":"default","adv-header-id-meta":"","stick-header-meta":"default","header-above-stick-meta":"","header-main-stick-meta":"","header-below-stick-meta":"","astra-migrate-meta-layouts":"set","ast-page-background-enabled":"default","ast-page-background-meta":{"desktop":{"background-color":"","background-image":"","background-repeat":"repeat","background-position":"center center","background-size":"auto","background-attachment":"scroll","background-type":"","background-media":"","overlay-type":"","overlay-color":"","overlay-opacity":"","overlay-gradient":""},"tablet":{"background-color":"","background-image":"","background-repeat":"repeat","background-position":"center center","background-size":"auto","background-attachment":"scroll","background-type":"","background-media":"","overlay-type":"","overlay-color":"","overlay-opacity":"","overlay-gradient":""},"mobile":{"background-color":"","background-image":"","background-repeat":"repeat","background-position":"center center","background-size":"auto","background-attachment":"scroll","background-type":"","background-media":"","overlay-type":"","overlay-color":"","overlay-opacity":"","overlay-gradient":""}},"ast-content-background-meta":{"desktop":{"background-color":"var(--ast-global-color-5)","background-image":"","background-repeat":"repeat","background-position":"center center","background-size":"auto","background-attachment":"scroll","background-type":"","background-media":"","overlay-type":"","overlay-color":"","overlay-opacity":"","overlay-gradient":""},"tablet":{"background-color":"var(--ast-global-color-5)","background-image":"","background-repeat":"repeat","background-position":"center center","background-size":"auto","background-attachment":"scroll","background-type":"","background-media":"","overlay-type":"","overlay-color":"","overlay-opacity":"","overlay-gradient":""},"mobile":{"background-color":"var(--ast-global-color-5)","background-image":"","background-repeat":"repeat","background-position":"center center","background-size":"auto","background-attachment":"scroll","background-type":"","background-media":"","overlay-type":"","overlay-color":"","overlay-opacity":"","overlay-gradient":""}}},"product_brand":[],"product_cat":[88],"product_tag":[],"class_list":{"0":"post-5673","1":"product","2":"type-product","3":"status-publish","4":"has-post-thumbnail","6":"product_cat-shacman-6x4-dump-truck","7":"desktop-align-left","8":"tablet-align-left","9":"mobile-align-left","10":"ast-product-gallery-layout-horizontal-slider","11":"ast-product-tabs-layout-horizontal","13":"first","14":"instock","15":"shipping-taxable","16":"product-type-simple"},"uagb_featured_image_src":{"full":["https:\/\/www.shuntongvehicle.com\/wp-content\/uploads\/2026\/02\/Good-Condition-6X4-10-Wheeler-380HP-Manual-Diesel-Tipper-Mining-Truck-Euro3-Used-Shacman-F3000-Dump-Truck-for-Sale-1.webp",800,800,false],"thumbnail":["https:\/\/www.shuntongvehicle.com\/wp-content\/uploads\/2026\/02\/Good-Condition-6X4-10-Wheeler-380HP-Manual-Diesel-Tipper-Mining-Truck-Euro3-Used-Shacman-F3000-Dump-Truck-for-Sale-1-150x150.webp",150,150,true],"medium":["https:\/\/www.shuntongvehicle.com\/wp-content\/uploads\/2026\/02\/Good-Condition-6X4-10-Wheeler-380HP-Manual-Diesel-Tipper-Mining-Truck-Euro3-Used-Shacman-F3000-Dump-Truck-for-Sale-1-300x300.webp",300,300,true],"medium_large":["https:\/\/www.shuntongvehicle.com\/wp-content\/uploads\/2026\/02\/Good-Condition-6X4-10-Wheeler-380HP-Manual-Diesel-Tipper-Mining-Truck-Euro3-Used-Shacman-F3000-Dump-Truck-for-Sale-1-768x768.webp",768,768,true],"large":["https:\/\/www.shuntongvehicle.com\/wp-content\/uploads\/2026\/02\/Good-Condition-6X4-10-Wheeler-380HP-Manual-Diesel-Tipper-Mining-Truck-Euro3-Used-Shacman-F3000-Dump-Truck-for-Sale-1.webp",800,800,false],"1536x1536":["https:\/\/www.shuntongvehicle.com\/wp-content\/uploads\/2026\/02\/Good-Condition-6X4-10-Wheeler-380HP-Manual-Diesel-Tipper-Mining-Truck-Euro3-Used-Shacman-F3000-Dump-Truck-for-Sale-1.webp",800,800,false],"2048x2048":["https:\/\/www.shuntongvehicle.com\/wp-content\/uploads\/2026\/02\/Good-Condition-6X4-10-Wheeler-380HP-Manual-Diesel-Tipper-Mining-Truck-Euro3-Used-Shacman-F3000-Dump-Truck-for-Sale-1.webp",800,800,false],"trp-custom-language-flag":["https:\/\/www.shuntongvehicle.com\/wp-content\/uploads\/2026\/02\/Good-Condition-6X4-10-Wheeler-380HP-Manual-Diesel-Tipper-Mining-Truck-Euro3-Used-Shacman-F3000-Dump-Truck-for-Sale-1-12x12.webp",12,12,true],"woocommerce_thumbnail":["https:\/\/www.shuntongvehicle.com\/wp-content\/uploads\/2026\/02\/Good-Condition-6X4-10-Wheeler-380HP-Manual-Diesel-Tipper-Mining-Truck-Euro3-Used-Shacman-F3000-Dump-Truck-for-Sale-1-600x600.webp",600,600,true],"woocommerce_single":["https:\/\/www.shuntongvehicle.com\/wp-content\/uploads\/2026\/02\/Good-Condition-6X4-10-Wheeler-380HP-Manual-Diesel-Tipper-Mining-Truck-Euro3-Used-Shacman-F3000-Dump-Truck-for-Sale-1-600x600.webp",600,600,true],"woocommerce_gallery_thumbnail":["https:\/\/www.shuntongvehicle.com\/wp-content\/uploads\/2026\/02\/Good-Condition-6X4-10-Wheeler-380HP-Manual-Diesel-Tipper-Mining-Truck-Euro3-Used-Shacman-F3000-Dump-Truck-for-Sale-1-100x100.webp",100,100,true]},"uagb_author_info":{"display_name":"jinxing6611@gmail.com","author_link":"https:\/\/www.shuntongvehicle.com\/pt\/author\/"},"uagb_comment_info":0,"uagb_excerpt":"Dump trucks\u00a0are mainly used for transporting bulk and stackable goods (such as sand, soil, ore, and crops), as well as for transporting packaged goods.","_links":{"self":[{"href":"https:\/\/www.shuntongvehicle.com\/pt\/wp-json\/wp\/v2\/product\/5673","targetHints":{"allow":["GET"]}}],"collection":[{"href":"https:\/\/www.shuntongvehicle.com\/pt\/wp-json\/wp\/v2\/product"}],"about":[{"href":"https:\/\/www.shuntongvehicle.com\/pt\/wp-json\/wp\/v2\/types\/product"}],"wp:featuredmedia":[{"embeddable":true,"href":"https:\/\/www.shuntongvehicle.com\/pt\/wp-json\/wp\/v2\/media\/5674"}],"wp:attachment":[{"href":"https:\/\/www.shuntongvehicle.com\/pt\/wp-json\/wp\/v2\/media?parent=5673"}],"wp:term":[{"taxonomy":"product_brand","embeddable":true,"href":"https:\/\/www.shuntongvehicle.com\/pt\/wp-json\/wp\/v2\/product_brand?post=5673"},{"taxonomy":"product_cat","embeddable":true,"href":"https:\/\/www.shuntongvehicle.com\/pt\/wp-json\/wp\/v2\/product_cat?post=5673"},{"taxonomy":"product_tag","embeddable":true,"href":"https:\/\/www.shuntongvehicle.com\/pt\/wp-json\/wp\/v2\/product_tag?post=5673"}],"curies":[{"name":"wp","href":"https:\/\/api.w.org\/{rel}","templated":true}]}}