{"id":5760,"date":"2026-02-02T03:50:46","date_gmt":"2026-02-02T03:50:46","guid":{"rendered":"http:\/\/www.shuntongvehicle.com\/?post_type=product&#038;p=5760"},"modified":"2026-02-03T03:16:28","modified_gmt":"2026-02-03T03:16:28","slug":"sinotruck-howo-oil-tanker","status":"publish","type":"product","link":"https:\/\/www.shuntongvehicle.com\/pt\/product\/sinotruck-howo-oil-tanker\/","title":{"rendered":"Caminh\u00e3o-tanque de \u00f3leo Sinotruck Howo"},"content":{"rendered":"<h3>Aplicativo<\/h3>\n<p>Caminh\u00e3o de transporte de tanque de l\u00edquido inflam\u00e1vel HOWO<\/p>\n<p><img alt=\"\" fetchpriority=\"high\" decoding=\"async\" class=\"alignnone size-full wp-image-5751\" src=\"http:\/\/www.shuntongvehicle.com\/wp-content\/uploads\/2026\/02\/8-howo-oil-tanker.webp\" width=\"1600\" height=\"526\" srcset=\"https:\/\/www.shuntongvehicle.com\/wp-content\/uploads\/2026\/02\/8-howo-oil-tanker.webp 1600w, https:\/\/www.shuntongvehicle.com\/wp-content\/uploads\/2026\/02\/8-howo-oil-tanker-300x99.webp 300w, https:\/\/www.shuntongvehicle.com\/wp-content\/uploads\/2026\/02\/8-howo-oil-tanker-1024x337.webp 1024w, https:\/\/www.shuntongvehicle.com\/wp-content\/uploads\/2026\/02\/8-howo-oil-tanker-768x252.webp 768w, https:\/\/www.shuntongvehicle.com\/wp-content\/uploads\/2026\/02\/8-howo-oil-tanker-1536x505.webp 1536w, https:\/\/www.shuntongvehicle.com\/wp-content\/uploads\/2026\/02\/8-howo-oil-tanker-18x6.webp 18w, https:\/\/www.shuntongvehicle.com\/wp-content\/uploads\/2026\/02\/8-howo-oil-tanker-600x197.webp 600w\" sizes=\"(max-width: 1600px) 100vw, 1600px\" \/><\/p>\n<h4>Recursos<\/h4>\n<p>O chassi adota o HOWO TX, a pot\u00eancia do motor duplo Weichai\/MAN \u00e9 opcional, eixo dianteiro de queda pequena de 7,5T (disco); eixo traseiro duplo de bra\u00e7o autoajust\u00e1vel MAT16ZG (tambor), o ve\u00edculo \u00e9 equipado com AEBS+ESC, dispositivos de seguran\u00e7a de emerg\u00eancia de alerta duplo e de estouro de pneu e outras configura\u00e7\u00f5es de seguran\u00e7a, o airbag adota o melhor design nacional, a dist\u00e2ncia m\u00ednima do solo pode chegar a 300 mm, com alta confiabilidade, alta seguran\u00e7a e outras caracter\u00edsticas.<\/p>\n<p>O corpo superior \u00e9 feito de a\u00e7o de padr\u00e3o nacional de alta qualidade produzido por grandes empresas sider\u00fargicas nacionais. O corpo do tanque adota o processo geral de jato de areia, pulveriza\u00e7\u00e3o e cozimento, que tem resist\u00eancia ao envelhecimento e \u00e0 corros\u00e3o. A vida \u00fatil do corpo do tanque \u00e9 de mais de dez anos. Um conjunto completo de acess\u00f3rios de seguran\u00e7a de padr\u00e3o europeu de fabricantes nacionais conhecidos garante a seguran\u00e7a do transporte de petr\u00f3leo. O tanque de \u00f3leo adota o m\u00e9todo de an\u00e1lise de elementos finitos para otimizar o projeto e passar no rigoroso teste de confiabilidade. O tanque de \u00f3leo tem uma grande capacidade e alta efici\u00eancia de transporte.<\/p>\n<table border=\"1\" width=\"100%\" cellspacing=\"0\" cellpadding=\"0\">\n<tbody>\n<tr class=\"bgcolorOne\">\n<td>Modelo do motor<\/td>\n<td>MC07H.35-60\/WP9H350E62<\/td>\n<\/tr>\n<tr class=\"bgcolorTwo\">\n<td>Caixa de c\u00e2mbio<\/td>\n<td>HW25712XSTL<\/td>\n<\/tr>\n<tr class=\"bgcolorOne\">\n<td>Modelo do eixo traseiro<\/td>\n<td>MAT16ZG eixo traseiro duplo autoajust\u00e1vel (tambor)<\/td>\n<\/tr>\n<tr class=\"bgcolorTwo\">\n<td>Rela\u00e7\u00e3o do eixo traseiro<\/td>\n<td>5.32<\/td>\n<\/tr>\n<tr class=\"bgcolorOne\">\n<td>Tanque de combust\u00edvel (L)<\/td>\n<td>400<\/td>\n<\/tr>\n<tr class=\"bgcolorTwo\">\n<td>Suspens\u00e3o (suspens\u00e3o pneum\u00e1tica dianteira e traseira)<\/td>\n<td>4\/4\/-\/-<\/td>\n<\/tr>\n<tr class=\"bgcolorOne\">\n<td>Pneu<\/td>\n<td>12R22.5<\/td>\n<\/tr>\n<\/tbody>\n<\/table>\n<table border=\"1\" width=\"100%\" cellspacing=\"0\" cellpadding=\"0\">\n<tbody>\n<tr class=\"bgcolorOne\">\n<td colspan=\"2\">Par\u00e2metros do ve\u00edculo<\/td>\n<\/tr>\n<tr>\n<td>Modelo do ve\u00edculo<\/td>\n<td>JYJ5327GRYF1<\/td>\n<\/tr>\n<tr class=\"bgcolorTwo\">\n<td>Dimens\u00f5es (mm)<\/td>\n<td>11900\u00d72500\u00d73180<\/td>\n<\/tr>\n<tr class=\"bgcolorOne\">\n<td>Dist\u00e2ncia entre eixos (mm)<\/td>\n<td>4600<\/td>\n<\/tr>\n<tr class=\"bgcolorTwo\">\n<td>Sali\u00eancia dianteira e sali\u00eancia traseira (mm)<\/td>\n<td>1430\/2695<\/td>\n<\/tr>\n<tr class=\"bgcolorOne\">\n<td>Massa total m\u00e1xima nominal (kg)<\/td>\n<td>18.1<\/td>\n<\/tr>\n<tr class=\"bgcolorTwo\">\n<td>Volume do an\u00fancio (m\u00b3)<\/td>\n<td>23.8<\/td>\n<\/tr>\n<\/tbody>\n<\/table>\n<p><span style=\"font-size: 16px;\">\t\t<div data-elementor-type=\"section\" data-elementor-id=\"5725\" class=\"elementor elementor-5725\" data-elementor-post-type=\"elementor_library\">\n\t\t\t<div class=\"elementor-element elementor-element-6a3656a8 e-con-full e-flex e-con e-parent\" data-id=\"6a3656a8\" data-element_type=\"container\" data-settings=\"{&quot;background_background&quot;:&quot;classic&quot;}\">\n\t\t\t\t<div class=\"elementor-element elementor-element-1d448148 elementor-widget elementor-widget-heading\" data-id=\"1d448148\" data-element_type=\"widget\" data-widget_type=\"heading.default\">\n\t\t\t\t\t\t<div class=\"elementor-widget-container\">\n\t\t\t\t\t<h2 class=\"elementor-heading-title elementor-size-default\">Desempenho\n<\/h2>\t\t\t\t<\/div>\n\t\t\t\t<\/div>\n\t\t\t\t<div class=\"elementor-element elementor-element-3704e44e elementor-widget elementor-widget-text-editor\" data-id=\"3704e44e\" data-element_type=\"widget\" data-widget_type=\"text-editor.default\">\n\t\t\t\t\t\t<div class=\"elementor-widget-container\">\n\t\t\t\t\t\t\t\t\t<p>O caminh\u00e3o basculante Howo \u00e9 t\u00e3o vers\u00e1til quanto seus desafios di\u00e1rios no canteiro de obras e na minera\u00e7\u00e3o. Gra\u00e7as ao motor Sinotruk, ele traz ainda mais capacidade de transporte e seguran\u00e7a para seu canteiro de obras. Tornando-o um parceiro confi\u00e1vel e eficiente para o seu trabalho.<\/p>\t\t\t\t\t\t\t\t<\/div>\n\t\t\t\t<\/div>\n\t\t<div class=\"elementor-element elementor-element-7d48afda e-grid e-con-full e-con e-child\" data-id=\"7d48afda\" data-element_type=\"container\">\n\t\t\t\t<div class=\"elementor-element elementor-element-6a5e358a elementor-position-top elementor-widget elementor-widget-image-box\" data-id=\"6a5e358a\" data-element_type=\"widget\" data-widget_type=\"image-box.default\">\n\t\t\t\t\t\t<div class=\"elementor-widget-container\">\n\t\t\t\t\t<div class=\"elementor-image-box-wrapper\"><figure class=\"elementor-image-box-img\"><img alt=\"\" decoding=\"async\" width=\"472\" height=\"297\" src=\"https:\/\/www.shuntongvehicle.com\/wp-content\/uploads\/2026\/01\/img30.jpg\" class=\"attachment-full size-full wp-image-5410\" srcset=\"https:\/\/www.shuntongvehicle.com\/wp-content\/uploads\/2026\/01\/img30.jpg 472w, https:\/\/www.shuntongvehicle.com\/wp-content\/uploads\/2026\/01\/img30-300x189.jpg 300w, https:\/\/www.shuntongvehicle.com\/wp-content\/uploads\/2026\/01\/img30-18x12.jpg 18w\" sizes=\"(max-width: 472px) 100vw, 472px\" \/><\/figure><div class=\"elementor-image-box-content\"><h4 class=\"elementor-image-box-title\">Seguro e confi\u00e1vel<\/h4><p class=\"elementor-image-box-description\">Motor 2.0T com turbocompressor mais eficiente e econ\u00f4mico. Suspens\u00e3o dianteira independente McPherson \/ Suspens\u00e3o traseira de alta resist\u00eancia com viga de tor\u00e7\u00e3o Carroceria com gaiola de alt\u00edssima resist\u00eancia, boro refor\u00e7ado<\/p><\/div><\/div>\t\t\t\t<\/div>\n\t\t\t\t<\/div>\n\t\t\t\t<div class=\"elementor-element elementor-element-c120bfa elementor-position-top elementor-widget elementor-widget-image-box\" data-id=\"c120bfa\" data-element_type=\"widget\" data-widget_type=\"image-box.default\">\n\t\t\t\t\t\t<div class=\"elementor-widget-container\">\n\t\t\t\t\t<div class=\"elementor-image-box-wrapper\"><figure class=\"elementor-image-box-img\"><img alt=\"\" decoding=\"async\" width=\"477\" height=\"296\" src=\"https:\/\/www.shuntongvehicle.com\/wp-content\/uploads\/2026\/01\/img31.jpg\" class=\"attachment-full size-full wp-image-5412\" srcset=\"https:\/\/www.shuntongvehicle.com\/wp-content\/uploads\/2026\/01\/img31.jpg 477w, https:\/\/www.shuntongvehicle.com\/wp-content\/uploads\/2026\/01\/img31-300x186.jpg 300w, https:\/\/www.shuntongvehicle.com\/wp-content\/uploads\/2026\/01\/img31-18x12.jpg 18w\" sizes=\"(max-width: 477px) 100vw, 477px\" \/><\/figure><div class=\"elementor-image-box-content\"><h4 class=\"elementor-image-box-title\">Condu\u00e7\u00e3o confort\u00e1vel<\/h4><p class=\"elementor-image-box-description\">Amortecedor hidr\u00e1ulico de tubo \u00fanico Bosch 9.3 ESPSuspens\u00e3o dianteira e traseira independente\n<\/p><\/div><\/div>\t\t\t\t<\/div>\n\t\t\t\t<\/div>\n\t\t\t\t<div class=\"elementor-element elementor-element-2312addb elementor-position-top elementor-widget elementor-widget-image-box\" data-id=\"2312addb\" data-element_type=\"widget\" data-widget_type=\"image-box.default\">\n\t\t\t\t\t\t<div class=\"elementor-widget-container\">\n\t\t\t\t\t<div class=\"elementor-image-box-wrapper\"><figure class=\"elementor-image-box-img\"><img alt=\"\" loading=\"lazy\" decoding=\"async\" width=\"473\" height=\"296\" src=\"https:\/\/www.shuntongvehicle.com\/wp-content\/uploads\/2026\/01\/img32.jpg\" class=\"attachment-full size-full wp-image-5414\" srcset=\"https:\/\/www.shuntongvehicle.com\/wp-content\/uploads\/2026\/01\/img32.jpg 473w, https:\/\/www.shuntongvehicle.com\/wp-content\/uploads\/2026\/01\/img32-300x188.jpg 300w, https:\/\/www.shuntongvehicle.com\/wp-content\/uploads\/2026\/01\/img32-18x12.jpg 18w\" sizes=\"(max-width: 473px) 100vw, 473px\" \/><\/figure><div class=\"elementor-image-box-content\"><h4 class=\"elementor-image-box-title\">Luxo exclusivo<\/h4><p class=\"elementor-image-box-description\">Estofamento interno de luxo em couro em cores contrastantes, assentos ergon\u00f4micos. Tela grande de alta defini\u00e7\u00e3o com cascata de 10,25 polegadas, conex\u00e3o inteligente com o carro.\n<\/p><\/div><\/div>\t\t\t\t<\/div>\n\t\t\t\t<\/div>\n\t\t\t\t<\/div>\n\t\t\t\t<\/div>\n\t\t<div class=\"elementor-element elementor-element-d9f073f e-grid e-con-boxed e-con e-parent\" data-id=\"d9f073f\" data-element_type=\"container\">\n\t\t\t\t\t<div class=\"e-con-inner\">\n\t\t\t\t<div class=\"elementor-element elementor-element-7295799e elementor-widget elementor-widget-uael-infobox\" data-id=\"7295799e\" data-element_type=\"widget\" data-widget_type=\"uael-infobox.default\">\n\t\t\t\t\t\t<div class=\"elementor-widget-container\">\n\t\t\t\t\t\n<div class=\"uael-module-content uael-infobox uael-imgicon-style-normal  uael-infobox-left  infobox-has-icon uael-infobox-icon-above-title  uael-infobox-link-type-none\">\n\t<div class=\"uael-infobox-left-right-wrap\">\n\t\t\t\t\t\t<div class=\"uael-infobox-content\">\n\t\t\t\t\t\t\t<div class=\"uael-module-content uael-imgicon-wrap\">\t\t\t\t\t\t\t\t\t\t\t\n\t\t\t\t\t\t\t\t\t\t\t\t\t\t<\/div>\n\t\t\t\t\t\t\t<div class='uael-infobox-title-wrap'><h4 class=\"uael-infobox-title elementor-inline-editing\" data-elementor-setting-key=\"infobox_title\" data-elementor-inline-editing-toolbar=\"basic\" >Cl\u00e1ssico e elegante<\/h4><\/div>\t\t\t\t\t\t\t\t\t<div class=\"uael-infobox-text-wrap\">\n\t\t\t\t<div class=\"uael-infobox-text elementor-inline-editing\" data-elementor-setting-key=\"infobox_description\" data-elementor-inline-editing-toolbar=\"advanced\">\n\t\t\t\t\tDesign est\u00e9tico destacado por sua concis\u00e3o e pot\u00eancia. Far\u00f3is altos e baixos integrados, far\u00f3is de LED indutivos de alto brilho. Amplo teto panor\u00e2mico\n\n\t\t\t\t<\/div>\n\t\t\t\t\t\n\t\t\t\t\t\t\t<\/div>\n\t\t<\/div>\n\t\t\t<\/div>\n<\/div>\n\t\t\t\t<\/div>\n\t\t\t\t<\/div>\n\t\t\t\t<div class=\"elementor-element elementor-element-5e2131bd elementor-widget elementor-widget-uael-infobox\" data-id=\"5e2131bd\" data-element_type=\"widget\" data-widget_type=\"uael-infobox.default\">\n\t\t\t\t\t\t<div class=\"elementor-widget-container\">\n\t\t\t\t\t\n<div class=\"uael-module-content uael-infobox uael-imgicon-style-normal  uael-infobox-left  infobox-has-icon uael-infobox-icon-above-title  uael-infobox-link-type-none\">\n\t<div class=\"uael-infobox-left-right-wrap\">\n\t\t\t\t\t\t<div class=\"uael-infobox-content\">\n\t\t\t\t\t\t\t<div class=\"uael-module-content uael-imgicon-wrap\">\t\t\t\t\t\t\t\t\t\t\t\n\t\t\t\t\t\t\t\t\t\t\t\t\t\t<\/div>\n\t\t\t\t\t\t\t<div class='uael-infobox-title-wrap'><h4 class=\"uael-infobox-title elementor-inline-editing\" data-elementor-setting-key=\"infobox_title\" data-elementor-inline-editing-toolbar=\"basic\" >Tecnologia<\/h4><\/div>\t\t\t\t\t\t\t\t\t<div class=\"uael-infobox-text-wrap\">\n\t\t\t\t<div class=\"uael-infobox-text elementor-inline-editing\" data-elementor-setting-key=\"infobox_description\" data-elementor-inline-editing-toolbar=\"advanced\">\n\t\t\t\t\tTela sens\u00edvel ao toque de 10 polegadas. Espelhos retrovisores laterais el\u00e9tricos. Medidor digital. C\u00e2meras panor\u00e2micas 360. Controle de velocidade de cruzeiro. Sistema de entrada sem chave. Navega\u00e7\u00e3o GPS. Painel de toque do ar-condicionado LCD completo Bluetooth\/telefone do carro Inicie o sistema com um clique\n\n\n\t\t\t\t<\/div>\n\t\t\t\t\t\n\t\t\t\t\t\t\t<\/div>\n\t\t<\/div>\n\t\t\t<\/div>\n<\/div>\n\t\t\t\t<\/div>\n\t\t\t\t<\/div>\n\t\t\t\t\t<\/div>\n\t\t\t\t<\/div>\n\t\t\t\t<\/div>\n\t\t<\/span><\/p>\n<p><strong>Galeria<\/strong><br \/>\nO SINOTRUK HOWO OIL TANKER \u00e9 amplamente utilizado no transporte de carga seca, transporte de cont\u00eaineres, transporte anormal, transporte de produtos qu\u00edmicos perigosos e outros setores relacionados.<\/p>\n<div id='gallery-1' class='gallery galleryid-5760 gallery-columns-3 gallery-size-full'><figure class='gallery-item'>\n\t\t\t<div class='gallery-icon landscape'>\n\t\t\t\t<a href='https:\/\/www.shuntongvehicle.com\/pt\/?attachment_id=5757'><img loading=\"lazy\" decoding=\"async\" width=\"750\" height=\"411\" src=\"https:\/\/www.shuntongvehicle.com\/wp-content\/uploads\/2026\/02\/howo-oil-tanker-401.webp\" class=\"attachment-full size-full\" alt=\"\" srcset=\"https:\/\/www.shuntongvehicle.com\/wp-content\/uploads\/2026\/02\/howo-oil-tanker-401.webp 750w, https:\/\/www.shuntongvehicle.com\/wp-content\/uploads\/2026\/02\/howo-oil-tanker-401-300x164.webp 300w, https:\/\/www.shuntongvehicle.com\/wp-content\/uploads\/2026\/02\/howo-oil-tanker-401-18x10.webp 18w, https:\/\/www.shuntongvehicle.com\/wp-content\/uploads\/2026\/02\/howo-oil-tanker-401-600x329.webp 600w\" sizes=\"(max-width: 750px) 100vw, 750px\" \/><\/a>\n\t\t\t<\/div><\/figure><figure class='gallery-item'>\n\t\t\t<div class='gallery-icon landscape'>\n\t\t\t\t<a href='https:\/\/www.shuntongvehicle.com\/pt\/?attachment_id=5758'><img loading=\"lazy\" decoding=\"async\" width=\"750\" height=\"411\" src=\"https:\/\/www.shuntongvehicle.com\/wp-content\/uploads\/2026\/02\/howo-oil-tanker-402.webp\" class=\"attachment-full size-full\" alt=\"\" srcset=\"https:\/\/www.shuntongvehicle.com\/wp-content\/uploads\/2026\/02\/howo-oil-tanker-402.webp 750w, https:\/\/www.shuntongvehicle.com\/wp-content\/uploads\/2026\/02\/howo-oil-tanker-402-300x164.webp 300w, https:\/\/www.shuntongvehicle.com\/wp-content\/uploads\/2026\/02\/howo-oil-tanker-402-18x10.webp 18w, https:\/\/www.shuntongvehicle.com\/wp-content\/uploads\/2026\/02\/howo-oil-tanker-402-600x329.webp 600w\" sizes=\"(max-width: 750px) 100vw, 750px\" \/><\/a>\n\t\t\t<\/div><\/figure><figure class='gallery-item'>\n\t\t\t<div class='gallery-icon landscape'>\n\t\t\t\t<a href='https:\/\/www.shuntongvehicle.com\/pt\/?attachment_id=5759'><img loading=\"lazy\" decoding=\"async\" width=\"750\" height=\"411\" src=\"https:\/\/www.shuntongvehicle.com\/wp-content\/uploads\/2026\/02\/howo-oil-tanker-403.webp\" class=\"attachment-full size-full\" alt=\"\" srcset=\"https:\/\/www.shuntongvehicle.com\/wp-content\/uploads\/2026\/02\/howo-oil-tanker-403.webp 750w, https:\/\/www.shuntongvehicle.com\/wp-content\/uploads\/2026\/02\/howo-oil-tanker-403-300x164.webp 300w, https:\/\/www.shuntongvehicle.com\/wp-content\/uploads\/2026\/02\/howo-oil-tanker-403-18x10.webp 18w, https:\/\/www.shuntongvehicle.com\/wp-content\/uploads\/2026\/02\/howo-oil-tanker-403-600x329.webp 600w\" sizes=\"(max-width: 750px) 100vw, 750px\" \/><\/a>\n\t\t\t<\/div><\/figure>\n\t\t<\/div>","protected":false},"excerpt":{"rendered":"<p>O SINOTRUK HOWO OIL TANKER \u00e9 famoso por ser resistente, forte, confi\u00e1vel e de baixo custo operacional. O SINOTRUK HOWO OIL TANKER conquistou uma grande reputa\u00e7\u00e3o no campo do transporte de longa dist\u00e2ncia, tanto no mercado interno da China quanto no mercado externo.<br \/>\n<strong>Modelos<\/strong><br \/>\nEngine : MC07H.35-60<br \/>\nRear axle ratio: 5.32<br \/>\nGearbox: HW25712XSTL<br \/>\nEngine Horse Power: 336 HP<br \/>\nFuel tank (L): 400<\/p>","protected":false},"featured_media":6033,"template":"","meta":{"_seopress_robots_primary_cat":"none","_seopress_titles_title":"%%post_title%%","_seopress_titles_desc":"%%post_excerpt%%","_seopress_robots_index":"","_uag_custom_page_level_css":"","site-sidebar-layout":"default","site-content-layout":"","ast-site-content-layout":"default","site-content-style":"default","site-sidebar-style":"default","ast-global-header-display":"","ast-banner-title-visibility":"","ast-main-header-display":"","ast-hfb-above-header-display":"","ast-hfb-below-header-display":"","ast-hfb-mobile-header-display":"","site-post-title":"","ast-breadcrumbs-content":"","ast-featured-img":"","footer-sml-layout":"","theme-transparent-header-meta":"default","adv-header-id-meta":"","stick-header-meta":"default","header-above-stick-meta":"","header-main-stick-meta":"","header-below-stick-meta":"","astra-migrate-meta-layouts":"set","ast-page-background-enabled":"default","ast-page-background-meta":{"desktop":{"background-color":"","background-image":"","background-repeat":"repeat","background-position":"center center","background-size":"auto","background-attachment":"scroll","background-type":"","background-media":"","overlay-type":"","overlay-color":"","overlay-opacity":"","overlay-gradient":""},"tablet":{"background-color":"","background-image":"","background-repeat":"repeat","background-position":"center center","background-size":"auto","background-attachment":"scroll","background-type":"","background-media":"","overlay-type":"","overlay-color":"","overlay-opacity":"","overlay-gradient":""},"mobile":{"background-color":"","background-image":"","background-repeat":"repeat","background-position":"center center","background-size":"auto","background-attachment":"scroll","background-type":"","background-media":"","overlay-type":"","overlay-color":"","overlay-opacity":"","overlay-gradient":""}},"ast-content-background-meta":{"desktop":{"background-color":"var(--ast-global-color-5)","background-image":"","background-repeat":"repeat","background-position":"center center","background-size":"auto","background-attachment":"scroll","background-type":"","background-media":"","overlay-type":"","overlay-color":"","overlay-opacity":"","overlay-gradient":""},"tablet":{"background-color":"var(--ast-global-color-5)","background-image":"","background-repeat":"repeat","background-position":"center center","background-size":"auto","background-attachment":"scroll","background-type":"","background-media":"","overlay-type":"","overlay-color":"","overlay-opacity":"","overlay-gradient":""},"mobile":{"background-color":"var(--ast-global-color-5)","background-image":"","background-repeat":"repeat","background-position":"center center","background-size":"auto","background-attachment":"scroll","background-type":"","background-media":"","overlay-type":"","overlay-color":"","overlay-opacity":"","overlay-gradient":""}}},"product_brand":[],"product_cat":[92],"product_tag":[],"class_list":{"0":"post-5760","1":"product","2":"type-product","3":"status-publish","4":"has-post-thumbnail","6":"product_cat-howo-6x4-fuel-tanker-truck","7":"desktop-align-left","8":"tablet-align-left","9":"mobile-align-left","10":"ast-product-gallery-layout-horizontal-slider","11":"ast-product-gallery-with-no-image","12":"ast-product-tabs-layout-horizontal","14":"first","15":"instock","16":"shipping-taxable","17":"product-type-simple"},"uagb_featured_image_src":{"full":["https:\/\/www.shuntongvehicle.com\/wp-content\/uploads\/2026\/02\/1-12.jpg",700,700,false],"thumbnail":["https:\/\/www.shuntongvehicle.com\/wp-content\/uploads\/2026\/02\/1-12-150x150.jpg",150,150,true],"medium":["https:\/\/www.shuntongvehicle.com\/wp-content\/uploads\/2026\/02\/1-12-300x300.jpg",300,300,true],"medium_large":["https:\/\/www.shuntongvehicle.com\/wp-content\/uploads\/2026\/02\/1-12.jpg",700,700,false],"large":["https:\/\/www.shuntongvehicle.com\/wp-content\/uploads\/2026\/02\/1-12.jpg",700,700,false],"1536x1536":["https:\/\/www.shuntongvehicle.com\/wp-content\/uploads\/2026\/02\/1-12.jpg",700,700,false],"2048x2048":["https:\/\/www.shuntongvehicle.com\/wp-content\/uploads\/2026\/02\/1-12.jpg",700,700,false],"trp-custom-language-flag":["https:\/\/www.shuntongvehicle.com\/wp-content\/uploads\/2026\/02\/1-12-12x12.jpg",12,12,true],"woocommerce_thumbnail":["https:\/\/www.shuntongvehicle.com\/wp-content\/uploads\/2026\/02\/1-12-600x600.jpg",600,600,true],"woocommerce_single":["https:\/\/www.shuntongvehicle.com\/wp-content\/uploads\/2026\/02\/1-12-600x600.jpg",600,600,true],"woocommerce_gallery_thumbnail":["https:\/\/www.shuntongvehicle.com\/wp-content\/uploads\/2026\/02\/1-12-100x100.jpg",100,100,true]},"uagb_author_info":{"display_name":"jinxing6611@gmail.com","author_link":"https:\/\/www.shuntongvehicle.com\/pt\/author\/"},"uagb_comment_info":0,"uagb_excerpt":"SINOTRUK HOWO OIL TANKER is famous for tough, strong, reliable and low operation cost, SINOTRUK HOWO OIL TANKER has earned a great reputation in the field of long-distance transportation in both China domestic market and overseas market. Models Engine : MC07H.35-60 Rear axle ratio: 5.32 Gearbox: HW25712XSTL Engine Horse Power: 336 HP Fuel tank (L):&hellip;","_links":{"self":[{"href":"https:\/\/www.shuntongvehicle.com\/pt\/wp-json\/wp\/v2\/product\/5760","targetHints":{"allow":["GET"]}}],"collection":[{"href":"https:\/\/www.shuntongvehicle.com\/pt\/wp-json\/wp\/v2\/product"}],"about":[{"href":"https:\/\/www.shuntongvehicle.com\/pt\/wp-json\/wp\/v2\/types\/product"}],"wp:featuredmedia":[{"embeddable":true,"href":"https:\/\/www.shuntongvehicle.com\/pt\/wp-json\/wp\/v2\/media\/6033"}],"wp:attachment":[{"href":"https:\/\/www.shuntongvehicle.com\/pt\/wp-json\/wp\/v2\/media?parent=5760"}],"wp:term":[{"taxonomy":"product_brand","embeddable":true,"href":"https:\/\/www.shuntongvehicle.com\/pt\/wp-json\/wp\/v2\/product_brand?post=5760"},{"taxonomy":"product_cat","embeddable":true,"href":"https:\/\/www.shuntongvehicle.com\/pt\/wp-json\/wp\/v2\/product_cat?post=5760"},{"taxonomy":"product_tag","embeddable":true,"href":"https:\/\/www.shuntongvehicle.com\/pt\/wp-json\/wp\/v2\/product_tag?post=5760"}],"curies":[{"name":"wp","href":"https:\/\/api.w.org\/{rel}","templated":true}]}}