{"id":5813,"date":"2026-02-02T06:02:45","date_gmt":"2026-02-02T06:02:45","guid":{"rendered":"http:\/\/www.shuntongvehicle.com\/?post_type=product&#038;p=5813"},"modified":"2026-02-03T02:51:53","modified_gmt":"2026-02-03T02:51:53","slug":"howo-6x4-tractor-truck","status":"publish","type":"product","link":"https:\/\/www.shuntongvehicle.com\/pt\/product\/howo-6x4-tractor-truck\/","title":{"rendered":"Howo 6X4 Tractor Truck"},"content":{"rendered":"<p>Caminh\u00e3o trator Howo - testemunha das lendas de milh\u00f5es de pessoas em todo o mundo<\/p>\n<p><img alt=\"\" fetchpriority=\"high\" decoding=\"async\" class=\"alignnone wp-image-5818 size-full\" src=\"http:\/\/www.shuntongvehicle.com\/wp-content\/uploads\/2026\/02\/11.jpg\" width=\"1600\" height=\"526\" srcset=\"https:\/\/www.shuntongvehicle.com\/wp-content\/uploads\/2026\/02\/11.jpg 1600w, https:\/\/www.shuntongvehicle.com\/wp-content\/uploads\/2026\/02\/11-300x99.jpg 300w, https:\/\/www.shuntongvehicle.com\/wp-content\/uploads\/2026\/02\/11-1024x337.jpg 1024w, https:\/\/www.shuntongvehicle.com\/wp-content\/uploads\/2026\/02\/11-768x252.jpg 768w, https:\/\/www.shuntongvehicle.com\/wp-content\/uploads\/2026\/02\/11-1536x505.jpg 1536w, https:\/\/www.shuntongvehicle.com\/wp-content\/uploads\/2026\/02\/11-18x6.jpg 18w, https:\/\/www.shuntongvehicle.com\/wp-content\/uploads\/2026\/02\/11-600x197.jpg 600w\" sizes=\"(max-width: 1600px) 100vw, 1600px\" \/><\/p>\n<h4>Recursos<\/h4>\n<table border=\"1\" width=\"100%\" cellspacing=\"0\" cellpadding=\"0\">\n<tbody>\n<tr>\n<td colspan=\"2\" bgcolor=\"#f5f5f5\">Tipo de ve\u00edculo<\/td>\n<td bgcolor=\"#f5f5f5\">Trator<\/td>\n<\/tr>\n<tr>\n<td colspan=\"2\">Tipo de acionamento<\/td>\n<td>6\u00d74<\/td>\n<\/tr>\n<tr>\n<td colspan=\"2\" bgcolor=\"#f5f5f5\">Cabine<\/td>\n<td bgcolor=\"#f5f5f5\">HW76 beliche simples, HW79 beliche duplo<\/td>\n<\/tr>\n<tr>\n<td rowspan=\"2\">Motor<\/td>\n<td>Padr\u00e3o de emiss\u00e3o<\/td>\n<td>Euro II-Euro V<\/td>\n<\/tr>\n<tr>\n<td bgcolor=\"#f5f5f5\">Pot\u00eancia<\/td>\n<td bgcolor=\"#f5f5f5\">266-430PS<\/td>\n<\/tr>\n<tr>\n<td colspan=\"2\">Transmiss\u00e3o<\/td>\n<td>10F,12F,16F<\/td>\n<\/tr>\n<tr>\n<td colspan=\"2\" bgcolor=\"#f5f5f5\">Eixo dianteiro<\/td>\n<td bgcolor=\"#f5f5f5\">7T-9,5T<\/td>\n<\/tr>\n<tr>\n<td colspan=\"2\">Eixo traseiro<\/td>\n<td>13T-16T\/eixo<\/td>\n<\/tr>\n<tr>\n<td colspan=\"2\" bgcolor=\"#f5f5f5\">Pneu<\/td>\n<td bgcolor=\"#f5f5f5\">12.00R20, 12R22.5, 315\/ 80R22.5 etc.<\/td>\n<\/tr>\n<\/tbody>\n<\/table>\n<p><span style=\"font-size: 16px;\">\t\t<div data-elementor-type=\"section\" data-elementor-id=\"5725\" class=\"elementor elementor-5725\" data-elementor-post-type=\"elementor_library\">\n\t\t\t<div class=\"elementor-element elementor-element-6a3656a8 e-con-full e-flex e-con e-parent\" data-id=\"6a3656a8\" data-element_type=\"container\" data-settings=\"{&quot;background_background&quot;:&quot;classic&quot;}\">\n\t\t\t\t<div class=\"elementor-element elementor-element-1d448148 elementor-widget elementor-widget-heading\" data-id=\"1d448148\" data-element_type=\"widget\" data-widget_type=\"heading.default\">\n\t\t\t\t\t\t<div class=\"elementor-widget-container\">\n\t\t\t\t\t<h2 class=\"elementor-heading-title elementor-size-default\">Desempenho\n<\/h2>\t\t\t\t<\/div>\n\t\t\t\t<\/div>\n\t\t\t\t<div class=\"elementor-element elementor-element-3704e44e elementor-widget elementor-widget-text-editor\" data-id=\"3704e44e\" data-element_type=\"widget\" data-widget_type=\"text-editor.default\">\n\t\t\t\t\t\t<div class=\"elementor-widget-container\">\n\t\t\t\t\t\t\t\t\t<p>O caminh\u00e3o basculante Howo \u00e9 t\u00e3o vers\u00e1til quanto seus desafios di\u00e1rios no canteiro de obras e na minera\u00e7\u00e3o. Gra\u00e7as ao motor Sinotruk, ele traz ainda mais capacidade de transporte e seguran\u00e7a para seu canteiro de obras. Tornando-o um parceiro confi\u00e1vel e eficiente para o seu trabalho.<\/p>\t\t\t\t\t\t\t\t<\/div>\n\t\t\t\t<\/div>\n\t\t<div class=\"elementor-element elementor-element-7d48afda e-grid e-con-full e-con e-child\" data-id=\"7d48afda\" data-element_type=\"container\">\n\t\t\t\t<div class=\"elementor-element elementor-element-6a5e358a elementor-position-top elementor-widget elementor-widget-image-box\" data-id=\"6a5e358a\" data-element_type=\"widget\" data-widget_type=\"image-box.default\">\n\t\t\t\t\t\t<div class=\"elementor-widget-container\">\n\t\t\t\t\t<div class=\"elementor-image-box-wrapper\"><figure class=\"elementor-image-box-img\"><img alt=\"\" decoding=\"async\" width=\"472\" height=\"297\" src=\"https:\/\/www.shuntongvehicle.com\/wp-content\/uploads\/2026\/01\/img30.jpg\" class=\"attachment-full size-full wp-image-5410\" srcset=\"https:\/\/www.shuntongvehicle.com\/wp-content\/uploads\/2026\/01\/img30.jpg 472w, https:\/\/www.shuntongvehicle.com\/wp-content\/uploads\/2026\/01\/img30-300x189.jpg 300w, https:\/\/www.shuntongvehicle.com\/wp-content\/uploads\/2026\/01\/img30-18x12.jpg 18w\" sizes=\"(max-width: 472px) 100vw, 472px\" \/><\/figure><div class=\"elementor-image-box-content\"><h4 class=\"elementor-image-box-title\">Seguro e confi\u00e1vel<\/h4><p class=\"elementor-image-box-description\">Motor 2.0T com turbocompressor mais eficiente e econ\u00f4mico. Suspens\u00e3o dianteira independente McPherson \/ Suspens\u00e3o traseira de alta resist\u00eancia com viga de tor\u00e7\u00e3o Carroceria com gaiola de alt\u00edssima resist\u00eancia, boro refor\u00e7ado<\/p><\/div><\/div>\t\t\t\t<\/div>\n\t\t\t\t<\/div>\n\t\t\t\t<div class=\"elementor-element elementor-element-c120bfa elementor-position-top elementor-widget elementor-widget-image-box\" data-id=\"c120bfa\" data-element_type=\"widget\" data-widget_type=\"image-box.default\">\n\t\t\t\t\t\t<div class=\"elementor-widget-container\">\n\t\t\t\t\t<div class=\"elementor-image-box-wrapper\"><figure class=\"elementor-image-box-img\"><img alt=\"\" decoding=\"async\" width=\"477\" height=\"296\" src=\"https:\/\/www.shuntongvehicle.com\/wp-content\/uploads\/2026\/01\/img31.jpg\" class=\"attachment-full size-full wp-image-5412\" srcset=\"https:\/\/www.shuntongvehicle.com\/wp-content\/uploads\/2026\/01\/img31.jpg 477w, https:\/\/www.shuntongvehicle.com\/wp-content\/uploads\/2026\/01\/img31-300x186.jpg 300w, https:\/\/www.shuntongvehicle.com\/wp-content\/uploads\/2026\/01\/img31-18x12.jpg 18w\" sizes=\"(max-width: 477px) 100vw, 477px\" \/><\/figure><div class=\"elementor-image-box-content\"><h4 class=\"elementor-image-box-title\">Condu\u00e7\u00e3o confort\u00e1vel<\/h4><p class=\"elementor-image-box-description\">Amortecedor hidr\u00e1ulico de tubo \u00fanico Bosch 9.3 ESPSuspens\u00e3o dianteira e traseira independente\n<\/p><\/div><\/div>\t\t\t\t<\/div>\n\t\t\t\t<\/div>\n\t\t\t\t<div class=\"elementor-element elementor-element-2312addb elementor-position-top elementor-widget elementor-widget-image-box\" data-id=\"2312addb\" data-element_type=\"widget\" data-widget_type=\"image-box.default\">\n\t\t\t\t\t\t<div class=\"elementor-widget-container\">\n\t\t\t\t\t<div class=\"elementor-image-box-wrapper\"><figure class=\"elementor-image-box-img\"><img alt=\"\" loading=\"lazy\" decoding=\"async\" width=\"473\" height=\"296\" src=\"https:\/\/www.shuntongvehicle.com\/wp-content\/uploads\/2026\/01\/img32.jpg\" class=\"attachment-full size-full wp-image-5414\" srcset=\"https:\/\/www.shuntongvehicle.com\/wp-content\/uploads\/2026\/01\/img32.jpg 473w, https:\/\/www.shuntongvehicle.com\/wp-content\/uploads\/2026\/01\/img32-300x188.jpg 300w, https:\/\/www.shuntongvehicle.com\/wp-content\/uploads\/2026\/01\/img32-18x12.jpg 18w\" sizes=\"(max-width: 473px) 100vw, 473px\" \/><\/figure><div class=\"elementor-image-box-content\"><h4 class=\"elementor-image-box-title\">Luxo exclusivo<\/h4><p class=\"elementor-image-box-description\">Estofamento interno de luxo em couro em cores contrastantes, assentos ergon\u00f4micos. Tela grande de alta defini\u00e7\u00e3o com cascata de 10,25 polegadas, conex\u00e3o inteligente com o carro.\n<\/p><\/div><\/div>\t\t\t\t<\/div>\n\t\t\t\t<\/div>\n\t\t\t\t<\/div>\n\t\t\t\t<\/div>\n\t\t<div class=\"elementor-element elementor-element-d9f073f e-grid e-con-boxed e-con e-parent\" data-id=\"d9f073f\" data-element_type=\"container\">\n\t\t\t\t\t<div class=\"e-con-inner\">\n\t\t\t\t<div class=\"elementor-element elementor-element-7295799e elementor-widget elementor-widget-uael-infobox\" data-id=\"7295799e\" data-element_type=\"widget\" data-widget_type=\"uael-infobox.default\">\n\t\t\t\t\t\t<div class=\"elementor-widget-container\">\n\t\t\t\t\t\n<div class=\"uael-module-content uael-infobox uael-imgicon-style-normal  uael-infobox-left  infobox-has-icon uael-infobox-icon-above-title  uael-infobox-link-type-none\">\n\t<div class=\"uael-infobox-left-right-wrap\">\n\t\t\t\t\t\t<div class=\"uael-infobox-content\">\n\t\t\t\t\t\t\t<div class=\"uael-module-content uael-imgicon-wrap\">\t\t\t\t\t\t\t\t\t\t\t\n\t\t\t\t\t\t\t\t\t\t\t\t\t\t<\/div>\n\t\t\t\t\t\t\t<div class='uael-infobox-title-wrap'><h4 class=\"uael-infobox-title elementor-inline-editing\" data-elementor-setting-key=\"infobox_title\" data-elementor-inline-editing-toolbar=\"basic\" >Cl\u00e1ssico e elegante<\/h4><\/div>\t\t\t\t\t\t\t\t\t<div class=\"uael-infobox-text-wrap\">\n\t\t\t\t<div class=\"uael-infobox-text elementor-inline-editing\" data-elementor-setting-key=\"infobox_description\" data-elementor-inline-editing-toolbar=\"advanced\">\n\t\t\t\t\tDesign est\u00e9tico destacado por sua concis\u00e3o e pot\u00eancia. Far\u00f3is altos e baixos integrados, far\u00f3is de LED indutivos de alto brilho. Amplo teto panor\u00e2mico\n\n\t\t\t\t<\/div>\n\t\t\t\t\t\n\t\t\t\t\t\t\t<\/div>\n\t\t<\/div>\n\t\t\t<\/div>\n<\/div>\n\t\t\t\t<\/div>\n\t\t\t\t<\/div>\n\t\t\t\t<div class=\"elementor-element elementor-element-5e2131bd elementor-widget elementor-widget-uael-infobox\" data-id=\"5e2131bd\" data-element_type=\"widget\" data-widget_type=\"uael-infobox.default\">\n\t\t\t\t\t\t<div class=\"elementor-widget-container\">\n\t\t\t\t\t\n<div class=\"uael-module-content uael-infobox uael-imgicon-style-normal  uael-infobox-left  infobox-has-icon uael-infobox-icon-above-title  uael-infobox-link-type-none\">\n\t<div class=\"uael-infobox-left-right-wrap\">\n\t\t\t\t\t\t<div class=\"uael-infobox-content\">\n\t\t\t\t\t\t\t<div class=\"uael-module-content uael-imgicon-wrap\">\t\t\t\t\t\t\t\t\t\t\t\n\t\t\t\t\t\t\t\t\t\t\t\t\t\t<\/div>\n\t\t\t\t\t\t\t<div class='uael-infobox-title-wrap'><h4 class=\"uael-infobox-title elementor-inline-editing\" data-elementor-setting-key=\"infobox_title\" data-elementor-inline-editing-toolbar=\"basic\" >Tecnologia<\/h4><\/div>\t\t\t\t\t\t\t\t\t<div class=\"uael-infobox-text-wrap\">\n\t\t\t\t<div class=\"uael-infobox-text elementor-inline-editing\" data-elementor-setting-key=\"infobox_description\" data-elementor-inline-editing-toolbar=\"advanced\">\n\t\t\t\t\tTela sens\u00edvel ao toque de 10 polegadas. Espelhos retrovisores laterais el\u00e9tricos. Medidor digital. C\u00e2meras panor\u00e2micas 360. Controle de velocidade de cruzeiro. Sistema de entrada sem chave. Navega\u00e7\u00e3o GPS. Painel de toque do ar-condicionado LCD completo Bluetooth\/telefone do carro Inicie o sistema com um clique\n\n\n\t\t\t\t<\/div>\n\t\t\t\t\t\n\t\t\t\t\t\t\t<\/div>\n\t\t<\/div>\n\t\t\t<\/div>\n<\/div>\n\t\t\t\t<\/div>\n\t\t\t\t<\/div>\n\t\t\t\t\t<\/div>\n\t\t\t\t<\/div>\n\t\t\t\t<\/div>\n\t\t<\/span><\/p>\n<p><strong>Galeria<\/strong><br \/>\nO caminh\u00e3o trator Howo, o modelo mais popular e a maior participa\u00e7\u00e3o de mercado na \u00c1frica, \u00e9 grandioso, forte e fluente lado a lado, majestoso e gracioso, mostrando seu temperamento \u00fanico de lideran\u00e7a, especialmente no conforto, seguran\u00e7a e conveni\u00eancia do design humano para atingir o n\u00edvel de caminh\u00e3o pesado de classe mundial.<\/p>\n<div id='gallery-1' class='gallery galleryid-5813 gallery-columns-3 gallery-size-full'><figure class='gallery-item'>\n\t\t\t<div class='gallery-icon landscape'>\n\t\t\t\t<a href='https:\/\/www.shuntongvehicle.com\/pt\/?attachment_id=5819'><img loading=\"lazy\" decoding=\"async\" width=\"750\" height=\"411\" src=\"https:\/\/www.shuntongvehicle.com\/wp-content\/uploads\/2026\/02\/Howo-6X4-Tractor-Truck-5.webp\" class=\"attachment-full size-full\" alt=\"\" srcset=\"https:\/\/www.shuntongvehicle.com\/wp-content\/uploads\/2026\/02\/Howo-6X4-Tractor-Truck-5.webp 750w, https:\/\/www.shuntongvehicle.com\/wp-content\/uploads\/2026\/02\/Howo-6X4-Tractor-Truck-5-300x164.webp 300w, https:\/\/www.shuntongvehicle.com\/wp-content\/uploads\/2026\/02\/Howo-6X4-Tractor-Truck-5-18x10.webp 18w, https:\/\/www.shuntongvehicle.com\/wp-content\/uploads\/2026\/02\/Howo-6X4-Tractor-Truck-5-600x329.webp 600w\" sizes=\"(max-width: 750px) 100vw, 750px\" \/><\/a>\n\t\t\t<\/div><\/figure><figure class='gallery-item'>\n\t\t\t<div class='gallery-icon landscape'>\n\t\t\t\t<a href='https:\/\/www.shuntongvehicle.com\/pt\/?attachment_id=5820'><img loading=\"lazy\" decoding=\"async\" width=\"750\" height=\"411\" src=\"https:\/\/www.shuntongvehicle.com\/wp-content\/uploads\/2026\/02\/Howo-6X4-Tractor-Truck-6.webp\" class=\"attachment-full size-full\" alt=\"\" srcset=\"https:\/\/www.shuntongvehicle.com\/wp-content\/uploads\/2026\/02\/Howo-6X4-Tractor-Truck-6.webp 750w, https:\/\/www.shuntongvehicle.com\/wp-content\/uploads\/2026\/02\/Howo-6X4-Tractor-Truck-6-300x164.webp 300w, https:\/\/www.shuntongvehicle.com\/wp-content\/uploads\/2026\/02\/Howo-6X4-Tractor-Truck-6-18x10.webp 18w, https:\/\/www.shuntongvehicle.com\/wp-content\/uploads\/2026\/02\/Howo-6X4-Tractor-Truck-6-600x329.webp 600w\" sizes=\"(max-width: 750px) 100vw, 750px\" \/><\/a>\n\t\t\t<\/div><\/figure><figure class='gallery-item'>\n\t\t\t<div class='gallery-icon landscape'>\n\t\t\t\t<a href='https:\/\/www.shuntongvehicle.com\/pt\/?attachment_id=5821'><img loading=\"lazy\" decoding=\"async\" width=\"750\" height=\"411\" src=\"https:\/\/www.shuntongvehicle.com\/wp-content\/uploads\/2026\/02\/Howo-6X4-Tractor-Truck-7-1.webp\" class=\"attachment-full size-full\" alt=\"\" srcset=\"https:\/\/www.shuntongvehicle.com\/wp-content\/uploads\/2026\/02\/Howo-6X4-Tractor-Truck-7-1.webp 750w, https:\/\/www.shuntongvehicle.com\/wp-content\/uploads\/2026\/02\/Howo-6X4-Tractor-Truck-7-1-300x164.webp 300w, https:\/\/www.shuntongvehicle.com\/wp-content\/uploads\/2026\/02\/Howo-6X4-Tractor-Truck-7-1-18x10.webp 18w, https:\/\/www.shuntongvehicle.com\/wp-content\/uploads\/2026\/02\/Howo-6X4-Tractor-Truck-7-1-600x329.webp 600w\" sizes=\"(max-width: 750px) 100vw, 750px\" \/><\/a>\n\t\t\t<\/div><\/figure>\n\t\t<\/div>\n\n<div id='gallery-2' class='gallery galleryid-5813 gallery-columns-3 gallery-size-full'><figure class='gallery-item'>\n\t\t\t<div class='gallery-icon landscape'>\n\t\t\t\t<a href='https:\/\/www.shuntongvehicle.com\/pt\/?attachment_id=5822'><img loading=\"lazy\" decoding=\"async\" width=\"750\" height=\"411\" src=\"https:\/\/www.shuntongvehicle.com\/wp-content\/uploads\/2026\/02\/Howo-6X4-Tractor-Truck-8.webp\" class=\"attachment-full size-full\" alt=\"\" srcset=\"https:\/\/www.shuntongvehicle.com\/wp-content\/uploads\/2026\/02\/Howo-6X4-Tractor-Truck-8.webp 750w, https:\/\/www.shuntongvehicle.com\/wp-content\/uploads\/2026\/02\/Howo-6X4-Tractor-Truck-8-300x164.webp 300w, https:\/\/www.shuntongvehicle.com\/wp-content\/uploads\/2026\/02\/Howo-6X4-Tractor-Truck-8-18x10.webp 18w, https:\/\/www.shuntongvehicle.com\/wp-content\/uploads\/2026\/02\/Howo-6X4-Tractor-Truck-8-600x329.webp 600w\" sizes=\"(max-width: 750px) 100vw, 750px\" \/><\/a>\n\t\t\t<\/div><\/figure><figure class='gallery-item'>\n\t\t\t<div class='gallery-icon landscape'>\n\t\t\t\t<a href='https:\/\/www.shuntongvehicle.com\/pt\/?attachment_id=5823'><img loading=\"lazy\" decoding=\"async\" width=\"750\" height=\"411\" src=\"https:\/\/www.shuntongvehicle.com\/wp-content\/uploads\/2026\/02\/Howo-6X4-Tractor-Truck-9.webp\" class=\"attachment-full size-full\" alt=\"\" srcset=\"https:\/\/www.shuntongvehicle.com\/wp-content\/uploads\/2026\/02\/Howo-6X4-Tractor-Truck-9.webp 750w, https:\/\/www.shuntongvehicle.com\/wp-content\/uploads\/2026\/02\/Howo-6X4-Tractor-Truck-9-300x164.webp 300w, https:\/\/www.shuntongvehicle.com\/wp-content\/uploads\/2026\/02\/Howo-6X4-Tractor-Truck-9-18x10.webp 18w, https:\/\/www.shuntongvehicle.com\/wp-content\/uploads\/2026\/02\/Howo-6X4-Tractor-Truck-9-600x329.webp 600w\" sizes=\"(max-width: 750px) 100vw, 750px\" \/><\/a>\n\t\t\t<\/div><\/figure><figure class='gallery-item'>\n\t\t\t<div class='gallery-icon landscape'>\n\t\t\t\t<a href='https:\/\/www.shuntongvehicle.com\/pt\/?attachment_id=5824'><img loading=\"lazy\" decoding=\"async\" width=\"750\" height=\"411\" src=\"https:\/\/www.shuntongvehicle.com\/wp-content\/uploads\/2026\/02\/Howo-6X4-Tractor-Truck-10-1.webp\" class=\"attachment-full size-full\" alt=\"\" srcset=\"https:\/\/www.shuntongvehicle.com\/wp-content\/uploads\/2026\/02\/Howo-6X4-Tractor-Truck-10-1.webp 750w, https:\/\/www.shuntongvehicle.com\/wp-content\/uploads\/2026\/02\/Howo-6X4-Tractor-Truck-10-1-300x164.webp 300w, https:\/\/www.shuntongvehicle.com\/wp-content\/uploads\/2026\/02\/Howo-6X4-Tractor-Truck-10-1-18x10.webp 18w, https:\/\/www.shuntongvehicle.com\/wp-content\/uploads\/2026\/02\/Howo-6X4-Tractor-Truck-10-1-600x329.webp 600w\" sizes=\"(max-width: 750px) 100vw, 750px\" \/><\/a>\n\t\t\t<\/div><\/figure>\n\t\t<\/div>","protected":false},"excerpt":{"rendered":"<p>O caminh\u00e3o trator Howo, o modelo mais popular e a maior participa\u00e7\u00e3o de mercado na \u00c1frica, \u00e9 grandioso, forte e fluente lado a lado, majestoso e gracioso, mostrando seu temperamento \u00fanico de lideran\u00e7a, especialmente no conforto, seguran\u00e7a e conveni\u00eancia do design humano para atingir o n\u00edvel de caminh\u00e3o pesado de classe mundial.<\/p>\n<h5>Modelos<\/h5>\n<p>Drive type: 6\u00d74<br \/>\nTransmission: 10F,12F,16F<br \/>\nFront axle: 7T-9.5T<br \/>\nEngine: Euro II-Euro V<br \/>\nPower: 266-430PS<\/p>","protected":false},"featured_media":6020,"template":"","meta":{"_seopress_robots_primary_cat":"none","_seopress_titles_title":"%%post_title%%","_seopress_titles_desc":"%%post_excerpt%%","_seopress_robots_index":"","_uag_custom_page_level_css":"","site-sidebar-layout":"default","site-content-layout":"","ast-site-content-layout":"default","site-content-style":"default","site-sidebar-style":"default","ast-global-header-display":"","ast-banner-title-visibility":"","ast-main-header-display":"","ast-hfb-above-header-display":"","ast-hfb-below-header-display":"","ast-hfb-mobile-header-display":"","site-post-title":"","ast-breadcrumbs-content":"","ast-featured-img":"","footer-sml-layout":"","theme-transparent-header-meta":"default","adv-header-id-meta":"","stick-header-meta":"default","header-above-stick-meta":"","header-main-stick-meta":"","header-below-stick-meta":"","astra-migrate-meta-layouts":"set","ast-page-background-enabled":"default","ast-page-background-meta":{"desktop":{"background-color":"","background-image":"","background-repeat":"repeat","background-position":"center center","background-size":"auto","background-attachment":"scroll","background-type":"","background-media":"","overlay-type":"","overlay-color":"","overlay-opacity":"","overlay-gradient":""},"tablet":{"background-color":"","background-image":"","background-repeat":"repeat","background-position":"center center","background-size":"auto","background-attachment":"scroll","background-type":"","background-media":"","overlay-type":"","overlay-color":"","overlay-opacity":"","overlay-gradient":""},"mobile":{"background-color":"","background-image":"","background-repeat":"repeat","background-position":"center center","background-size":"auto","background-attachment":"scroll","background-type":"","background-media":"","overlay-type":"","overlay-color":"","overlay-opacity":"","overlay-gradient":""}},"ast-content-background-meta":{"desktop":{"background-color":"var(--ast-global-color-5)","background-image":"","background-repeat":"repeat","background-position":"center center","background-size":"auto","background-attachment":"scroll","background-type":"","background-media":"","overlay-type":"","overlay-color":"","overlay-opacity":"","overlay-gradient":""},"tablet":{"background-color":"var(--ast-global-color-5)","background-image":"","background-repeat":"repeat","background-position":"center center","background-size":"auto","background-attachment":"scroll","background-type":"","background-media":"","overlay-type":"","overlay-color":"","overlay-opacity":"","overlay-gradient":""},"mobile":{"background-color":"var(--ast-global-color-5)","background-image":"","background-repeat":"repeat","background-position":"center center","background-size":"auto","background-attachment":"scroll","background-type":"","background-media":"","overlay-type":"","overlay-color":"","overlay-opacity":"","overlay-gradient":""}}},"product_brand":[],"product_cat":[94],"product_tag":[],"class_list":{"0":"post-5813","1":"product","2":"type-product","3":"status-publish","4":"has-post-thumbnail","6":"product_cat-howo-6x4-tractor","7":"desktop-align-left","8":"tablet-align-left","9":"mobile-align-left","10":"ast-product-gallery-layout-horizontal-slider","11":"ast-product-tabs-layout-horizontal","13":"first","14":"instock","15":"shipping-taxable","16":"product-type-simple"},"uagb_featured_image_src":{"full":["https:\/\/www.shuntongvehicle.com\/wp-content\/uploads\/2026\/02\/1-1.jpg",700,700,false],"thumbnail":["https:\/\/www.shuntongvehicle.com\/wp-content\/uploads\/2026\/02\/1-1-150x150.jpg",150,150,true],"medium":["https:\/\/www.shuntongvehicle.com\/wp-content\/uploads\/2026\/02\/1-1-300x300.jpg",300,300,true],"medium_large":["https:\/\/www.shuntongvehicle.com\/wp-content\/uploads\/2026\/02\/1-1.jpg",700,700,false],"large":["https:\/\/www.shuntongvehicle.com\/wp-content\/uploads\/2026\/02\/1-1.jpg",700,700,false],"1536x1536":["https:\/\/www.shuntongvehicle.com\/wp-content\/uploads\/2026\/02\/1-1.jpg",700,700,false],"2048x2048":["https:\/\/www.shuntongvehicle.com\/wp-content\/uploads\/2026\/02\/1-1.jpg",700,700,false],"trp-custom-language-flag":["https:\/\/www.shuntongvehicle.com\/wp-content\/uploads\/2026\/02\/1-1-12x12.jpg",12,12,true],"woocommerce_thumbnail":["https:\/\/www.shuntongvehicle.com\/wp-content\/uploads\/2026\/02\/1-1-600x600.jpg",600,600,true],"woocommerce_single":["https:\/\/www.shuntongvehicle.com\/wp-content\/uploads\/2026\/02\/1-1-600x600.jpg",600,600,true],"woocommerce_gallery_thumbnail":["https:\/\/www.shuntongvehicle.com\/wp-content\/uploads\/2026\/02\/1-1-100x100.jpg",100,100,true]},"uagb_author_info":{"display_name":"jinxing6611@gmail.com","author_link":"https:\/\/www.shuntongvehicle.com\/pt\/author\/"},"uagb_comment_info":0,"uagb_excerpt":"Howo Tractor Truck, most popular model and top one market share in Africa,is grand,fortitude and fluency side by side,majestic and graceful , show his unique leadership temperament ,especially in the comfort, safety and convenience of human design to target the world \u2013 class heavy truck level. Models Drive type: 6\u00d74 Transmission: 10F,12F,16F Front axle: 7T-9.5T&hellip;","_links":{"self":[{"href":"https:\/\/www.shuntongvehicle.com\/pt\/wp-json\/wp\/v2\/product\/5813","targetHints":{"allow":["GET"]}}],"collection":[{"href":"https:\/\/www.shuntongvehicle.com\/pt\/wp-json\/wp\/v2\/product"}],"about":[{"href":"https:\/\/www.shuntongvehicle.com\/pt\/wp-json\/wp\/v2\/types\/product"}],"wp:featuredmedia":[{"embeddable":true,"href":"https:\/\/www.shuntongvehicle.com\/pt\/wp-json\/wp\/v2\/media\/6020"}],"wp:attachment":[{"href":"https:\/\/www.shuntongvehicle.com\/pt\/wp-json\/wp\/v2\/media?parent=5813"}],"wp:term":[{"taxonomy":"product_brand","embeddable":true,"href":"https:\/\/www.shuntongvehicle.com\/pt\/wp-json\/wp\/v2\/product_brand?post=5813"},{"taxonomy":"product_cat","embeddable":true,"href":"https:\/\/www.shuntongvehicle.com\/pt\/wp-json\/wp\/v2\/product_cat?post=5813"},{"taxonomy":"product_tag","embeddable":true,"href":"https:\/\/www.shuntongvehicle.com\/pt\/wp-json\/wp\/v2\/product_tag?post=5813"}],"curies":[{"name":"wp","href":"https:\/\/api.w.org\/{rel}","templated":true}]}}